{"id":34151,"date":"2024-09-12T12:40:56","date_gmt":"2024-09-12T17:40:56","guid":{"rendered":"https:\/\/chicagoinjurylawyer.net\/?page_id=34151"},"modified":"2024-09-12T13:23:19","modified_gmt":"2024-09-12T18:23:19","slug":"ulceras-sin-tratamiento","status":"publish","type":"page","link":"https:\/\/chicagoinjurylawyer.net\/es\/nuestro-exito\/ulceras-sin-tratamiento\/","title":{"rendered":"Soluci\u00f3n de negligencia m\u00e9dica de $1.5 millones"},"content":{"rendered":"<h1>Soluci\u00f3n de negligencia m\u00e9dica de $1.5 millones<\/h1>\n<h2>Fallar en el tratamiento de las \u00falceras por presi\u00f3n<\/h2>\n<p>Se present\u00f3 una demanda en nombre de un cliente que desarroll\u00f3 \u00falceras en las piernas mientras se recuperaba en cama despu\u00e9s de una cirug\u00eda de columna. Aunque <a href=\"\/nursing-home-abuse\/bedsores\/\" target=\"_blank\" rel=\"noopener\">las escaras y \u00falceras<\/a> se desarrollan con frecuencia cuando una persona no puede moverse por per\u00edodos prolongados y cuando el personal m\u00e9dico no toma las medidas adecuadas para colocar al paciente en diferentes posiciones, la <a href=\"\/es\/negligencia-medica\/\" target=\"_blank\" rel=\"noopener\">negligencia m\u00e9dica<\/a> en este caso tambi\u00e9n se debi\u00f3 a lo que sucedi\u00f3 despu\u00e9s de que aparecieron las \u00falceras. La demanda se present\u00f3 contra el m\u00e9dico tratante y el <a href=\"\/es\/abuso-de-asilo-de-ancianos\/\" target=\"_blank\" rel=\"noopener\">asilo de ancianos<\/a> por su incapacidad para tratar las \u00falceras en las piernas e intervenir a tiempo.<\/p>\n<p>La demanda alegaba que las ulceras probablemente podr\u00edan haber sido tratadas adecuadamente si se hubieran detectado a tiempo, y que esta negligencia resulto en una infecci\u00f3n completa, <a href=\"\/es\/amputacion\/\" target=\"_blank\" rel=\"noopener\">gangrena y posterior perdida de la pierna<\/a>. El caso fue llevado a juicio en un esfuerzo por asegurar la cantidad m\u00e1xima en nombre de esta valiente mujer, pero justo antes de que se presentaran los argumentos finales, los abogados de los proveedores m\u00e9dicos finalmente propusieron un acuerdo apropiado que nuestro cliente acepto, por la cantidad de $1,500,000.<\/p>\n<h2>Sobre la Negligencia M\u00e9dica en el Caso de \u00falceras por Presi\u00f3n<\/h2>\n<p>Las personas ingresan a hospitales y residencias de ancianos debido a innumerables afecciones y enfermedades. Mientras est\u00e1 all\u00ed, el personal m\u00e9dico generalmente se concentra en <a href=\"\/es\/negligencia-medica\/diagnostico-erroneo\/\" target=\"_blank\" rel=\"noopener\">diagnosticar y tratar<\/a> la afecci\u00f3n particular que llev\u00f3 al paciente a la <a href=\"\/es\/negligencia-medica\/errores-de-sala-emergencia\/\" target=\"_blank\" rel=\"noopener\">hospitalizaci\u00f3n<\/a>. Este enfoque es l\u00f3gico, pero el personal nunca debe perder de vista el hecho de que pueden ocurrir complicaciones nuevas y potencialmente m\u00e1s peligrosas que pueden afectar la salud del paciente. De estas posibles complicaciones, una de las m\u00e1s graves son las escaras tambi\u00e9n conocidas como \u00falceras por presi\u00f3n o llagas por presi\u00f3n.<\/p>\n<p>Si el paciente puede moverse y girar f\u00e1cilmente en la cama, sentarse, caminar al ba\u00f1o, etc., es poco probable que ocurra tal condici\u00f3n. Esto se debe a que la afecci\u00f3n suele ser causada por falta de movimiento. Un paciente quieto que permanece en cama y las enfermeras no le dan vuelta ni lo mueven experimentar\u00e1 presi\u00f3n en ciertas partes del cuerpo, a menudo en los talones, los tobillos, las caderas, el c\u00f3ccix, las nalgas o la cabeza. Esta presi\u00f3n, especialmente en las zonas \u00f3seas, provoca la p\u00e9rdida del flujo sangu\u00edneo necesario para transportar el ox\u00edgeno necesario a esa parte del cuerpo. La circulaci\u00f3n limitada provoca la eventual muerte de la piel y luego del tejido debajo de ella. Si no se trata a tiempo, el hueso queda expuesto. Cuando la piel o el tejido muere de esta manera,<\/p>\n<ul>\n<li>Primer Etapa: En la etapa inicial la piel puede enrojecerse o decolorarse y, aunque puede haber sensibilidad, no ha habido roturas en la piel. Cuando se elimina la presi\u00f3n en el \u00e1rea, la decoloraci\u00f3n permanece.<\/li>\n<li>Segunda Etapa: En esta etapa secundaria, la piel se rompe y puede haber algo de drenaje de pus o l\u00edquidos. La capa superior rota de la piel crea una llaga superficial.<\/li>\n<li>Tercer Etapa: similar a la segunda etapa, sigue siendo una herida abierta, pero ahora se extiende a niveles m\u00e1s profundos de la piel. Ahora la herida llega a los tejidos grasos y contin\u00faa el drenaje.<\/li>\n<li>Cuarta Etapa: En la etapa final de desarrollo de una \u00falcera por presi\u00f3n, la rotura de los tejidos es a\u00fan m\u00e1s profunda, llegando a los m\u00fasculos o incluso al hueso. Si en este momento no se realiza un tratamiento de emergencia o una cirug\u00eda, la afecci\u00f3n puede ser <a href=\"\/es\/muerte-injusta\/\" target=\"_blank\" rel=\"noopener\">fatal<\/a>.<\/li>\n<\/ul>\n<h2>\u00bfQui\u00e9n es responsable?<\/h2>\n<p>Este tipo de \u00falceras no son culpa del paciente ni de su familia. La responsabilidad recae directamente sobre los hombros del personal m\u00e9dico y de enfermer\u00eda, quienes est\u00e1n a cargo del bienestar del paciente. Se necesita poco tiempo para mover y reposicionar al paciente durante el d\u00eda. Por lo tanto, ya sea en un hospital o en una residencia de ancianos, no ayudar a un paciente inm\u00f3vil a evitar las \u00falceras por presi\u00f3n es, en el mejor de los casos, negligencia y puede considerarse abuso. Si cree que un ser querido ha sufrido debido a una negligencia m\u00e9dica, comun\u00edquese con <a href=\"\/es\" target=\"_blank\" rel=\"noopener\">Sexner Injury Lawyers LLC<\/a> para obtener informaci\u00f3n gratuita al (312) 243-9922.<\/p>\n","protected":false},"excerpt":{"rendered":"<p>Soluci\u00f3n de negligencia m\u00e9dica de $1.5 millones Fallar en el tratamiento de las \u00falceras por presi\u00f3n Se present\u00f3 una demanda en nombre de un cliente que desarroll\u00f3 \u00falceras en las piernas mientras se recuperaba en cama despu\u00e9s de una cirug\u00eda de columna. Aunque las escaras y \u00falceras se desarrollan con frecuencia cuando una persona no [&hellip;]<\/p>\n","protected":false},"author":1,"featured_media":0,"parent":7785,"menu_order":0,"comment_status":"closed","ping_status":"closed","template":"","meta":{"_acf_changed":false,"footnotes":""},"class_list":["post-34151","page","type-page","status-publish","hentry"],"acf":[],"yoast_head":"<!-- This site is optimized with the Yoast SEO plugin v27.3 - https:\/\/yoast.com\/product\/yoast-seo-wordpress\/ -->\n<title>Soluci\u00f3n de negligencia m\u00e9dica de $1.5 millones - Sexner Injury Lawyers LLC<\/title>\n<meta name=\"description\" content=\"Si cree que un ser querido ha sufrido debido a una negligencia m\u00e9dica, comun\u00edquese con Sexner Injury Lawyers LLC\" \/>\n<meta name=\"robots\" content=\"index, follow, max-snippet:-1, max-image-preview:large, max-video-preview:-1\" \/>\n<link rel=\"canonical\" href=\"https:\/\/chicagoinjurylawyer.net\/es\/nuestro-exito\/ulceras-sin-tratamiento\/\" \/>\n<meta property=\"og:locale\" content=\"es_ES\" \/>\n<meta property=\"og:type\" content=\"article\" \/>\n<meta property=\"og:title\" content=\"Soluci\u00f3n de negligencia m\u00e9dica de $1.5 millones - Sexner Injury Lawyers LLC\" \/>\n<meta property=\"og:description\" content=\"Si cree que un ser querido ha sufrido debido a una negligencia m\u00e9dica, comun\u00edquese con Sexner Injury Lawyers LLC\" \/>\n<meta property=\"og:url\" content=\"https:\/\/chicagoinjurylawyer.net\/es\/nuestro-exito\/ulceras-sin-tratamiento\/\" \/>\n<meta property=\"og:site_name\" content=\"Sexner Injury Lawyers LLC\" \/>\n<meta property=\"article:modified_time\" content=\"2024-09-12T18:23:19+00:00\" \/>\n<meta name=\"twitter:card\" content=\"summary_large_image\" \/>\n<meta name=\"twitter:label1\" content=\"Tiempo de lectura\" \/>\n\t<meta name=\"twitter:data1\" content=\"4 minutos\" \/>\n<!-- \/ Yoast SEO plugin. -->","yoast_head_json":{"title":"Soluci\u00f3n de negligencia m\u00e9dica de $1.5 millones - Sexner Injury Lawyers LLC","description":"Si cree que un ser querido ha sufrido debido a una negligencia m\u00e9dica, comun\u00edquese con Sexner Injury Lawyers LLC","robots":{"index":"index","follow":"follow","max-snippet":"max-snippet:-1","max-image-preview":"max-image-preview:large","max-video-preview":"max-video-preview:-1"},"canonical":"https:\/\/chicagoinjurylawyer.net\/es\/nuestro-exito\/ulceras-sin-tratamiento\/","og_locale":"es_ES","og_type":"article","og_title":"Soluci\u00f3n de negligencia m\u00e9dica de $1.5 millones - Sexner Injury Lawyers LLC","og_description":"Si cree que un ser querido ha sufrido debido a una negligencia m\u00e9dica, comun\u00edquese con Sexner Injury Lawyers LLC","og_url":"https:\/\/chicagoinjurylawyer.net\/es\/nuestro-exito\/ulceras-sin-tratamiento\/","og_site_name":"Sexner Injury Lawyers LLC","article_modified_time":"2024-09-12T18:23:19+00:00","twitter_card":"summary_large_image","twitter_misc":{"Tiempo de lectura":"4 minutos"},"schema":{"@context":"https:\/\/schema.org","@graph":[{"@type":"WebPage","@id":"https:\/\/chicagoinjurylawyer.net\/es\/nuestro-exito\/ulceras-sin-tratamiento\/","url":"https:\/\/chicagoinjurylawyer.net\/es\/nuestro-exito\/ulceras-sin-tratamiento\/","name":"Soluci\u00f3n de negligencia m\u00e9dica de $1.5 millones - Sexner Injury Lawyers LLC","isPartOf":{"@id":"https:\/\/chicagoinjurylawyer.net\/es\/#website"},"datePublished":"2024-09-12T17:40:56+00:00","dateModified":"2024-09-12T18:23:19+00:00","description":"Si cree que un ser querido ha sufrido debido a una negligencia m\u00e9dica, comun\u00edquese con [firm-name]","breadcrumb":{"@id":"https:\/\/chicagoinjurylawyer.net\/es\/nuestro-exito\/ulceras-sin-tratamiento\/#breadcrumb"},"inLanguage":"es","potentialAction":[{"@type":"ReadAction","target":["https:\/\/chicagoinjurylawyer.net\/es\/nuestro-exito\/ulceras-sin-tratamiento\/"]}]},{"@type":"BreadcrumbList","@id":"https:\/\/chicagoinjurylawyer.net\/es\/nuestro-exito\/ulceras-sin-tratamiento\/#breadcrumb","itemListElement":[{"@type":"ListItem","position":1,"name":"Nuestro \u00c9xito","item":"https:\/\/chicagoinjurylawyer.net\/es\/nuestro-exito\/"},{"@type":"ListItem","position":2,"name":"Soluci\u00f3n de negligencia m\u00e9dica de $1.5 millones"}]},{"@type":"WebSite","@id":"https:\/\/chicagoinjurylawyer.net\/es\/#website","url":"https:\/\/chicagoinjurylawyer.net\/es\/","name":"Sexner Injury Lawyers LLC","description":"Chicago Personal Injury Attorneys","publisher":{"@id":"https:\/\/chicagoinjurylawyer.net\/es\/#organization"},"potentialAction":[{"@type":"SearchAction","target":{"@type":"EntryPoint","urlTemplate":"https:\/\/chicagoinjurylawyer.net\/es\/?s={search_term_string}"},"query-input":{"@type":"PropertyValueSpecification","valueRequired":true,"valueName":"search_term_string"}}],"inLanguage":"es"},{"@type":"Organization","@id":"https:\/\/chicagoinjurylawyer.net\/es\/#organization","name":"[firm-name]","url":"https:\/\/chicagoinjurylawyer.net\/es\/","logo":{"@type":"ImageObject","inLanguage":"es","@id":"https:\/\/chicagoinjurylawyer.net\/es\/#\/schema\/logo\/image\/","url":"https:\/\/chicagoinjurylawyer.net\/wp-content\/uploads\/2019\/06\/msx-logo-1.png","contentUrl":"https:\/\/chicagoinjurylawyer.net\/wp-content\/uploads\/2019\/06\/msx-logo-1.png","width":180,"height":83,"caption":"[firm-name]"},"image":{"@id":"https:\/\/chicagoinjurylawyer.net\/es\/#\/schema\/logo\/image\/"}}]}},"_links":{"self":[{"href":"https:\/\/chicagoinjurylawyer.net\/es\/wp-json\/wp\/v2\/pages\/34151","targetHints":{"allow":["GET"]}}],"collection":[{"href":"https:\/\/chicagoinjurylawyer.net\/es\/wp-json\/wp\/v2\/pages"}],"about":[{"href":"https:\/\/chicagoinjurylawyer.net\/es\/wp-json\/wp\/v2\/types\/page"}],"author":[{"embeddable":true,"href":"https:\/\/chicagoinjurylawyer.net\/es\/wp-json\/wp\/v2\/users\/1"}],"replies":[{"embeddable":true,"href":"https:\/\/chicagoinjurylawyer.net\/es\/wp-json\/wp\/v2\/comments?post=34151"}],"version-history":[{"count":5,"href":"https:\/\/chicagoinjurylawyer.net\/es\/wp-json\/wp\/v2\/pages\/34151\/revisions"}],"predecessor-version":[{"id":34393,"href":"https:\/\/chicagoinjurylawyer.net\/es\/wp-json\/wp\/v2\/pages\/34151\/revisions\/34393"}],"up":[{"embeddable":true,"href":"https:\/\/chicagoinjurylawyer.net\/es\/wp-json\/wp\/v2\/pages\/7785"}],"wp:attachment":[{"href":"https:\/\/chicagoinjurylawyer.net\/es\/wp-json\/wp\/v2\/media?parent=34151"}],"curies":[{"name":"wp","href":"https:\/\/api.w.org\/{rel}","templated":true}]}}