{"id":34245,"date":"2025-03-07T14:17:36","date_gmt":"2025-03-07T20:17:36","guid":{"rendered":"https:\/\/chicagoinjurylawyer.net\/?page_id=34245"},"modified":"2025-03-07T14:17:36","modified_gmt":"2025-03-07T20:17:36","slug":"terminos-y-condiciones","status":"publish","type":"page","link":"https:\/\/chicagoinjurylawyer.net\/es\/terminos-y-condiciones\/","title":{"rendered":"T\u00e9rminos y Condiciones"},"content":{"rendered":"<h1>T\u00e9rminos y Condiciones<\/h1>\n<p>A continuaci\u00f3n, se describen los t\u00e9rminos y condiciones que regulan el uso del sitio web de Sexner Injury Lawyers LLC, ubicado en chicagoinjurylawyer.net\/es\/.<\/p>\n<p>Al acceder a este sitio web, usted acepta estos t\u00e9rminos y condiciones. No contin\u00fae visitando o utilizando www.chicagoinjurylawyer.net\/es si no acepta todos los t\u00e9rminos y condiciones establecidos en este documento.<\/p>\n<p>La siguiente terminolog\u00eda se aplica a nuestros T\u00e9rminos y Condiciones, Declaraci\u00f3n de Privacidad y Descargo de Responsabilidad contenidos en este sitio web: \u201cUsted\u201d, \u201cSu\u201d, \u201cVisitante\u201d, \u201cUsuario\u201d y \u201cAutor\u201d se refieren a usted; la persona que visita este sitio web y cumple con los t\u00e9rminos y condiciones de Sexner Injury Lawyers LLC. \u201cNosotros\u201d, \u201cNosotros\u201d, \u201cNuestro\u201d y \u201cNos\u201d, se refieren a Sexner Injury Lawyers LLC. \u201cParte\u201d o \u201cPartes\u201d, se refieren tanto a usted como a Sexner Injury Lawyers LLC. Cualquier uso de la terminolog\u00eda anterior u otras palabras en singular, plural, may\u00fasculas y\/o \u00e9l\/ella o ellos, se toman como intercambiables y, por lo tanto, se refieren a lo mismo.<\/p>\n<h3>Cookies<\/h3>\n<p>Utilizamos cookies. Al acceder a www.sexner.com, usted acepta el uso de cookies de acuerdo con la Pol\u00edtica de privacidad de Sexner Injury Lawyers LLC. La mayor\u00eda de los sitios web interactivos utilizan cookies para permitir la recuperaci\u00f3n de los datos del usuario obtenidos de cada visita. Nuestro sitio web utiliza cookies para mejorar la funcionalidad de ciertas \u00e1reas con el fin de facilitar la visita a nuestro sitio web. Algunos de nuestros proveedores afiliados\/publicitarios tambi\u00e9n pueden utilizar cookies.<\/p>\n<h3>Licencia<\/h3>\n<p>A menos que se indique lo contrario, Sexner Injury Lawyers LLC y\/u otros licenciantes contenidos en este sitio poseen los derechos de propiedad intelectual de todo el material en chicagoinjurylawyer.net\/es. Todos los derechos de propiedad intelectual est\u00e1n reservados. Puede acceder a chicagoinjurylawyer.net\/es solo para su uso personal y sujeto a las restricciones establecidas en los siguientes t\u00e9rminos y condiciones.<\/p>\n<ul>\n<li>Al utilizar este sitio, usted acepta que no:<\/li>\n<li>Vender, alquilar o sublicenciar material de chicagoinjurylawyer.net\/es<\/li>\n<li>Republicar material de chicagoinjurylawyer.net\/es<\/li>\n<li>Reproducir, duplicar o copiar material de chicagoinjurylawyer.net\/es<\/li>\n<li>Redistribuir contenido de chicagoinjurylawyer.net\/es<\/li>\n<\/ul>\n<p>Estos t\u00e9rminos y condiciones son aplicables a partir de la fecha en que accedi\u00f3 por primera vez a este sitio.<\/p>\n<p>Algunas partes de este sitio web pueden ofrecer una oportunidad para que los usuarios publiquen e intercambien opiniones, informaci\u00f3n o rese\u00f1as (publicaciones) en ciertas \u00e1reas del sitio web. Sexner Injury Lawyers LLC no filtra, edita, publica ni revisa las publicaciones antes de su publicaci\u00f3n en este sitio web. Las publicaciones no reflejan las opiniones y puntos de vista de Sexner Injury Lawyers LLC, sus agentes y\/o afiliados. Las publicaciones reflejan \u00fanicamente las opiniones y puntos de vista del autor. En la medida en que lo permitan las leyes aplicables, Sexner Injury Lawyers LLC no ser\u00e1 responsable de dichas publicaciones ni de ninguna responsabilidad, da\u00f1o o gasto causado y\/o sufrido como resultado del uso y\/o publicaci\u00f3n y\/o aparici\u00f3n de los comentarios en este sitio web.<\/p>\n<p>Sin embargo, Sexner Injury Lawyers LLC se reserva el derecho de supervisar todas esas publicaciones y eliminar todas las que considere inapropiadas, ofensivas o que infrinjan estos T\u00e9rminos y condiciones, a su exclusivo criterio.<\/p>\n<p>Usted garantiza y declara que:<\/p>\n<ul>\n<li>Tiene derecho a publicar en nuestro sitio web y cuenta con todas las licencias y los consentimientos necesarios para hacerlo;<\/li>\n<li>Las publicaciones no invaden ning\u00fan derecho de propiedad intelectual, incluidos, entre otros, los derechos de autor, patentes o marcas comerciales de terceros;<\/li>\n<li>Las publicaciones no contienen ning\u00fan material difamatorio, calumnioso, ofensivo, indecente o ilegal que invada la privacidad;<\/li>\n<li>Las publicaciones no se utilizar\u00e1n para solicitar o promover actividades comerciales o comerciales ni para ninguna actividad ilegal.<\/li>\n<\/ul>\n<p>Por la presente, otorga a Sexner Injury Lawyers LLC una licencia no exclusiva para usar, reproducir, editar y autorizar a otros a usar, reproducir y editar cualquiera de sus publicaciones en todas y cada una de las formas, formatos o medios.<\/p>\n<h2>Hiperv\u00ednculos a nuestro Contenido<\/h2>\n<p>Las siguientes organizaciones pueden incluir enlaces a nuestro sitio web sin aprobaci\u00f3n previa por escrito:<\/p>\n<ul>\n<li>Agencias gubernamentales;<\/li>\n<li>Motores de b\u00fasqueda;<\/li>\n<li>Organizaciones de noticias; Los distribuidores de directorios en l\u00ednea pueden incluir enlaces a nuestro sitio web de la misma manera que incluyen hiperv\u00ednculos a los sitios web de otras empresas incluidas en la lista; y<\/li>\n<li>Empresas acreditadas, excepto aquellas que solicitan o recaudan fondos (ya sean organizaciones sin fines de lucro, de beneficencia o de otro tipo), que no pueden incluir hiperv\u00ednculos a nuestro sitio web.<\/li>\n<\/ul>\n<p>Estas organizaciones aprobadas pueden vincularse a nuestra p\u00e1gina de inicio, a nuestras publicaciones o a cualquier otra informaci\u00f3n del sitio web siempre que el enlace: (a) no sea enga\u00f1oso de ninguna manera; (b) no implique falsamente patrocinio, respaldo o aprobaci\u00f3n de la parte vinculante y sus productos y\/o servicios; y (c) se ajuste al contexto del sitio de la parte vinculante.<\/p>\n<p>Podemos considerar y aprobar otras solicitudes de enlaces de los siguientes tipos de organizaciones, a nuestro exclusivo criterio:<\/p>\n<ul>\n<li>fuentes de informaci\u00f3n comercial y\/o de consumo conocidas;<\/li>\n<li>sitios comunitarios punto.com;<\/li>\n<li>asociaciones u otros grupos que representan organizaciones ben\u00e9ficas;<\/li>\n<li>distribuidores de directorios en l\u00ednea;<\/li>\n<li>portales de Internet;<\/li>\n<li>firmas de contabilidad, derecho y consultor\u00eda;<\/li>\n<li>instituciones educativas y asociaciones comerciales;<\/li>\n<li>y organizaciones similares.<\/li>\n<\/ul>\n<p>Si est\u00e1 interesado en crear un enlace a nuestro sitio web pero necesita la aprobaci\u00f3n previa por escrito como se establece anteriormente, primero debe enviar un correo electr\u00f3nico a Sexner Injury Lawyers LLC con una solicitud. Incluya su nombre, el nombre de su organizaci\u00f3n, informaci\u00f3n de contacto, as\u00ed como la URL de su sitio, una lista de las URL desde las que desea crear un enlace a nuestro sitio web y una lista de las URL de nuestro sitio a las que le gustar\u00eda crear un enlace.<\/p>\n<p>Las organizaciones aprobadas pueden realizar hiperv\u00ednculos a nuestro sitio web de la siguiente manera:<\/p>\n<ul>\n<li>Mediante el uso de nuestro nombre corporativo; o<\/li>\n<li>Mediante el uso del localizador uniforme de recursos al que se hace referencia; o<\/li>\n<li>Mediante el uso de cualquier otra descripci\u00f3n de nuestro sitio web al que se hace referencia que tenga sentido dentro del contexto y el formato del contenido del sitio de la parte que realiza el enlace.<\/li>\n<\/ul>\n<p>No se permitir\u00e1 el uso del logotipo ni de ning\u00fan otro material gr\u00e1fico de Sexner Injury Lawyers LLC para vincular u otro prop\u00f3sito sin un acuerdo de licencia de marca registrada.<\/p>\n<h2>Marcos<\/h2>\n<p>Sin aprobaci\u00f3n previa y permiso por escrito, no puede crear marcos alrededor de nuestras p\u00e1ginas web que alteren de alguna manera la presentaci\u00f3n visual o la apariencia de nuestro sitio web.<\/p>\n<h2>Responsabilidad del contenido<\/h2>\n<p>No seremos responsables de ning\u00fan contenido que aparezca en su sitio web vinculado. Usted acepta indemnizarnos por todas las reclamaciones que surjan de su sitio web. No debe aparecer en su sitio web ning\u00fan enlace que pueda interpretarse como difamatorio, obsceno o criminal, o que infrinja, viole o promueva la infracci\u00f3n u otra violaci\u00f3n de los derechos de terceros.<\/p>\n<h2>Reserva de derechos<\/h2>\n<p>Nos reservamos el derecho de exigir la eliminaci\u00f3n de todos los enlaces o de cualquier enlace individual a nuestro sitio web. Usted acepta eliminar de inmediato todos o cualquiera de dichos enlaces a nuestro sitio web dentro de las 24 horas siguientes a la solicitud. Tambi\u00e9n nos reservamos el derecho de modificar estos t\u00e9rminos, condiciones y pol\u00edticas de enlaces en cualquier momento sin previo aviso. Al vincularse continuamente a nuestro sitio web, usted acepta estar sujeto a estos t\u00e9rminos y condiciones de enlaces y cumplirlos.<\/p>\n<h2>Eliminaci\u00f3n de enlaces de nuestro sitio web<\/h2>\n<p>Si encuentra alg\u00fan enlace en nuestro sitio web que considere inapropiado u ofensivo por cualquier motivo, le invitamos a que se comunique con nosotros e informe al respecto. Las decisiones sobre la eliminaci\u00f3n se tomar\u00e1n a nuestro exclusivo criterio. No existe obligaci\u00f3n de responder a dichas consultas. Consulte nuestro Aviso legal y Pol\u00edtica de privacidad para obtener informaci\u00f3n adicional.<\/p>\n","protected":false},"excerpt":{"rendered":"<p>T\u00e9rminos y Condiciones A continuaci\u00f3n, se describen los t\u00e9rminos y condiciones que regulan el uso del sitio web de , ubicado en chicagoinjurylawyer.net\/es\/. Al acceder a este sitio web, usted acepta estos t\u00e9rminos y condiciones. No contin\u00fae visitando o utilizando www.chicagoinjurylawyer.net\/es si no acepta todos los t\u00e9rminos y condiciones establecidos en este documento. La siguiente [&hellip;]<\/p>\n","protected":false},"author":1,"featured_media":0,"parent":0,"menu_order":0,"comment_status":"closed","ping_status":"open","template":"","meta":{"_acf_changed":false,"footnotes":""},"class_list":["post-34245","page","type-page","status-publish","hentry"],"acf":[],"yoast_head":"<!-- This site is optimized with the Yoast SEO plugin v27.3 - https:\/\/yoast.com\/product\/yoast-seo-wordpress\/ -->\n<title>T\u00e9rminos y Condiciones - Sexner Injury Lawyers LLC<\/title>\n<meta name=\"robots\" content=\"index, follow, max-snippet:-1, max-image-preview:large, max-video-preview:-1\" \/>\n<link rel=\"canonical\" href=\"https:\/\/chicagoinjurylawyer.net\/es\/terminos-y-condiciones\/\" \/>\n<meta property=\"og:locale\" content=\"es_ES\" \/>\n<meta property=\"og:type\" content=\"article\" \/>\n<meta property=\"og:title\" content=\"T\u00e9rminos y Condiciones - Sexner Injury Lawyers LLC\" \/>\n<meta property=\"og:description\" content=\"T\u00e9rminos y Condiciones A continuaci\u00f3n, se describen los t\u00e9rminos y condiciones que regulan el uso del sitio web de , ubicado en chicagoinjurylawyer.net\/es\/. Al acceder a este sitio web, usted acepta estos t\u00e9rminos y condiciones. No contin\u00fae visitando o utilizando www.chicagoinjurylawyer.net\/es si no acepta todos los t\u00e9rminos y condiciones establecidos en este documento. La siguiente [&hellip;]\" \/>\n<meta property=\"og:url\" content=\"https:\/\/chicagoinjurylawyer.net\/es\/terminos-y-condiciones\/\" \/>\n<meta property=\"og:site_name\" content=\"Sexner Injury Lawyers LLC\" \/>\n<meta name=\"twitter:card\" content=\"summary_large_image\" \/>\n<meta name=\"twitter:label1\" content=\"Tiempo de lectura\" \/>\n\t<meta name=\"twitter:data1\" content=\"6 minutos\" \/>\n<!-- \/ Yoast SEO plugin. -->","yoast_head_json":{"title":"T\u00e9rminos y Condiciones - Sexner Injury Lawyers LLC","robots":{"index":"index","follow":"follow","max-snippet":"max-snippet:-1","max-image-preview":"max-image-preview:large","max-video-preview":"max-video-preview:-1"},"canonical":"https:\/\/chicagoinjurylawyer.net\/es\/terminos-y-condiciones\/","og_locale":"es_ES","og_type":"article","og_title":"T\u00e9rminos y Condiciones - Sexner Injury Lawyers LLC","og_description":"T\u00e9rminos y Condiciones A continuaci\u00f3n, se describen los t\u00e9rminos y condiciones que regulan el uso del sitio web de , ubicado en chicagoinjurylawyer.net\/es\/. Al acceder a este sitio web, usted acepta estos t\u00e9rminos y condiciones. No contin\u00fae visitando o utilizando www.chicagoinjurylawyer.net\/es si no acepta todos los t\u00e9rminos y condiciones establecidos en este documento. La siguiente [&hellip;]","og_url":"https:\/\/chicagoinjurylawyer.net\/es\/terminos-y-condiciones\/","og_site_name":"Sexner Injury Lawyers LLC","twitter_card":"summary_large_image","twitter_misc":{"Tiempo de lectura":"6 minutos"},"schema":{"@context":"https:\/\/schema.org","@graph":[{"@type":"WebPage","@id":"https:\/\/chicagoinjurylawyer.net\/es\/terminos-y-condiciones\/","url":"https:\/\/chicagoinjurylawyer.net\/es\/terminos-y-condiciones\/","name":"T\u00e9rminos y Condiciones - Sexner Injury Lawyers LLC","isPartOf":{"@id":"https:\/\/chicagoinjurylawyer.net\/es\/#website"},"datePublished":"2025-03-07T20:17:36+00:00","inLanguage":"es","potentialAction":[{"@type":"ReadAction","target":["https:\/\/chicagoinjurylawyer.net\/es\/terminos-y-condiciones\/"]}]},{"@type":"WebSite","@id":"https:\/\/chicagoinjurylawyer.net\/es\/#website","url":"https:\/\/chicagoinjurylawyer.net\/es\/","name":"Sexner Injury Lawyers LLC","description":"Chicago Personal Injury Attorneys","publisher":{"@id":"https:\/\/chicagoinjurylawyer.net\/es\/#organization"},"potentialAction":[{"@type":"SearchAction","target":{"@type":"EntryPoint","urlTemplate":"https:\/\/chicagoinjurylawyer.net\/es\/?s={search_term_string}"},"query-input":{"@type":"PropertyValueSpecification","valueRequired":true,"valueName":"search_term_string"}}],"inLanguage":"es"},{"@type":"Organization","@id":"https:\/\/chicagoinjurylawyer.net\/es\/#organization","name":"[firm-name]","url":"https:\/\/chicagoinjurylawyer.net\/es\/","logo":{"@type":"ImageObject","inLanguage":"es","@id":"https:\/\/chicagoinjurylawyer.net\/es\/#\/schema\/logo\/image\/","url":"https:\/\/chicagoinjurylawyer.net\/wp-content\/uploads\/2019\/06\/msx-logo-1.png","contentUrl":"https:\/\/chicagoinjurylawyer.net\/wp-content\/uploads\/2019\/06\/msx-logo-1.png","width":180,"height":83,"caption":"[firm-name]"},"image":{"@id":"https:\/\/chicagoinjurylawyer.net\/es\/#\/schema\/logo\/image\/"}}]}},"_links":{"self":[{"href":"https:\/\/chicagoinjurylawyer.net\/es\/wp-json\/wp\/v2\/pages\/34245","targetHints":{"allow":["GET"]}}],"collection":[{"href":"https:\/\/chicagoinjurylawyer.net\/es\/wp-json\/wp\/v2\/pages"}],"about":[{"href":"https:\/\/chicagoinjurylawyer.net\/es\/wp-json\/wp\/v2\/types\/page"}],"author":[{"embeddable":true,"href":"https:\/\/chicagoinjurylawyer.net\/es\/wp-json\/wp\/v2\/users\/1"}],"replies":[{"embeddable":true,"href":"https:\/\/chicagoinjurylawyer.net\/es\/wp-json\/wp\/v2\/comments?post=34245"}],"version-history":[{"count":1,"href":"https:\/\/chicagoinjurylawyer.net\/es\/wp-json\/wp\/v2\/pages\/34245\/revisions"}],"predecessor-version":[{"id":34246,"href":"https:\/\/chicagoinjurylawyer.net\/es\/wp-json\/wp\/v2\/pages\/34245\/revisions\/34246"}],"wp:attachment":[{"href":"https:\/\/chicagoinjurylawyer.net\/es\/wp-json\/wp\/v2\/media?parent=34245"}],"curies":[{"name":"wp","href":"https:\/\/api.w.org\/{rel}","templated":true}]}}