{"id":34508,"date":"2025-11-07T11:10:27","date_gmt":"2025-11-07T17:10:27","guid":{"rendered":"https:\/\/chicagoinjurylawyer.net\/?page_id=34508"},"modified":"2025-11-07T11:26:19","modified_gmt":"2025-11-07T17:26:19","slug":"trabajadora-de-hierro-pierde-fuerza-de-agarre-en-la-mano","status":"publish","type":"page","link":"https:\/\/chicagoinjurylawyer.net\/es\/nuestro-exito\/trabajadora-de-hierro-pierde-fuerza-de-agarre-en-la-mano\/","title":{"rendered":"Trabajadora de Hierro Pierde Fuerza de Agarre en la Mano"},"content":{"rendered":"<h1>$260,000 Acuerdo de compensaci\u00f3n laboral<\/h1>\n<h2>Trabajadora de Hierro Pierde Fuerza de Agarre en la Mano<\/h2>\n<p>Nuestro cliente, un herrero sindicalizado, se lesion\u00f3 la mano con una varilla de refuerzo mientras trabajaba. Tras un examen, se determin\u00f3 que se hab\u00eda cortado un tend\u00f3n que requer\u00eda cirug\u00eda. Pero incluso despu\u00e9s de la cirug\u00eda, su mano nunca recuper\u00f3 completamente la capacidad de agarre. Dado que un herrero debe levantar objetos pesados, esto afect\u00f3 gravemente su carrera. Nuestro <a href=\"https:\/\/chicagoinjurylawyer.net\/es\/compensacion-de-trabajadores\/\">abogado especializado en compensaci\u00f3n<\/a> laboral logr\u00f3 obtener una indemnizaci\u00f3n significativa de $260,000 en nombre de nuestro cliente.<\/p>\n<h2>Lesiones en la Construcci\u00f3n<\/h2>\n<p>Seg\u00fan todos los indicios, muchos <a href=\"https:\/\/chicagoinjurylawyer.net\/es\/compensacion-de-trabajadores\/accidentes-en-la-construccion\/\">trabajadores de la construcci\u00f3n<\/a> realizan trabajos incre\u00edblemente peligrosos. Algunas estad\u00edsticas recientes sobre la industria indican que, como en el caso que se arregl\u00f3, los trabajadores del hierro tienen el trabajo con las tasas de lesiones m\u00e1s altas de la industria. Otras estad\u00edsticas recientes incluyen:<\/p>\n<ul>\n<li>Para los trabajadores menores de 18 a\u00f1os, la construcci\u00f3n ocupa el segundo lugar en EE. UU. en cuanto a mortalidad.<\/li>\n<li>1 de cada 10 trabajadores de este sector se lesiona cada a\u00f1o.<\/li>\n<li>A lo largo de una carrera profesional de 45 a\u00f1os, la probabilidad de muerte es de 1 en 200.<\/li>\n<li>La principal causa de <a href=\"https:\/\/chicagoinjurylawyer.net\/es\/muerte-injusta\/\">muerte en la construcci\u00f3n<\/a> son las ca\u00eddas.<\/li>\n<li>El 60 % de las lesiones ocurren durante el primer a\u00f1o de empleo del trabajador.<\/li>\n<\/ul>\n<h2>Causas de Accidentes<\/h2>\n<ul>\n<li><strong>Ca\u00eddas:<\/strong> Los accidentes m\u00e1s comunes en la industria de la construcci\u00f3n se producen por ca\u00eddas. Diariamente, los trabajadores deben realizar su trabajo desde grandes alturas, lo que puede implicar el uso de <a href=\"https:\/\/chicagoinjurylawyer.net\/es\/nuestro-exito\/caer-de-una-escalera\/\">escaleras, andamios, ventanas, gr\u00faas, techos y herrer\u00eda<\/a>.<\/li>\n<li><strong>Escombros<\/strong>: Es com\u00fan que un edificio tenga varios niveles y que caigan escombros desde arriba. Cuando alguien es golpeado por estos escombros, que pueden incluir herramientas pesadas o vigas, incluso con casco de seguridad puesto, el impacto puede causar <a href=\"https:\/\/chicagoinjurylawyer.net\/es\/lesiones-de-la-medula-espinal\/\">lesiones en la columna vertebral<\/a> y el <a href=\"https:\/\/chicagoinjurylawyer.net\/es\/lesiones-cerebrales-traumaticas\/\">cerebro<\/a>.<\/li>\n<li><strong>Colapso:<\/strong> Esto puede ocurrir cuando un edificio (en construcci\u00f3n o en proceso de demolici\u00f3n) se derrumba inesperadamente y los trabajadores quedan atrapados debajo. De igual manera, a menudo se cavan zanjas en las obras y, cuando una zanja se derrumba, los trabajadores tambi\u00e9n pueden ser golpeados por objetos pesados \u200b\u200bo enterrados por la tierra que cae.<\/li>\n<li><strong>Explosiones:<\/strong> Los productos qu\u00edmicos inflamables, el cableado expuesto, las fugas de gases y otras condiciones peligrosas tienen el potencial de provocar incendios y explosiones, lo que puede provocar <a href=\"https:\/\/chicagoinjurylawyer.net\/es\/quemaduras\/\">quemaduras graves<\/a> o la muerte.<\/li>\n<li><strong>Maquinaria:<\/strong> En las obras de construcci\u00f3n se utiliza una gran cantidad de maquinaria pesada y herramientas potentes, como pistolas de clavos y martillos neum\u00e1ticos, as\u00ed como veh\u00edculos grandes como camiones volquete, gr\u00faas, montacargas y contenedores de basura. Cualquier error de juicio puede causar lesiones permanentes graves o la muerte. En caso de mal funcionamiento de la maquinaria, tambi\u00e9n se puede presentar una demanda por responsabilidad civil por <a href=\"https:\/\/chicagoinjurylawyer.net\/es\/lesiones-relacionados-al-producto\/\">productos defectuosos<\/a> contra el fabricante del producto.<\/li>\n<li><strong>Electricidad:<\/strong> En las obras de construcci\u00f3n, es frecuente encontrar cables, sistemas y cableado el\u00e9ctrico expuestos. El contacto con cualquiera de estos elementos sin una conexi\u00f3n a tierra adecuada puede causar electrocuci\u00f3n, <a href=\"https:\/\/chicagoinjurylawyer.net\/es\/blog\/lesiones-electricas-en-el-trabajo-y-en-otros-lugares\/\">descarga el\u00e9ctrica<\/a> o la muerte.<\/li>\n<li><strong>Tropiezos:<\/strong> Los materiales de construcci\u00f3n y herramientas sueltos presentan un peligro constante de resbalones o tropiezos en el trabajo.<\/li>\n<\/ul>\n<p>Si usted o un ser querido sufri\u00f3 lesiones en una obra en construcci\u00f3n, el equipo legal de <a href=\"https:\/\/chicagoinjurylawyer.net\/es\/\">Sexner Injury Lawyers LLC<\/a> puede ayudarle a determinar si su reclamaci\u00f3n debe presentarse como un caso de compensaci\u00f3n laboral, un caso de terceros, un caso de responsabilidad por productos defectuosos o una combinaci\u00f3n de ambos. Puede obtener ayuda gratuita las 24 horas del d\u00eda llamando al <a href=\"tel:3122439922\">(312) 243-9922<\/a>.<\/p>\n","protected":false},"excerpt":{"rendered":"<p>$260,000 Acuerdo de compensaci\u00f3n laboral Trabajadora de Hierro Pierde Fuerza de Agarre en la Mano Nuestro cliente, un herrero sindicalizado, se lesion\u00f3 la mano con una varilla de refuerzo mientras trabajaba. Tras un examen, se determin\u00f3 que se hab\u00eda cortado un tend\u00f3n que requer\u00eda cirug\u00eda. Pero incluso despu\u00e9s de la cirug\u00eda, su mano nunca recuper\u00f3 [&hellip;]<\/p>\n","protected":false},"author":1,"featured_media":0,"parent":7785,"menu_order":0,"comment_status":"closed","ping_status":"open","template":"","meta":{"_acf_changed":false,"footnotes":""},"class_list":["post-34508","page","type-page","status-publish","hentry"],"acf":[],"yoast_head":"<!-- This site is optimized with the Yoast SEO plugin v27.4 - https:\/\/yoast.com\/product\/yoast-seo-wordpress\/ -->\n<title>Trabajadora de Hierro Pierde Fuerza de Agarre en la Mano - Sexner Injury Lawyers LLC<\/title>\n<meta name=\"description\" content=\"Un trabajador afiliado al sindicato perdi\u00f3 fuerza en las manos y, por lo tanto, su capacidad para trabajar. Recibi\u00f3 una indemnizaci\u00f3n justa despu\u00e9s de que le brind\u00e1ramos nuestra ayuda. Ll\u00e1menos hoy mismo para obtener m\u00e1s informaci\u00f3n.\" \/>\n<meta name=\"robots\" content=\"index, follow, max-snippet:-1, max-image-preview:large, max-video-preview:-1\" \/>\n<link rel=\"canonical\" href=\"https:\/\/chicagoinjurylawyer.net\/es\/nuestro-exito\/trabajadora-de-hierro-pierde-fuerza-de-agarre-en-la-mano\/\" \/>\n<meta property=\"og:locale\" content=\"es_ES\" \/>\n<meta property=\"og:type\" content=\"article\" \/>\n<meta property=\"og:title\" content=\"Trabajadora de Hierro Pierde Fuerza de Agarre en la Mano - Sexner Injury Lawyers LLC\" \/>\n<meta property=\"og:description\" content=\"Un trabajador afiliado al sindicato perdi\u00f3 fuerza en las manos y, por lo tanto, su capacidad para trabajar. Recibi\u00f3 una indemnizaci\u00f3n justa despu\u00e9s de que le brind\u00e1ramos nuestra ayuda. Ll\u00e1menos hoy mismo para obtener m\u00e1s informaci\u00f3n.\" \/>\n<meta property=\"og:url\" content=\"https:\/\/chicagoinjurylawyer.net\/es\/nuestro-exito\/trabajadora-de-hierro-pierde-fuerza-de-agarre-en-la-mano\/\" \/>\n<meta property=\"og:site_name\" content=\"Sexner Injury Lawyers LLC\" \/>\n<meta property=\"article:modified_time\" content=\"2025-11-07T17:26:19+00:00\" \/>\n<meta name=\"twitter:card\" content=\"summary_large_image\" \/>\n<meta name=\"twitter:label1\" content=\"Tiempo de lectura\" \/>\n\t<meta name=\"twitter:data1\" content=\"3 minutos\" \/>\n<!-- \/ Yoast SEO plugin. -->","yoast_head_json":{"title":"Trabajadora de Hierro Pierde Fuerza de Agarre en la Mano - Sexner Injury Lawyers LLC","description":"Un trabajador afiliado al sindicato perdi\u00f3 fuerza en las manos y, por lo tanto, su capacidad para trabajar. Recibi\u00f3 una indemnizaci\u00f3n justa despu\u00e9s de que le brind\u00e1ramos nuestra ayuda. Ll\u00e1menos hoy mismo para obtener m\u00e1s informaci\u00f3n.","robots":{"index":"index","follow":"follow","max-snippet":"max-snippet:-1","max-image-preview":"max-image-preview:large","max-video-preview":"max-video-preview:-1"},"canonical":"https:\/\/chicagoinjurylawyer.net\/es\/nuestro-exito\/trabajadora-de-hierro-pierde-fuerza-de-agarre-en-la-mano\/","og_locale":"es_ES","og_type":"article","og_title":"Trabajadora de Hierro Pierde Fuerza de Agarre en la Mano - Sexner Injury Lawyers LLC","og_description":"Un trabajador afiliado al sindicato perdi\u00f3 fuerza en las manos y, por lo tanto, su capacidad para trabajar. Recibi\u00f3 una indemnizaci\u00f3n justa despu\u00e9s de que le brind\u00e1ramos nuestra ayuda. Ll\u00e1menos hoy mismo para obtener m\u00e1s informaci\u00f3n.","og_url":"https:\/\/chicagoinjurylawyer.net\/es\/nuestro-exito\/trabajadora-de-hierro-pierde-fuerza-de-agarre-en-la-mano\/","og_site_name":"Sexner Injury Lawyers LLC","article_modified_time":"2025-11-07T17:26:19+00:00","twitter_card":"summary_large_image","twitter_misc":{"Tiempo de lectura":"3 minutos"},"schema":{"@context":"https:\/\/schema.org","@graph":[{"@type":"WebPage","@id":"https:\/\/chicagoinjurylawyer.net\/es\/nuestro-exito\/trabajadora-de-hierro-pierde-fuerza-de-agarre-en-la-mano\/","url":"https:\/\/chicagoinjurylawyer.net\/es\/nuestro-exito\/trabajadora-de-hierro-pierde-fuerza-de-agarre-en-la-mano\/","name":"Trabajadora de Hierro Pierde Fuerza de Agarre en la Mano - Sexner Injury Lawyers LLC","isPartOf":{"@id":"https:\/\/chicagoinjurylawyer.net\/es\/#website"},"datePublished":"2025-11-07T17:10:27+00:00","dateModified":"2025-11-07T17:26:19+00:00","description":"Un trabajador afiliado al sindicato perdi\u00f3 fuerza en las manos y, por lo tanto, su capacidad para trabajar. Recibi\u00f3 una indemnizaci\u00f3n justa despu\u00e9s de que le brind\u00e1ramos nuestra ayuda. Ll\u00e1menos hoy mismo para obtener m\u00e1s informaci\u00f3n.","breadcrumb":{"@id":"https:\/\/chicagoinjurylawyer.net\/es\/nuestro-exito\/trabajadora-de-hierro-pierde-fuerza-de-agarre-en-la-mano\/#breadcrumb"},"inLanguage":"es","potentialAction":[{"@type":"ReadAction","target":["https:\/\/chicagoinjurylawyer.net\/es\/nuestro-exito\/trabajadora-de-hierro-pierde-fuerza-de-agarre-en-la-mano\/"]}]},{"@type":"BreadcrumbList","@id":"https:\/\/chicagoinjurylawyer.net\/es\/nuestro-exito\/trabajadora-de-hierro-pierde-fuerza-de-agarre-en-la-mano\/#breadcrumb","itemListElement":[{"@type":"ListItem","position":1,"name":"Nuestro \u00c9xito","item":"https:\/\/chicagoinjurylawyer.net\/es\/nuestro-exito\/"},{"@type":"ListItem","position":2,"name":"Trabajadora de Hierro Pierde Fuerza de Agarre en la Mano"}]},{"@type":"WebSite","@id":"https:\/\/chicagoinjurylawyer.net\/es\/#website","url":"https:\/\/chicagoinjurylawyer.net\/es\/","name":"Sexner Injury Lawyers LLC","description":"Chicago Personal Injury Attorneys","publisher":{"@id":"https:\/\/chicagoinjurylawyer.net\/es\/#organization"},"potentialAction":[{"@type":"SearchAction","target":{"@type":"EntryPoint","urlTemplate":"https:\/\/chicagoinjurylawyer.net\/es\/?s={search_term_string}"},"query-input":{"@type":"PropertyValueSpecification","valueRequired":true,"valueName":"search_term_string"}}],"inLanguage":"es"},{"@type":"Organization","@id":"https:\/\/chicagoinjurylawyer.net\/es\/#organization","name":"[firm-name]","url":"https:\/\/chicagoinjurylawyer.net\/es\/","logo":{"@type":"ImageObject","inLanguage":"es","@id":"https:\/\/chicagoinjurylawyer.net\/es\/#\/schema\/logo\/image\/","url":"https:\/\/chicagoinjurylawyer.net\/wp-content\/uploads\/2019\/06\/msx-logo-1.png","contentUrl":"https:\/\/chicagoinjurylawyer.net\/wp-content\/uploads\/2019\/06\/msx-logo-1.png","width":180,"height":83,"caption":"[firm-name]"},"image":{"@id":"https:\/\/chicagoinjurylawyer.net\/es\/#\/schema\/logo\/image\/"}}]}},"_links":{"self":[{"href":"https:\/\/chicagoinjurylawyer.net\/es\/wp-json\/wp\/v2\/pages\/34508","targetHints":{"allow":["GET"]}}],"collection":[{"href":"https:\/\/chicagoinjurylawyer.net\/es\/wp-json\/wp\/v2\/pages"}],"about":[{"href":"https:\/\/chicagoinjurylawyer.net\/es\/wp-json\/wp\/v2\/types\/page"}],"author":[{"embeddable":true,"href":"https:\/\/chicagoinjurylawyer.net\/es\/wp-json\/wp\/v2\/users\/1"}],"replies":[{"embeddable":true,"href":"https:\/\/chicagoinjurylawyer.net\/es\/wp-json\/wp\/v2\/comments?post=34508"}],"version-history":[{"count":3,"href":"https:\/\/chicagoinjurylawyer.net\/es\/wp-json\/wp\/v2\/pages\/34508\/revisions"}],"predecessor-version":[{"id":34511,"href":"https:\/\/chicagoinjurylawyer.net\/es\/wp-json\/wp\/v2\/pages\/34508\/revisions\/34511"}],"up":[{"embeddable":true,"href":"https:\/\/chicagoinjurylawyer.net\/es\/wp-json\/wp\/v2\/pages\/7785"}],"wp:attachment":[{"href":"https:\/\/chicagoinjurylawyer.net\/es\/wp-json\/wp\/v2\/media?parent=34508"}],"curies":[{"name":"wp","href":"https:\/\/api.w.org\/{rel}","templated":true}]}}