{"id":34543,"date":"2025-12-15T11:51:46","date_gmt":"2025-12-15T17:51:46","guid":{"rendered":"https:\/\/chicagoinjurylawyer.net\/?page_id=34543"},"modified":"2025-12-15T11:52:10","modified_gmt":"2025-12-15T17:52:10","slug":"lesiones-catastroficas","status":"publish","type":"page","link":"https:\/\/chicagoinjurylawyer.net\/es\/lesiones-catastroficas\/","title":{"rendered":"Lesiones Catastr\u00f3ficas"},"content":{"rendered":"<h1>Obtenga la Ayuda de Abogados Especializados en Lesiones Catastr\u00f3ficas en Chicago<\/h1>\n<h2>Las Lesiones M\u00e1s Graves<\/h2>\n<p><img decoding=\"async\" class=\"alignright wp-image-34544\" src=\"https:\/\/chicagoinjurylawyer.net\/wp-content\/uploads\/2025\/12\/Lesiones-Catastro\u0301ficas.webp\" alt=\"Abogados de Lesiones Catastr\u00f3ficas en Chicago\" width=\"450\" height=\"300\" srcset=\"https:\/\/chicagoinjurylawyer.net\/wp-content\/uploads\/2025\/12\/Lesiones-Catastro\u0301ficas.webp 600w, https:\/\/chicagoinjurylawyer.net\/wp-content\/uploads\/2025\/12\/Lesiones-Catastro\u0301ficas-300x200.webp 300w\" sizes=\"(max-width: 450px) 100vw, 450px\" \/>El Consejo para la Concienciaci\u00f3n sobre la Discapacidad estima que el 25% de los j\u00f3venes de veinte a\u00f1os de hoy sufrir\u00e1n una discapacidad antes de jubilarse. Algunas de estas discapacidades y desfiguraciones a largo plazo ser\u00e1n consecuencia de accidentes graves. Por eso, la ayuda de abogados especializados en lesiones catastr\u00f3ficas en Chicago es fundamental.<\/p>\n<p>No todas las <a href=\"https:\/\/chicagoinjurylawyer.net\/es\/accidentes-de-trafico\/\">colisiones de auto<\/a>, <a href=\"https:\/\/chicagoinjurylawyer.net\/es\/compensacion-de-trabajadores\/accidentes-en-la-construccion\/\">accidentes laborales<\/a>, casos de <a href=\"https:\/\/chicagoinjurylawyer.net\/es\/negligencia-medica\/\">negligencia m\u00e9dica<\/a> <a href=\"https:\/\/chicagoinjurylawyer.net\/es\/negligencia-medica\/lesiones-de-nacimiento\/\">o complicaciones en el parto<\/a> resultan en un accidente que cambia la vida. Aun as\u00ed, muchas personas sufren lesiones sin culpa propia y terminan con una discapacidad o desfiguraci\u00f3n a largo plazo o permanente. Decir que esto es una perspectiva aterradora o abrumadora es quedarse corto.<\/p>\n<p>Si usted o un ser querido ha sufrido un accidente de este tipo, es importante hablar con un abogado experto en lesiones catastr\u00f3ficas en Chicago sin demora. Necesitar\u00e1 obtener una indemnizaci\u00f3n completa y justa para cubrir sus gastos m\u00e9dicos, p\u00e9rdida de ingresos, dolor y sufrimiento, as\u00ed como las muchas otras p\u00e9rdidas asociadas con lesiones tan graves.<\/p>\n<p>Y lo m\u00e1s importante, necesitas a alguien de tu lado. Necesitas un aliado que se encargue de todos los asuntos legales preocupantes para que puedas concentrarte en una sola cosa: empezar a sanar.<\/p>\n<p>Los abogados especializados en lesiones catastr\u00f3ficas de <a href=\"https:\/\/chicagoinjurylawyer.net\/es\/\">Sexner Injury Lawyers LLC<\/a> en Chicago son defensores legales compasivos, profesionales y dedicados. Entre otros premios, el Sr. Sexner ha sido nombrado entre los 100 Mejores Abogados Litigantes de la National Trial Lawyers. Puede estar seguro de que lucharemos por la compensaci\u00f3n que merece si ha sufrido una lesi\u00f3n debilitante. Ll\u00e1menos hoy al <a href=\"tel:3122439922\">(312) 243-9922<\/a> para hablar sobre su caso.<\/p>\n<h2>El Significado de Lesi\u00f3n Catastr\u00f3fica<\/h2>\n<p>Existen muchos tipos de lesiones que pueden ocurrir debido a un accidente o negligencia profesional, pero solo algunas se consideran catastr\u00f3ficas. Si bien no existe una definici\u00f3n clara del t\u00e9rmino en Illinois, generalmente se refiere a aquellas lesiones que resultan en discapacidad o desfiguraci\u00f3n de por vida.<\/p>\n<p>Por ejemplo, <a href=\"https:\/\/chicagoinjurylawyer.net\/es\/amputacion\/\">la p\u00e9rdida de una extremidad<\/a> debido a un accidente automovil\u00edstico se considerar\u00eda una lesi\u00f3n catastr\u00f3fica. Lo mismo ocurrir\u00eda con una lesi\u00f3n de nacimiento por negligencia m\u00e9dica que resulte en una discapacidad a largo plazo o una afecci\u00f3n m\u00e9dica cr\u00f3nica.<\/p>\n<p>La naturaleza indefinida del t\u00e9rmino es una de las razones por las que consultar con un abogado especializado en lesiones catastr\u00f3ficas en Chicago es tan valioso. Quiz\u00e1s usted no crea que su accidente sea lo suficientemente devastador. Un abogado cualificado podr\u00eda pensar lo contrario. Esto puede marcar la diferencia entre deudas de atenci\u00f3n m\u00e9dica de por vida y <a href=\"https:\/\/chicagoinjurylawyer.net\/es\/nuestro-exito\/\">una indemnizaci\u00f3n cuantiosa<\/a> a su favor.<\/p>\n<p>En Illinois, el t\u00e9rmino tambi\u00e9n se utiliza en la Ley de Beneficios para Empleados de Seguridad P\u00fablica. En este caso, se refiere a cu\u00e1ndo y c\u00f3mo se cubren los gastos m\u00e9dicos de empleados p\u00fablicos, como polic\u00edas y bomberos. En el contexto de la Ley, no existe una definici\u00f3n clara de \"lesi\u00f3n catastr\u00f3fica\", lo que ha dado lugar a numerosas batallas legales sobre cobertura m\u00e9dica y reclamaciones por <a href=\"https:\/\/chicagoinjurylawyer.net\/es\/#lesiones-personales\">lesiones personales<\/a>.<\/p>\n<p>La Ley de Seguros de Desempleo por Discapacidad (PSEBA) generalmente se ha mantenido vigente, refiri\u00e9ndose a cualquier lesi\u00f3n que resulte en una pensi\u00f3n por discapacidad en el cumplimiento del deber para un empleado de seguridad p\u00fablica. Si usted o un ser querido ha sufrido una lesi\u00f3n que considera que deber\u00eda estar cubierta por la PSEBA, pero se le ha denegado la cobertura, comun\u00edquese hoy mismo con los abogados especializados en lesiones catastr\u00f3ficas de Sexner Injury Lawyers LLC en Chicago para hablar sobre su caso.<\/p>\n<h2>Tipos de Lesiones Que Cambian la Vida<\/h2>\n<p>Al igual que la confusi\u00f3n en torno al t\u00e9rmino, los tipos de lesiones catastr\u00f3ficas son muy diversos. La negligencia m\u00e9dica es una causa com\u00fan, al igual que los accidentes automovil\u00edsticos, las lesiones de nacimiento y los accidentes laborales. Se puede afirmar con certeza que no existe una causa com\u00fan para las lesiones catastr\u00f3ficas y que cualquier persona puede verse afectada.<\/p>\n<h3>Lesiones Catastr\u00f3ficas Causadas Por Colisiones de Autom\u00f3viles<\/h3>\n<p>Los accidentes automovil\u00edsticos graves pueden causar lesiones en cualquier parte del cuerpo, y algunos tipos de colisiones tienen m\u00e1s probabilidades que otros de causar la muerte o lesiones graves e incapacitantes. Estos tipos de lesiones incluyen:<\/p>\n<ul>\n<li><a href=\"https:\/\/chicagoinjurylawyer.net\/es\/lesiones-cerebrales-traumaticas\/\"><strong>Lesi\u00f3n Cerebral Traum\u00e1tica<\/strong><\/a>: El cerebro puede lesionarse en una colisi\u00f3n, ya sea por el impacto de la cabeza contra un objeto en el veh\u00edculo o por una fuerte sacudida cerebral dentro del cr\u00e1neo.<\/li>\n<li><a href=\"https:\/\/chicagoinjurylawyer.net\/es\/lesiones-de-la-medula-espinal\/\"><strong>Lesiones de la M\u00e9dula Espinal<\/strong><\/a>: Las lesiones en la columna vertebral sufridas en accidentes automovil\u00edsticos pueden causar par\u00e1lisis. Dependiendo de la ubicaci\u00f3n de la lesi\u00f3n, la v\u00edctima podr\u00eda quedar parapl\u00e9jica (p\u00e9rdida de sensibilidad y funci\u00f3n en la regi\u00f3n p\u00e9lvica y las piernas) o tetrapl\u00e9jica (par\u00e1lisis de las cuatro extremidades). Contacte a un abogado especializado en lesiones catastr\u00f3ficas en Chicago para obtener m\u00e1s informaci\u00f3n.<\/li>\n<li><a href=\"https:\/\/chicagoinjurylawyer.net\/es\/amputacion\/\"><strong>Amputaciones y P\u00e9rdida de Extremidades<\/strong><\/a>: Brazos, piernas, manos, dedos de las manos, pies y dedos de los pies pueden amputarse en colisiones graves. En algunos casos, la extremidad puede sufrir un aplastamiento grave y requerir una amputaci\u00f3n quir\u00fargica de emergencia.<\/li>\n<li><strong>Lesiones Internas<\/strong>: El coraz\u00f3n, el h\u00edgado, los pulmones, los ri\u00f1ones, el bazo o los intestinos pueden desgarrarse o romperse en un accidente automovil\u00edstico. Las costillas rotas en el impacto pueden perforar los pulmones y otros \u00f3rganos.<\/li>\n<li><a href=\"https:\/\/chicagoinjurylawyer.net\/es\/quemaduras\/\"><strong>Quemaduras graves<\/strong><\/a>: Los incendios, las explosiones o el contacto con l\u00edquidos o metales calientes pueden causar quemaduras graves a las v\u00edctimas de accidentes de tr\u00e1fico. Las quemaduras graves son excepcionalmente dolorosas, dif\u00edciles de tratar y pueden requerir varias cirug\u00edas para intentar reparar la piel quemada.<\/li>\n<\/ul>\n<h3>Lesiones Graves Causadas Por Negligencia M\u00e9dica<\/h3>\n<p>Los accidentes m\u00e9dicos causados \u200b\u200bpor negligencia pueden causar discapacidades que cambian la vida. La naturaleza exacta de la lesi\u00f3n generalmente depende del procedimiento realizado cuando ocurri\u00f3 el da\u00f1o. Independientemente del tipo de lesi\u00f3n, es importante hablar con un abogado especializado en lesiones catastr\u00f3ficas en Chicago lo antes posible.<\/p>\n<p>Algunos ejemplos comunes de lesiones graves por negligencia m\u00e9dica incluyen:<\/p>\n<ul>\n<li><strong>Da\u00f1o cerebral<\/strong>: generalmente causado por un accidente durante una cirug\u00eda, anestesia inadecuada o co\u00e1gulos de sangre debido a un error m\u00e9dico.<\/li>\n<li><strong>P\u00e9rdida de una extremidad<\/strong>: si bien la amputaci\u00f3n puede ser necesaria debido a una lesi\u00f3n o enfermedad, un error en la atenci\u00f3n m\u00e9dica puede causar una amputaci\u00f3n innecesaria debido a una infecci\u00f3n, un error quir\u00fargico o co\u00e1gulos de sangre. Los abogados especializados en lesiones personales tienen experiencia en este tipo de casos.<\/li>\n<li><strong>Lesiones de columna<\/strong>: la cirug\u00eda de columna y espalda suele conllevar ciertos riesgos, pero cirujanos experimentados pueden realizar estos procedimientos sin incidentes. Sin embargo, la negligencia m\u00e9dica puede provocar da\u00f1o en la columna que provoca dolor a largo plazo, discapacidad e incluso par\u00e1lisis.<\/li>\n<\/ul>\n<h3>Lesiones Catastr\u00f3ficas de Nacimiento<\/h3>\n<p>Debido a la fragilidad de un reci\u00e9n nacido, es muy probable que las lesiones al nacer sean dram\u00e1ticas y graves. Las consecuencias a largo plazo de una lesi\u00f3n o un accidente negligente durante el parto pueden ser dif\u00edciles de predecir, pero ciertos tipos de lesiones pueden ser muy graves. Entre ellas se incluyen:<\/p>\n<ul>\n<li><strong>Lesiones del cord\u00f3n umbilical<\/strong>: Los problemas con el cord\u00f3n umbilical durante el parto son comunes y, por lo general, pueden ser tratados con \u00e9xito por profesionales m\u00e9dicos. Sin embargo, cuando ocurre negligencia, pueden ocurrir lesiones evitables que resulten en da\u00f1o cerebral o discapacidad f\u00edsica.<\/li>\n<li><strong>Asfixia al nacer<\/strong>: La p\u00e9rdida de ox\u00edgeno durante el parto suele provocar discapacidades y da\u00f1o cerebral, que pueden tener efectos a largo plazo.<\/li>\n<li><strong>Lesiones en las extremidades<\/strong>: Las lesiones en los brazos y piernas de un reci\u00e9n nacido pueden resultar en discapacidades o dificultades f\u00edsicas de por vida.<\/li>\n<\/ul>\n<p>Si su hijo sufri\u00f3 una lesi\u00f3n durante el parto, consulte con un equipo de abogados con experiencia en lesiones catastr\u00f3ficas en Chicago. Ellos podr\u00e1n revisar su situaci\u00f3n y asesorarle sobre los pasos a seguir.<\/p>\n<h3>Lesiones en el Lugar de Trabajo<\/h3>\n<p>Las obras de construcci\u00f3n y otros lugares de trabajo pueden ser bastante peligrosos, con el potencial de lesiones que pueden cambiar la vida. Si bien la compensaci\u00f3n laboral puede cubrir algunas de estas lesiones, los casos de negligencia grave complican la situaci\u00f3n. Los accidentes causados \u200b\u200bpor negligencia a veces tambi\u00e9n pueden implicar que otra empresa sea responsable de da\u00f1os adicionales como tercero demandado. Los tipos comunes de lesiones laborales graves incluyen:<\/p>\n<ul>\n<li><strong>Lesiones de la columna vertebral<\/strong>: Suelen ocurrir debido a ca\u00eddas o aplastamientos con maquinaria pesada en una obra de construcci\u00f3n.<\/li>\n<li><strong>Lesi\u00f3n cerebral<\/strong>: Ya sea por un accidente o por exposici\u00f3n a materiales t\u00f3xicos, el da\u00f1o cerebral puede provocar una discapacidad grave y una recuperaci\u00f3n a largo plazo. Se considera un tipo de lesi\u00f3n en la cabeza.<\/li>\n<li><strong>P\u00e9rdida de una extremidad<\/strong>: En una obra de construcci\u00f3n, la maquinaria pesada y las herramientas pueden llegar a amputar un brazo o una pierna, mientras que otras lesiones pueden causar tanto da\u00f1o a una extremidad que se requiere la amputaci\u00f3n.<\/li>\n<li><strong>Fracturas \u00f3seas<\/strong>: Si bien algunas fracturas \u00f3seas pueden sanar con consecuencias leves, otras pueden ser lo suficientemente graves como para causar dificultades y complicaciones de por vida. Las caderas y las rodillas, por ejemplo, pueden sufrir da\u00f1os que provoquen discapacidad o p\u00e9rdida de ingresos futuros.<\/li>\n<\/ul>\n<h2>Demandas y Reclamaciones en Casos de Lesiones Catastr\u00f3ficas<\/h2>\n<p>Al considerar una demanda o reclamaci\u00f3n por da\u00f1os y perjuicios, el tipo y la gravedad de la lesi\u00f3n son de vital importancia. No solo es necesario demostrar negligencia para que la demanda civil prospere, sino tambi\u00e9n determinar el alcance de la lesi\u00f3n y los da\u00f1os. Esta es una raz\u00f3n m\u00e1s por la que contar con abogados especializados en lesiones catastr\u00f3ficas en Chicago mejora sus posibilidades en un caso como este.<\/p>\n<p>Las demandas civiles en Illinois pueden incluir reclamos no s\u00f3lo por facturas m\u00e9dicas y da\u00f1os a la propiedad, sino tambi\u00e9n por discapacidad, gastos m\u00e9dicos futuros, p\u00e9rdidas salariales y desfiguraci\u00f3n.<\/p>\n<p>Las lesiones catastr\u00f3ficas suelen incluir discapacidades y desfiguraciones, adem\u00e1s de causar angustia emocional grave. Todos estos factores son relevantes para determinar el valor de una lesi\u00f3n. Una <a href=\"https:\/\/chicagoinjurylawyer.net\/es\/resbalones-tropiezos-y-caidas\/\">reclamaci\u00f3n por resbal\u00f3n y ca\u00edda por negligencia<\/a> demostrable puede tener un valor moderado, mientras que una ca\u00edda que resulta en una fractura de cadera y una discapacidad a largo plazo es mucho m\u00e1s costosa en t\u00e9rminos m\u00e9dicos para la v\u00edctima. Por lo tanto, esta circunstancia justifica un veredicto o acuerdo m\u00e1s cuantioso.<\/p>\n<h2>Nosotros Buscamos Justicia Por Usted<\/h2>\n<p>Obtenga la ayuda legal que necesita si usted o un ser querido ha sufrido una lesi\u00f3n que le ha cambiado la vida debido a la negligencia de otra persona. Llame cuanto antes a los abogados expertos en lesiones catastr\u00f3ficas de Sexner Injury Lawyers LLC en Chicago al <a href=\"tel:3122439922\">(312) 243-9922<\/a>.<\/p>\n<p>Puede confiar en nuestra firma para brindarle una representaci\u00f3n compasiva y de alta calidad. Como abogados con amplia experiencia en lesiones personales y un historial de \u00e9xito en juicios, somos firmes, tenaces y talentosos en los tribunales. Buscaremos con ah\u00ednco la m\u00e1xima indemnizaci\u00f3n que le corresponde por ley.<\/p>\n","protected":false},"excerpt":{"rendered":"<p>Obtenga la Ayuda de Abogados Especializados en Lesiones Catastr\u00f3ficas en Chicago Las Lesiones M\u00e1s Graves El Consejo para la Concienciaci\u00f3n sobre la Discapacidad estima que el 25% de los j\u00f3venes de veinte a\u00f1os de hoy sufrir\u00e1n una discapacidad antes de jubilarse. Algunas de estas discapacidades y desfiguraciones a largo plazo ser\u00e1n consecuencia de accidentes graves. [&hellip;]<\/p>\n","protected":false},"author":1,"featured_media":34544,"parent":0,"menu_order":0,"comment_status":"closed","ping_status":"closed","template":"","meta":{"_acf_changed":false,"footnotes":""},"class_list":["post-34543","page","type-page","status-publish","has-post-thumbnail","hentry"],"acf":[],"yoast_head":"<!-- This site is optimized with the Yoast SEO plugin v27.4 - https:\/\/yoast.com\/product\/yoast-seo-wordpress\/ -->\n<title>Abogados de Lesiones Catastr\u00f3ficas en Chicago - Sexner Injury Lawyers LLC<\/title>\n<meta name=\"description\" content=\"Si ha sufrido una lesi\u00f3n grave en Chicago, es posible que tenga derecho a una compensaci\u00f3n. Podemos ayudarle a recuperar su vida. Ll\u00e1menos hoy.\" \/>\n<meta name=\"robots\" content=\"index, follow, max-snippet:-1, max-image-preview:large, max-video-preview:-1\" \/>\n<link rel=\"canonical\" href=\"https:\/\/chicagoinjurylawyer.net\/es\/lesiones-catastroficas\/\" \/>\n<meta property=\"og:locale\" content=\"es_ES\" \/>\n<meta property=\"og:type\" content=\"article\" \/>\n<meta property=\"og:title\" content=\"Abogados de Lesiones Catastr\u00f3ficas en Chicago - Sexner Injury Lawyers LLC\" \/>\n<meta property=\"og:description\" content=\"Si ha sufrido una lesi\u00f3n grave en Chicago, es posible que tenga derecho a una compensaci\u00f3n. Podemos ayudarle a recuperar su vida. Ll\u00e1menos hoy.\" \/>\n<meta property=\"og:url\" content=\"https:\/\/chicagoinjurylawyer.net\/es\/lesiones-catastroficas\/\" \/>\n<meta property=\"og:site_name\" content=\"Sexner Injury Lawyers LLC\" \/>\n<meta property=\"article:modified_time\" content=\"2025-12-15T17:52:10+00:00\" \/>\n<meta property=\"og:image\" content=\"https:\/\/chicagoinjurylawyer.net\/wp-content\/uploads\/2025\/12\/Lesiones-Catastro\u0301ficas.webp\" \/>\n\t<meta property=\"og:image:width\" content=\"600\" \/>\n\t<meta property=\"og:image:height\" content=\"400\" \/>\n\t<meta property=\"og:image:type\" content=\"image\/webp\" \/>\n<meta name=\"twitter:card\" content=\"summary_large_image\" \/>\n<meta name=\"twitter:label1\" content=\"Tiempo de lectura\" \/>\n\t<meta name=\"twitter:data1\" content=\"9 minutos\" \/>\n<!-- \/ Yoast SEO plugin. -->","yoast_head_json":{"title":"Abogados de Lesiones Catastr\u00f3ficas en Chicago - Sexner Injury Lawyers LLC","description":"Si ha sufrido una lesi\u00f3n grave en Chicago, es posible que tenga derecho a una compensaci\u00f3n. Podemos ayudarle a recuperar su vida. Ll\u00e1menos hoy.","robots":{"index":"index","follow":"follow","max-snippet":"max-snippet:-1","max-image-preview":"max-image-preview:large","max-video-preview":"max-video-preview:-1"},"canonical":"https:\/\/chicagoinjurylawyer.net\/es\/lesiones-catastroficas\/","og_locale":"es_ES","og_type":"article","og_title":"Abogados de Lesiones Catastr\u00f3ficas en Chicago - Sexner Injury Lawyers LLC","og_description":"Si ha sufrido una lesi\u00f3n grave en Chicago, es posible que tenga derecho a una compensaci\u00f3n. Podemos ayudarle a recuperar su vida. Ll\u00e1menos hoy.","og_url":"https:\/\/chicagoinjurylawyer.net\/es\/lesiones-catastroficas\/","og_site_name":"Sexner Injury Lawyers LLC","article_modified_time":"2025-12-15T17:52:10+00:00","og_image":[{"width":600,"height":400,"url":"https:\/\/chicagoinjurylawyer.net\/wp-content\/uploads\/2025\/12\/Lesiones-Catastro\u0301ficas.webp","type":"image\/webp"}],"twitter_card":"summary_large_image","twitter_misc":{"Tiempo de lectura":"9 minutos"},"schema":{"@context":"https:\/\/schema.org","@graph":[{"@type":"WebPage","@id":"https:\/\/chicagoinjurylawyer.net\/es\/lesiones-catastroficas\/","url":"https:\/\/chicagoinjurylawyer.net\/es\/lesiones-catastroficas\/","name":"Abogados de Lesiones Catastr\u00f3ficas en Chicago - Sexner Injury Lawyers LLC","isPartOf":{"@id":"https:\/\/chicagoinjurylawyer.net\/es\/#website"},"primaryImageOfPage":{"@id":"https:\/\/chicagoinjurylawyer.net\/es\/lesiones-catastroficas\/#primaryimage"},"image":{"@id":"https:\/\/chicagoinjurylawyer.net\/es\/lesiones-catastroficas\/#primaryimage"},"thumbnailUrl":"https:\/\/chicagoinjurylawyer.net\/wp-content\/uploads\/2025\/12\/Lesiones-Catastro\u0301ficas.webp","datePublished":"2025-12-15T17:51:46+00:00","dateModified":"2025-12-15T17:52:10+00:00","description":"Si ha sufrido una lesi\u00f3n grave en Chicago, es posible que tenga derecho a una compensaci\u00f3n. Podemos ayudarle a recuperar su vida. Ll\u00e1menos hoy.","inLanguage":"es","potentialAction":[{"@type":"ReadAction","target":["https:\/\/chicagoinjurylawyer.net\/es\/lesiones-catastroficas\/"]}]},{"@type":"ImageObject","inLanguage":"es","@id":"https:\/\/chicagoinjurylawyer.net\/es\/lesiones-catastroficas\/#primaryimage","url":"https:\/\/chicagoinjurylawyer.net\/wp-content\/uploads\/2025\/12\/Lesiones-Catastro\u0301ficas.webp","contentUrl":"https:\/\/chicagoinjurylawyer.net\/wp-content\/uploads\/2025\/12\/Lesiones-Catastro\u0301ficas.webp","width":600,"height":400,"caption":"Abogados de Lesiones Catastr\u00f3ficas en Chicago"},{"@type":"WebSite","@id":"https:\/\/chicagoinjurylawyer.net\/es\/#website","url":"https:\/\/chicagoinjurylawyer.net\/es\/","name":"Sexner Injury Lawyers LLC","description":"Chicago Personal Injury Attorneys","publisher":{"@id":"https:\/\/chicagoinjurylawyer.net\/es\/#organization"},"potentialAction":[{"@type":"SearchAction","target":{"@type":"EntryPoint","urlTemplate":"https:\/\/chicagoinjurylawyer.net\/es\/?s={search_term_string}"},"query-input":{"@type":"PropertyValueSpecification","valueRequired":true,"valueName":"search_term_string"}}],"inLanguage":"es"},{"@type":"Organization","@id":"https:\/\/chicagoinjurylawyer.net\/es\/#organization","name":"[firm-name]","url":"https:\/\/chicagoinjurylawyer.net\/es\/","logo":{"@type":"ImageObject","inLanguage":"es","@id":"https:\/\/chicagoinjurylawyer.net\/es\/#\/schema\/logo\/image\/","url":"https:\/\/chicagoinjurylawyer.net\/wp-content\/uploads\/2019\/06\/msx-logo-1.png","contentUrl":"https:\/\/chicagoinjurylawyer.net\/wp-content\/uploads\/2019\/06\/msx-logo-1.png","width":180,"height":83,"caption":"[firm-name]"},"image":{"@id":"https:\/\/chicagoinjurylawyer.net\/es\/#\/schema\/logo\/image\/"}}]}},"_links":{"self":[{"href":"https:\/\/chicagoinjurylawyer.net\/es\/wp-json\/wp\/v2\/pages\/34543","targetHints":{"allow":["GET"]}}],"collection":[{"href":"https:\/\/chicagoinjurylawyer.net\/es\/wp-json\/wp\/v2\/pages"}],"about":[{"href":"https:\/\/chicagoinjurylawyer.net\/es\/wp-json\/wp\/v2\/types\/page"}],"author":[{"embeddable":true,"href":"https:\/\/chicagoinjurylawyer.net\/es\/wp-json\/wp\/v2\/users\/1"}],"replies":[{"embeddable":true,"href":"https:\/\/chicagoinjurylawyer.net\/es\/wp-json\/wp\/v2\/comments?post=34543"}],"version-history":[{"count":2,"href":"https:\/\/chicagoinjurylawyer.net\/es\/wp-json\/wp\/v2\/pages\/34543\/revisions"}],"predecessor-version":[{"id":34547,"href":"https:\/\/chicagoinjurylawyer.net\/es\/wp-json\/wp\/v2\/pages\/34543\/revisions\/34547"}],"wp:featuredmedia":[{"embeddable":true,"href":"https:\/\/chicagoinjurylawyer.net\/es\/wp-json\/wp\/v2\/media\/34544"}],"wp:attachment":[{"href":"https:\/\/chicagoinjurylawyer.net\/es\/wp-json\/wp\/v2\/media?parent=34543"}],"curies":[{"name":"wp","href":"https:\/\/api.w.org\/{rel}","templated":true}]}}