{"id":34584,"date":"2026-02-18T10:28:33","date_gmt":"2026-02-18T16:28:33","guid":{"rendered":"https:\/\/chicagoinjurylawyer.net\/?page_id=34584"},"modified":"2026-02-18T10:28:33","modified_gmt":"2026-02-18T16:28:33","slug":"responsabilidad-civil-de-locales","status":"publish","type":"page","link":"https:\/\/chicagoinjurylawyer.net\/es\/responsabilidad-civil-de-locales\/","title":{"rendered":"Responsabilidad Civil de Locales"},"content":{"rendered":"<h1>Abogados de Responsabilidad Civil de Locales en Chicago<\/h1>\n<p><img decoding=\"async\" class=\"alignright wp-image-34585\" src=\"https:\/\/chicagoinjurylawyer.net\/wp-content\/uploads\/2026\/02\/Responsabilidad-Civil-de-Locales.webp\" alt=\"Abogados de Responsabilidad Civil de Locales en Chicago\" width=\"400\" height=\"357\" srcset=\"https:\/\/chicagoinjurylawyer.net\/wp-content\/uploads\/2026\/02\/Responsabilidad-Civil-de-Locales.webp 2000w, https:\/\/chicagoinjurylawyer.net\/wp-content\/uploads\/2026\/02\/Responsabilidad-Civil-de-Locales-300x268.webp 300w, https:\/\/chicagoinjurylawyer.net\/wp-content\/uploads\/2026\/02\/Responsabilidad-Civil-de-Locales-1024x914.webp 1024w, https:\/\/chicagoinjurylawyer.net\/wp-content\/uploads\/2026\/02\/Responsabilidad-Civil-de-Locales-768x686.webp 768w, https:\/\/chicagoinjurylawyer.net\/wp-content\/uploads\/2026\/02\/Responsabilidad-Civil-de-Locales-1536x1372.webp 1536w\" sizes=\"(max-width: 400px) 100vw, 400px\" \/>En nuestra sociedad, confiamos en que nuestros conciudadanos act\u00faen razonablemente para garantizar la m\u00e1xima seguridad de todos. Sin embargo, cuando alguien no lo hace, existe un peligro muy real de accidentes graves y lesiones fatales. M\u00e1s de 130,000 personas acuden a urgencias cada a\u00f1o. \u00bfCu\u00e1ntas de esas visitas se podr\u00edan haber evitado con un poco de cuidado por parte de los propietarios?<\/p>\n<p>Si usted o un ser querido ha resultado lesionado en un accidente causado por condiciones inseguras en la propiedad de otra persona, el propietario o administrador de dicha propiedad podr\u00eda ser considerado responsable. Si se puede demostrar que la negligencia del propietario caus\u00f3 el accidente, tiene motivos para presentar una demanda por responsabilidad civil.<\/p>\n<p>Un <strong>abogado especializado en responsabilidad civil de Chicago<\/strong> podr\u00e1 evaluar su caso y asesorarle sobre sus derechos legales para reclamar una indemnizaci\u00f3n por da\u00f1os y perjuicios. La indemnizaci\u00f3n podr\u00eda cubrir gastos m\u00e9dicos, p\u00e9rdida de ingresos, p\u00e9rdida de potencial de ingresos, desfiguraci\u00f3n, dolor, sufrimiento y otros da\u00f1os, seg\u00fan las circunstancias de su caso.<\/p>\n<h2>Deber de Cuidado de Los Propietarios<\/h2>\n<p>Los propietarios tienen la responsabilidad de proteger la seguridad de inquilinos, residentes, visitantes e invitados. Se espera que mantengan sus instalaciones en buen estado y libres de peligros. Cuando un propietario es negligente en su deber de cuidado, una condici\u00f3n insegura o defectuosa puede f\u00e1cilmente causar lesiones graves o la muerte.<\/p>\n<p>No todos los accidentes en la propiedad ajena pueden atribuirse a la negligencia del propietario. Su derecho a recibir una indemnizaci\u00f3n depender\u00e1 de si puede demostrar:<\/p>\n<ul>\n<li>El propietario sab\u00eda o deber\u00eda haber sabido razonablemente que las instalaciones eran inseguras;<\/li>\n<li>El propietario o administrador de la propiedad no la mantuvo en un mantenimiento adecuado;<\/li>\n<li>No se tomaron medidas para remediar la situaci\u00f3n;<\/li>\n<li>El propietario o administrador de la propiedad no advirti\u00f3 a los visitantes o hu\u00e9spedes sobre los posibles peligros.<\/li>\n<\/ul>\n<p>En \u00faltima instancia, la clave est\u00e1 en si el due\u00f1o de la propiedad pudo haber evitado sus lesiones con un poco de \"cuidado razonable\". Los detalles de su situaci\u00f3n determinar\u00e1n la solidez de su caso, as\u00ed que hable con un abogado hoy mismo.<\/p>\n<h2>Tipos de Accidentes de Responsabilidad Civil de Locales<\/h2>\n<p>Cualquier tipo de lesi\u00f3n en la propiedad ajena puede clasificarse como un caso de responsabilidad civil por da\u00f1os a la propiedad. Algunos de los accidentes m\u00e1s comunes por da\u00f1os a la propiedad incluyen:<\/p>\n<ul>\n<li><a href=\"https:\/\/chicagoinjurylawyer.net\/es\/resbalones-tropiezos-y-caidas\/\">Accidentes por resbalones y ca\u00eddas<\/a><\/li>\n<li><a href=\"https:\/\/chicagoinjurylawyer.net\/es\/mordeduras-de-perro\/\">Mordeduras<\/a> o ataques de perros<\/li>\n<li><a href=\"https:\/\/chicagoinjurylawyer.net\/es\/accidentes-en-piscina\/\">Ahogamientos en piscinas<\/a><\/li>\n<li>Lesiones por iluminaci\u00f3n insuficiente<\/li>\n<li><a href=\"https:\/\/chicagoinjurylawyer.net\/es\/demandas-de-abuso-y-agresion-sexual\/\">Agresi\u00f3n sexual<\/a> por falta de seguridad<\/li>\n<li>Accidentes en ascensores o escaleras mec\u00e1nicas<\/li>\n<li>Aceras o escaleras defectuosas<\/li>\n<li><a href=\"https:\/\/chicagoinjurylawyer.net\/es\/nuestro-exito\/peligro-electrico\/\">Accidentes por electrocuci\u00f3n<\/a><\/li>\n<li>Exposici\u00f3n a sustancias t\u00f3xicas<\/li>\n<\/ul>\n<h2>Traspasar y responsabilidad civil de las instalaciones<\/h2>\n<p>Es f\u00e1cil asumir que quien invade una propiedad privada es responsable de su propia seguridad. Pero no siempre es as\u00ed. Hay situaciones en las que el propietario del terreno podr\u00eda ser responsable, especialmente con intrusos conocidos y ni\u00f1os.<\/p>\n<ul>\n<li><strong>Los traspasos<\/strong> conocidos son exactamente lo que parecen: personas que entran sin permiso en el terreno de un propietario, pero este es plenamente consciente de su presencia. A menudo, pistas como bebidas vac\u00edas y otros residuos son suficientes para notificar al propietario de la presencia de intrusos. Una vez que lo sabe, debe tomar medidas para eliminar cualquier peligro en la propiedad o colocar advertencias para evitar que alguien resulte herido. Como alternativa, el propietario puede intentar reforzar la seguridad y mantener a la gente alejada.<\/li>\n<li><strong>Los ni\u00f1os<\/strong> no entienden el concepto de \"traspasar\" como los adultos y no est\u00e1n sujetos a las mismas normas. En cambio, la responsabilidad de mantenerlos fuera recae en el propietario. Los ni\u00f1os podr\u00edan verse tentados a merodear o jugar en una obra en construcci\u00f3n o en un negocio que est\u00e1 cerrado por remodelaci\u00f3n. Si bien no deben invadir la propiedad, debe haber una seguridad adecuada para garantizar que no puedan acceder f\u00e1cilmente a dichos lugares.<\/li>\n<\/ul>\n<h2>\u00bfQu\u00e9 es Una \u201cMolestia Atractiva\u201d?<\/h2>\n<p>Los propietarios de terrenos tienen un deber especial de cuidado hacia los ni\u00f1os, y el concepto de derecho consuetudinario de \"molestia atractiva\" sostiene que ciertas caracter\u00edsticas de una propiedad (un ejemplo frecuente es una piscina) atraen a los ni\u00f1os, tengan o no permiso legal para estar all\u00ed. Por lo tanto, los propietarios con molestias atractivas son responsables si un ni\u00f1o curioso logra entrar y resultar herido.<\/p>\n<p>En Illinois, la Ley de Cerramientos de Piscinas Privadas exige que \u201clas piscinas al aire libre nuevas en propiedades residenciales privadas est\u00e9n rodeadas por una cerca, muro u otra barrera permanente efectiva de 107 cm o m\u00e1s de altura\u201d. Adem\u00e1s, autoriza a los gobiernos locales y a las asociaciones de propietarios a endurecer a\u00fan m\u00e1s las regulaciones (pero no a reducirlas).<\/p>\n<h2>\u00bfQui\u00e9n Corre Mayor Riesgo de Sufrir Lesiones?<\/h2>\n<p>Los ni\u00f1os se encuentran entre quienes corren mayor riesgo de sufrir lesiones en propiedades ajenas. Los accidentes en piscinas y las mordeduras de perro suelen afectar a los ni\u00f1os de forma desproporcionada. Los ni\u00f1os no reconocen muchos peligros del mundo, por lo que esperamos que los adultos los protejan al m\u00e1ximo.<\/p>\n<p>Las personas mayores corren un riesgo mucho mayor de sufrir ca\u00eddas perjudiciales, especialmente quienes padecen demencia o trastornos cognitivos similares. Es posible que no se den cuenta de que se encuentran en una situaci\u00f3n peligrosa, por lo que las residencias de ancianos e instalaciones similares deben contar con la seguridad adecuada para evitar que los residentes se adentren en el tr\u00e1fico o se dirijan a una obra en construcci\u00f3n peligrosa.<\/p>\n<p>Sin embargo, cualquiera podr\u00eda ser v\u00edctima de negligencia. Las ca\u00eddas accidentales causaron la muerte de casi 32,000 personas en EE. UU. en 2013. De hecho, el mayor porcentaje de visitas a urgencias ese a\u00f1o correspondi\u00f3 a personas de entre 25 y 44 a\u00f1os. Estos accidentes ocurren en todas partes, constantemente, y, lamentablemente, muchos de ellos son prevenibles.<\/p>\n<h2>\u00bfPor Qu\u00e9 Necesita un Abogado Especializado en Responsabilidad Civil de Chicago?<\/h2>\n<p>Demostrar negligencia no siempre es tarea f\u00e1cil. Si cree que las lesiones que sufri\u00f3 en propiedad p\u00fablica, privada, comercial o gubernamental fueron resultado de negligencia, es fundamental que obtenga representaci\u00f3n legal calificada.<\/p>\n<p>Los abogados expertos en lesiones personales de <a href=\"https:\/\/chicagoinjurylawyer.net\/es\/\">Sexner Injury Lawyers LLC<\/a> en Chicago cuentan con a\u00f1os de experiencia y comprenden lo necesario para demostrar la responsabilidad. Sabemos qu\u00e9 preguntas hacer y c\u00f3mo obtener las pruebas necesarias para presentar su reclamaci\u00f3n. Trabajaremos diligentemente para ayudarle a obtener la m\u00e1xima compensaci\u00f3n por sus lesiones y p\u00e9rdidas. No se le cobrar\u00e1 ning\u00fan honorario a menos que le ayudemos a ganar.<\/p>\n<p>Para comenzar, <a href=\"https:\/\/chicagoinjurylawyer.net\/es\/contactenos\/\">llame ahora a nuestros abogados<\/a> especializados en responsabilidad civil de Chicago. Puede comunicarse con nosotros al <a href=\"tel:3122439922\">(312) 243-9922<\/a>.<\/p>\n","protected":false},"excerpt":{"rendered":"<p>Abogados de Responsabilidad Civil de Locales en Chicago En nuestra sociedad, confiamos en que nuestros conciudadanos act\u00faen razonablemente para garantizar la m\u00e1xima seguridad de todos. Sin embargo, cuando alguien no lo hace, existe un peligro muy real de accidentes graves y lesiones fatales. M\u00e1s de 130,000 personas acuden a urgencias cada a\u00f1o. \u00bfCu\u00e1ntas de esas [&hellip;]<\/p>\n","protected":false},"author":1,"featured_media":34585,"parent":0,"menu_order":0,"comment_status":"closed","ping_status":"closed","template":"","meta":{"_acf_changed":false,"footnotes":""},"class_list":["post-34584","page","type-page","status-publish","has-post-thumbnail","hentry"],"acf":[],"yoast_head":"<!-- This site is optimized with the Yoast SEO plugin v27.4 - https:\/\/yoast.com\/product\/yoast-seo-wordpress\/ -->\n<title>Responsabilidad Civil de Locales - Sexner Injury Lawyers LLC<\/title>\n<meta name=\"description\" content=\"\u00bfLesionado en la propiedad ajena? Solicite la ayuda de un abogado especializado en responsabilidad civil de Chicago para su reclamaci\u00f3n por lesiones graves.\" \/>\n<meta name=\"robots\" content=\"index, follow, max-snippet:-1, max-image-preview:large, max-video-preview:-1\" \/>\n<link rel=\"canonical\" href=\"https:\/\/chicagoinjurylawyer.net\/es\/responsabilidad-civil-de-locales\/\" \/>\n<meta property=\"og:locale\" content=\"es_ES\" \/>\n<meta property=\"og:type\" content=\"article\" \/>\n<meta property=\"og:title\" content=\"Responsabilidad Civil de Locales - Sexner Injury Lawyers LLC\" \/>\n<meta property=\"og:description\" content=\"\u00bfLesionado en la propiedad ajena? Solicite la ayuda de un abogado especializado en responsabilidad civil de Chicago para su reclamaci\u00f3n por lesiones graves.\" \/>\n<meta property=\"og:url\" content=\"https:\/\/chicagoinjurylawyer.net\/es\/responsabilidad-civil-de-locales\/\" \/>\n<meta property=\"og:site_name\" content=\"Sexner Injury Lawyers LLC\" \/>\n<meta property=\"og:image\" content=\"https:\/\/chicagoinjurylawyer.net\/wp-content\/uploads\/2026\/02\/Responsabilidad-Civil-de-Locales.webp\" \/>\n\t<meta property=\"og:image:width\" content=\"2000\" \/>\n\t<meta property=\"og:image:height\" content=\"1786\" \/>\n\t<meta property=\"og:image:type\" content=\"image\/webp\" \/>\n<meta name=\"twitter:card\" content=\"summary_large_image\" \/>\n<meta name=\"twitter:label1\" content=\"Tiempo de lectura\" \/>\n\t<meta name=\"twitter:data1\" content=\"6 minutos\" \/>\n<!-- \/ Yoast SEO plugin. -->","yoast_head_json":{"title":"Responsabilidad Civil de Locales - Sexner Injury Lawyers LLC","description":"\u00bfLesionado en la propiedad ajena? Solicite la ayuda de un abogado especializado en responsabilidad civil de Chicago para su reclamaci\u00f3n por lesiones graves.","robots":{"index":"index","follow":"follow","max-snippet":"max-snippet:-1","max-image-preview":"max-image-preview:large","max-video-preview":"max-video-preview:-1"},"canonical":"https:\/\/chicagoinjurylawyer.net\/es\/responsabilidad-civil-de-locales\/","og_locale":"es_ES","og_type":"article","og_title":"Responsabilidad Civil de Locales - Sexner Injury Lawyers LLC","og_description":"\u00bfLesionado en la propiedad ajena? Solicite la ayuda de un abogado especializado en responsabilidad civil de Chicago para su reclamaci\u00f3n por lesiones graves.","og_url":"https:\/\/chicagoinjurylawyer.net\/es\/responsabilidad-civil-de-locales\/","og_site_name":"Sexner Injury Lawyers LLC","og_image":[{"width":2000,"height":1786,"url":"https:\/\/chicagoinjurylawyer.net\/wp-content\/uploads\/2026\/02\/Responsabilidad-Civil-de-Locales.webp","type":"image\/webp"}],"twitter_card":"summary_large_image","twitter_misc":{"Tiempo de lectura":"6 minutos"},"schema":{"@context":"https:\/\/schema.org","@graph":[{"@type":"WebPage","@id":"https:\/\/chicagoinjurylawyer.net\/es\/responsabilidad-civil-de-locales\/","url":"https:\/\/chicagoinjurylawyer.net\/es\/responsabilidad-civil-de-locales\/","name":"Responsabilidad Civil de Locales - Sexner Injury Lawyers LLC","isPartOf":{"@id":"https:\/\/chicagoinjurylawyer.net\/es\/#website"},"primaryImageOfPage":{"@id":"https:\/\/chicagoinjurylawyer.net\/es\/responsabilidad-civil-de-locales\/#primaryimage"},"image":{"@id":"https:\/\/chicagoinjurylawyer.net\/es\/responsabilidad-civil-de-locales\/#primaryimage"},"thumbnailUrl":"https:\/\/chicagoinjurylawyer.net\/wp-content\/uploads\/2026\/02\/Responsabilidad-Civil-de-Locales.webp","datePublished":"2026-02-18T16:28:33+00:00","description":"\u00bfLesionado en la propiedad ajena? Solicite la ayuda de un abogado especializado en responsabilidad civil de Chicago para su reclamaci\u00f3n por lesiones graves.","inLanguage":"es","potentialAction":[{"@type":"ReadAction","target":["https:\/\/chicagoinjurylawyer.net\/es\/responsabilidad-civil-de-locales\/"]}]},{"@type":"ImageObject","inLanguage":"es","@id":"https:\/\/chicagoinjurylawyer.net\/es\/responsabilidad-civil-de-locales\/#primaryimage","url":"https:\/\/chicagoinjurylawyer.net\/wp-content\/uploads\/2026\/02\/Responsabilidad-Civil-de-Locales.webp","contentUrl":"https:\/\/chicagoinjurylawyer.net\/wp-content\/uploads\/2026\/02\/Responsabilidad-Civil-de-Locales.webp","width":2000,"height":1786,"caption":"Abogados de Responsabilidad Civil de Locales en Chicago"},{"@type":"WebSite","@id":"https:\/\/chicagoinjurylawyer.net\/es\/#website","url":"https:\/\/chicagoinjurylawyer.net\/es\/","name":"Sexner Injury Lawyers LLC","description":"Chicago Personal Injury Attorneys","publisher":{"@id":"https:\/\/chicagoinjurylawyer.net\/es\/#organization"},"potentialAction":[{"@type":"SearchAction","target":{"@type":"EntryPoint","urlTemplate":"https:\/\/chicagoinjurylawyer.net\/es\/?s={search_term_string}"},"query-input":{"@type":"PropertyValueSpecification","valueRequired":true,"valueName":"search_term_string"}}],"inLanguage":"es"},{"@type":"Organization","@id":"https:\/\/chicagoinjurylawyer.net\/es\/#organization","name":"[firm-name]","url":"https:\/\/chicagoinjurylawyer.net\/es\/","logo":{"@type":"ImageObject","inLanguage":"es","@id":"https:\/\/chicagoinjurylawyer.net\/es\/#\/schema\/logo\/image\/","url":"https:\/\/chicagoinjurylawyer.net\/wp-content\/uploads\/2019\/06\/msx-logo-1.png","contentUrl":"https:\/\/chicagoinjurylawyer.net\/wp-content\/uploads\/2019\/06\/msx-logo-1.png","width":180,"height":83,"caption":"[firm-name]"},"image":{"@id":"https:\/\/chicagoinjurylawyer.net\/es\/#\/schema\/logo\/image\/"}}]}},"_links":{"self":[{"href":"https:\/\/chicagoinjurylawyer.net\/es\/wp-json\/wp\/v2\/pages\/34584","targetHints":{"allow":["GET"]}}],"collection":[{"href":"https:\/\/chicagoinjurylawyer.net\/es\/wp-json\/wp\/v2\/pages"}],"about":[{"href":"https:\/\/chicagoinjurylawyer.net\/es\/wp-json\/wp\/v2\/types\/page"}],"author":[{"embeddable":true,"href":"https:\/\/chicagoinjurylawyer.net\/es\/wp-json\/wp\/v2\/users\/1"}],"replies":[{"embeddable":true,"href":"https:\/\/chicagoinjurylawyer.net\/es\/wp-json\/wp\/v2\/comments?post=34584"}],"version-history":[{"count":1,"href":"https:\/\/chicagoinjurylawyer.net\/es\/wp-json\/wp\/v2\/pages\/34584\/revisions"}],"predecessor-version":[{"id":34587,"href":"https:\/\/chicagoinjurylawyer.net\/es\/wp-json\/wp\/v2\/pages\/34584\/revisions\/34587"}],"wp:featuredmedia":[{"embeddable":true,"href":"https:\/\/chicagoinjurylawyer.net\/es\/wp-json\/wp\/v2\/media\/34585"}],"wp:attachment":[{"href":"https:\/\/chicagoinjurylawyer.net\/es\/wp-json\/wp\/v2\/media?parent=34584"}],"curies":[{"name":"wp","href":"https:\/\/api.w.org\/{rel}","templated":true}]}}