{"id":34592,"date":"2026-02-26T15:54:48","date_gmt":"2026-02-26T21:54:48","guid":{"rendered":"https:\/\/chicagoinjurylawyer.net\/?page_id=34592"},"modified":"2026-02-26T15:57:58","modified_gmt":"2026-02-26T21:57:58","slug":"accidente-al-entrar-a-una-tienda-termina-en-cirugia","status":"publish","type":"page","link":"https:\/\/chicagoinjurylawyer.net\/es\/nuestro-exito\/accidente-al-entrar-a-una-tienda-termina-en-cirugia\/","title":{"rendered":"Accidente al Entrar a Una Tienda Termina en Cirug\u00eda"},"content":{"rendered":"<h1>Caso de Tropez\u00f3n y Ca\u00edda: Acuerdo Por $235,000<\/h1>\n<h2>Accidente al Entrar a Una Tienda Termina en Cirug\u00eda<\/h2>\n<p>Mientras caminaba hacia la entrada de una tienda, nuestra clienta <a href=\"https:\/\/chicagoinjurylawyer.net\/es\/blog\/lesiones-cerebrales-comunmente-sufridas-en-accidentes-de-resbalones-tropiezos-y-caidas-en-chicago\/\">tropez\u00f3 y cay\u00f3<\/a> con un cartel publicitario que el due\u00f1o hab\u00eda dejado en la acera. Luego, cay\u00f3 hacia adelante contra la pared exterior, sufriendo <a href=\"https:\/\/chicagoinjurylawyer.net\/es\/lesiones-catastroficas\/\">lesiones graves<\/a>. Se fractur\u00f3 la mu\u00f1eca y sufri\u00f3 un corte sobre el ojo que requiri\u00f3 puntos de sutura. Como resultado de la ca\u00edda, tambi\u00e9n se da\u00f1\u00f3 el manguito rotador. Esta lesi\u00f3n requiri\u00f3 cirug\u00eda. Tras extensas negociaciones con la compa\u00f1\u00eda de seguros de la tienda, logramos un acuerdo por $235,000.<\/p>\n<h2>Determinaci\u00f3n de Responsabilidad en Casos de Tropiezos y Ca\u00eddas o Resbalones y Ca\u00eddas<\/h2>\n<p>Las ca\u00eddas son la principal causa de <a href=\"https:\/\/chicagoinjurylawyer.net\/es\/negligencia-medica\/errores-de-sala-emergencia\/\">visitas a urgencias<\/a>, representando aproximadamente el 21% de todas ellas. Muchas personas creen err\u00f3neamente que si <a href=\"https:\/\/chicagoinjurylawyer.net\/es\/resbalones-tropiezos-y-caidas\/\">tropieza o resbala<\/a> en la propiedad ajena, siempre puede presentar una demanda v\u00e1lida y obtener una indemnizaci\u00f3n. Claro que cualquiera puede demandar, pero la pregunta es si un juez o un jurado estar\u00e1n de acuerdo en que la otra parte le debe una compensaci\u00f3n econ\u00f3mica por el accidente. Esta \u00e1rea legal se conoce como responsabilidad civil por da\u00f1os y perjuicios.<\/p>\n<p>El simple hecho de lesionarse en la propiedad de otra persona o empresa no es suficiente. Si un cliente entra a un negocio y tropieza, cae al suelo y se lesiona gravemente, <a href=\"https:\/\/chicagoinjurylawyer.net\/es\/blog\/huesos-comunmente-rotos-en-accidentes-por-resbalones-tropezones-y-caidas-en-las-aceras-de-chicago\/\">fractur\u00e1ndose un hueso<\/a> en el proceso, podr\u00eda o no ser una demanda viable.<\/p>\n<h2>La Diferencia Entre Una Invitada y un Traspaso<\/h2>\n<p>Primero debe determinarse si esa persona fue invitada a estar all\u00ed desde el principio. Si el lugar era una tienda y cualquiera es invitado a entrar sin m\u00e1s (como en nuestro acuerdo detallado anteriormente), entonces esa persona se considera un \"invitado\" y el due\u00f1o del negocio tiene el deber de cuidar su seguridad. Lo mismo ocurrir\u00eda con alguien que fuera invitado a una casa particular para cenar, ver la televisi\u00f3n o por cualquier otro motivo.<\/p>\n<p>Pero \u00bfqu\u00e9 suceder\u00eda si el lugar fuera una empresa privada y la persona entrara sin invitaci\u00f3n o no fuera invitada espec\u00edficamente porque dec\u00eda en negrita en la puerta \"no se permiten vendedores\"? \u00bfO si fuera un ladr\u00f3n que entr\u00f3 a robar algo? Bueno, este tipo de persona ser\u00eda considerada \"intruso\" y el due\u00f1o del negocio tendr\u00eda un deber de cuidado menor, ya que no fue invitado. Sin embargo, esto no significa que un intruso no tenga ning\u00fan deber y que nunca pueda ganar un caso como este. Incluso los intrusos tienen un deber de cuidado. No ser\u00eda aceptable tener un gran agujero en el suelo u otros peligros similares.<\/p>\n<h2>El Requisito de Negligencia<\/h2>\n<p>Una vez determinado el deber de cuidado que se debe a la parte lesionada, debe determinarse si el propietario incurri\u00f3 en alguna negligencia, lo que b\u00e1sicamente significa si actu\u00f3 de forma irrazonable al hacer algo incorrecto o al no prevenir el da\u00f1o de alguna manera. Si alguien tropez\u00f3 con la alfombra, \u00bfacaso el propietario no la mantuvo en buen estado, permitiendo que se formaran agujeros o enganches? \u00bfO simplemente tropez\u00f3 por cansancio o porque sus zapatos estaban viejos y desgastados? Si la condici\u00f3n era realmente peligrosa, tambi\u00e9n es importante averiguar si el propietario la conoc\u00eda, si deber\u00eda haberlo sabido o si la cre\u00f3 \u00e9l mismo. A veces, la condici\u00f3n peligrosa ni siquiera es causada por el hombre, sino que se considera \"caso fortuito\", lo que se refiere a la nieve, la lluvia, el hielo u otras condiciones naturales. Aunque a menudo no se puede demandar a un propietario por resbalarse en el hielo, en algunas circunstancias s\u00ed se puede.<\/p>\n<p>Cada persona se lesiona por tropezar o resbalar dos veces. El motivo por el que la persona estaba all\u00ed, lo que hac\u00eda y c\u00f3mo se <a href=\"https:\/\/chicagoinjurylawyer.net\/es\/\">lesion\u00f3<\/a> son factores vitales para determinar la responsabilidad. Si se le presenta la oportunidad, la compa\u00f1\u00eda de seguros luchar\u00e1 con todas sus fuerzas para denegar su reclamaci\u00f3n, pero un <a href=\"https:\/\/chicagoinjurylawyer.net\/es\/sobre-nosotros\/\">equipo legal<\/a> experimentado, como Sexner Injury Lawyers LLC, puede marcar la diferencia. <a href=\"https:\/\/chicagoinjurylawyer.net\/es\/contactenos\/\">Ll\u00e1menos<\/a> hoy al <a href=\"tel:3122439922\">(312) 243-9922<\/a> para obtener informaci\u00f3n gratuita.<\/p>\n","protected":false},"excerpt":{"rendered":"<p>Caso de Tropez\u00f3n y Ca\u00edda: Acuerdo Por $235,000 Accidente al Entrar a Una Tienda Termina en Cirug\u00eda Mientras caminaba hacia la entrada de una tienda, nuestra clienta tropez\u00f3 y cay\u00f3 con un cartel publicitario que el due\u00f1o hab\u00eda dejado en la acera. Luego, cay\u00f3 hacia adelante contra la pared exterior, sufriendo lesiones graves. Se fractur\u00f3 [&hellip;]<\/p>\n","protected":false},"author":1,"featured_media":0,"parent":7785,"menu_order":0,"comment_status":"closed","ping_status":"closed","template":"","meta":{"_acf_changed":false,"footnotes":""},"class_list":["post-34592","page","type-page","status-publish","hentry"],"acf":[],"yoast_head":"<!-- This site is optimized with the Yoast SEO plugin v27.4 - https:\/\/yoast.com\/product\/yoast-seo-wordpress\/ -->\n<title>Accidente al Entrar a Una Tienda Termina en Cirug\u00eda - Sexner Injury Lawyers LLC<\/title>\n<meta name=\"description\" content=\"Mientras caminaba hacia la entrada de una tienda, nuestra clienta tropez\u00f3 y cay\u00f3 con un cartel publicitario que el due\u00f1o hab\u00eda dejado en la acera.\" \/>\n<meta name=\"robots\" content=\"index, follow, max-snippet:-1, max-image-preview:large, max-video-preview:-1\" \/>\n<link rel=\"canonical\" href=\"https:\/\/chicagoinjurylawyer.net\/es\/nuestro-exito\/accidente-al-entrar-a-una-tienda-termina-en-cirugia\/\" \/>\n<meta property=\"og:locale\" content=\"es_ES\" \/>\n<meta property=\"og:type\" content=\"article\" \/>\n<meta property=\"og:title\" content=\"Accidente al Entrar a Una Tienda Termina en Cirug\u00eda - Sexner Injury Lawyers LLC\" \/>\n<meta property=\"og:description\" content=\"Mientras caminaba hacia la entrada de una tienda, nuestra clienta tropez\u00f3 y cay\u00f3 con un cartel publicitario que el due\u00f1o hab\u00eda dejado en la acera.\" \/>\n<meta property=\"og:url\" content=\"https:\/\/chicagoinjurylawyer.net\/es\/nuestro-exito\/accidente-al-entrar-a-una-tienda-termina-en-cirugia\/\" \/>\n<meta property=\"og:site_name\" content=\"Sexner Injury Lawyers LLC\" \/>\n<meta property=\"article:modified_time\" content=\"2026-02-26T21:57:58+00:00\" \/>\n<meta name=\"twitter:card\" content=\"summary_large_image\" \/>\n<meta name=\"twitter:label1\" content=\"Tiempo de lectura\" \/>\n\t<meta name=\"twitter:data1\" content=\"3 minutos\" \/>\n<!-- \/ Yoast SEO plugin. -->","yoast_head_json":{"title":"Accidente al Entrar a Una Tienda Termina en Cirug\u00eda - Sexner Injury Lawyers LLC","description":"Mientras caminaba hacia la entrada de una tienda, nuestra clienta tropez\u00f3 y cay\u00f3 con un cartel publicitario que el due\u00f1o hab\u00eda dejado en la acera.","robots":{"index":"index","follow":"follow","max-snippet":"max-snippet:-1","max-image-preview":"max-image-preview:large","max-video-preview":"max-video-preview:-1"},"canonical":"https:\/\/chicagoinjurylawyer.net\/es\/nuestro-exito\/accidente-al-entrar-a-una-tienda-termina-en-cirugia\/","og_locale":"es_ES","og_type":"article","og_title":"Accidente al Entrar a Una Tienda Termina en Cirug\u00eda - Sexner Injury Lawyers LLC","og_description":"Mientras caminaba hacia la entrada de una tienda, nuestra clienta tropez\u00f3 y cay\u00f3 con un cartel publicitario que el due\u00f1o hab\u00eda dejado en la acera.","og_url":"https:\/\/chicagoinjurylawyer.net\/es\/nuestro-exito\/accidente-al-entrar-a-una-tienda-termina-en-cirugia\/","og_site_name":"Sexner Injury Lawyers LLC","article_modified_time":"2026-02-26T21:57:58+00:00","twitter_card":"summary_large_image","twitter_misc":{"Tiempo de lectura":"3 minutos"},"schema":{"@context":"https:\/\/schema.org","@graph":[{"@type":"WebPage","@id":"https:\/\/chicagoinjurylawyer.net\/es\/nuestro-exito\/accidente-al-entrar-a-una-tienda-termina-en-cirugia\/","url":"https:\/\/chicagoinjurylawyer.net\/es\/nuestro-exito\/accidente-al-entrar-a-una-tienda-termina-en-cirugia\/","name":"Accidente al Entrar a Una Tienda Termina en Cirug\u00eda - Sexner Injury Lawyers LLC","isPartOf":{"@id":"https:\/\/chicagoinjurylawyer.net\/es\/#website"},"datePublished":"2026-02-26T21:54:48+00:00","dateModified":"2026-02-26T21:57:58+00:00","description":"Mientras caminaba hacia la entrada de una tienda, nuestra clienta tropez\u00f3 y cay\u00f3 con un cartel publicitario que el due\u00f1o hab\u00eda dejado en la acera.","breadcrumb":{"@id":"https:\/\/chicagoinjurylawyer.net\/es\/nuestro-exito\/accidente-al-entrar-a-una-tienda-termina-en-cirugia\/#breadcrumb"},"inLanguage":"es","potentialAction":[{"@type":"ReadAction","target":["https:\/\/chicagoinjurylawyer.net\/es\/nuestro-exito\/accidente-al-entrar-a-una-tienda-termina-en-cirugia\/"]}]},{"@type":"BreadcrumbList","@id":"https:\/\/chicagoinjurylawyer.net\/es\/nuestro-exito\/accidente-al-entrar-a-una-tienda-termina-en-cirugia\/#breadcrumb","itemListElement":[{"@type":"ListItem","position":1,"name":"Nuestro \u00c9xito","item":"https:\/\/chicagoinjurylawyer.net\/es\/nuestro-exito\/"},{"@type":"ListItem","position":2,"name":"Accidente al Entrar a Una Tienda Termina en Cirug\u00eda"}]},{"@type":"WebSite","@id":"https:\/\/chicagoinjurylawyer.net\/es\/#website","url":"https:\/\/chicagoinjurylawyer.net\/es\/","name":"Sexner Injury Lawyers LLC","description":"Chicago Personal Injury Attorneys","publisher":{"@id":"https:\/\/chicagoinjurylawyer.net\/es\/#organization"},"potentialAction":[{"@type":"SearchAction","target":{"@type":"EntryPoint","urlTemplate":"https:\/\/chicagoinjurylawyer.net\/es\/?s={search_term_string}"},"query-input":{"@type":"PropertyValueSpecification","valueRequired":true,"valueName":"search_term_string"}}],"inLanguage":"es"},{"@type":"Organization","@id":"https:\/\/chicagoinjurylawyer.net\/es\/#organization","name":"[firm-name]","url":"https:\/\/chicagoinjurylawyer.net\/es\/","logo":{"@type":"ImageObject","inLanguage":"es","@id":"https:\/\/chicagoinjurylawyer.net\/es\/#\/schema\/logo\/image\/","url":"https:\/\/chicagoinjurylawyer.net\/wp-content\/uploads\/2019\/06\/msx-logo-1.png","contentUrl":"https:\/\/chicagoinjurylawyer.net\/wp-content\/uploads\/2019\/06\/msx-logo-1.png","width":180,"height":83,"caption":"[firm-name]"},"image":{"@id":"https:\/\/chicagoinjurylawyer.net\/es\/#\/schema\/logo\/image\/"}}]}},"_links":{"self":[{"href":"https:\/\/chicagoinjurylawyer.net\/es\/wp-json\/wp\/v2\/pages\/34592","targetHints":{"allow":["GET"]}}],"collection":[{"href":"https:\/\/chicagoinjurylawyer.net\/es\/wp-json\/wp\/v2\/pages"}],"about":[{"href":"https:\/\/chicagoinjurylawyer.net\/es\/wp-json\/wp\/v2\/types\/page"}],"author":[{"embeddable":true,"href":"https:\/\/chicagoinjurylawyer.net\/es\/wp-json\/wp\/v2\/users\/1"}],"replies":[{"embeddable":true,"href":"https:\/\/chicagoinjurylawyer.net\/es\/wp-json\/wp\/v2\/comments?post=34592"}],"version-history":[{"count":1,"href":"https:\/\/chicagoinjurylawyer.net\/es\/wp-json\/wp\/v2\/pages\/34592\/revisions"}],"predecessor-version":[{"id":34593,"href":"https:\/\/chicagoinjurylawyer.net\/es\/wp-json\/wp\/v2\/pages\/34592\/revisions\/34593"}],"up":[{"embeddable":true,"href":"https:\/\/chicagoinjurylawyer.net\/es\/wp-json\/wp\/v2\/pages\/7785"}],"wp:attachment":[{"href":"https:\/\/chicagoinjurylawyer.net\/es\/wp-json\/wp\/v2\/media?parent=34592"}],"curies":[{"name":"wp","href":"https:\/\/api.w.org\/{rel}","templated":true}]}}