{"id":3798,"date":"2019-06-06T13:21:17","date_gmt":"2019-06-06T13:21:17","guid":{"rendered":"http:\/\/104.197.86.120\/?page_id=3798"},"modified":"2025-06-20T08:07:21","modified_gmt":"2025-06-20T13:07:21","slug":"abogados-de-accidentes-de-barcos-en-chicago","status":"publish","type":"page","link":"https:\/\/chicagoinjurylawyer.net\/es\/abogados-de-accidentes-de-barcos-en-chicago\/","title":{"rendered":"Accidentes de Botes"},"content":{"rendered":"<h1>Abogados de Accidentes de Barcos en Chicago<\/h1>\n<p><img decoding=\"async\" class=\"alignright wp-image-33075\" src=\"\/wp-content\/uploads\/2022\/01\/Abogados-de-Accidentes-de-Botes-en-Chicago.jpg\" alt=\"Abogados de Accidentes de Botes en Chicago\" width=\"400\" height=\"217\" srcset=\"https:\/\/chicagoinjurylawyer.net\/wp-content\/uploads\/2022\/01\/Abogados-de-Accidentes-de-Botes-en-Chicago.jpg 1000w, https:\/\/chicagoinjurylawyer.net\/wp-content\/uploads\/2022\/01\/Abogados-de-Accidentes-de-Botes-en-Chicago-300x163.jpg 300w, https:\/\/chicagoinjurylawyer.net\/wp-content\/uploads\/2022\/01\/Abogados-de-Accidentes-de-Botes-en-Chicago-768x417.jpg 768w\" sizes=\"(max-width: 400px) 100vw, 400px\" \/>Dado que el lago Michigan est\u00e1 tan cerca de Chicago, las personas de todas las edades a menudo disfrutan de paseos en bote, pesca, excursiones a lo largo del lago y otras actividades relacionadas con el agua. Si bien la navegaci\u00f3n es un pasatiempo divertido tanto para los residentes como para los turistas, tambi\u00e9n puede ser una actividad muy peligrosa. En una fracci\u00f3n de segundo, un d\u00eda en el agua puede convertirse en una cat\u00e1strofe, con personas inocentes que sufren <a href=\"\/es\/\">lesiones graves<\/a> o incluso pierden la vida.<\/p>\n<h2>Causas de Accidentes de Navegaci\u00f3n<\/h2>\n<p>Como ocurre con los <a href=\"\/es\/accidentes-de-trafico\/\">conductores de veh\u00edculos de motor<\/a>, los operadores de embarcaciones deben ser responsables de sus acciones mientras operan una embarcaci\u00f3n. Los actos de negligencia o descuido de un operador de barco ponen a otros en gran riesgo. Algunas de las principales causas de accidentes de navegaci\u00f3n en el \u00e1rea de Chicago incluyen:<\/p>\n<ul>\n<li>Distracci\u00f3n o falta de atenci\u00f3n del operador<\/li>\n<li>Operaci\u00f3n imprudente<\/li>\n<li>Error de controlador<\/li>\n<li><a href=\"\/es\/accidentes-de-trafico\/conductores-ebrios\/\">Navegar en estado de ebriedad<\/a><\/li>\n<li>Falla en el equipo<\/li>\n<li>Mirador inadecuado<\/li>\n<li>Exceso de velocidad<\/li>\n<\/ul>\n<h2>Representaci\u00f3n Legal con Experiencia para Accidentes de Navegaci\u00f3n en Illinois<\/h2>\n<p>Si usted o un ser querido ha resultado gravemente herido en un accidente de navegaci\u00f3n, se debe establecer la culpa. \u00bfQu\u00e9 acci\u00f3n provoc\u00f3 las lesiones? \u00bfLa otra parte estaba borracha, no ten\u00eda experiencia o estaba operando la moto de agua de una manera insegura? \u00bfA qui\u00e9n culpar? Establecer negligencia en un accidente de navegaci\u00f3n es un requisito cr\u00edtico cuando se busca una compensaci\u00f3n para pagar los gastos m\u00e9dicos, la p\u00e9rdida de salarios, el dolor, el sufrimiento y otros da\u00f1os.<\/p>\n<p>Nuestra firma tiene d\u00e9cadas de experiencia ayudando a los clientes a recuperar compensaciones en casos como accidentes de embarcaciones. Entendemos la importancia de recibir una compensaci\u00f3n adecuada por las lesiones y p\u00e9rdidas, y de que se haga justicia. Llevaremos a cabo una investigaci\u00f3n exhaustiva para que se pueda identificar a la parte responsable y se pueda perseguir el pago de los da\u00f1os. De principio a fin, nuestros abogados de accidentes en Chicago est\u00e1n decididos a ayudarlo a responsabilizar a la parte responsable de lo sucedido.<\/p>\n<p>Para obtener m\u00e1s informaci\u00f3n sobre lo que podemos hacer por usted, llame y hable con un abogado de accidentes de navegaci\u00f3n en Chicago de nuestra firma ahora. Todos los casos se manejan sobre una base de contingencia, lo que significa que no hay honorarios de abogados hasta que recupere los da\u00f1os monetarios. <a href=\"\/es\/contactenos\/\">Comun\u00edquese<\/a> con los abogados de accidentes de navegaci\u00f3n en Chicago de Sexner Injury Lawyers LLC al (312) 243-9922.<\/p>\n","protected":false},"excerpt":{"rendered":"<p>Abogados de Accidentes de Barcos en Chicago Dado que el lago Michigan est\u00e1 tan cerca de Chicago, las personas de todas las edades a menudo disfrutan de paseos en bote, pesca, excursiones a lo largo del lago y otras actividades relacionadas con el agua. Si bien la navegaci\u00f3n es un pasatiempo divertido tanto para los [&hellip;]<\/p>\n","protected":false},"author":1,"featured_media":0,"parent":0,"menu_order":0,"comment_status":"closed","ping_status":"open","template":"","meta":{"_acf_changed":false,"footnotes":""},"class_list":["post-3798","page","type-page","status-publish","hentry"],"acf":[],"yoast_head":"<!-- This site is optimized with the Yoast SEO plugin v27.4 - https:\/\/yoast.com\/product\/yoast-seo-wordpress\/ -->\n<title>Abogados de Accidentes de Botes en Chicago - Sexner Injury Lawyers LLC<\/title>\n<meta name=\"description\" content=\"En Sexner Injury Lawyers LLC, tenemos la experiencia y los recursos para ayudar a buscar la mayor compensaci\u00f3n por los da\u00f1os recibidos permitidos por la ley.\" \/>\n<meta name=\"robots\" content=\"index, follow, max-snippet:-1, max-image-preview:large, max-video-preview:-1\" \/>\n<link rel=\"canonical\" href=\"https:\/\/chicagoinjurylawyer.net\/es\/abogados-de-accidentes-de-barcos-en-chicago\/\" \/>\n<meta property=\"og:locale\" content=\"es_ES\" \/>\n<meta property=\"og:type\" content=\"article\" \/>\n<meta property=\"og:title\" content=\"Abogados de Accidentes de Botes en Chicago - Sexner Injury Lawyers LLC\" \/>\n<meta property=\"og:description\" content=\"En Sexner Injury Lawyers LLC, tenemos la experiencia y los recursos para ayudar a buscar la mayor compensaci\u00f3n por los da\u00f1os recibidos permitidos por la ley.\" \/>\n<meta property=\"og:url\" content=\"https:\/\/chicagoinjurylawyer.net\/es\/abogados-de-accidentes-de-barcos-en-chicago\/\" \/>\n<meta property=\"og:site_name\" content=\"Sexner Injury Lawyers LLC\" \/>\n<meta property=\"article:modified_time\" content=\"2025-06-20T13:07:21+00:00\" \/>\n<meta name=\"twitter:card\" content=\"summary_large_image\" \/>\n<meta name=\"twitter:label1\" content=\"Tiempo de lectura\" \/>\n\t<meta name=\"twitter:data1\" content=\"3 minutos\" \/>\n<!-- \/ Yoast SEO plugin. -->","yoast_head_json":{"title":"Abogados de Accidentes de Botes en Chicago - Sexner Injury Lawyers LLC","description":"En Sexner Injury Lawyers LLC, tenemos la experiencia y los recursos para ayudar a buscar la mayor compensaci\u00f3n por los da\u00f1os recibidos permitidos por la ley.","robots":{"index":"index","follow":"follow","max-snippet":"max-snippet:-1","max-image-preview":"max-image-preview:large","max-video-preview":"max-video-preview:-1"},"canonical":"https:\/\/chicagoinjurylawyer.net\/es\/abogados-de-accidentes-de-barcos-en-chicago\/","og_locale":"es_ES","og_type":"article","og_title":"Abogados de Accidentes de Botes en Chicago - Sexner Injury Lawyers LLC","og_description":"En Sexner Injury Lawyers LLC, tenemos la experiencia y los recursos para ayudar a buscar la mayor compensaci\u00f3n por los da\u00f1os recibidos permitidos por la ley.","og_url":"https:\/\/chicagoinjurylawyer.net\/es\/abogados-de-accidentes-de-barcos-en-chicago\/","og_site_name":"Sexner Injury Lawyers LLC","article_modified_time":"2025-06-20T13:07:21+00:00","twitter_card":"summary_large_image","twitter_misc":{"Tiempo de lectura":"3 minutos"},"schema":{"@context":"https:\/\/schema.org","@graph":[{"@type":"WebPage","@id":"https:\/\/chicagoinjurylawyer.net\/es\/abogados-de-accidentes-de-barcos-en-chicago\/","url":"https:\/\/chicagoinjurylawyer.net\/es\/abogados-de-accidentes-de-barcos-en-chicago\/","name":"Abogados de Accidentes de Botes en Chicago - Sexner Injury Lawyers LLC","isPartOf":{"@id":"https:\/\/chicagoinjurylawyer.net\/es\/#website"},"datePublished":"2019-06-06T13:21:17+00:00","dateModified":"2025-06-20T13:07:21+00:00","description":"En [firm-name], tenemos la experiencia y los recursos para ayudar a buscar la mayor compensaci\u00f3n por los da\u00f1os recibidos permitidos por la ley.","inLanguage":"es","potentialAction":[{"@type":"ReadAction","target":["https:\/\/chicagoinjurylawyer.net\/es\/abogados-de-accidentes-de-barcos-en-chicago\/"]}]},{"@type":"WebSite","@id":"https:\/\/chicagoinjurylawyer.net\/es\/#website","url":"https:\/\/chicagoinjurylawyer.net\/es\/","name":"Sexner Injury Lawyers LLC","description":"Chicago Personal Injury Attorneys","publisher":{"@id":"https:\/\/chicagoinjurylawyer.net\/es\/#organization"},"potentialAction":[{"@type":"SearchAction","target":{"@type":"EntryPoint","urlTemplate":"https:\/\/chicagoinjurylawyer.net\/es\/?s={search_term_string}"},"query-input":{"@type":"PropertyValueSpecification","valueRequired":true,"valueName":"search_term_string"}}],"inLanguage":"es"},{"@type":"Organization","@id":"https:\/\/chicagoinjurylawyer.net\/es\/#organization","name":"[firm-name]","url":"https:\/\/chicagoinjurylawyer.net\/es\/","logo":{"@type":"ImageObject","inLanguage":"es","@id":"https:\/\/chicagoinjurylawyer.net\/es\/#\/schema\/logo\/image\/","url":"https:\/\/chicagoinjurylawyer.net\/wp-content\/uploads\/2019\/06\/msx-logo-1.png","contentUrl":"https:\/\/chicagoinjurylawyer.net\/wp-content\/uploads\/2019\/06\/msx-logo-1.png","width":180,"height":83,"caption":"[firm-name]"},"image":{"@id":"https:\/\/chicagoinjurylawyer.net\/es\/#\/schema\/logo\/image\/"}}]}},"_links":{"self":[{"href":"https:\/\/chicagoinjurylawyer.net\/es\/wp-json\/wp\/v2\/pages\/3798","targetHints":{"allow":["GET"]}}],"collection":[{"href":"https:\/\/chicagoinjurylawyer.net\/es\/wp-json\/wp\/v2\/pages"}],"about":[{"href":"https:\/\/chicagoinjurylawyer.net\/es\/wp-json\/wp\/v2\/types\/page"}],"author":[{"embeddable":true,"href":"https:\/\/chicagoinjurylawyer.net\/es\/wp-json\/wp\/v2\/users\/1"}],"replies":[{"embeddable":true,"href":"https:\/\/chicagoinjurylawyer.net\/es\/wp-json\/wp\/v2\/comments?post=3798"}],"version-history":[{"count":11,"href":"https:\/\/chicagoinjurylawyer.net\/es\/wp-json\/wp\/v2\/pages\/3798\/revisions"}],"predecessor-version":[{"id":34322,"href":"https:\/\/chicagoinjurylawyer.net\/es\/wp-json\/wp\/v2\/pages\/3798\/revisions\/34322"}],"wp:attachment":[{"href":"https:\/\/chicagoinjurylawyer.net\/es\/wp-json\/wp\/v2\/media?parent=3798"}],"curies":[{"name":"wp","href":"https:\/\/api.w.org\/{rel}","templated":true}]}}