{"id":3808,"date":"2019-06-06T13:29:12","date_gmt":"2019-06-06T13:29:12","guid":{"rendered":"http:\/\/104.197.86.120\/?page_id=3808"},"modified":"2021-12-07T15:15:49","modified_gmt":"2021-12-07T21:15:49","slug":"aviso-legal","status":"publish","type":"page","link":"https:\/\/chicagoinjurylawyer.net\/es\/aviso-legal\/","title":{"rendered":"Aviso Legal"},"content":{"rendered":"<h1>Descargo de Responsabilidad<\/h1>\n<p>Al publicar y\/o mantener el sitio web de <a href=\"\/es\/\">Sexner Injury Lawyers LLC<\/a> no tiene la intenci\u00f3n de solicitar negocios de ning\u00fan cliente ubicado fuera del estado de Illinois o en cualquier jurisdicci\u00f3n donde cualquier abogado est\u00e9 afiliado o empleado por Sexner Injury Lawyers LLC no est\u00e1 legalmente autorizado para ejercer la abogac\u00eda. Sexner Injury Lawyers LLC no busca representar a ninguna persona que desee representaci\u00f3n basada en la visualizaci\u00f3n de este sitio en cualquier estado en el que este sitio web no cumpla adecuadamente con todas las leyes y reglas \u00e9ticas de ese estado. Sexner Injury Lawyers LLC es un bufete de abogados con licencia para ejercer \u00fanicamente en el estado de Illinois. Sexner Injury Lawyers LLC tambi\u00e9n desea informar a los espectadores que este sitio web consta de materiales publicitarios y promocionales. Esto se menciona en un esfuerzo por cumplir adecuadamente con las regulaciones y reglas de otros varios estados.<\/p>\n<p>Los materiales que se presentan en este sitio est\u00e1n destinados \u00fanicamente a los fines informativos del lector y cualquier uso de este material contenido se realiza por cuenta y riesgo del usuario. Este sitio web est\u00e1 destinado exclusivamente a ser un recurso p\u00fablico solo para informaci\u00f3n general, y esta informaci\u00f3n contenida est\u00e1 destinada, aunque no se garantiza ni se promete que est\u00e9 actualizada, correcta o completa. El material de este sitio no pretende ser un consejo legal ni constituir un acuerdo con Sexner Injury Lawyers LLC para crear una relaci\u00f3n abogado-cliente o para la prestaci\u00f3n de servicios de abogado, y la recepci\u00f3n de la informaci\u00f3n de este sitio no constituye tal convenio. En caso de que se requiera asesoramiento legal especializado o de otro tipo, el lector debe buscar los servicios de un profesional competente.<\/p>\n<p>Sexner Injury Lawyers LLC es un bufete de abogados que ofrece una gama completa de servicios con representaci\u00f3n en muchas \u00e1reas legales, aunque las declaraciones en este sitio web que se refieren a acuerdos de tarifas de contingencia solo est\u00e1n destinadas a hacer referencia a casos de lesiones y negligencia. Las declaraciones que se refieren a planes de pago se refieren solo a casos de tr\u00e1fico y de defensa criminal, y la oficina tomar\u00e1 una determinaci\u00f3n individual en cada caso si se puede ofrecer dicho plan de pago y los t\u00e9rminos de dicho plan.<\/p>\n<p>Sexner Injury Lawyers LLC no puede hacer ninguna declaraci\u00f3n o promesa de que los abogados afiliados o empleados por esta oficina podr\u00e1n obtener resultados similares a los reportados en casos particulares en este sitio.<\/p>\n<p>El uso de cualquier informaci\u00f3n m\u00e9dica que se presente en este sitio se realiza bajo el riesgo del usuario, ya que los empleados de Sexner Injury Lawyers LLC y sus abogados afiliados no son profesionales m\u00e9dicos con licencia. La informaci\u00f3n est\u00e1 destinada \u00fanicamente a fines informativos limitados y est\u00e1 destinada, pero no se garantiza que est\u00e9 actualizada, correcta o completa. Si se requiere alg\u00fan consejo m\u00e9dico, el lector debe buscar inmediatamente los servicios de un profesional m\u00e9dico competente.<\/p>\n<p>En ciertos casos, Sexner Injury Lawyers LLC remitir\u00e1 los casos a otros abogados competentes y con licencia y dividir\u00e1 los honorarios legales recibidos con otro abogado que no est\u00e9 en la misma firma, despu\u00e9s de que la firma haya cumplido adecuadamente con las Reglas de Conducta Profesional de Illinois que rigen dichas relaciones de derivaci\u00f3n.<\/p>\n","protected":false},"excerpt":{"rendered":"<p>Descargo de Responsabilidad Al publicar y\/o mantener el sitio web de no tiene la intenci\u00f3n de solicitar negocios de ning\u00fan cliente ubicado fuera del estado de Illinois o en cualquier jurisdicci\u00f3n donde cualquier abogado est\u00e9 afiliado o empleado por no est\u00e1 legalmente autorizado para ejercer la abogac\u00eda. no busca representar a ninguna persona que desee [&hellip;]<\/p>\n","protected":false},"author":1,"featured_media":0,"parent":0,"menu_order":0,"comment_status":"closed","ping_status":"open","template":"","meta":{"_acf_changed":false,"footnotes":""},"class_list":["post-3808","page","type-page","status-publish","hentry"],"acf":[],"yoast_head":"<!-- This site is optimized with the Yoast SEO plugin v27.5 - https:\/\/yoast.com\/product\/yoast-seo-wordpress\/ -->\n<title>Aviso Legal - Sexner Injury Lawyers LLC<\/title>\n<meta name=\"description\" content=\"Al publicar y\/o mantener el sitio web de Sexner Injury Lawyers LLC no tiene la intenci\u00f3n de solicitar negocios de ning\u00fan cliente ubicado fuera del estado de Illinois o en cualquier jurisdicci\u00f3n donde cualquier abogado est\u00e9 afiliado o empleado por Sexner &amp; Associates LLC no est\u00e1 legalmente autorizado para ejercer la abogac\u00eda.\" \/>\n<meta name=\"robots\" content=\"index, follow, max-snippet:-1, max-image-preview:large, max-video-preview:-1\" \/>\n<link rel=\"canonical\" href=\"https:\/\/chicagoinjurylawyer.net\/es\/aviso-legal\/\" \/>\n<meta property=\"og:locale\" content=\"es_ES\" \/>\n<meta property=\"og:type\" content=\"article\" \/>\n<meta property=\"og:title\" content=\"Aviso Legal - Sexner Injury Lawyers LLC\" \/>\n<meta property=\"og:description\" content=\"Al publicar y\/o mantener el sitio web de Sexner Injury Lawyers LLC no tiene la intenci\u00f3n de solicitar negocios de ning\u00fan cliente ubicado fuera del estado de Illinois o en cualquier jurisdicci\u00f3n donde cualquier abogado est\u00e9 afiliado o empleado por Sexner &amp; Associates LLC no est\u00e1 legalmente autorizado para ejercer la abogac\u00eda.\" \/>\n<meta property=\"og:url\" content=\"https:\/\/chicagoinjurylawyer.net\/es\/aviso-legal\/\" \/>\n<meta property=\"og:site_name\" content=\"Sexner Injury Lawyers LLC\" \/>\n<meta property=\"article:modified_time\" content=\"2021-12-07T21:15:49+00:00\" \/>\n<meta name=\"twitter:card\" content=\"summary_large_image\" \/>\n<meta name=\"twitter:label1\" content=\"Tiempo de lectura\" \/>\n\t<meta name=\"twitter:data1\" content=\"3 minutos\" \/>\n<!-- \/ Yoast SEO plugin. -->","yoast_head_json":{"title":"Aviso Legal - Sexner Injury Lawyers LLC","description":"Al publicar y\/o mantener el sitio web de Sexner Injury Lawyers LLC no tiene la intenci\u00f3n de solicitar negocios de ning\u00fan cliente ubicado fuera del estado de Illinois o en cualquier jurisdicci\u00f3n donde cualquier abogado est\u00e9 afiliado o empleado por Sexner & Associates LLC no est\u00e1 legalmente autorizado para ejercer la abogac\u00eda.","robots":{"index":"index","follow":"follow","max-snippet":"max-snippet:-1","max-image-preview":"max-image-preview:large","max-video-preview":"max-video-preview:-1"},"canonical":"https:\/\/chicagoinjurylawyer.net\/es\/aviso-legal\/","og_locale":"es_ES","og_type":"article","og_title":"Aviso Legal - Sexner Injury Lawyers LLC","og_description":"Al publicar y\/o mantener el sitio web de Sexner Injury Lawyers LLC no tiene la intenci\u00f3n de solicitar negocios de ning\u00fan cliente ubicado fuera del estado de Illinois o en cualquier jurisdicci\u00f3n donde cualquier abogado est\u00e9 afiliado o empleado por Sexner & Associates LLC no est\u00e1 legalmente autorizado para ejercer la abogac\u00eda.","og_url":"https:\/\/chicagoinjurylawyer.net\/es\/aviso-legal\/","og_site_name":"Sexner Injury Lawyers LLC","article_modified_time":"2021-12-07T21:15:49+00:00","twitter_card":"summary_large_image","twitter_misc":{"Tiempo de lectura":"3 minutos"},"schema":{"@context":"https:\/\/schema.org","@graph":[{"@type":"WebPage","@id":"https:\/\/chicagoinjurylawyer.net\/es\/aviso-legal\/","url":"https:\/\/chicagoinjurylawyer.net\/es\/aviso-legal\/","name":"Aviso Legal - Sexner Injury Lawyers LLC","isPartOf":{"@id":"https:\/\/chicagoinjurylawyer.net\/es\/#website"},"datePublished":"2019-06-06T13:29:12+00:00","dateModified":"2021-12-07T21:15:49+00:00","description":"Al publicar y\/o mantener el sitio web de [firm-name] no tiene la intenci\u00f3n de solicitar negocios de ning\u00fan cliente ubicado fuera del estado de Illinois o en cualquier jurisdicci\u00f3n donde cualquier abogado est\u00e9 afiliado o empleado por Sexner & Associates LLC no est\u00e1 legalmente autorizado para ejercer la abogac\u00eda.","inLanguage":"es","potentialAction":[{"@type":"ReadAction","target":["https:\/\/chicagoinjurylawyer.net\/es\/aviso-legal\/"]}]},{"@type":"WebSite","@id":"https:\/\/chicagoinjurylawyer.net\/es\/#website","url":"https:\/\/chicagoinjurylawyer.net\/es\/","name":"Sexner Injury Lawyers LLC","description":"Chicago Personal Injury Attorneys","publisher":{"@id":"https:\/\/chicagoinjurylawyer.net\/es\/#organization"},"potentialAction":[{"@type":"SearchAction","target":{"@type":"EntryPoint","urlTemplate":"https:\/\/chicagoinjurylawyer.net\/es\/?s={search_term_string}"},"query-input":{"@type":"PropertyValueSpecification","valueRequired":true,"valueName":"search_term_string"}}],"inLanguage":"es"},{"@type":"Organization","@id":"https:\/\/chicagoinjurylawyer.net\/es\/#organization","name":"[firm-name]","url":"https:\/\/chicagoinjurylawyer.net\/es\/","logo":{"@type":"ImageObject","inLanguage":"es","@id":"https:\/\/chicagoinjurylawyer.net\/es\/#\/schema\/logo\/image\/","url":"https:\/\/chicagoinjurylawyer.net\/wp-content\/uploads\/2019\/06\/msx-logo-1.png","contentUrl":"https:\/\/chicagoinjurylawyer.net\/wp-content\/uploads\/2019\/06\/msx-logo-1.png","width":180,"height":83,"caption":"[firm-name]"},"image":{"@id":"https:\/\/chicagoinjurylawyer.net\/es\/#\/schema\/logo\/image\/"}}]}},"_links":{"self":[{"href":"https:\/\/chicagoinjurylawyer.net\/es\/wp-json\/wp\/v2\/pages\/3808","targetHints":{"allow":["GET"]}}],"collection":[{"href":"https:\/\/chicagoinjurylawyer.net\/es\/wp-json\/wp\/v2\/pages"}],"about":[{"href":"https:\/\/chicagoinjurylawyer.net\/es\/wp-json\/wp\/v2\/types\/page"}],"author":[{"embeddable":true,"href":"https:\/\/chicagoinjurylawyer.net\/es\/wp-json\/wp\/v2\/users\/1"}],"replies":[{"embeddable":true,"href":"https:\/\/chicagoinjurylawyer.net\/es\/wp-json\/wp\/v2\/comments?post=3808"}],"version-history":[{"count":6,"href":"https:\/\/chicagoinjurylawyer.net\/es\/wp-json\/wp\/v2\/pages\/3808\/revisions"}],"predecessor-version":[{"id":32684,"href":"https:\/\/chicagoinjurylawyer.net\/es\/wp-json\/wp\/v2\/pages\/3808\/revisions\/32684"}],"wp:attachment":[{"href":"https:\/\/chicagoinjurylawyer.net\/es\/wp-json\/wp\/v2\/media?parent=3808"}],"curies":[{"name":"wp","href":"https:\/\/api.w.org\/{rel}","templated":true}]}}