{"id":3810,"date":"2019-06-06T13:31:56","date_gmt":"2019-06-06T13:31:56","guid":{"rendered":"http:\/\/104.197.86.120\/?page_id=3810"},"modified":"2022-02-02T13:00:24","modified_gmt":"2022-02-02T19:00:24","slug":"mordeduras-de-perro","status":"publish","type":"page","link":"https:\/\/chicagoinjurylawyer.net\/es\/mordeduras-de-perro\/","title":{"rendered":"Lesiones Por Mordedura De Perro"},"content":{"rendered":"<h1>Abogados de Lesi\u00f3nes Por Mordedura de Perro en Chicago<\/h1>\n<p><img decoding=\"async\" class=\"alignright wp-image-33482\" src=\"\/wp-content\/uploads\/2022\/02\/Abogados-de-Lesio\u0301nes-Por-Mordedura-de-Perro-en-Chicago.jpg\" alt=\"Abogados de Lesi\u00f3nes Por Mordedura de Perro en Chicago\" width=\"400\" height=\"267\" srcset=\"https:\/\/chicagoinjurylawyer.net\/wp-content\/uploads\/2022\/02\/Abogados-de-Lesio\u0301nes-Por-Mordedura-de-Perro-en-Chicago.jpg 1000w, https:\/\/chicagoinjurylawyer.net\/wp-content\/uploads\/2022\/02\/Abogados-de-Lesio\u0301nes-Por-Mordedura-de-Perro-en-Chicago-300x200.jpg 300w, https:\/\/chicagoinjurylawyer.net\/wp-content\/uploads\/2022\/02\/Abogados-de-Lesio\u0301nes-Por-Mordedura-de-Perro-en-Chicago-768x512.jpg 768w\" sizes=\"(max-width: 400px) 100vw, 400px\" \/>Cuando una persona es mordida por un perro, puede resultar en un nivel significativo de da\u00f1o f\u00edsico y emocional. Dependiendo de la gravedad y la ubicaci\u00f3n de las lesiones, la v\u00edctima de una mordedura de perro podr\u00eda terminar con lesiones potencialmente mortales o quedar desfigurada permanentemente. En el peor de los casos, las personas pueden morir a causa de sus heridas.<\/p>\n<p>Si usted o un ser querido ha sido mordido, mutilado o atacado por un perro, es posible que no sepa a d\u00f3nde acudir en busca de ayuda. Tiene derecho a obtener una compensaci\u00f3n del due\u00f1o del perro. Los abogados de lesiones de Chicago de Sexner Injury Lawyers LLC est\u00e1n aqu\u00ed para ayudarlo a buscar justicia y una <a href=\"\/es\/nuestro-exito\/\">compensaci\u00f3n total<\/a>. No se cobran honorarios de abogado a menos que ganemos su caso.<\/p>\n<h2>Estatuto de Mordedura de Perro de Illinois<\/h2>\n<p>En el estado de Illinois, los due\u00f1os de perros son responsables de las <a href=\"\/es\/\">lesiones<\/a> que causen sus perros. Siempre que el perro no haya sido provocado por la v\u00edctima, y la v\u00edctima se estuviera comportando legalmente en el momento del incidente, el due\u00f1o del perro puede ser considerado responsable de todos los da\u00f1os. Los adiestradores de perros, cuidadores, amigos, parientes y cualquier otra persona que pueda haber albergado al animal en el momento del incidente tambi\u00e9n pueden ser considerados responsables.<\/p>\n<h2>Casos de Mordedura de Perro: Buscando Da\u00f1os en Chicago<\/h2>\n<p><img decoding=\"async\" class=\"size-medium wp-image-3812 alignright\" src=\"\/wp-content\/uploads\/2019\/06\/Dog-pit-bull-1-300x199.jpg\" alt=\"Pitbull\" width=\"300\" height=\"199\" \/>Cuando un perro ataca a una persona, puede provocar lesiones importantes. Laceraciones, heridas punzantes, infecciones graves, cicatrices faciales, da\u00f1o a los nervios y desfiguraci\u00f3n son algunas de las lesiones f\u00edsicas m\u00e1s comunes que sufren las v\u00edctimas de mordeduras de perro. El da\u00f1o emocional tambi\u00e9n puede ser bastante significativo. Algunas v\u00edctimas de mordeduras de perro, especialmente los ni\u00f1os, pueden tener pesadillas, experimentar signos de trauma emocional o sufrir estr\u00e9s postraum\u00e1tico despu\u00e9s de un ataque de perro cruel. El tratamiento m\u00e9dico puede ser extenso y costoso, y algunas v\u00edctimas requieren cirug\u00eda reconstructiva para intentar arreglar su apariencia.<\/p>\n<p>Si usted o un ser querido ha sido mordido por un perro, puede ser elegible para buscar una compensaci\u00f3n del due\u00f1o del perro para cubrir el costo total de sus lesiones y otros da\u00f1os.<\/p>\n<p>Contratar a un abogado especializado en mordeduras de perro en Chicago mejorar\u00e1 en gran medida sus posibilidades de obtener una compensaci\u00f3n completa y justa. Llame a Sexner Injury Lawyers LLC de inmediato para discutir su caso y conocer m\u00e1s sobre sus opciones legales.<\/p>\n","protected":false},"excerpt":{"rendered":"<p>Abogados de Lesi\u00f3nes Por Mordedura de Perro en Chicago Cuando una persona es mordida por un perro, puede resultar en un nivel significativo de da\u00f1o f\u00edsico y emocional. Dependiendo de la gravedad y la ubicaci\u00f3n de las lesiones, la v\u00edctima de una mordedura de perro podr\u00eda terminar con lesiones potencialmente mortales o quedar desfigurada permanentemente. [&hellip;]<\/p>\n","protected":false},"author":1,"featured_media":0,"parent":0,"menu_order":0,"comment_status":"closed","ping_status":"open","template":"","meta":{"_acf_changed":false,"footnotes":""},"class_list":["post-3810","page","type-page","status-publish","hentry"],"acf":[],"yoast_head":"<!-- This site is optimized with the Yoast SEO plugin v27.3 - https:\/\/yoast.com\/product\/yoast-seo-wordpress\/ -->\n<title>Abogados de Lesi\u00f3nes Por Mordedura de Perro en Chicago - Sexner Injury Lawyers LLC<\/title>\n<meta name=\"description\" content=\"Demanda basada sobre una mordida de animal puede ocurrir con un animal domesticado. Los abogados de Sexner Injury Lawyers LLC, tienen la experiencia en estos tipos de casos.\" \/>\n<meta name=\"robots\" content=\"index, follow, max-snippet:-1, max-image-preview:large, max-video-preview:-1\" \/>\n<link rel=\"canonical\" href=\"https:\/\/chicagoinjurylawyer.net\/es\/mordeduras-de-perro\/\" \/>\n<meta property=\"og:locale\" content=\"es_ES\" \/>\n<meta property=\"og:type\" content=\"article\" \/>\n<meta property=\"og:title\" content=\"Abogados de Lesi\u00f3nes Por Mordedura de Perro en Chicago - Sexner Injury Lawyers LLC\" \/>\n<meta property=\"og:description\" content=\"Demanda basada sobre una mordida de animal puede ocurrir con un animal domesticado. Los abogados de Sexner Injury Lawyers LLC, tienen la experiencia en estos tipos de casos.\" \/>\n<meta property=\"og:url\" content=\"https:\/\/chicagoinjurylawyer.net\/es\/mordeduras-de-perro\/\" \/>\n<meta property=\"og:site_name\" content=\"Sexner Injury Lawyers LLC\" \/>\n<meta property=\"article:modified_time\" content=\"2022-02-02T19:00:24+00:00\" \/>\n<meta property=\"og:image\" content=\"https:\/\/chicagoinjurylawyer.net\/wp-content\/uploads\/2022\/02\/Abogados-de-Lesio\u0301nes-Por-Mordedura-de-Perro-en-Chicago.jpg\" \/>\n<meta name=\"twitter:card\" content=\"summary_large_image\" \/>\n<meta name=\"twitter:label1\" content=\"Tiempo de lectura\" \/>\n\t<meta name=\"twitter:data1\" content=\"3 minutos\" \/>\n<!-- \/ Yoast SEO plugin. -->","yoast_head_json":{"title":"Abogados de Lesi\u00f3nes Por Mordedura de Perro en Chicago - Sexner Injury Lawyers LLC","description":"Demanda basada sobre una mordida de animal puede ocurrir con un animal domesticado. Los abogados de Sexner Injury Lawyers LLC, tienen la experiencia en estos tipos de casos.","robots":{"index":"index","follow":"follow","max-snippet":"max-snippet:-1","max-image-preview":"max-image-preview:large","max-video-preview":"max-video-preview:-1"},"canonical":"https:\/\/chicagoinjurylawyer.net\/es\/mordeduras-de-perro\/","og_locale":"es_ES","og_type":"article","og_title":"Abogados de Lesi\u00f3nes Por Mordedura de Perro en Chicago - Sexner Injury Lawyers LLC","og_description":"Demanda basada sobre una mordida de animal puede ocurrir con un animal domesticado. Los abogados de Sexner Injury Lawyers LLC, tienen la experiencia en estos tipos de casos.","og_url":"https:\/\/chicagoinjurylawyer.net\/es\/mordeduras-de-perro\/","og_site_name":"Sexner Injury Lawyers LLC","article_modified_time":"2022-02-02T19:00:24+00:00","og_image":[{"url":"https:\/\/chicagoinjurylawyer.net\/wp-content\/uploads\/2022\/02\/Abogados-de-Lesio\u0301nes-Por-Mordedura-de-Perro-en-Chicago.jpg","type":"","width":"","height":""}],"twitter_card":"summary_large_image","twitter_misc":{"Tiempo de lectura":"3 minutos"},"schema":{"@context":"https:\/\/schema.org","@graph":[{"@type":"WebPage","@id":"https:\/\/chicagoinjurylawyer.net\/es\/mordeduras-de-perro\/","url":"https:\/\/chicagoinjurylawyer.net\/es\/mordeduras-de-perro\/","name":"Abogados de Lesi\u00f3nes Por Mordedura de Perro en Chicago - Sexner Injury Lawyers LLC","isPartOf":{"@id":"https:\/\/chicagoinjurylawyer.net\/es\/#website"},"datePublished":"2019-06-06T13:31:56+00:00","dateModified":"2022-02-02T19:00:24+00:00","description":"Demanda basada sobre una mordida de animal puede ocurrir con un animal domesticado. Los abogados de [firm-name], tienen la experiencia en estos tipos de casos.","inLanguage":"es","potentialAction":[{"@type":"ReadAction","target":["https:\/\/chicagoinjurylawyer.net\/es\/mordeduras-de-perro\/"]}]},{"@type":"WebSite","@id":"https:\/\/chicagoinjurylawyer.net\/es\/#website","url":"https:\/\/chicagoinjurylawyer.net\/es\/","name":"Sexner Injury Lawyers LLC","description":"Chicago Personal Injury Attorneys","publisher":{"@id":"https:\/\/chicagoinjurylawyer.net\/es\/#organization"},"potentialAction":[{"@type":"SearchAction","target":{"@type":"EntryPoint","urlTemplate":"https:\/\/chicagoinjurylawyer.net\/es\/?s={search_term_string}"},"query-input":{"@type":"PropertyValueSpecification","valueRequired":true,"valueName":"search_term_string"}}],"inLanguage":"es"},{"@type":"Organization","@id":"https:\/\/chicagoinjurylawyer.net\/es\/#organization","name":"[firm-name]","url":"https:\/\/chicagoinjurylawyer.net\/es\/","logo":{"@type":"ImageObject","inLanguage":"es","@id":"https:\/\/chicagoinjurylawyer.net\/es\/#\/schema\/logo\/image\/","url":"https:\/\/chicagoinjurylawyer.net\/wp-content\/uploads\/2019\/06\/msx-logo-1.png","contentUrl":"https:\/\/chicagoinjurylawyer.net\/wp-content\/uploads\/2019\/06\/msx-logo-1.png","width":180,"height":83,"caption":"[firm-name]"},"image":{"@id":"https:\/\/chicagoinjurylawyer.net\/es\/#\/schema\/logo\/image\/"}}]}},"_links":{"self":[{"href":"https:\/\/chicagoinjurylawyer.net\/es\/wp-json\/wp\/v2\/pages\/3810","targetHints":{"allow":["GET"]}}],"collection":[{"href":"https:\/\/chicagoinjurylawyer.net\/es\/wp-json\/wp\/v2\/pages"}],"about":[{"href":"https:\/\/chicagoinjurylawyer.net\/es\/wp-json\/wp\/v2\/types\/page"}],"author":[{"embeddable":true,"href":"https:\/\/chicagoinjurylawyer.net\/es\/wp-json\/wp\/v2\/users\/1"}],"replies":[{"embeddable":true,"href":"https:\/\/chicagoinjurylawyer.net\/es\/wp-json\/wp\/v2\/comments?post=3810"}],"version-history":[{"count":11,"href":"https:\/\/chicagoinjurylawyer.net\/es\/wp-json\/wp\/v2\/pages\/3810\/revisions"}],"predecessor-version":[{"id":33484,"href":"https:\/\/chicagoinjurylawyer.net\/es\/wp-json\/wp\/v2\/pages\/3810\/revisions\/33484"}],"wp:attachment":[{"href":"https:\/\/chicagoinjurylawyer.net\/es\/wp-json\/wp\/v2\/media?parent=3810"}],"curies":[{"name":"wp","href":"https:\/\/api.w.org\/{rel}","templated":true}]}}