{"id":4581,"date":"2019-06-07T13:28:57","date_gmt":"2019-06-07T13:28:57","guid":{"rendered":"http:\/\/104.197.86.120\/?page_id=4581"},"modified":"2022-01-07T16:18:29","modified_gmt":"2022-01-07T22:18:29","slug":"lesiones-de-peatones","status":"publish","type":"page","link":"https:\/\/chicagoinjurylawyer.net\/es\/lesiones-de-peatones\/","title":{"rendered":"Las Lesiones De Peatones"},"content":{"rendered":"<h1>Abogado de Accidentes Peatonales de Chicago<\/h1>\n<p><img decoding=\"async\" class=\"alignright wp-image-33052\" src=\"\/wp-content\/uploads\/2022\/01\/Abogado-de-Accidentes-Peatonales-de-Chicago.jpg\" alt=\"Abogado de Accidentes Peatonales de Chicago\" width=\"400\" height=\"236\" srcset=\"https:\/\/chicagoinjurylawyer.net\/wp-content\/uploads\/2022\/01\/Abogado-de-Accidentes-Peatonales-de-Chicago.jpg 1000w, https:\/\/chicagoinjurylawyer.net\/wp-content\/uploads\/2022\/01\/Abogado-de-Accidentes-Peatonales-de-Chicago-300x177.jpg 300w, https:\/\/chicagoinjurylawyer.net\/wp-content\/uploads\/2022\/01\/Abogado-de-Accidentes-Peatonales-de-Chicago-768x452.jpg 768w\" sizes=\"(max-width: 400px) 100vw, 400px\" \/>Chicago es una metr\u00f3polis bulliciosa donde los veh\u00edculos, peatones y ciclistas convergen todos los d\u00edas. Para un peat\u00f3n, mantenerse seguro puede ser dif\u00edcil. Los peatones deben tener extrema precauci\u00f3n al cruzar las calles de la ciudad, en las aceras p\u00fablicas o en cualquier lugar cercano a veh\u00edculos motorizados en movimiento. Los conductores tambi\u00e9n deben tener mucho cuidado para evitar a los peatones. Solo unos segundos de distracci\u00f3n del conductor podr\u00edan provocar lesiones graves o la <a href=\"\/es\/muerte-injusta\/\">muerte<\/a> de un peat\u00f3n inocente.<\/p>\n<h2>Estad\u00edsticas de Accidentes de Peatones en Illinois<\/h2>\n<p>Seg\u00fan un informe del Departamento de Transporte de Illinois (IDOT), en 2013 ocurrieron 4.895 accidentes de peatones. De estos accidentes, 4,562 involucraron <a href=\"\/es\/\">lesiones graves<\/a> y 124 resultaron en muertes. En las zonas urbanas, la mayor\u00eda de los accidentes mortales de peatones ocurren en las calles y carreteras de la ciudad, los lugares m\u00e1s peligrosos para los peatones.<\/p>\n<p>Las condiciones de luz tambi\u00e9n influyen en los accidentes de peatones. El mayor n\u00famero de accidentes de peatones mortales se produce en las horas de la tarde. Sin embargo, el mayor n\u00famero de lesiones graves se produce durante el d\u00eda e incluye casos en los que un peat\u00f3n qued\u00f3 incapacitado o paralizado.<\/p>\n<p>Como la mayor\u00eda de los peatones no tienen protecci\u00f3n en un <a href=\"\/es\/accidentes-de-trafico\/\">accidente<\/a> con un veh\u00edculo motorizado, las lesiones suelen ser mucho m\u00e1s graves que en otros tipos de choques. Los huesos rotos, lesiones en el cuello, lesiones en la espalda y la m\u00e9dula espinal, traumatismo craneal severo, da\u00f1o a los nervios, p\u00e9rdida de movilidad, amputaci\u00f3n y muerte ocurren com\u00fanmente en accidentes de peatones en Chicago.<\/p>\n<h2>Representaci\u00f3n Legal Despu\u00e9s de un Accidente de Peatones<\/h2>\n<p>Nuestros abogados de lesiones personales en Chicago de Sexner Injury Lawyers LLC son defensores de las v\u00edctimas de accidentes y sus familias. Entendemos la devastaci\u00f3n personal y emocional asociada con los accidentes de peatones y ayudamos a nuestros clientes a buscar justicia. Si usted o un ser querido ha resultado lesionado en un accidente peatonal en el \u00e1rea de Chicago, nuestra firma se compromete a hacer todo lo posible para ayudarlo a obtener la <a href=\"\/es\/nuestro-exito\/\">compensaci\u00f3n<\/a> que se merece. Hemos ayudado a nuestros clientes a recaudar millones de d\u00f3lares y tambi\u00e9n estamos listos para ayudarlo.<\/p>\n<p>Comun\u00edquese con un abogado de accidentes de peatones en Chicago de Sexner Injury Lawyers LLC al <a href=\"tel:3122439922\">(312) 243-9922<\/a> para discutir su caso.<\/p>\n","protected":false},"excerpt":{"rendered":"<p>Abogado de Accidentes Peatonales de Chicago Chicago es una metr\u00f3polis bulliciosa donde los veh\u00edculos, peatones y ciclistas convergen todos los d\u00edas. Para un peat\u00f3n, mantenerse seguro puede ser dif\u00edcil. Los peatones deben tener extrema precauci\u00f3n al cruzar las calles de la ciudad, en las aceras p\u00fablicas o en cualquier lugar cercano a veh\u00edculos motorizados en [&hellip;]<\/p>\n","protected":false},"author":1,"featured_media":0,"parent":0,"menu_order":0,"comment_status":"closed","ping_status":"open","template":"","meta":{"_acf_changed":false,"footnotes":""},"class_list":["post-4581","page","type-page","status-publish","hentry"],"acf":[],"yoast_head":"<!-- This site is optimized with the Yoast SEO plugin v27.4 - https:\/\/yoast.com\/product\/yoast-seo-wordpress\/ -->\n<title>Abogados De Lesiones De Chicago De Peatones - Sexner Injury Lawyers LLC<\/title>\n<meta name=\"description\" content=\"Si usted o a\u00fan persona en su familia ha sufrido una lesiones de peatones por negligencia de otra persona, usted puede contactar a Sexner Injury Lawyers LLC.\" \/>\n<meta name=\"robots\" content=\"index, follow, max-snippet:-1, max-image-preview:large, max-video-preview:-1\" \/>\n<link rel=\"canonical\" href=\"https:\/\/chicagoinjurylawyer.net\/es\/lesiones-de-peatones\/\" \/>\n<meta property=\"og:locale\" content=\"es_ES\" \/>\n<meta property=\"og:type\" content=\"article\" \/>\n<meta property=\"og:title\" content=\"Abogados De Lesiones De Chicago De Peatones - Sexner Injury Lawyers LLC\" \/>\n<meta property=\"og:description\" content=\"Si usted o a\u00fan persona en su familia ha sufrido una lesiones de peatones por negligencia de otra persona, usted puede contactar a Sexner Injury Lawyers LLC.\" \/>\n<meta property=\"og:url\" content=\"https:\/\/chicagoinjurylawyer.net\/es\/lesiones-de-peatones\/\" \/>\n<meta property=\"og:site_name\" content=\"Sexner Injury Lawyers LLC\" \/>\n<meta property=\"article:modified_time\" content=\"2022-01-07T22:18:29+00:00\" \/>\n<meta property=\"og:image\" content=\"https:\/\/chicagoinjurylawyer.net\/wp-content\/uploads\/2022\/01\/Abogado-de-Accidentes-Peatonales-de-Chicago.jpg\" \/>\n<meta name=\"twitter:card\" content=\"summary_large_image\" \/>\n<meta name=\"twitter:label1\" content=\"Tiempo de lectura\" \/>\n\t<meta name=\"twitter:data1\" content=\"2 minutos\" \/>\n<!-- \/ Yoast SEO plugin. -->","yoast_head_json":{"title":"Abogados De Lesiones De Chicago De Peatones - Sexner Injury Lawyers LLC","description":"Si usted o a\u00fan persona en su familia ha sufrido una lesiones de peatones por negligencia de otra persona, usted puede contactar a Sexner Injury Lawyers LLC.","robots":{"index":"index","follow":"follow","max-snippet":"max-snippet:-1","max-image-preview":"max-image-preview:large","max-video-preview":"max-video-preview:-1"},"canonical":"https:\/\/chicagoinjurylawyer.net\/es\/lesiones-de-peatones\/","og_locale":"es_ES","og_type":"article","og_title":"Abogados De Lesiones De Chicago De Peatones - Sexner Injury Lawyers LLC","og_description":"Si usted o a\u00fan persona en su familia ha sufrido una lesiones de peatones por negligencia de otra persona, usted puede contactar a Sexner Injury Lawyers LLC.","og_url":"https:\/\/chicagoinjurylawyer.net\/es\/lesiones-de-peatones\/","og_site_name":"Sexner Injury Lawyers LLC","article_modified_time":"2022-01-07T22:18:29+00:00","og_image":[{"url":"https:\/\/chicagoinjurylawyer.net\/wp-content\/uploads\/2022\/01\/Abogado-de-Accidentes-Peatonales-de-Chicago.jpg","type":"","width":"","height":""}],"twitter_card":"summary_large_image","twitter_misc":{"Tiempo de lectura":"2 minutos"},"schema":{"@context":"https:\/\/schema.org","@graph":[{"@type":"WebPage","@id":"https:\/\/chicagoinjurylawyer.net\/es\/lesiones-de-peatones\/","url":"https:\/\/chicagoinjurylawyer.net\/es\/lesiones-de-peatones\/","name":"Abogados De Lesiones De Chicago De Peatones - Sexner Injury Lawyers LLC","isPartOf":{"@id":"https:\/\/chicagoinjurylawyer.net\/es\/#website"},"datePublished":"2019-06-07T13:28:57+00:00","dateModified":"2022-01-07T22:18:29+00:00","description":"Si usted o a\u00fan persona en su familia ha sufrido una lesiones de peatones por negligencia de otra persona, usted puede contactar a [firm-name].","inLanguage":"es","potentialAction":[{"@type":"ReadAction","target":["https:\/\/chicagoinjurylawyer.net\/es\/lesiones-de-peatones\/"]}]},{"@type":"WebSite","@id":"https:\/\/chicagoinjurylawyer.net\/es\/#website","url":"https:\/\/chicagoinjurylawyer.net\/es\/","name":"Sexner Injury Lawyers LLC","description":"Chicago Personal Injury Attorneys","publisher":{"@id":"https:\/\/chicagoinjurylawyer.net\/es\/#organization"},"potentialAction":[{"@type":"SearchAction","target":{"@type":"EntryPoint","urlTemplate":"https:\/\/chicagoinjurylawyer.net\/es\/?s={search_term_string}"},"query-input":{"@type":"PropertyValueSpecification","valueRequired":true,"valueName":"search_term_string"}}],"inLanguage":"es"},{"@type":"Organization","@id":"https:\/\/chicagoinjurylawyer.net\/es\/#organization","name":"[firm-name]","url":"https:\/\/chicagoinjurylawyer.net\/es\/","logo":{"@type":"ImageObject","inLanguage":"es","@id":"https:\/\/chicagoinjurylawyer.net\/es\/#\/schema\/logo\/image\/","url":"https:\/\/chicagoinjurylawyer.net\/wp-content\/uploads\/2019\/06\/msx-logo-1.png","contentUrl":"https:\/\/chicagoinjurylawyer.net\/wp-content\/uploads\/2019\/06\/msx-logo-1.png","width":180,"height":83,"caption":"[firm-name]"},"image":{"@id":"https:\/\/chicagoinjurylawyer.net\/es\/#\/schema\/logo\/image\/"}}]}},"_links":{"self":[{"href":"https:\/\/chicagoinjurylawyer.net\/es\/wp-json\/wp\/v2\/pages\/4581","targetHints":{"allow":["GET"]}}],"collection":[{"href":"https:\/\/chicagoinjurylawyer.net\/es\/wp-json\/wp\/v2\/pages"}],"about":[{"href":"https:\/\/chicagoinjurylawyer.net\/es\/wp-json\/wp\/v2\/types\/page"}],"author":[{"embeddable":true,"href":"https:\/\/chicagoinjurylawyer.net\/es\/wp-json\/wp\/v2\/users\/1"}],"replies":[{"embeddable":true,"href":"https:\/\/chicagoinjurylawyer.net\/es\/wp-json\/wp\/v2\/comments?post=4581"}],"version-history":[{"count":6,"href":"https:\/\/chicagoinjurylawyer.net\/es\/wp-json\/wp\/v2\/pages\/4581\/revisions"}],"predecessor-version":[{"id":33054,"href":"https:\/\/chicagoinjurylawyer.net\/es\/wp-json\/wp\/v2\/pages\/4581\/revisions\/33054"}],"wp:attachment":[{"href":"https:\/\/chicagoinjurylawyer.net\/es\/wp-json\/wp\/v2\/media?parent=4581"}],"curies":[{"name":"wp","href":"https:\/\/api.w.org\/{rel}","templated":true}]}}