{"id":7199,"date":"2019-06-26T10:32:22","date_gmt":"2019-06-26T10:32:22","guid":{"rendered":"http:\/\/104.197.86.120\/?page_id=7199"},"modified":"2021-11-15T16:42:40","modified_gmt":"2021-11-15T22:42:40","slug":"huesos-fracturados","status":"publish","type":"page","link":"https:\/\/chicagoinjurylawyer.net\/es\/accidentes-de-trafico\/huesos-fracturados\/","title":{"rendered":"Huesos Fracturados"},"content":{"rendered":"<h1>Huesos Fracturados en Accidentes de Auto en Chicago<\/h1>\n<h2>Huesos Fracturados<\/h2>\n<p>Lesiones de huesos fracturados son muy comunes en accidentes de auto por la fuerza de impacto en el accidente. Una fractura de hueso puede ocurrir en cualquier parte de su cuerpo. De acuerdo con el National Highway Safety Traffic Administration (NHTSA), accidentes de autos causan millones de lesiones de huesos fracturados cada a\u00f1o. Las fracturas m\u00e1s comunes son tobillo, pies, cadera, mu\u00f1eca, manos, y fracturas vertebras (que pueden causar lesiones de medula espinal y\/ o paralices).<\/p>\n<p>Si usted o un ser querido han sufrido de huesos fracturados en\u00a0<a href=\"\/es\/accidentes-de-trafico\/\">un accidente de auto en Chicago<\/a>, usted pueden perseguir recompensa financia contra la persona negligente que fue responsable del accidente de auto. Los abogados con experiencia de Chicago en la oficina de <a href=\"\/es\/\">Sexner Injury Lawyers LLC<\/a> lo pueden ayudar a obtener el pago que usted necesita para seguir adelante con su vida y sanar.<\/p>\n<p>Por favor llame al (312) 243-9922.<\/p>\n<p>Causas de huesos fracturados en accidentes de auto:<\/p>\n<ul>\n<li>accidente extremo posterior.<\/li>\n<li>accidente de colisi\u00f3n lateral<\/li>\n<li>accidente por vuelco<\/li>\n<li>bolsa de aire desplegada<\/li>\n<\/ul>\n<p>Un accidente de auto puede causar lesiones de huesos fracturados. Pero un accidente causado por un chofer distra\u00eddo o irresponsable puede causar lesiones m\u00e1s severas. Accidentes en diferentes anglos pueden impactar si caro y su cuerpo diferente a un accidente de frente.<\/p>\n<h3>Lesiones de Hueso fracturados comunes en accidentes de auto.<\/h3>\n<p>A muchos de factores que contribuyen a los diferentes tipos de lesiones que uno puede sostener en un accidente de auto. La velocidad de auto cuando ocurri\u00f3 el accidente, el lugar de impacto en el auto, y si ten\u00eda cintur\u00f3n tambi\u00e9n ser\u00eda un factor de que tan serio son las lesiones. En un accidente de auto, huesos fracturados son lesiones muy comunes en un accidente.<\/p>\n<ul>\n<li><strong>Mu\u00f1eca y tobillo<\/strong>: estos huesos se tardan mucho tiempo para sanar. Los dos puede prevenir lo que haga sus tareas de cada d\u00eda o de trabajar.<\/li>\n<li><strong>Cuello y espinal<\/strong>: la medula espinal puede ser herida en un accidente de auto. Estas fracturas podr\u00edan ser devastador. Y traer dolor cr\u00f3nico, problemas con sensaci\u00f3n en las piernas y brazos, o paralasis.<\/li>\n<li><strong>Cara y Cr\u00e1neo<\/strong>: Hueso fracturados a la cara y cr\u00e1neo ocurren con frecuencia en accidentes de auto. Estas ocurrencias pueden causar desfiguraci\u00f3n o danos cerebrales.<\/li>\n<li><strong>Extremidades Fracturadas<\/strong>: brazos y piernas se fracturan con frecuencia en accidentes de autos. Estas fracturas pueden ser muy doloroso y afectan su habilidad de trabajar y hacer tareas de cada d\u00eda.<\/li>\n<li><strong>Cadera y P\u00e9lvica<\/strong>: Estas lesiones ocurren en accidentes de colisi\u00f3n lateral. Recuperaci\u00f3n de estas lesiones es especialmente dif\u00edcil y largas.<\/li>\n<li><strong>Fractura Compuesta<\/strong>: Si el accidente causa un hueso que se quebr\u00e9 y se sale de la piel, es una fractura compuesta. Estos huesos fracturados pueden causar problemas de infecci\u00f3n Y tendr\u00eda que ser arreglado con operaci\u00f3n.<\/li>\n<li><strong>Costilla Rota<\/strong>: Mucha gente rompen su costilla en un accidente cuando golpean el volante, o cuando el cintur\u00f3n lo est\u00e1 deteniendo. Estas lesiones pueden causar dolor mientras hace tareas normales y cuando tose o hasta respirar.<\/li>\n<\/ul>\n<h3>Haga que las personas responsables tomen culpa en Chicago<\/h3>\n<p>Mucho accidentes de auto son causados por choferes negligentes que son irresponsables y peligrosos en la carretera. Dependiendo de la circunstancias de su accidente, usted puede perseguir recompensa de los choferes negligentes y la compa\u00f1\u00eda de seguranza para ayudar a pagar sus pagos m\u00e9dicos y cubrir sueldo perdido. Sexner Injury Lawyers LLC lo puede ayudar con la recompense que usted necesite para seguir adelante.<\/p>\n<p><a href=\"\/es\/contactenos\/\">Llame hoy<\/a> al (312) 243-9922.<\/p>\n","protected":false},"excerpt":{"rendered":"<p>Huesos Fracturados en Accidentes de Auto en Chicago Huesos Fracturados Lesiones de huesos fracturados son muy comunes en accidentes de auto por la fuerza de impacto en el accidente. Una fractura de hueso puede ocurrir en cualquier parte de su cuerpo. De acuerdo con el National Highway Safety Traffic Administration (NHTSA), accidentes de autos causan [&hellip;]<\/p>\n","protected":false},"author":1,"featured_media":0,"parent":3804,"menu_order":0,"comment_status":"closed","ping_status":"open","template":"","meta":{"_acf_changed":false,"footnotes":""},"class_list":["post-7199","page","type-page","status-publish","hentry"],"acf":[],"yoast_head":"<!-- This site is optimized with the Yoast SEO plugin v27.3 - https:\/\/yoast.com\/product\/yoast-seo-wordpress\/ -->\n<title>Abogado de Huesos Fracturados en Accidentes de Auto en Chicago - Sexner Injury Lawyers LLC<\/title>\n<meta name=\"description\" content=\"Si usted o un ser querido han sufrido de huesos fracturados en un accidente de auto, Los abogados con experiencia de Chicago en la oficina de Sexner Injury Lawyers LLC lo pueden ayudar a obtener el pago.\" \/>\n<meta name=\"robots\" content=\"index, follow, max-snippet:-1, max-image-preview:large, max-video-preview:-1\" \/>\n<link rel=\"canonical\" href=\"https:\/\/chicagoinjurylawyer.net\/es\/accidentes-de-trafico\/huesos-fracturados\/\" \/>\n<meta property=\"og:locale\" content=\"es_ES\" \/>\n<meta property=\"og:type\" content=\"article\" \/>\n<meta property=\"og:title\" content=\"Abogado de Huesos Fracturados en Accidentes de Auto en Chicago - Sexner Injury Lawyers LLC\" \/>\n<meta property=\"og:description\" content=\"Si usted o un ser querido han sufrido de huesos fracturados en un accidente de auto, Los abogados con experiencia de Chicago en la oficina de Sexner Injury Lawyers LLC lo pueden ayudar a obtener el pago.\" \/>\n<meta property=\"og:url\" content=\"https:\/\/chicagoinjurylawyer.net\/es\/accidentes-de-trafico\/huesos-fracturados\/\" \/>\n<meta property=\"og:site_name\" content=\"Sexner Injury Lawyers LLC\" \/>\n<meta property=\"article:modified_time\" content=\"2021-11-15T22:42:40+00:00\" \/>\n<meta name=\"twitter:card\" content=\"summary_large_image\" \/>\n<meta name=\"twitter:label1\" content=\"Tiempo de lectura\" \/>\n\t<meta name=\"twitter:data1\" content=\"3 minutos\" \/>\n<!-- \/ Yoast SEO plugin. -->","yoast_head_json":{"title":"Abogado de Huesos Fracturados en Accidentes de Auto en Chicago - Sexner Injury Lawyers LLC","description":"Si usted o un ser querido han sufrido de huesos fracturados en un accidente de auto, Los abogados con experiencia de Chicago en la oficina de Sexner Injury Lawyers LLC lo pueden ayudar a obtener el pago.","robots":{"index":"index","follow":"follow","max-snippet":"max-snippet:-1","max-image-preview":"max-image-preview:large","max-video-preview":"max-video-preview:-1"},"canonical":"https:\/\/chicagoinjurylawyer.net\/es\/accidentes-de-trafico\/huesos-fracturados\/","og_locale":"es_ES","og_type":"article","og_title":"Abogado de Huesos Fracturados en Accidentes de Auto en Chicago - Sexner Injury Lawyers LLC","og_description":"Si usted o un ser querido han sufrido de huesos fracturados en un accidente de auto, Los abogados con experiencia de Chicago en la oficina de Sexner Injury Lawyers LLC lo pueden ayudar a obtener el pago.","og_url":"https:\/\/chicagoinjurylawyer.net\/es\/accidentes-de-trafico\/huesos-fracturados\/","og_site_name":"Sexner Injury Lawyers LLC","article_modified_time":"2021-11-15T22:42:40+00:00","twitter_card":"summary_large_image","twitter_misc":{"Tiempo de lectura":"3 minutos"},"schema":{"@context":"https:\/\/schema.org","@graph":[{"@type":"WebPage","@id":"https:\/\/chicagoinjurylawyer.net\/es\/accidentes-de-trafico\/huesos-fracturados\/","url":"https:\/\/chicagoinjurylawyer.net\/es\/accidentes-de-trafico\/huesos-fracturados\/","name":"Abogado de Huesos Fracturados en Accidentes de Auto en Chicago - Sexner Injury Lawyers LLC","isPartOf":{"@id":"https:\/\/chicagoinjurylawyer.net\/es\/#website"},"datePublished":"2019-06-26T10:32:22+00:00","dateModified":"2021-11-15T22:42:40+00:00","description":"Si usted o un ser querido han sufrido de huesos fracturados en un accidente de auto, Los abogados con experiencia de Chicago en la oficina de [firm-name] lo pueden ayudar a obtener el pago.","breadcrumb":{"@id":"https:\/\/chicagoinjurylawyer.net\/es\/accidentes-de-trafico\/huesos-fracturados\/#breadcrumb"},"inLanguage":"es","potentialAction":[{"@type":"ReadAction","target":["https:\/\/chicagoinjurylawyer.net\/es\/accidentes-de-trafico\/huesos-fracturados\/"]}]},{"@type":"BreadcrumbList","@id":"https:\/\/chicagoinjurylawyer.net\/es\/accidentes-de-trafico\/huesos-fracturados\/#breadcrumb","itemListElement":[{"@type":"ListItem","position":1,"name":"Accidentes De Tr\u00e1fico","item":"https:\/\/chicagoinjurylawyer.net\/es\/accidentes-de-trafico\/"},{"@type":"ListItem","position":2,"name":"Huesos Fracturados"}]},{"@type":"WebSite","@id":"https:\/\/chicagoinjurylawyer.net\/es\/#website","url":"https:\/\/chicagoinjurylawyer.net\/es\/","name":"Sexner Injury Lawyers LLC","description":"Chicago Personal Injury Attorneys","publisher":{"@id":"https:\/\/chicagoinjurylawyer.net\/es\/#organization"},"potentialAction":[{"@type":"SearchAction","target":{"@type":"EntryPoint","urlTemplate":"https:\/\/chicagoinjurylawyer.net\/es\/?s={search_term_string}"},"query-input":{"@type":"PropertyValueSpecification","valueRequired":true,"valueName":"search_term_string"}}],"inLanguage":"es"},{"@type":"Organization","@id":"https:\/\/chicagoinjurylawyer.net\/es\/#organization","name":"[firm-name]","url":"https:\/\/chicagoinjurylawyer.net\/es\/","logo":{"@type":"ImageObject","inLanguage":"es","@id":"https:\/\/chicagoinjurylawyer.net\/es\/#\/schema\/logo\/image\/","url":"https:\/\/chicagoinjurylawyer.net\/wp-content\/uploads\/2019\/06\/msx-logo-1.png","contentUrl":"https:\/\/chicagoinjurylawyer.net\/wp-content\/uploads\/2019\/06\/msx-logo-1.png","width":180,"height":83,"caption":"[firm-name]"},"image":{"@id":"https:\/\/chicagoinjurylawyer.net\/es\/#\/schema\/logo\/image\/"}}]}},"_links":{"self":[{"href":"https:\/\/chicagoinjurylawyer.net\/es\/wp-json\/wp\/v2\/pages\/7199","targetHints":{"allow":["GET"]}}],"collection":[{"href":"https:\/\/chicagoinjurylawyer.net\/es\/wp-json\/wp\/v2\/pages"}],"about":[{"href":"https:\/\/chicagoinjurylawyer.net\/es\/wp-json\/wp\/v2\/types\/page"}],"author":[{"embeddable":true,"href":"https:\/\/chicagoinjurylawyer.net\/es\/wp-json\/wp\/v2\/users\/1"}],"replies":[{"embeddable":true,"href":"https:\/\/chicagoinjurylawyer.net\/es\/wp-json\/wp\/v2\/comments?post=7199"}],"version-history":[{"count":5,"href":"https:\/\/chicagoinjurylawyer.net\/es\/wp-json\/wp\/v2\/pages\/7199\/revisions"}],"predecessor-version":[{"id":32485,"href":"https:\/\/chicagoinjurylawyer.net\/es\/wp-json\/wp\/v2\/pages\/7199\/revisions\/32485"}],"up":[{"embeddable":true,"href":"https:\/\/chicagoinjurylawyer.net\/es\/wp-json\/wp\/v2\/pages\/3804"}],"wp:attachment":[{"href":"https:\/\/chicagoinjurylawyer.net\/es\/wp-json\/wp\/v2\/media?parent=7199"}],"curies":[{"name":"wp","href":"https:\/\/api.w.org\/{rel}","templated":true}]}}