{"id":7201,"date":"2019-06-26T10:43:46","date_gmt":"2019-06-26T10:43:46","guid":{"rendered":"http:\/\/104.197.86.120\/?page_id=7201"},"modified":"2022-01-07T15:22:54","modified_gmt":"2022-01-07T21:22:54","slug":"quemaduras","status":"publish","type":"page","link":"https:\/\/chicagoinjurylawyer.net\/es\/quemaduras\/","title":{"rendered":"Quemaduras"},"content":{"rendered":"<h1>Abogados de Lesiones por Quemaduras en Chicago<\/h1>\n<p><img decoding=\"async\" class=\"alignright wp-image-33041\" src=\"\/wp-content\/uploads\/2022\/01\/Abogados-de-Lesiones-por-Quemaduras-en-Chicago.jpg\" alt=\"Abogados de Lesiones por Quemaduras en Chicago\" width=\"425\" height=\"283\" srcset=\"https:\/\/chicagoinjurylawyer.net\/wp-content\/uploads\/2022\/01\/Abogados-de-Lesiones-por-Quemaduras-en-Chicago.jpg 1000w, https:\/\/chicagoinjurylawyer.net\/wp-content\/uploads\/2022\/01\/Abogados-de-Lesiones-por-Quemaduras-en-Chicago-300x200.jpg 300w, https:\/\/chicagoinjurylawyer.net\/wp-content\/uploads\/2022\/01\/Abogados-de-Lesiones-por-Quemaduras-en-Chicago-768x512.jpg 768w\" sizes=\"(max-width: 425px) 100vw, 425px\" \/>Dependiendo de su gravedad, las quemaduras pueden ser lesiones leves o emergencias m\u00e9dicas potencialmente mortales. Pueden ser causadas por calor, fuego, productos qu\u00edmicos, electricidad, luz solar o radiaci\u00f3n.<\/p>\n<p>Seg\u00fan la American Burn Association, 486,000 personas reciben tratamiento m\u00e9dico por quemaduras en hospitales y <a href=\"\/es\/negligencia-medica\/errores-de-sala-emergencia\/\">salas de emergencia<\/a>\u00a0 cada a\u00f1o en los EE. UU. De esas 486,000 personas, se estima que 40,000 est\u00e1n hospitalizadas debido a sus lesiones.<\/p>\n<p>Las quemaduras graves pueden requerir tratamiento en un centro especializado en quemaduras, que puede incluir injertos de piel para cubrir \u00e1reas grandes o para minimizar las cicatrices de heridas por quemaduras profundas. Los pacientes tambi\u00e9n pueden necesitar fisioterapia despu\u00e9s de quemaduras graves. Los abogados de Chicago en lesiones por quemaduras de Sexner Injury Lawyers LLC pueden ayudar a las v\u00edctimas de accidentes por quemaduras a buscar la compensaci\u00f3n que merecen por el tratamiento que necesitan. Cont\u00e1ctenos al (312) 243-9922 para una consulta gratuita.<\/p>\n<h2>Ayuda Legal para V\u00edctimas de Lesiones por Quemaduras en Chicago<\/h2>\n<p>Las quemaduras se encuentran entre las lesiones m\u00e1s debilitantes y dolorosas posibles. Si usted o su ser querido sufrieron quemaduras graves como resultado de la negligencia de otra parte, lo mejor para usted es hablar con un abogado experto en lesiones por quemaduras en Chicago lo antes posible.<\/p>\n<p>Nuestros abogados de lesiones personales en Sexner Injury Lawyers LLC han estado luchando por los derechos de las v\u00edctimas de lesiones desde 1990. Nos enfocamos en brindar servicios legales superiores a cada cliente que representamos y en perseguir agresivamente los mejores resultados posibles. Estamos orgullosos de nuestra exitosa trayectoria y lo invitamos a ver nuestros <a href=\"\/es\/nuestro-exito\/\">veredictos y acuerdos <\/a>para revisar algunos de los resultados de nuestros casos.<\/p>\n<h2>Lesiones por Quemaduras: Grados de Gravedad<\/h2>\n<p>Seg\u00fan los Institutos Nacionales de Salud (NIH), las quemaduras pueden causar ampollas, hinchaz\u00f3n y cicatrices y, en los casos m\u00e1s graves, shock e incluso <a href=\"\/es\/nuestro-exito\/accidente-de-auto-muerte-injusta\/\">la muerte<\/a>. Las quemaduras da\u00f1an la barrera protectora de la piel y provocan infecciones. El tratamiento var\u00eda seg\u00fan la causa de la quemadura, qu\u00e9 tan grande es el \u00e1rea del cuerpo que cubre y qu\u00e9 tan profundo se extiende el da\u00f1o, que se clasifican seg\u00fan el grado:<\/p>\n<ul>\n<li><strong>Quemaduras de primer grado<\/strong>: Solo la capa externa de la piel est\u00e1 da\u00f1ada.<\/li>\n<li><strong>Quemaduras de segundo grado<\/strong>: Tanto la capa externa de la piel como la capa inferior est\u00e1n da\u00f1adas.<\/li>\n<li><strong>Quemaduras de tercer grado<\/strong>: La capa m\u00e1s profunda de piel y los tejidos que se encuentran debajo o que est\u00e1n gravemente da\u00f1ados o destruidos.<\/li>\n<\/ul>\n<h2>Causas de las Quemaduras<\/h2>\n<p>Diferentes tipos de accidentes provocan quemaduras. Seg\u00fan las estad\u00edsticas de la American Burn Association, las causas m\u00e1s comunes de lesiones por quemaduras se dividen en:<\/p>\n<ul>\n<li>Fuego o llama (como en incendios de edificios): 43%<\/li>\n<li>Accidentes por escaldaduras: 34%<\/li>\n<li>Quemaduras t\u00e9rmicas (contacto con objetos calientes): 9%<\/li>\n<li>Quemaduras el\u00e9ctricas: 4%<\/li>\n<li>Quemaduras qu\u00edmicas: 3%<\/li>\n<li>Otras causas: 7%<\/li>\n<\/ul>\n<p>Seg\u00fan lo declarado por la Cl\u00ednica Mayo, las quemaduras graves pueden tener complicaciones graves, que incluyen infecciones, cicatrices, bajo volumen de sangre, problemas respiratorios, problemas de huesos y articulaciones y una temperatura corporal peligrosamente baja. Si la negligencia de otra parte caus\u00f3 que usted o su ser querido sufrieran quemaduras debilitantes, tiene derecho a obtener una compensaci\u00f3n financiera por todas las p\u00e9rdidas, tanto econ\u00f3micas como no econ\u00f3micas, incluido el dolor y el sufrimiento o la p\u00e9rdida de la calidad de vida.<\/p>\n<h2>Obtenga Ayuda para Su Reclamo por Lesiones por Quemaduras en Chicago<\/h2>\n<p>Nuestros <a href=\"\/es\/\">abogados de lesiones<\/a> en Chicago de Sexner Injury Lawyers LLC tienen el conocimiento, las habilidades y los recursos para manejar su reclamo por lesiones por quemaduras para obtener una compensaci\u00f3n mientras se recupera de sus lesiones. Evaluaremos el alcance total de sus p\u00e9rdidas y lucharemos para obtener la m\u00e1xima compensaci\u00f3n, seg\u00fan los hechos y las pruebas de su caso.<\/p>\n<p>Cont\u00e1ctenos hoy para programar una consulta de caso gratuita al <a href=\"tel:3122439922\">(312) 243-9922<\/a>. Cuando manejamos su caso, no nos paga honorarios hasta que obtengamos una recuperaci\u00f3n para usted.<\/p>\n","protected":false},"excerpt":{"rendered":"<p>Abogados de Lesiones por Quemaduras en Chicago Dependiendo de su gravedad, las quemaduras pueden ser lesiones leves o emergencias m\u00e9dicas potencialmente mortales. Pueden ser causadas por calor, fuego, productos qu\u00edmicos, electricidad, luz solar o radiaci\u00f3n. Seg\u00fan la American Burn Association, 486,000 personas reciben tratamiento m\u00e9dico por quemaduras en hospitales y salas de emergencia\u00a0 cada a\u00f1o [&hellip;]<\/p>\n","protected":false},"author":1,"featured_media":0,"parent":0,"menu_order":0,"comment_status":"closed","ping_status":"open","template":"","meta":{"_acf_changed":false,"footnotes":""},"class_list":["post-7201","page","type-page","status-publish","hentry"],"acf":[],"yoast_head":"<!-- This site is optimized with the Yoast SEO plugin v27.3 - https:\/\/yoast.com\/product\/yoast-seo-wordpress\/ -->\n<title>Chicago Abogados En Lesiones De Quemaduras - Sexner Injury Lawyers LLC<\/title>\n<meta name=\"description\" content=\"El equipo legal de Sexner Injury Lawyers LLC entiende esto, y queremos ayudar a usted y su familia.\" \/>\n<meta name=\"robots\" content=\"index, follow, max-snippet:-1, max-image-preview:large, max-video-preview:-1\" \/>\n<link rel=\"canonical\" href=\"https:\/\/chicagoinjurylawyer.net\/es\/quemaduras\/\" \/>\n<meta property=\"og:locale\" content=\"es_ES\" \/>\n<meta property=\"og:type\" content=\"article\" \/>\n<meta property=\"og:title\" content=\"Chicago Abogados En Lesiones De Quemaduras - Sexner Injury Lawyers LLC\" \/>\n<meta property=\"og:description\" content=\"El equipo legal de Sexner Injury Lawyers LLC entiende esto, y queremos ayudar a usted y su familia.\" \/>\n<meta property=\"og:url\" content=\"https:\/\/chicagoinjurylawyer.net\/es\/quemaduras\/\" \/>\n<meta property=\"og:site_name\" content=\"Sexner Injury Lawyers LLC\" \/>\n<meta property=\"article:modified_time\" content=\"2022-01-07T21:22:54+00:00\" \/>\n<meta property=\"og:image\" content=\"https:\/\/chicagoinjurylawyer.net\/wp-content\/uploads\/2022\/01\/Abogados-de-Lesiones-por-Quemaduras-en-Chicago.jpg\" \/>\n<meta name=\"twitter:card\" content=\"summary_large_image\" \/>\n<meta name=\"twitter:label1\" content=\"Tiempo de lectura\" \/>\n\t<meta name=\"twitter:data1\" content=\"3 minutos\" \/>\n<!-- \/ Yoast SEO plugin. -->","yoast_head_json":{"title":"Chicago Abogados En Lesiones De Quemaduras - Sexner Injury Lawyers LLC","description":"El equipo legal de Sexner Injury Lawyers LLC entiende esto, y queremos ayudar a usted y su familia.","robots":{"index":"index","follow":"follow","max-snippet":"max-snippet:-1","max-image-preview":"max-image-preview:large","max-video-preview":"max-video-preview:-1"},"canonical":"https:\/\/chicagoinjurylawyer.net\/es\/quemaduras\/","og_locale":"es_ES","og_type":"article","og_title":"Chicago Abogados En Lesiones De Quemaduras - Sexner Injury Lawyers LLC","og_description":"El equipo legal de Sexner Injury Lawyers LLC entiende esto, y queremos ayudar a usted y su familia.","og_url":"https:\/\/chicagoinjurylawyer.net\/es\/quemaduras\/","og_site_name":"Sexner Injury Lawyers LLC","article_modified_time":"2022-01-07T21:22:54+00:00","og_image":[{"url":"https:\/\/chicagoinjurylawyer.net\/wp-content\/uploads\/2022\/01\/Abogados-de-Lesiones-por-Quemaduras-en-Chicago.jpg","type":"","width":"","height":""}],"twitter_card":"summary_large_image","twitter_misc":{"Tiempo de lectura":"3 minutos"},"schema":{"@context":"https:\/\/schema.org","@graph":[{"@type":"WebPage","@id":"https:\/\/chicagoinjurylawyer.net\/es\/quemaduras\/","url":"https:\/\/chicagoinjurylawyer.net\/es\/quemaduras\/","name":"Chicago Abogados En Lesiones De Quemaduras - Sexner Injury Lawyers LLC","isPartOf":{"@id":"https:\/\/chicagoinjurylawyer.net\/es\/#website"},"datePublished":"2019-06-26T10:43:46+00:00","dateModified":"2022-01-07T21:22:54+00:00","description":"El equipo legal de [firm-name] entiende esto, y queremos ayudar a usted y su familia.","inLanguage":"es","potentialAction":[{"@type":"ReadAction","target":["https:\/\/chicagoinjurylawyer.net\/es\/quemaduras\/"]}]},{"@type":"WebSite","@id":"https:\/\/chicagoinjurylawyer.net\/es\/#website","url":"https:\/\/chicagoinjurylawyer.net\/es\/","name":"Sexner Injury Lawyers LLC","description":"Chicago Personal Injury Attorneys","publisher":{"@id":"https:\/\/chicagoinjurylawyer.net\/es\/#organization"},"potentialAction":[{"@type":"SearchAction","target":{"@type":"EntryPoint","urlTemplate":"https:\/\/chicagoinjurylawyer.net\/es\/?s={search_term_string}"},"query-input":{"@type":"PropertyValueSpecification","valueRequired":true,"valueName":"search_term_string"}}],"inLanguage":"es"},{"@type":"Organization","@id":"https:\/\/chicagoinjurylawyer.net\/es\/#organization","name":"[firm-name]","url":"https:\/\/chicagoinjurylawyer.net\/es\/","logo":{"@type":"ImageObject","inLanguage":"es","@id":"https:\/\/chicagoinjurylawyer.net\/es\/#\/schema\/logo\/image\/","url":"https:\/\/chicagoinjurylawyer.net\/wp-content\/uploads\/2019\/06\/msx-logo-1.png","contentUrl":"https:\/\/chicagoinjurylawyer.net\/wp-content\/uploads\/2019\/06\/msx-logo-1.png","width":180,"height":83,"caption":"[firm-name]"},"image":{"@id":"https:\/\/chicagoinjurylawyer.net\/es\/#\/schema\/logo\/image\/"}}]}},"_links":{"self":[{"href":"https:\/\/chicagoinjurylawyer.net\/es\/wp-json\/wp\/v2\/pages\/7201","targetHints":{"allow":["GET"]}}],"collection":[{"href":"https:\/\/chicagoinjurylawyer.net\/es\/wp-json\/wp\/v2\/pages"}],"about":[{"href":"https:\/\/chicagoinjurylawyer.net\/es\/wp-json\/wp\/v2\/types\/page"}],"author":[{"embeddable":true,"href":"https:\/\/chicagoinjurylawyer.net\/es\/wp-json\/wp\/v2\/users\/1"}],"replies":[{"embeddable":true,"href":"https:\/\/chicagoinjurylawyer.net\/es\/wp-json\/wp\/v2\/comments?post=7201"}],"version-history":[{"count":7,"href":"https:\/\/chicagoinjurylawyer.net\/es\/wp-json\/wp\/v2\/pages\/7201\/revisions"}],"predecessor-version":[{"id":33043,"href":"https:\/\/chicagoinjurylawyer.net\/es\/wp-json\/wp\/v2\/pages\/7201\/revisions\/33043"}],"wp:attachment":[{"href":"https:\/\/chicagoinjurylawyer.net\/es\/wp-json\/wp\/v2\/media?parent=7201"}],"curies":[{"name":"wp","href":"https:\/\/api.w.org\/{rel}","templated":true}]}}