{"id":7219,"date":"2019-06-26T10:57:23","date_gmt":"2019-06-26T10:57:23","guid":{"rendered":"http:\/\/104.197.86.120\/?page_id=7219"},"modified":"2021-11-15T16:56:56","modified_gmt":"2021-11-15T22:56:56","slug":"lesiones-quimicas","status":"publish","type":"page","link":"https:\/\/chicagoinjurylawyer.net\/es\/lesiones-quimicas\/","title":{"rendered":"Lesiones Qu\u00edmicas"},"content":{"rendered":"<h1>Qu\u00edmica De Accidente De Lesiones Abogados<\/h1>\n<img decoding=\"async\" class=\"size-medium wp-image-7220 alignright\" src=\"\/wp-content\/uploads\/2019\/06\/Chemical-Injuries-resized-300x200.jpg\" alt=\"chemicals\" width=\"300\" height=\"200\" \/>\n<h2>Lesiones Qu\u00edmicas<\/h2>\n<p>Seg\u00fan la Administraci\u00f3n de Seguridad y Salud Laboral de los Estados Unidos. (OSHA), hay m\u00e1s de 43 millones de trabajadores hoy en d\u00eda que se ocupan de los productos qu\u00edmicos peligrosos en sus puestos de trabajo, y m\u00e1s de 5 millones de puestos de trabajo que albergan a estos productos qu\u00edmicos. Esto significa que un gran segmento de la poblaci\u00f3n puede estar en riesgo de exposici\u00f3n a sustancias qu\u00edmicas donde puedan producir lesiones.<\/p>\n<p>En t\u00e9rminos generales, hay dos formas de lesiones qu\u00edmicas que pueden ocurrir:<\/p>\n<ul>\n<li>Una persona puede inhalar una sustancia qu\u00edmica peligrosa, causando da\u00f1os en las v\u00edas respiratorias, los pulmones y fosas nasales.<\/li>\n<li>La piel de una persona puede entrar en contacto con una sustancia qu\u00edmica peligrosa, causando quemaduras qu\u00edmicas u otras reacciones cut\u00e1neas peligrosas.<\/li>\n<\/ul>\n<p>Si una persona inhala una sustancia qu\u00edmica peligrosa o su piel entra en contacto con ella, los efectos suelen ser inmediatos. Sin embargo, en algunos casos puede tomar a\u00f1os antes de que una v\u00edctima presenta s\u00edntomas directamente relacionados con la exposici\u00f3n qu\u00edmica. Por ejemplo, hay un raro tipo de c\u00e1ncer llamado mesotelioma que se sabe se desarrolla en personas que han estado expuestas al amianto, que es un mineral que se usa com\u00fanmente en productos como el aislamiento y otros materiales de construcci\u00f3n. A pesar de que la mayor\u00eda de las empresas dejaron de usar asbesto en sus productos a partir de la d\u00e9cada de 1980, miles de personas cada a\u00f1o son diagnosticadas con mesotelioma.<\/p>\n<p>Las lesiones qu\u00edmicas pueden tener un impacto f\u00edsico, emocional y financiero grave en la v\u00edctima. Algunas lesiones qu\u00edmicamente relacionados requieren tratamiento m\u00e9dico continuo y rehabilitaci\u00f3n. La persona lesionada podr\u00eda ser incapaz de trabajar temporalmente o permanentemente. La calidad de vida de la v\u00edctima nunca podr\u00e1 ser la misma, lo que tambi\u00e9n puede afectar la familia de la v\u00edctima.<\/p>\n<p>Si usted o un ser querido ha sido v\u00edctima de una lesi\u00f3n qu\u00edmica, el equipo legal de <a href=\"\/es\/\">Sexner Injury Lawyers LLC<\/a> puede ayudar. Sabemos que industrias como la construcci\u00f3n y la manufactura son lugares frecuentes de lesiones qu\u00edmicas, pero tambi\u00e9n sabemos que puede sufrir una lesi\u00f3n qu\u00edmica en cualquier lugar, desde un laboratorio de investigaci\u00f3n hasta un trabajo de oficina. Con nuestra red de abogados de lesiones personales con experiencia y conocimientos, podemos luchar para asegurar la calidad de su futuro. Ll\u00e1menos hoy para una consulta gratuita y as\u00ed poder revisar cuidadosamente los hechos de su caso. Nunca hay honorarios a menos que ganemos su caso.<\/p>\n","protected":false},"excerpt":{"rendered":"<p>Qu\u00edmica De Accidente De Lesiones Abogados Lesiones Qu\u00edmicas Seg\u00fan la Administraci\u00f3n de Seguridad y Salud Laboral de los Estados Unidos. (OSHA), hay m\u00e1s de 43 millones de trabajadores hoy en d\u00eda que se ocupan de los productos qu\u00edmicos peligrosos en sus puestos de trabajo, y m\u00e1s de 5 millones de puestos de trabajo que albergan [&hellip;]<\/p>\n","protected":false},"author":1,"featured_media":0,"parent":0,"menu_order":0,"comment_status":"closed","ping_status":"open","template":"","meta":{"_acf_changed":false,"footnotes":""},"class_list":["post-7219","page","type-page","status-publish","hentry"],"acf":[],"yoast_head":"<!-- This site is optimized with the Yoast SEO plugin v27.3 - https:\/\/yoast.com\/product\/yoast-seo-wordpress\/ -->\n<title>Chicago Qu\u00edmica De Accidente De Lesiones Abogados<\/title>\n<meta name=\"description\" content=\"Si usted o un ser querido ha sido v\u00edctima de una lesi\u00f3n qu\u00edmica, el equipo legal de Sexner Injury Lawyers LLC puede ayudar.\" \/>\n<meta name=\"robots\" content=\"index, follow, max-snippet:-1, max-image-preview:large, max-video-preview:-1\" \/>\n<link rel=\"canonical\" href=\"https:\/\/chicagoinjurylawyer.net\/es\/lesiones-quimicas\/\" \/>\n<meta property=\"og:locale\" content=\"es_ES\" \/>\n<meta property=\"og:type\" content=\"article\" \/>\n<meta property=\"og:title\" content=\"Chicago Qu\u00edmica De Accidente De Lesiones Abogados\" \/>\n<meta property=\"og:description\" content=\"Si usted o un ser querido ha sido v\u00edctima de una lesi\u00f3n qu\u00edmica, el equipo legal de Sexner Injury Lawyers LLC puede ayudar.\" \/>\n<meta property=\"og:url\" content=\"https:\/\/chicagoinjurylawyer.net\/es\/lesiones-quimicas\/\" \/>\n<meta property=\"og:site_name\" content=\"Sexner Injury Lawyers LLC\" \/>\n<meta property=\"article:modified_time\" content=\"2021-11-15T22:56:56+00:00\" \/>\n<meta property=\"og:image\" content=\"https:\/\/chicagoinjurylawyer.net\/wp-content\/uploads\/2019\/06\/Chemical-Injuries-resized-300x200.jpg\" \/>\n<meta name=\"twitter:card\" content=\"summary_large_image\" \/>\n<meta name=\"twitter:label1\" content=\"Tiempo de lectura\" \/>\n\t<meta name=\"twitter:data1\" content=\"2 minutos\" \/>\n<!-- \/ Yoast SEO plugin. -->","yoast_head_json":{"title":"Chicago Qu\u00edmica De Accidente De Lesiones Abogados","description":"Si usted o un ser querido ha sido v\u00edctima de una lesi\u00f3n qu\u00edmica, el equipo legal de Sexner Injury Lawyers LLC puede ayudar.","robots":{"index":"index","follow":"follow","max-snippet":"max-snippet:-1","max-image-preview":"max-image-preview:large","max-video-preview":"max-video-preview:-1"},"canonical":"https:\/\/chicagoinjurylawyer.net\/es\/lesiones-quimicas\/","og_locale":"es_ES","og_type":"article","og_title":"Chicago Qu\u00edmica De Accidente De Lesiones Abogados","og_description":"Si usted o un ser querido ha sido v\u00edctima de una lesi\u00f3n qu\u00edmica, el equipo legal de Sexner Injury Lawyers LLC puede ayudar.","og_url":"https:\/\/chicagoinjurylawyer.net\/es\/lesiones-quimicas\/","og_site_name":"Sexner Injury Lawyers LLC","article_modified_time":"2021-11-15T22:56:56+00:00","og_image":[{"url":"https:\/\/chicagoinjurylawyer.net\/wp-content\/uploads\/2019\/06\/Chemical-Injuries-resized-300x200.jpg","type":"","width":"","height":""}],"twitter_card":"summary_large_image","twitter_misc":{"Tiempo de lectura":"2 minutos"},"schema":{"@context":"https:\/\/schema.org","@graph":[{"@type":"WebPage","@id":"https:\/\/chicagoinjurylawyer.net\/es\/lesiones-quimicas\/","url":"https:\/\/chicagoinjurylawyer.net\/es\/lesiones-quimicas\/","name":"Chicago Qu\u00edmica De Accidente De Lesiones Abogados","isPartOf":{"@id":"https:\/\/chicagoinjurylawyer.net\/es\/#website"},"datePublished":"2019-06-26T10:57:23+00:00","dateModified":"2021-11-15T22:56:56+00:00","description":"Si usted o un ser querido ha sido v\u00edctima de una lesi\u00f3n qu\u00edmica, el equipo legal de [firm-name] puede ayudar.","inLanguage":"es","potentialAction":[{"@type":"ReadAction","target":["https:\/\/chicagoinjurylawyer.net\/es\/lesiones-quimicas\/"]}]},{"@type":"WebSite","@id":"https:\/\/chicagoinjurylawyer.net\/es\/#website","url":"https:\/\/chicagoinjurylawyer.net\/es\/","name":"Sexner Injury Lawyers LLC","description":"Chicago Personal Injury Attorneys","publisher":{"@id":"https:\/\/chicagoinjurylawyer.net\/es\/#organization"},"potentialAction":[{"@type":"SearchAction","target":{"@type":"EntryPoint","urlTemplate":"https:\/\/chicagoinjurylawyer.net\/es\/?s={search_term_string}"},"query-input":{"@type":"PropertyValueSpecification","valueRequired":true,"valueName":"search_term_string"}}],"inLanguage":"es"},{"@type":"Organization","@id":"https:\/\/chicagoinjurylawyer.net\/es\/#organization","name":"[firm-name]","url":"https:\/\/chicagoinjurylawyer.net\/es\/","logo":{"@type":"ImageObject","inLanguage":"es","@id":"https:\/\/chicagoinjurylawyer.net\/es\/#\/schema\/logo\/image\/","url":"https:\/\/chicagoinjurylawyer.net\/wp-content\/uploads\/2019\/06\/msx-logo-1.png","contentUrl":"https:\/\/chicagoinjurylawyer.net\/wp-content\/uploads\/2019\/06\/msx-logo-1.png","width":180,"height":83,"caption":"[firm-name]"},"image":{"@id":"https:\/\/chicagoinjurylawyer.net\/es\/#\/schema\/logo\/image\/"}}]}},"_links":{"self":[{"href":"https:\/\/chicagoinjurylawyer.net\/es\/wp-json\/wp\/v2\/pages\/7219","targetHints":{"allow":["GET"]}}],"collection":[{"href":"https:\/\/chicagoinjurylawyer.net\/es\/wp-json\/wp\/v2\/pages"}],"about":[{"href":"https:\/\/chicagoinjurylawyer.net\/es\/wp-json\/wp\/v2\/types\/page"}],"author":[{"embeddable":true,"href":"https:\/\/chicagoinjurylawyer.net\/es\/wp-json\/wp\/v2\/users\/1"}],"replies":[{"embeddable":true,"href":"https:\/\/chicagoinjurylawyer.net\/es\/wp-json\/wp\/v2\/comments?post=7219"}],"version-history":[{"count":4,"href":"https:\/\/chicagoinjurylawyer.net\/es\/wp-json\/wp\/v2\/pages\/7219\/revisions"}],"predecessor-version":[{"id":29347,"href":"https:\/\/chicagoinjurylawyer.net\/es\/wp-json\/wp\/v2\/pages\/7219\/revisions\/29347"}],"wp:attachment":[{"href":"https:\/\/chicagoinjurylawyer.net\/es\/wp-json\/wp\/v2\/media?parent=7219"}],"curies":[{"name":"wp","href":"https:\/\/api.w.org\/{rel}","templated":true}]}}