{"id":7223,"date":"2019-06-26T11:02:19","date_gmt":"2019-06-26T11:02:19","guid":{"rendered":"http:\/\/104.197.86.120\/?page_id=7223"},"modified":"2021-12-06T10:29:10","modified_gmt":"2021-12-06T16:29:10","slug":"lesiones-de-conciertos-y-deportivos","status":"publish","type":"page","link":"https:\/\/chicagoinjurylawyer.net\/es\/lesiones-de-conciertos-y-deportivos\/","title":{"rendered":"Concierto, Nightclub &#038; Lesiones Art\u00edculos De Eventos"},"content":{"rendered":"<h1>Abogados En Lesiones De Eventos De Conciertos Y Deportivos<\/h1>\n<h2><img decoding=\"async\" class=\"size-medium wp-image-7225 alignright\" src=\"\/wp-content\/uploads\/2019\/06\/Crowd-1-300x200.jpg\" alt=\"Crowd\" width=\"300\" height=\"200\" \/>Concierto, Nightclub &amp; Lesiones Art\u00edculos De Eventos<\/h2>\n<p>Aunque no es la primera cosa que la mayor\u00eda de la gente piensa cuando asiste a un concierto o un evento deportivo, el negocio detr\u00e1s de ese espect\u00e1culo o evento tiene una responsabilidad hacia la seguridad de los asistentes. No importa si el lugar en una tienda, una oficina, un hotel, un restaurante o un estadio, los que operan estos lugares tienen que tomar las precauciones necesarias para proteger a sus clientes. Afortunadamente, la mayor\u00eda de los due\u00f1os u operadores de negocios tienen en consideraci\u00f3n que la seguridad p\u00fablica sea primordial. Sin embargo, todav\u00eda hay empresas cuya principal preocupaci\u00f3n es el lucro, aun cuando significa poner en peligro la seguridad de sus clientes.<\/p>\n<p>A causa de algo que se llama \"responsabilidad de las premisas\", individuos o negocios podr\u00edan ser legalmente responsable de ciertas lesiones o accidentes que suceden en su propiedad. Los siguientes son s\u00f3lo algunos tipos de acciones negligentes (o falta de acciones) por los propietarios, promotores u organizadores de eventos:<\/p>\n<ul>\n<li>Pr\u00e1cticas de contrataci\u00f3n inadecuados o negligentes, como no poder hacer una verificaci\u00f3n de antecedentes de alguien que trabaja con ni\u00f1os<\/li>\n<li>La supervisi\u00f3n inadecuada, como no proporcionar los salvavidas en una piscina p\u00fablica<\/li>\n<li>Seguridad inadecuada o insuficiente, tales como no contratar guardias de seguridad entrenados en un lugar como un estadio o un club nocturno<\/li>\n<li>El hacinamiento, como superior a la capacidad de un lugar<\/li>\n<li>Seguridad de emergencia inadecuados, como el bloqueo o bloqueo de las salidas de emergencia<\/li>\n<\/ul>\n<p>Si usted o un ser querido ha sido lesionado en un evento de concierto, discoteca o deportiva, le recomendamos que busque el consejo de un abogado. Con m\u00e1s de 20 a\u00f1os de experiencia, una red de abogados de lesiones personales, nosotros le podemos ayudar con su caso. Hemos ayudado a personas que han sido heridas en conciertos, clubes nocturnos y eventos deportivos en el pasado, y de igual manera podemos ayudarle a usted. <a href=\"\/es\/contactenos\/\">Ll\u00e1menos hoy mismo para su consulta gratuita<\/a> y sin compromiso. Nosotros queremos que usted tenga la representaci\u00f3n que se merece.<\/p>\n","protected":false},"excerpt":{"rendered":"<p>Abogados En Lesiones De Eventos De Conciertos Y Deportivos Concierto, Nightclub &amp; Lesiones Art\u00edculos De Eventos Aunque no es la primera cosa que la mayor\u00eda de la gente piensa cuando asiste a un concierto o un evento deportivo, el negocio detr\u00e1s de ese espect\u00e1culo o evento tiene una responsabilidad hacia la seguridad de los asistentes. [&hellip;]<\/p>\n","protected":false},"author":1,"featured_media":0,"parent":0,"menu_order":0,"comment_status":"closed","ping_status":"open","template":"","meta":{"_acf_changed":false,"footnotes":""},"class_list":["post-7223","page","type-page","status-publish","hentry"],"acf":[],"yoast_head":"<!-- This site is optimized with the Yoast SEO plugin v27.4 - https:\/\/yoast.com\/product\/yoast-seo-wordpress\/ -->\n<title>Abogados En Leciones De Eventos De Conciertos Y Deportivos - Sexner Injury Lawyers LLC<\/title>\n<meta name=\"robots\" content=\"index, follow, max-snippet:-1, max-image-preview:large, max-video-preview:-1\" \/>\n<link rel=\"canonical\" href=\"https:\/\/chicagoinjurylawyer.net\/es\/lesiones-de-conciertos-y-deportivos\/\" \/>\n<meta property=\"og:locale\" content=\"es_ES\" \/>\n<meta property=\"og:type\" content=\"article\" \/>\n<meta property=\"og:title\" content=\"Abogados En Leciones De Eventos De Conciertos Y Deportivos - Sexner Injury Lawyers LLC\" \/>\n<meta property=\"og:description\" content=\"Abogados En Lesiones De Eventos De Conciertos Y Deportivos Concierto, Nightclub &amp; Lesiones Art\u00edculos De Eventos Aunque no es la primera cosa que la mayor\u00eda de la gente piensa cuando asiste a un concierto o un evento deportivo, el negocio detr\u00e1s de ese espect\u00e1culo o evento tiene una responsabilidad hacia la seguridad de los asistentes. [&hellip;]\" \/>\n<meta property=\"og:url\" content=\"https:\/\/chicagoinjurylawyer.net\/es\/lesiones-de-conciertos-y-deportivos\/\" \/>\n<meta property=\"og:site_name\" content=\"Sexner Injury Lawyers LLC\" \/>\n<meta property=\"article:modified_time\" content=\"2021-12-06T16:29:10+00:00\" \/>\n<meta property=\"og:image\" content=\"https:\/\/chicagoinjurylawyer.net\/wp-content\/uploads\/2019\/06\/Crowd-1-300x200.jpg\" \/>\n<meta name=\"twitter:card\" content=\"summary_large_image\" \/>\n<meta name=\"twitter:label1\" content=\"Tiempo de lectura\" \/>\n\t<meta name=\"twitter:data1\" content=\"2 minutos\" \/>\n<!-- \/ Yoast SEO plugin. -->","yoast_head_json":{"title":"Abogados En Leciones De Eventos De Conciertos Y Deportivos - Sexner Injury Lawyers LLC","robots":{"index":"index","follow":"follow","max-snippet":"max-snippet:-1","max-image-preview":"max-image-preview:large","max-video-preview":"max-video-preview:-1"},"canonical":"https:\/\/chicagoinjurylawyer.net\/es\/lesiones-de-conciertos-y-deportivos\/","og_locale":"es_ES","og_type":"article","og_title":"Abogados En Leciones De Eventos De Conciertos Y Deportivos - Sexner Injury Lawyers LLC","og_description":"Abogados En Lesiones De Eventos De Conciertos Y Deportivos Concierto, Nightclub &amp; Lesiones Art\u00edculos De Eventos Aunque no es la primera cosa que la mayor\u00eda de la gente piensa cuando asiste a un concierto o un evento deportivo, el negocio detr\u00e1s de ese espect\u00e1culo o evento tiene una responsabilidad hacia la seguridad de los asistentes. [&hellip;]","og_url":"https:\/\/chicagoinjurylawyer.net\/es\/lesiones-de-conciertos-y-deportivos\/","og_site_name":"Sexner Injury Lawyers LLC","article_modified_time":"2021-12-06T16:29:10+00:00","og_image":[{"url":"https:\/\/chicagoinjurylawyer.net\/wp-content\/uploads\/2019\/06\/Crowd-1-300x200.jpg","type":"","width":"","height":""}],"twitter_card":"summary_large_image","twitter_misc":{"Tiempo de lectura":"2 minutos"},"schema":{"@context":"https:\/\/schema.org","@graph":[{"@type":"WebPage","@id":"https:\/\/chicagoinjurylawyer.net\/es\/lesiones-de-conciertos-y-deportivos\/","url":"https:\/\/chicagoinjurylawyer.net\/es\/lesiones-de-conciertos-y-deportivos\/","name":"Abogados En Leciones De Eventos De Conciertos Y Deportivos - Sexner Injury Lawyers LLC","isPartOf":{"@id":"https:\/\/chicagoinjurylawyer.net\/es\/#website"},"datePublished":"2019-06-26T11:02:19+00:00","dateModified":"2021-12-06T16:29:10+00:00","inLanguage":"es","potentialAction":[{"@type":"ReadAction","target":["https:\/\/chicagoinjurylawyer.net\/es\/lesiones-de-conciertos-y-deportivos\/"]}]},{"@type":"WebSite","@id":"https:\/\/chicagoinjurylawyer.net\/es\/#website","url":"https:\/\/chicagoinjurylawyer.net\/es\/","name":"Sexner Injury Lawyers LLC","description":"Chicago Personal Injury Attorneys","publisher":{"@id":"https:\/\/chicagoinjurylawyer.net\/es\/#organization"},"potentialAction":[{"@type":"SearchAction","target":{"@type":"EntryPoint","urlTemplate":"https:\/\/chicagoinjurylawyer.net\/es\/?s={search_term_string}"},"query-input":{"@type":"PropertyValueSpecification","valueRequired":true,"valueName":"search_term_string"}}],"inLanguage":"es"},{"@type":"Organization","@id":"https:\/\/chicagoinjurylawyer.net\/es\/#organization","name":"[firm-name]","url":"https:\/\/chicagoinjurylawyer.net\/es\/","logo":{"@type":"ImageObject","inLanguage":"es","@id":"https:\/\/chicagoinjurylawyer.net\/es\/#\/schema\/logo\/image\/","url":"https:\/\/chicagoinjurylawyer.net\/wp-content\/uploads\/2019\/06\/msx-logo-1.png","contentUrl":"https:\/\/chicagoinjurylawyer.net\/wp-content\/uploads\/2019\/06\/msx-logo-1.png","width":180,"height":83,"caption":"[firm-name]"},"image":{"@id":"https:\/\/chicagoinjurylawyer.net\/es\/#\/schema\/logo\/image\/"}}]}},"_links":{"self":[{"href":"https:\/\/chicagoinjurylawyer.net\/es\/wp-json\/wp\/v2\/pages\/7223","targetHints":{"allow":["GET"]}}],"collection":[{"href":"https:\/\/chicagoinjurylawyer.net\/es\/wp-json\/wp\/v2\/pages"}],"about":[{"href":"https:\/\/chicagoinjurylawyer.net\/es\/wp-json\/wp\/v2\/types\/page"}],"author":[{"embeddable":true,"href":"https:\/\/chicagoinjurylawyer.net\/es\/wp-json\/wp\/v2\/users\/1"}],"replies":[{"embeddable":true,"href":"https:\/\/chicagoinjurylawyer.net\/es\/wp-json\/wp\/v2\/comments?post=7223"}],"version-history":[{"count":4,"href":"https:\/\/chicagoinjurylawyer.net\/es\/wp-json\/wp\/v2\/pages\/7223\/revisions"}],"predecessor-version":[{"id":32589,"href":"https:\/\/chicagoinjurylawyer.net\/es\/wp-json\/wp\/v2\/pages\/7223\/revisions\/32589"}],"wp:attachment":[{"href":"https:\/\/chicagoinjurylawyer.net\/es\/wp-json\/wp\/v2\/media?parent=7223"}],"curies":[{"name":"wp","href":"https:\/\/api.w.org\/{rel}","templated":true}]}}