{"id":7230,"date":"2019-06-26T11:10:43","date_gmt":"2019-06-26T11:10:43","guid":{"rendered":"http:\/\/104.197.86.120\/?page_id=7230"},"modified":"2022-02-02T12:47:43","modified_gmt":"2022-02-02T18:47:43","slug":"accidentes-en-la-construccion","status":"publish","type":"page","link":"https:\/\/chicagoinjurylawyer.net\/es\/compensacion-de-trabajadores\/accidentes-en-la-construccion\/","title":{"rendered":"Abogados de Accidentes en la Construcci\u00f3n en Chicago"},"content":{"rendered":"<h1>Abogado de Accidentes de Construcci\u00f3n de Chicago<\/h1>\n<p><img decoding=\"async\" class=\"alignright wp-image-33475\" src=\"\/wp-content\/uploads\/2022\/02\/Abogados-de-Lesiones-Infantiles-en-Chicago-1.jpg\" alt=\"Abogados de Lesiones Infantiles en Chicago\" width=\"400\" height=\"267\" srcset=\"https:\/\/chicagoinjurylawyer.net\/wp-content\/uploads\/2022\/02\/Abogados-de-Lesiones-Infantiles-en-Chicago-1.jpg 1000w, https:\/\/chicagoinjurylawyer.net\/wp-content\/uploads\/2022\/02\/Abogados-de-Lesiones-Infantiles-en-Chicago-1-300x200.jpg 300w, https:\/\/chicagoinjurylawyer.net\/wp-content\/uploads\/2022\/02\/Abogados-de-Lesiones-Infantiles-en-Chicago-1-768x512.jpg 768w\" sizes=\"(max-width: 400px) 100vw, 400px\" \/>La mayor\u00eda de los trabajadores de la construcci\u00f3n saben que trabajar en un sitio de construcci\u00f3n es extremadamente peligroso. Cualquier trabajador de la construcci\u00f3n empleado que sufra una lesi\u00f3n mientras realiza sus tareas laborales es elegible para buscar beneficios a trav\u00e9s del sistema de <a href=\"\/es\/compensacion-de-trabajadores\/\">compensaci\u00f3n del trabajador<\/a>. Se pueden buscar beneficios para cubrir gastos m\u00e9dicos, un porcentaje de los salarios perdidos, as\u00ed como una discapacidad temporal, parcial o permanente.<\/p>\n<p>En ciertos casos, un trabajador de la construcci\u00f3n tambi\u00e9n puede presentar una demanda de terceros para buscar una compensaci\u00f3n m\u00e1s all\u00e1 de lo que se proporciona a trav\u00e9s del sistema de compensaci\u00f3n de trabajadores. Adem\u00e1s, se pueden presentar demandas contra empleadores cuya violaci\u00f3n de las regulaciones de <a href=\"\/es\/compensacion-de-trabajadores\/violaciones-de-osha\/\">OSHA<\/a> (Administraci\u00f3n de Seguridad y Salud Ocupacional)\u00a0 haya provocado lesiones graves o la muerte.<\/p>\n<h2>Tipos Comunes de Accidentes de Construcci\u00f3n<\/h2>\n<p>Cada a\u00f1o, miles de trabajadores se lesionan o <a href=\"\/es\/muerte-injusta\/\">mueren en accidentes<\/a> de construcci\u00f3n. Incluso cuando las normas de seguridad y el equipo de seguridad aprobado est\u00e1n en uso y en su lugar, los accidentes pueden ocurrir y ocurren. Con toda la maquinaria, herramientas y equipo pesado asociados con el oficio, los trabajadores de la construcci\u00f3n enfrentan un mayor riesgo de accidentes. Algunos de los tipos m\u00e1s comunes de accidentes de construcci\u00f3n incluyen:<\/p>\n<ul>\n<li>Ca\u00eddas (ya sea desde altura, resbal\u00f3n o tropiezo)<\/li>\n<li>Golpeado por un objeto<\/li>\n<li>Electrocuci\u00f3n<\/li>\n<li>Quedarse atrapado en la <a href=\"\/es\/compensacion-de-trabajadores\/accidentes-de-maquinaria\/\">maquinaria<\/a> y otros objetos o entre ellos<\/li>\n<\/ul>\n<h2>Lesiones en Sitios de Construcci\u00f3n<\/h2>\n<p>Las lesiones en el sitio de construcci\u00f3n pueden causar una cantidad significativa de da\u00f1o. En casos menores, un trabajador puede necesitar fisioterapia o tiempo fuera del trabajo para recuperarse por completo. En accidentes de construcci\u00f3n m\u00e1s graves, un trabajador podr\u00eda sufrir lesiones catastr\u00f3ficas o debilitantes. Las lesiones graves a menudo requieren un tratamiento m\u00e9dico extenso y cuidados a largo plazo.<\/p>\n<p>Si la gravedad de la lesi\u00f3n impide que un trabajador pueda volver a trabajar en la industria de la construcci\u00f3n, puede ser necesario un cambio de carrera y una nueva capacitaci\u00f3n. Los costos relacionados con el tratamiento y la atenci\u00f3n se compensan y pueden perseguirse con la ayuda de un abogado familiarizado con el sistema de compensaci\u00f3n para trabajadores en Illinois.<\/p>\n<h2>Contrate a un Abogado con Experiencia en Accidentes de Construcci\u00f3n en Chicago<\/h2>\n<p><img decoding=\"async\" class=\"size-medium wp-image-7231 alignright\" src=\"\/wp-content\/uploads\/2019\/06\/Construction-Site-Accidents-resized-1-300x200.jpg\" alt=\"Construction Helmet\" width=\"300\" height=\"200\" \/>En Sexner Injury Lawyers LLC, puede confiar en que nuestros abogados de lesiones laborales en Chicago trabajar\u00e1n arduamente para ayudarlo a buscar una compensaci\u00f3n justa y equitativa. Independientemente del alcance de sus lesiones, nuestra firma abogar\u00e1 agresivamente en su nombre para asegurarse de que sus derechos e intereses est\u00e9n protegidos.<\/p>\n<p>Si ha resultado <a href=\"\/es\/\">lesionado en un accidente<\/a> de construcci\u00f3n, llame a Sexner Injury Lawyers LLC hoy. Hable con un abogado con experiencia en accidentes de construcci\u00f3n en Chicago. Estamos disponibles para responder sus preguntas, asesorarlo sobre sus derechos legales y ayudarlo a obtener la <a href=\"\/es\/nuestro-exito\/\">compensaci\u00f3n que se merece<\/a>.<\/p>\n<p>Comun\u00edquese con Sexner Injury Lawyers LLC al <a href=\"tel:3122439922\">(312) 243-9922<\/a> para discutir su situaci\u00f3n sin costo ni obligaci\u00f3n.<\/p>\n","protected":false},"excerpt":{"rendered":"<p>Abogado de Accidentes de Construcci\u00f3n de Chicago La mayor\u00eda de los trabajadores de la construcci\u00f3n saben que trabajar en un sitio de construcci\u00f3n es extremadamente peligroso. Cualquier trabajador de la construcci\u00f3n empleado que sufra una lesi\u00f3n mientras realiza sus tareas laborales es elegible para buscar beneficios a trav\u00e9s del sistema de compensaci\u00f3n del trabajador. Se [&hellip;]<\/p>\n","protected":false},"author":1,"featured_media":0,"parent":7790,"menu_order":0,"comment_status":"closed","ping_status":"open","template":"","meta":{"_acf_changed":false,"footnotes":""},"class_list":["post-7230","page","type-page","status-publish","hentry"],"acf":[],"yoast_head":"<!-- This site is optimized with the Yoast SEO plugin v27.4 - https:\/\/yoast.com\/product\/yoast-seo-wordpress\/ -->\n<title>Abogados de Accidentes en la Construcci\u00f3n en Chicago - Sexner Injury Lawyers LLC<\/title>\n<meta name=\"description\" content=\"Si usted o un ser querido ha sido lesionado como resultado de un accidente de construcci\u00f3n, el equipo legal de Sexner Injury Lawyers LLC puede ayudar a proteger sus derechos.\" \/>\n<meta name=\"robots\" content=\"index, follow, max-snippet:-1, max-image-preview:large, max-video-preview:-1\" \/>\n<link rel=\"canonical\" href=\"https:\/\/chicagoinjurylawyer.net\/es\/compensacion-de-trabajadores\/accidentes-en-la-construccion\/\" \/>\n<meta property=\"og:locale\" content=\"es_ES\" \/>\n<meta property=\"og:type\" content=\"article\" \/>\n<meta property=\"og:title\" content=\"Abogados de Accidentes en la Construcci\u00f3n en Chicago - Sexner Injury Lawyers LLC\" \/>\n<meta property=\"og:description\" content=\"Si usted o un ser querido ha sido lesionado como resultado de un accidente de construcci\u00f3n, el equipo legal de Sexner Injury Lawyers LLC puede ayudar a proteger sus derechos.\" \/>\n<meta property=\"og:url\" content=\"https:\/\/chicagoinjurylawyer.net\/es\/compensacion-de-trabajadores\/accidentes-en-la-construccion\/\" \/>\n<meta property=\"og:site_name\" content=\"Sexner Injury Lawyers LLC\" \/>\n<meta property=\"article:modified_time\" content=\"2022-02-02T18:47:43+00:00\" \/>\n<meta property=\"og:image\" content=\"https:\/\/chicagoinjurylawyer.net\/wp-content\/uploads\/2022\/02\/Abogados-de-Lesiones-Infantiles-en-Chicago-1.jpg\" \/>\n<meta name=\"twitter:card\" content=\"summary_large_image\" \/>\n<meta name=\"twitter:label1\" content=\"Tiempo de lectura\" \/>\n\t<meta name=\"twitter:data1\" content=\"3 minutos\" \/>\n<!-- \/ Yoast SEO plugin. -->","yoast_head_json":{"title":"Abogados de Accidentes en la Construcci\u00f3n en Chicago - Sexner Injury Lawyers LLC","description":"Si usted o un ser querido ha sido lesionado como resultado de un accidente de construcci\u00f3n, el equipo legal de Sexner Injury Lawyers LLC puede ayudar a proteger sus derechos.","robots":{"index":"index","follow":"follow","max-snippet":"max-snippet:-1","max-image-preview":"max-image-preview:large","max-video-preview":"max-video-preview:-1"},"canonical":"https:\/\/chicagoinjurylawyer.net\/es\/compensacion-de-trabajadores\/accidentes-en-la-construccion\/","og_locale":"es_ES","og_type":"article","og_title":"Abogados de Accidentes en la Construcci\u00f3n en Chicago - Sexner Injury Lawyers LLC","og_description":"Si usted o un ser querido ha sido lesionado como resultado de un accidente de construcci\u00f3n, el equipo legal de Sexner Injury Lawyers LLC puede ayudar a proteger sus derechos.","og_url":"https:\/\/chicagoinjurylawyer.net\/es\/compensacion-de-trabajadores\/accidentes-en-la-construccion\/","og_site_name":"Sexner Injury Lawyers LLC","article_modified_time":"2022-02-02T18:47:43+00:00","og_image":[{"url":"https:\/\/chicagoinjurylawyer.net\/wp-content\/uploads\/2022\/02\/Abogados-de-Lesiones-Infantiles-en-Chicago-1.jpg","type":"","width":"","height":""}],"twitter_card":"summary_large_image","twitter_misc":{"Tiempo de lectura":"3 minutos"},"schema":{"@context":"https:\/\/schema.org","@graph":[{"@type":"WebPage","@id":"https:\/\/chicagoinjurylawyer.net\/es\/compensacion-de-trabajadores\/accidentes-en-la-construccion\/","url":"https:\/\/chicagoinjurylawyer.net\/es\/compensacion-de-trabajadores\/accidentes-en-la-construccion\/","name":"Abogados de Accidentes en la Construcci\u00f3n en Chicago - Sexner Injury Lawyers LLC","isPartOf":{"@id":"https:\/\/chicagoinjurylawyer.net\/es\/#website"},"datePublished":"2019-06-26T11:10:43+00:00","dateModified":"2022-02-02T18:47:43+00:00","description":"Si usted o un ser querido ha sido lesionado como resultado de un accidente de construcci\u00f3n, el equipo legal de [firm-name] puede ayudar a proteger sus derechos.","breadcrumb":{"@id":"https:\/\/chicagoinjurylawyer.net\/es\/compensacion-de-trabajadores\/accidentes-en-la-construccion\/#breadcrumb"},"inLanguage":"es","potentialAction":[{"@type":"ReadAction","target":["https:\/\/chicagoinjurylawyer.net\/es\/compensacion-de-trabajadores\/accidentes-en-la-construccion\/"]}]},{"@type":"BreadcrumbList","@id":"https:\/\/chicagoinjurylawyer.net\/es\/compensacion-de-trabajadores\/accidentes-en-la-construccion\/#breadcrumb","itemListElement":[{"@type":"ListItem","position":1,"name":"Compensaci\u00f3n De Trabajadores","item":"https:\/\/chicagoinjurylawyer.net\/es\/compensacion-de-trabajadores\/"},{"@type":"ListItem","position":2,"name":"Abogados de Accidentes en la Construcci\u00f3n en Chicago"}]},{"@type":"WebSite","@id":"https:\/\/chicagoinjurylawyer.net\/es\/#website","url":"https:\/\/chicagoinjurylawyer.net\/es\/","name":"Sexner Injury Lawyers LLC","description":"Chicago Personal Injury Attorneys","publisher":{"@id":"https:\/\/chicagoinjurylawyer.net\/es\/#organization"},"potentialAction":[{"@type":"SearchAction","target":{"@type":"EntryPoint","urlTemplate":"https:\/\/chicagoinjurylawyer.net\/es\/?s={search_term_string}"},"query-input":{"@type":"PropertyValueSpecification","valueRequired":true,"valueName":"search_term_string"}}],"inLanguage":"es"},{"@type":"Organization","@id":"https:\/\/chicagoinjurylawyer.net\/es\/#organization","name":"[firm-name]","url":"https:\/\/chicagoinjurylawyer.net\/es\/","logo":{"@type":"ImageObject","inLanguage":"es","@id":"https:\/\/chicagoinjurylawyer.net\/es\/#\/schema\/logo\/image\/","url":"https:\/\/chicagoinjurylawyer.net\/wp-content\/uploads\/2019\/06\/msx-logo-1.png","contentUrl":"https:\/\/chicagoinjurylawyer.net\/wp-content\/uploads\/2019\/06\/msx-logo-1.png","width":180,"height":83,"caption":"[firm-name]"},"image":{"@id":"https:\/\/chicagoinjurylawyer.net\/es\/#\/schema\/logo\/image\/"}}]}},"_links":{"self":[{"href":"https:\/\/chicagoinjurylawyer.net\/es\/wp-json\/wp\/v2\/pages\/7230","targetHints":{"allow":["GET"]}}],"collection":[{"href":"https:\/\/chicagoinjurylawyer.net\/es\/wp-json\/wp\/v2\/pages"}],"about":[{"href":"https:\/\/chicagoinjurylawyer.net\/es\/wp-json\/wp\/v2\/types\/page"}],"author":[{"embeddable":true,"href":"https:\/\/chicagoinjurylawyer.net\/es\/wp-json\/wp\/v2\/users\/1"}],"replies":[{"embeddable":true,"href":"https:\/\/chicagoinjurylawyer.net\/es\/wp-json\/wp\/v2\/comments?post=7230"}],"version-history":[{"count":7,"href":"https:\/\/chicagoinjurylawyer.net\/es\/wp-json\/wp\/v2\/pages\/7230\/revisions"}],"predecessor-version":[{"id":33477,"href":"https:\/\/chicagoinjurylawyer.net\/es\/wp-json\/wp\/v2\/pages\/7230\/revisions\/33477"}],"up":[{"embeddable":true,"href":"https:\/\/chicagoinjurylawyer.net\/es\/wp-json\/wp\/v2\/pages\/7790"}],"wp:attachment":[{"href":"https:\/\/chicagoinjurylawyer.net\/es\/wp-json\/wp\/v2\/media?parent=7230"}],"curies":[{"name":"wp","href":"https:\/\/api.w.org\/{rel}","templated":true}]}}