{"id":7239,"date":"2019-06-26T11:29:28","date_gmt":"2019-06-26T11:29:28","guid":{"rendered":"http:\/\/104.197.86.120\/?page_id=7239"},"modified":"2022-02-02T13:23:15","modified_gmt":"2022-02-02T19:23:15","slug":"conductores-ebrios","status":"publish","type":"page","link":"https:\/\/chicagoinjurylawyer.net\/es\/accidentes-de-trafico\/conductores-ebrios\/","title":{"rendered":"Accidentes Por Conducir Ebrios"},"content":{"rendered":"<h1>Abogados de Accidentes Automovil\u00edsticos por DUI de Chicago<\/h1>\n<h2>\u00bfLesionado por un Conductor Ebrio? Llame al (312) 243-9922<\/h2>\n<p><img decoding=\"async\" class=\"size-medium wp-image-7240 alignright\" src=\"\/wp-content\/uploads\/2019\/06\/Drunk-Driving-Accidents-300x200.jpg\" alt=\"Broken Glass in the road\" width=\"300\" height=\"200\" \/>A pesar de las campa\u00f1as de informaci\u00f3n p\u00fablica, los puestos de control de DWI y los bombardeos de conducci\u00f3n bajo los efectos del alcohol en las fuerzas del orden p\u00fablico durante los d\u00edas festivos, la conducci\u00f3n bajo los efectos del alcohol sigue siendo una de las principales causas de muertes por accidentes de tr\u00e1fico en los EE. UU. Lo que representa el 31% de todas las muertes por accidentes de tr\u00e1nsito.<\/p>\n<p>Los conductores ebrios, cuando son condenados, enfrentan severas sanciones penales, la posible p\u00e9rdida de sus privilegios de conducir y antecedentes penales que pueden afectar el resto de sus vidas. Tambi\u00e9n se les puede responsabilizar por las <a href=\"\/es\/\">lesiones<\/a>, el dolor y la angustia que causan en las demandas civiles presentadas por sus v\u00edctimas.<\/p>\n<h2>\u00bfFue Lesionado por un Conductor Ebrio?<\/h2>\n<p>Si ha resultado gravemente herido en un accidente causado por un conductor ebrio, es importante hablar con un abogado experimentado lo antes posible. Es posible que tenga derecho a presentar una reclamaci\u00f3n por las p\u00e9rdidas que ha sufrido, incluidos los gastos m\u00e9dicos, la p\u00e9rdida de ingresos y el dolor y sufrimiento f\u00edsico y emocional. En el caso de la tr\u00e1gica p\u00e9rdida de un ser querido, es posible que tenga derecho a presentar una demanda por <a href=\"\/es\/muerte-injusta\/\">muerte por negligencia<\/a>.<\/p>\n<p>Nuestros abogados de accidentes por conductores ebrios en Chicago de Sexner Injury Lawyers LLC tienen las habilidades, el conocimiento y los recursos para brindarle la representaci\u00f3n de alta calidad que necesita. Somos compasivos, profesionales y estamos comprometidos a buscar agresivamente la <a href=\"\/es\/nuestro-exito\/\">compensaci\u00f3n m\u00e1xima<\/a> para las personas que han sido lesionadas por un conductor ebrio.<\/p>\n<h2>Estad\u00edsticas de Conducci\u00f3n en Estado de Ebriedad en Illinois<\/h2>\n<p>En su informe de Datos y Estad\u00edsticas de Accidentes de Illinois de 2014, el Departamento de Transporte (DOT) proporciona informaci\u00f3n sobre accidentes por conductores ebrios en todo el estado en 2014, el a\u00f1o m\u00e1s reciente para el cual las estad\u00edsticas est\u00e1n disponibles actualmente. DOT informa que:<\/p>\n<ul>\n<li>El 30.4% de todas las muertes por accidentes de tr\u00e1fico estaban relacionadas con el alcohol.<\/li>\n<li>El 38.9% de los 580 conductores que murieron en accidentes automovil\u00edsticos dieron positivo en el contenido de alcohol en sangre.<\/li>\n<li>El 48.6% de los peatones muertos en accidentes de tr\u00e1fico dieron positivo por contenido de alcohol en sangre.<\/li>\n<li>El 3.4% de los conductores adolescentes involucrados en accidentes de tr\u00e1nsito dieron positivo en el contenido de alcohol en sangre.<\/li>\n<li>El 36% de los accidentes mortales relacionados con el alcohol ocurrieron entre las 12:00 y las 3:59 a.m.<\/li>\n<li>El 25% de los accidentes fatales por conducir en estado de ebriedad ocurrieron los domingos.<\/li>\n<li>El 23% de las muertes relacionadas con el alcohol ocurrieron los s\u00e1bados.<\/li>\n<\/ul>\n<h2>Accidentes por Conducir Ebrio: Una Epidemia<\/h2>\n<p>Muchas personas consumen alcohol durante las vacaciones y, lamentablemente, se producen m\u00e1s muertes por conductores ebrios durante los d\u00edas de celebraci\u00f3n. Personas en Illinois murieron en accidentes automovil\u00edsticos relacionados con el alcohol en estos d\u00edas festivos nacionales, en orden descendente de la proporci\u00f3n del total de muertes por accidentes de tr\u00e1fico durante el per\u00edodo de tiempo de vacaciones (3.25 a 4.25 d\u00edas):<\/p>\n<ul>\n<li>A\u00f1o nuevo: 50%<\/li>\n<li>Navidad: 42.9%<\/li>\n<li>Acci\u00f3n de gracias: 26.7%<\/li>\n<li>D\u00eda de los Ca\u00eddos: 25%<\/li>\n<li>D\u00eda del Trabajo: 18.8%<\/li>\n<li>Cuatro de julio: 16.7%<\/li>\n<\/ul>\n<h2>Comun\u00edquese con Nuestros Abogados de V\u00edctimas de Accidentes Automovil\u00edsticos por DUI en Chicago<\/h2>\n<p><img decoding=\"async\" class=\"alignright wp-image-33494\" src=\"\/wp-content\/uploads\/2022\/02\/Abogados-de-Accidentes-Automovili\u0301sticos-por-DUI-de-Chicago.jpg\" alt=\"Abogados de Accidentes Automovil\u00edsticos por DUI de Chicago\" width=\"400\" height=\"268\" srcset=\"https:\/\/chicagoinjurylawyer.net\/wp-content\/uploads\/2022\/02\/Abogados-de-Accidentes-Automovili\u0301sticos-por-DUI-de-Chicago.jpg 1000w, https:\/\/chicagoinjurylawyer.net\/wp-content\/uploads\/2022\/02\/Abogados-de-Accidentes-Automovili\u0301sticos-por-DUI-de-Chicago-300x201.jpg 300w, https:\/\/chicagoinjurylawyer.net\/wp-content\/uploads\/2022\/02\/Abogados-de-Accidentes-Automovili\u0301sticos-por-DUI-de-Chicago-768x514.jpg 768w\" sizes=\"(max-width: 400px) 100vw, 400px\" \/>Si est\u00e1 buscando una compensaci\u00f3n por las lesiones causadas por un conductor ebrio, consulte con un abogado con experiencia en accidentes automovil\u00edsticos en Chicago de inmediato. Su accidente debe investigarse lo antes posible para que se obtengan y conserven pruebas vitales en su caso.<\/p>\n<p>En Sexner Injury Lawyers LLC, representamos a personas que han sido perjudicadas por conductores ebrios. Nuestros abogados han sido nombrados entre los 100 mejores abogados litigantes de National Trial Lawyers. Hemos sido galardonados con 10.0 Excelente calificaci\u00f3n Avvo y Martindale-Hubbell\u00ae AV Preeminent\u00ae Rating.<\/p>\n<p>Comun\u00edquese con nuestros abogados de lesiones en Chicago al <a href=\"tel:3122439922\">(312) 243-9922<\/a> para una consulta de caso gratuita sin compromiso. Puede tener la confianza de que su caso de accidente automovil\u00edstico por conducir ebrio est\u00e1 en buenas manos con nuestra firma.<\/p>\n","protected":false},"excerpt":{"rendered":"<p>Abogados de Accidentes Automovil\u00edsticos por DUI de Chicago \u00bfLesionado por un Conductor Ebrio? Llame al A pesar de las campa\u00f1as de informaci\u00f3n p\u00fablica, los puestos de control de DWI y los bombardeos de conducci\u00f3n bajo los efectos del alcohol en las fuerzas del orden p\u00fablico durante los d\u00edas festivos, la conducci\u00f3n bajo los efectos del [&hellip;]<\/p>\n","protected":false},"author":1,"featured_media":0,"parent":3804,"menu_order":0,"comment_status":"closed","ping_status":"open","template":"","meta":{"_acf_changed":false,"footnotes":""},"class_list":["post-7239","page","type-page","status-publish","hentry"],"acf":[],"yoast_head":"<!-- This site is optimized with the Yoast SEO plugin v27.4 - https:\/\/yoast.com\/product\/yoast-seo-wordpress\/ -->\n<title>Ayuda A Las V\u00edctimas De Accidentes Por Ebriedad en Chicago - Sexner Injury Lawyers LLC<\/title>\n<meta name=\"description\" content=\"Si un miembro de la familia ha sido asesinado por un conductor ebrio, usted merece justicia. El equipo legal de Sexner Injury Lawyers LLC puede ayudarle a conseguir que se le haga justicia.\" \/>\n<meta name=\"robots\" content=\"index, follow, max-snippet:-1, max-image-preview:large, max-video-preview:-1\" \/>\n<link rel=\"canonical\" href=\"https:\/\/chicagoinjurylawyer.net\/es\/accidentes-de-trafico\/conductores-ebrios\/\" \/>\n<meta property=\"og:locale\" content=\"es_ES\" \/>\n<meta property=\"og:type\" content=\"article\" \/>\n<meta property=\"og:title\" content=\"Ayuda A Las V\u00edctimas De Accidentes Por Ebriedad en Chicago - Sexner Injury Lawyers LLC\" \/>\n<meta property=\"og:description\" content=\"Si un miembro de la familia ha sido asesinado por un conductor ebrio, usted merece justicia. El equipo legal de Sexner Injury Lawyers LLC puede ayudarle a conseguir que se le haga justicia.\" \/>\n<meta property=\"og:url\" content=\"https:\/\/chicagoinjurylawyer.net\/es\/accidentes-de-trafico\/conductores-ebrios\/\" \/>\n<meta property=\"og:site_name\" content=\"Sexner Injury Lawyers LLC\" \/>\n<meta property=\"article:modified_time\" content=\"2022-02-02T19:23:15+00:00\" \/>\n<meta property=\"og:image\" content=\"https:\/\/chicagoinjurylawyer.net\/wp-content\/uploads\/2019\/06\/Drunk-Driving-Accidents-300x200.jpg\" \/>\n<meta name=\"twitter:card\" content=\"summary_large_image\" \/>\n<meta name=\"twitter:label1\" content=\"Tiempo de lectura\" \/>\n\t<meta name=\"twitter:data1\" content=\"4 minutos\" \/>\n<!-- \/ Yoast SEO plugin. -->","yoast_head_json":{"title":"Ayuda A Las V\u00edctimas De Accidentes Por Ebriedad en Chicago - Sexner Injury Lawyers LLC","description":"Si un miembro de la familia ha sido asesinado por un conductor ebrio, usted merece justicia. El equipo legal de Sexner Injury Lawyers LLC puede ayudarle a conseguir que se le haga justicia.","robots":{"index":"index","follow":"follow","max-snippet":"max-snippet:-1","max-image-preview":"max-image-preview:large","max-video-preview":"max-video-preview:-1"},"canonical":"https:\/\/chicagoinjurylawyer.net\/es\/accidentes-de-trafico\/conductores-ebrios\/","og_locale":"es_ES","og_type":"article","og_title":"Ayuda A Las V\u00edctimas De Accidentes Por Ebriedad en Chicago - Sexner Injury Lawyers LLC","og_description":"Si un miembro de la familia ha sido asesinado por un conductor ebrio, usted merece justicia. El equipo legal de Sexner Injury Lawyers LLC puede ayudarle a conseguir que se le haga justicia.","og_url":"https:\/\/chicagoinjurylawyer.net\/es\/accidentes-de-trafico\/conductores-ebrios\/","og_site_name":"Sexner Injury Lawyers LLC","article_modified_time":"2022-02-02T19:23:15+00:00","og_image":[{"url":"https:\/\/chicagoinjurylawyer.net\/wp-content\/uploads\/2019\/06\/Drunk-Driving-Accidents-300x200.jpg","type":"","width":"","height":""}],"twitter_card":"summary_large_image","twitter_misc":{"Tiempo de lectura":"4 minutos"},"schema":{"@context":"https:\/\/schema.org","@graph":[{"@type":"WebPage","@id":"https:\/\/chicagoinjurylawyer.net\/es\/accidentes-de-trafico\/conductores-ebrios\/","url":"https:\/\/chicagoinjurylawyer.net\/es\/accidentes-de-trafico\/conductores-ebrios\/","name":"Ayuda A Las V\u00edctimas De Accidentes Por Ebriedad en Chicago - Sexner Injury Lawyers LLC","isPartOf":{"@id":"https:\/\/chicagoinjurylawyer.net\/es\/#website"},"datePublished":"2019-06-26T11:29:28+00:00","dateModified":"2022-02-02T19:23:15+00:00","description":"Si un miembro de la familia ha sido asesinado por un conductor ebrio, usted merece justicia. El equipo legal de [firm-name] puede ayudarle a conseguir que se le haga justicia.","breadcrumb":{"@id":"https:\/\/chicagoinjurylawyer.net\/es\/accidentes-de-trafico\/conductores-ebrios\/#breadcrumb"},"inLanguage":"es","potentialAction":[{"@type":"ReadAction","target":["https:\/\/chicagoinjurylawyer.net\/es\/accidentes-de-trafico\/conductores-ebrios\/"]}]},{"@type":"BreadcrumbList","@id":"https:\/\/chicagoinjurylawyer.net\/es\/accidentes-de-trafico\/conductores-ebrios\/#breadcrumb","itemListElement":[{"@type":"ListItem","position":1,"name":"Accidentes De Tr\u00e1fico","item":"https:\/\/chicagoinjurylawyer.net\/es\/accidentes-de-trafico\/"},{"@type":"ListItem","position":2,"name":"Accidentes Por Conducir Ebrios"}]},{"@type":"WebSite","@id":"https:\/\/chicagoinjurylawyer.net\/es\/#website","url":"https:\/\/chicagoinjurylawyer.net\/es\/","name":"Sexner Injury Lawyers LLC","description":"Chicago Personal Injury Attorneys","publisher":{"@id":"https:\/\/chicagoinjurylawyer.net\/es\/#organization"},"potentialAction":[{"@type":"SearchAction","target":{"@type":"EntryPoint","urlTemplate":"https:\/\/chicagoinjurylawyer.net\/es\/?s={search_term_string}"},"query-input":{"@type":"PropertyValueSpecification","valueRequired":true,"valueName":"search_term_string"}}],"inLanguage":"es"},{"@type":"Organization","@id":"https:\/\/chicagoinjurylawyer.net\/es\/#organization","name":"[firm-name]","url":"https:\/\/chicagoinjurylawyer.net\/es\/","logo":{"@type":"ImageObject","inLanguage":"es","@id":"https:\/\/chicagoinjurylawyer.net\/es\/#\/schema\/logo\/image\/","url":"https:\/\/chicagoinjurylawyer.net\/wp-content\/uploads\/2019\/06\/msx-logo-1.png","contentUrl":"https:\/\/chicagoinjurylawyer.net\/wp-content\/uploads\/2019\/06\/msx-logo-1.png","width":180,"height":83,"caption":"[firm-name]"},"image":{"@id":"https:\/\/chicagoinjurylawyer.net\/es\/#\/schema\/logo\/image\/"}}]}},"_links":{"self":[{"href":"https:\/\/chicagoinjurylawyer.net\/es\/wp-json\/wp\/v2\/pages\/7239","targetHints":{"allow":["GET"]}}],"collection":[{"href":"https:\/\/chicagoinjurylawyer.net\/es\/wp-json\/wp\/v2\/pages"}],"about":[{"href":"https:\/\/chicagoinjurylawyer.net\/es\/wp-json\/wp\/v2\/types\/page"}],"author":[{"embeddable":true,"href":"https:\/\/chicagoinjurylawyer.net\/es\/wp-json\/wp\/v2\/users\/1"}],"replies":[{"embeddable":true,"href":"https:\/\/chicagoinjurylawyer.net\/es\/wp-json\/wp\/v2\/comments?post=7239"}],"version-history":[{"count":8,"href":"https:\/\/chicagoinjurylawyer.net\/es\/wp-json\/wp\/v2\/pages\/7239\/revisions"}],"predecessor-version":[{"id":33496,"href":"https:\/\/chicagoinjurylawyer.net\/es\/wp-json\/wp\/v2\/pages\/7239\/revisions\/33496"}],"up":[{"embeddable":true,"href":"https:\/\/chicagoinjurylawyer.net\/es\/wp-json\/wp\/v2\/pages\/3804"}],"wp:attachment":[{"href":"https:\/\/chicagoinjurylawyer.net\/es\/wp-json\/wp\/v2\/media?parent=7239"}],"curies":[{"name":"wp","href":"https:\/\/api.w.org\/{rel}","templated":true}]}}