{"id":7243,"date":"2019-06-26T11:34:25","date_gmt":"2019-06-26T11:34:25","guid":{"rendered":"http:\/\/104.197.86.120\/?page_id=7243"},"modified":"2021-12-06T11:56:10","modified_gmt":"2021-12-06T17:56:10","slug":"descarga-electrica","status":"publish","type":"page","link":"https:\/\/chicagoinjurylawyer.net\/es\/descarga-electrica\/","title":{"rendered":"Lesiones Descarga El\u00e9ctrica"},"content":{"rendered":"<h1>Chicago Descarga El\u00e9ctrica Abogados de Lesiones<\/h1>\n<h2><img decoding=\"async\" class=\"size-medium wp-image-7244 alignright\" src=\"\/wp-content\/uploads\/2019\/06\/Electrical-Shock-Injuries-300x200.jpg\" alt=\"Electrical Socket\" width=\"300\" height=\"200\" \/>Lesiones Descarga El\u00e9ctrica<\/h2>\n<p>En una base anual, miles de lesiones personales resultan de descargas el\u00e9ctricas en Chicago, y en otras ciudades de Illinois. Lesiones como estos pasan en casa como en el trabajo. Una descarga el\u00e9ctrica ocurre cuando alguien accidentalmente viene en contacto con un origen de energ\u00eda el\u00e9ctrica. Que tan severa est\u00e1n las lesiones de la persona depende en muchos factores como el amperaje, si fue corriente directo o alterno, que camino el corriente tomo en v\u00edctima, que voltaje fue, y cuanto tiempo el v\u00edctima se cuid\u00f3 en contacto con el corriente el\u00e9ctrico. Aunque el voltaje determina la severidad del descarga el\u00e9ctrica, voltaje bajo tambi\u00e9n es igual de peligroso que voltaje alto bajo la circunstancias correctas. Abec\u00e9s, estas descargas el\u00e9ctricas no tiene consecuencias y otras veces pueden resultar en lesiones severas como trauma al cerebro o muerte.<\/p>\n<p>En todos nuestros casos de lesiones descarga el\u00e9ctrica, nosotros pagamos todos los gastos. No pedimos fianza al abogado hasta que usted reciba recompensa.<\/p>\n<p>El Sistema nervioso es significante venerable a lesiones el\u00e9ctricas. Problemas neurol\u00f3gicos son comunes en da\u00f1os no letales que las v\u00edctimas de descargo el\u00e9ctrico pueden sufrir. Estos problemas neurol\u00f3gicos pueden ocurrir en seguida del accidente, o pueden construir con tiempo de a\u00f1os.<\/p>\n<p>Descargas El\u00e9ctricas tambi\u00e9n pueden causar lesiones al sistema respiratorio de una persona y puede interrumpir el Coraz\u00f3n, causando muerte instante. Venas m\u00e1s peque\u00f1as y arterias tambi\u00e9n est\u00e1n en riesgo, pueden desarrollar coagulo de sangre. Da\u00f1o significante a la venas peque\u00f1as es una de las razones que amputaci\u00f3n es necesario despu\u00e9s de da\u00f1o causado por alta voltaje.<\/p>\n<p>Muchos diferentes tipos de <a href=\"\/es\/\">lesiones personales<\/a> pueden ocurrir despu\u00e9s de una descarga el\u00e9ctrica, incluyendo cataratas, fracaso de ri\u00f1\u00f3n, y destrucci\u00f3n de tejido muscular. El victima tambi\u00e9n puede callearse o golpeado por escombros de equipaje que explota. Un arco el\u00e9ctrico puede hacer que se encienda sustancia que esta cerca de fuego. En ciertas circunstancias descargas Fuertes pueden ser acompa\u00f1adas por grave espasmo muscular que pueden causar hueso roto o dislocarse.<\/p>\n<p>Si usted o un familiar ha sido herido o matado de resultado en lesiones de descarga el\u00e9ctrica, nuestros abogados tiene la experiencia y est\u00e1n disponibles para platicar sobre su asunto sin compromiso.<\/p>\n","protected":false},"excerpt":{"rendered":"<p>Chicago Descarga El\u00e9ctrica Abogados de Lesiones Lesiones Descarga El\u00e9ctrica En una base anual, miles de lesiones personales resultan de descargas el\u00e9ctricas en Chicago, y en otras ciudades de Illinois. Lesiones como estos pasan en casa como en el trabajo. Una descarga el\u00e9ctrica ocurre cuando alguien accidentalmente viene en contacto con un origen de energ\u00eda el\u00e9ctrica. [&hellip;]<\/p>\n","protected":false},"author":1,"featured_media":0,"parent":0,"menu_order":0,"comment_status":"closed","ping_status":"open","template":"","meta":{"_acf_changed":false,"footnotes":""},"class_list":["post-7243","page","type-page","status-publish","hentry"],"acf":[],"yoast_head":"<!-- This site is optimized with the Yoast SEO plugin v27.4 - https:\/\/yoast.com\/product\/yoast-seo-wordpress\/ -->\n<title>Chicago Descarga El\u00e9ctrica Abogados de Lesiones - Sexner Injury Lawyers LLC<\/title>\n<meta name=\"description\" content=\"Lesiones como estos pasan en casa como en el trabajo. Una descarga el\u00e9ctrica ocurre cuando alguien accidentalmente viene en contacto con un origen de energ\u00eda el\u00e9ctrica.\" \/>\n<meta name=\"robots\" content=\"index, follow, max-snippet:-1, max-image-preview:large, max-video-preview:-1\" \/>\n<link rel=\"canonical\" href=\"https:\/\/chicagoinjurylawyer.net\/es\/descarga-electrica\/\" \/>\n<meta property=\"og:locale\" content=\"es_ES\" \/>\n<meta property=\"og:type\" content=\"article\" \/>\n<meta property=\"og:title\" content=\"Chicago Descarga El\u00e9ctrica Abogados de Lesiones - Sexner Injury Lawyers LLC\" \/>\n<meta property=\"og:description\" content=\"Lesiones como estos pasan en casa como en el trabajo. Una descarga el\u00e9ctrica ocurre cuando alguien accidentalmente viene en contacto con un origen de energ\u00eda el\u00e9ctrica.\" \/>\n<meta property=\"og:url\" content=\"https:\/\/chicagoinjurylawyer.net\/es\/descarga-electrica\/\" \/>\n<meta property=\"og:site_name\" content=\"Sexner Injury Lawyers LLC\" \/>\n<meta property=\"article:modified_time\" content=\"2021-12-06T17:56:10+00:00\" \/>\n<meta property=\"og:image\" content=\"https:\/\/chicagoinjurylawyer.net\/wp-content\/uploads\/2019\/06\/Electrical-Shock-Injuries-300x200.jpg\" \/>\n<meta name=\"twitter:card\" content=\"summary_large_image\" \/>\n<meta name=\"twitter:label1\" content=\"Tiempo de lectura\" \/>\n\t<meta name=\"twitter:data1\" content=\"2 minutos\" \/>\n<!-- \/ Yoast SEO plugin. -->","yoast_head_json":{"title":"Chicago Descarga El\u00e9ctrica Abogados de Lesiones - Sexner Injury Lawyers LLC","description":"Lesiones como estos pasan en casa como en el trabajo. Una descarga el\u00e9ctrica ocurre cuando alguien accidentalmente viene en contacto con un origen de energ\u00eda el\u00e9ctrica.","robots":{"index":"index","follow":"follow","max-snippet":"max-snippet:-1","max-image-preview":"max-image-preview:large","max-video-preview":"max-video-preview:-1"},"canonical":"https:\/\/chicagoinjurylawyer.net\/es\/descarga-electrica\/","og_locale":"es_ES","og_type":"article","og_title":"Chicago Descarga El\u00e9ctrica Abogados de Lesiones - Sexner Injury Lawyers LLC","og_description":"Lesiones como estos pasan en casa como en el trabajo. Una descarga el\u00e9ctrica ocurre cuando alguien accidentalmente viene en contacto con un origen de energ\u00eda el\u00e9ctrica.","og_url":"https:\/\/chicagoinjurylawyer.net\/es\/descarga-electrica\/","og_site_name":"Sexner Injury Lawyers LLC","article_modified_time":"2021-12-06T17:56:10+00:00","og_image":[{"url":"https:\/\/chicagoinjurylawyer.net\/wp-content\/uploads\/2019\/06\/Electrical-Shock-Injuries-300x200.jpg","type":"","width":"","height":""}],"twitter_card":"summary_large_image","twitter_misc":{"Tiempo de lectura":"2 minutos"},"schema":{"@context":"https:\/\/schema.org","@graph":[{"@type":"WebPage","@id":"https:\/\/chicagoinjurylawyer.net\/es\/descarga-electrica\/","url":"https:\/\/chicagoinjurylawyer.net\/es\/descarga-electrica\/","name":"Chicago Descarga El\u00e9ctrica Abogados de Lesiones - Sexner Injury Lawyers LLC","isPartOf":{"@id":"https:\/\/chicagoinjurylawyer.net\/es\/#website"},"datePublished":"2019-06-26T11:34:25+00:00","dateModified":"2021-12-06T17:56:10+00:00","description":"Lesiones como estos pasan en casa como en el trabajo. Una descarga el\u00e9ctrica ocurre cuando alguien accidentalmente viene en contacto con un origen de energ\u00eda el\u00e9ctrica.","inLanguage":"es","potentialAction":[{"@type":"ReadAction","target":["https:\/\/chicagoinjurylawyer.net\/es\/descarga-electrica\/"]}]},{"@type":"WebSite","@id":"https:\/\/chicagoinjurylawyer.net\/es\/#website","url":"https:\/\/chicagoinjurylawyer.net\/es\/","name":"Sexner Injury Lawyers LLC","description":"Chicago Personal Injury Attorneys","publisher":{"@id":"https:\/\/chicagoinjurylawyer.net\/es\/#organization"},"potentialAction":[{"@type":"SearchAction","target":{"@type":"EntryPoint","urlTemplate":"https:\/\/chicagoinjurylawyer.net\/es\/?s={search_term_string}"},"query-input":{"@type":"PropertyValueSpecification","valueRequired":true,"valueName":"search_term_string"}}],"inLanguage":"es"},{"@type":"Organization","@id":"https:\/\/chicagoinjurylawyer.net\/es\/#organization","name":"[firm-name]","url":"https:\/\/chicagoinjurylawyer.net\/es\/","logo":{"@type":"ImageObject","inLanguage":"es","@id":"https:\/\/chicagoinjurylawyer.net\/es\/#\/schema\/logo\/image\/","url":"https:\/\/chicagoinjurylawyer.net\/wp-content\/uploads\/2019\/06\/msx-logo-1.png","contentUrl":"https:\/\/chicagoinjurylawyer.net\/wp-content\/uploads\/2019\/06\/msx-logo-1.png","width":180,"height":83,"caption":"[firm-name]"},"image":{"@id":"https:\/\/chicagoinjurylawyer.net\/es\/#\/schema\/logo\/image\/"}}]}},"_links":{"self":[{"href":"https:\/\/chicagoinjurylawyer.net\/es\/wp-json\/wp\/v2\/pages\/7243","targetHints":{"allow":["GET"]}}],"collection":[{"href":"https:\/\/chicagoinjurylawyer.net\/es\/wp-json\/wp\/v2\/pages"}],"about":[{"href":"https:\/\/chicagoinjurylawyer.net\/es\/wp-json\/wp\/v2\/types\/page"}],"author":[{"embeddable":true,"href":"https:\/\/chicagoinjurylawyer.net\/es\/wp-json\/wp\/v2\/users\/1"}],"replies":[{"embeddable":true,"href":"https:\/\/chicagoinjurylawyer.net\/es\/wp-json\/wp\/v2\/comments?post=7243"}],"version-history":[{"count":5,"href":"https:\/\/chicagoinjurylawyer.net\/es\/wp-json\/wp\/v2\/pages\/7243\/revisions"}],"predecessor-version":[{"id":32477,"href":"https:\/\/chicagoinjurylawyer.net\/es\/wp-json\/wp\/v2\/pages\/7243\/revisions\/32477"}],"wp:attachment":[{"href":"https:\/\/chicagoinjurylawyer.net\/es\/wp-json\/wp\/v2\/media?parent=7243"}],"curies":[{"name":"wp","href":"https:\/\/api.w.org\/{rel}","templated":true}]}}