{"id":7253,"date":"2019-06-26T11:51:34","date_gmt":"2019-06-26T11:51:34","guid":{"rendered":"http:\/\/104.197.86.120\/?page_id=7253"},"modified":"2021-12-06T11:32:33","modified_gmt":"2021-12-06T17:32:33","slug":"envenenamiento-por-alimentos","status":"publish","type":"page","link":"https:\/\/chicagoinjurylawyer.net\/es\/envenenamiento-por-alimentos\/","title":{"rendered":"Envenenamiento Por Alimentos"},"content":{"rendered":"<h1>Abogados En Lesiones De Envenenamiento Por Alimentos<\/h1>\n<h2><img decoding=\"async\" class=\"size-medium wp-image-7254 alignright\" src=\"\/wp-content\/uploads\/2019\/06\/Food-Poisoning-Injuries-300x200.jpg\" alt=\"Food\" width=\"300\" height=\"200\" \/>Lesiones Intoxicaci\u00f3n<\/h2>\n<p>Cuando vamos a un supermercado o un restaurante, confiamos en que los alimentos que compramos es seguro<br \/>\ntanto para nosotros mismos y nuestros seres queridos. Afortunadamente, en la mayor\u00eda de los casos los responsables para el cultivo, la producci\u00f3n, distribuci\u00f3n y venta de estos productos toman las precauciones adecuadas para asegurar que los alimentos que consumimos son seguros. Sin embargo, como cualquier producto que compramos, la comida puede ser \"defectuosa\" de una manera que pone nuestra salud en peligro.<\/p>\n<p>Seg\u00fan los Centros para el Control y la Prevenci\u00f3n de Enfermedades, alrededor de 48 millones de d\u00f3lares (o 1 de cada 6) de americanos se enferman cada a\u00f1o de enfermedades transmitidas por alimentos. De esas personas, alrededor de 128,000 necesitan ser hospitalizados y otros 3,000 mueren a causa de su enfermedad. Esto significa que una gran parte de la poblaci\u00f3n ha sido o ser\u00e1 afectado por una enfermedad relacionada con los alimentos durante su vida.<\/p>\n<p>El CDC enumera los siguientes g\u00e9rmenes como los m\u00e1s propensos a causar una enfermedad transmitida por los alimentos:<\/p>\n<ul>\n<li>Campylobacter, que se encuentra en las aves de corral<\/li>\n<li>E. coli, que se encuentran en varios lugares, tales como verduras de hoja verde y carne molida<\/li>\n<li>Listeria, que se encuentra en carnes fr\u00edas y quesos blandos sin pasteurizar<\/li>\n<li>Salmonella, que se encuentra en los huevos y varios otros lugares<\/li>\n<li>Toxoplasma, que se encuentra en las carnes<\/li>\n<\/ul>\n<p>Un producto alimenticio tambi\u00e9n puede contaminarse si se maneja de forma incorrecta en la cadena de suministro, desde que se cosecha hasta su llegada al supermercado, tienda de conveniencia, soporte de la producci\u00f3n o en el restaurante. Algo tan simple como un cocinero no lavarse las manos despu\u00e9s de ir al ba\u00f1o o no tener el uso de guantes o una redecilla podr\u00eda introducir la da\u00f1ina y a veces mortal bacteria.<\/p>\n<p>Las personas que est\u00e1n en mayor riesgo de intoxicaci\u00f3n por alimentos incluyen:<\/p>\n<ul>\n<li>Los beb\u00e9s y los ancianos<\/li>\n<li>Las personas con sistemas inmunes debilitados<\/li>\n<li>Las personas con condiciones m\u00e9dicas graves, como diabetes o enfermedad renal<\/li>\n<\/ul>\n<p>Si usted o un ser querido ha sido v\u00edctima de una lesi\u00f3n de la intoxicaci\u00f3n alimentaria, usted puede tener derecho a una compensaci\u00f3n monetaria por sus lesiones. El equipo legal de Sexner Injury Lawyers LLC puede ayudar a proteger sus derechos. <a href=\"\/es\/contactenos\/\">Ll\u00e1menos hoy para una consulta gratuita<\/a> y sin compromiso. Vamos a investigar a fondo su caso y explicarle sus opciones legales.<\/p>\n","protected":false},"excerpt":{"rendered":"<p>Abogados En Lesiones De Envenenamiento Por Alimentos Lesiones Intoxicaci\u00f3n Cuando vamos a un supermercado o un restaurante, confiamos en que los alimentos que compramos es seguro tanto para nosotros mismos y nuestros seres queridos. Afortunadamente, en la mayor\u00eda de los casos los responsables para el cultivo, la producci\u00f3n, distribuci\u00f3n y venta de estos productos toman [&hellip;]<\/p>\n","protected":false},"author":1,"featured_media":0,"parent":0,"menu_order":0,"comment_status":"closed","ping_status":"open","template":"","meta":{"_acf_changed":false,"footnotes":""},"class_list":["post-7253","page","type-page","status-publish","hentry"],"acf":[],"yoast_head":"<!-- This site is optimized with the Yoast SEO plugin v27.3 - https:\/\/yoast.com\/product\/yoast-seo-wordpress\/ -->\n<title>Chicago Abogados En Lesiones De Envenenamiento Por Alimentos - Sexner Injury Lawyers LLC<\/title>\n<meta name=\"description\" content=\"El equipo legal de Sexner Injury Lawyers LLC puede ayudar a proteger sus derechos. Ll\u00e1menos hoy para una consulta gratuita y sin compromiso.\" \/>\n<meta name=\"robots\" content=\"index, follow, max-snippet:-1, max-image-preview:large, max-video-preview:-1\" \/>\n<link rel=\"canonical\" href=\"https:\/\/chicagoinjurylawyer.net\/es\/envenenamiento-por-alimentos\/\" \/>\n<meta property=\"og:locale\" content=\"es_ES\" \/>\n<meta property=\"og:type\" content=\"article\" \/>\n<meta property=\"og:title\" content=\"Chicago Abogados En Lesiones De Envenenamiento Por Alimentos - Sexner Injury Lawyers LLC\" \/>\n<meta property=\"og:description\" content=\"El equipo legal de Sexner Injury Lawyers LLC puede ayudar a proteger sus derechos. Ll\u00e1menos hoy para una consulta gratuita y sin compromiso.\" \/>\n<meta property=\"og:url\" content=\"https:\/\/chicagoinjurylawyer.net\/es\/envenenamiento-por-alimentos\/\" \/>\n<meta property=\"og:site_name\" content=\"Sexner Injury Lawyers LLC\" \/>\n<meta property=\"article:modified_time\" content=\"2021-12-06T17:32:33+00:00\" \/>\n<meta property=\"og:image\" content=\"https:\/\/chicagoinjurylawyer.net\/wp-content\/uploads\/2019\/06\/Food-Poisoning-Injuries-300x200.jpg\" \/>\n<meta name=\"twitter:card\" content=\"summary_large_image\" \/>\n<meta name=\"twitter:label1\" content=\"Tiempo de lectura\" \/>\n\t<meta name=\"twitter:data1\" content=\"2 minutos\" \/>\n<!-- \/ Yoast SEO plugin. -->","yoast_head_json":{"title":"Chicago Abogados En Lesiones De Envenenamiento Por Alimentos - Sexner Injury Lawyers LLC","description":"El equipo legal de Sexner Injury Lawyers LLC puede ayudar a proteger sus derechos. Ll\u00e1menos hoy para una consulta gratuita y sin compromiso.","robots":{"index":"index","follow":"follow","max-snippet":"max-snippet:-1","max-image-preview":"max-image-preview:large","max-video-preview":"max-video-preview:-1"},"canonical":"https:\/\/chicagoinjurylawyer.net\/es\/envenenamiento-por-alimentos\/","og_locale":"es_ES","og_type":"article","og_title":"Chicago Abogados En Lesiones De Envenenamiento Por Alimentos - Sexner Injury Lawyers LLC","og_description":"El equipo legal de Sexner Injury Lawyers LLC puede ayudar a proteger sus derechos. Ll\u00e1menos hoy para una consulta gratuita y sin compromiso.","og_url":"https:\/\/chicagoinjurylawyer.net\/es\/envenenamiento-por-alimentos\/","og_site_name":"Sexner Injury Lawyers LLC","article_modified_time":"2021-12-06T17:32:33+00:00","og_image":[{"url":"https:\/\/chicagoinjurylawyer.net\/wp-content\/uploads\/2019\/06\/Food-Poisoning-Injuries-300x200.jpg","type":"","width":"","height":""}],"twitter_card":"summary_large_image","twitter_misc":{"Tiempo de lectura":"2 minutos"},"schema":{"@context":"https:\/\/schema.org","@graph":[{"@type":"WebPage","@id":"https:\/\/chicagoinjurylawyer.net\/es\/envenenamiento-por-alimentos\/","url":"https:\/\/chicagoinjurylawyer.net\/es\/envenenamiento-por-alimentos\/","name":"Chicago Abogados En Lesiones De Envenenamiento Por Alimentos - Sexner Injury Lawyers LLC","isPartOf":{"@id":"https:\/\/chicagoinjurylawyer.net\/es\/#website"},"datePublished":"2019-06-26T11:51:34+00:00","dateModified":"2021-12-06T17:32:33+00:00","description":"El equipo legal de [firm-name] puede ayudar a proteger sus derechos. Ll\u00e1menos hoy para una consulta gratuita y sin compromiso.","inLanguage":"es","potentialAction":[{"@type":"ReadAction","target":["https:\/\/chicagoinjurylawyer.net\/es\/envenenamiento-por-alimentos\/"]}]},{"@type":"WebSite","@id":"https:\/\/chicagoinjurylawyer.net\/es\/#website","url":"https:\/\/chicagoinjurylawyer.net\/es\/","name":"Sexner Injury Lawyers LLC","description":"Chicago Personal Injury Attorneys","publisher":{"@id":"https:\/\/chicagoinjurylawyer.net\/es\/#organization"},"potentialAction":[{"@type":"SearchAction","target":{"@type":"EntryPoint","urlTemplate":"https:\/\/chicagoinjurylawyer.net\/es\/?s={search_term_string}"},"query-input":{"@type":"PropertyValueSpecification","valueRequired":true,"valueName":"search_term_string"}}],"inLanguage":"es"},{"@type":"Organization","@id":"https:\/\/chicagoinjurylawyer.net\/es\/#organization","name":"[firm-name]","url":"https:\/\/chicagoinjurylawyer.net\/es\/","logo":{"@type":"ImageObject","inLanguage":"es","@id":"https:\/\/chicagoinjurylawyer.net\/es\/#\/schema\/logo\/image\/","url":"https:\/\/chicagoinjurylawyer.net\/wp-content\/uploads\/2019\/06\/msx-logo-1.png","contentUrl":"https:\/\/chicagoinjurylawyer.net\/wp-content\/uploads\/2019\/06\/msx-logo-1.png","width":180,"height":83,"caption":"[firm-name]"},"image":{"@id":"https:\/\/chicagoinjurylawyer.net\/es\/#\/schema\/logo\/image\/"}}]}},"_links":{"self":[{"href":"https:\/\/chicagoinjurylawyer.net\/es\/wp-json\/wp\/v2\/pages\/7253","targetHints":{"allow":["GET"]}}],"collection":[{"href":"https:\/\/chicagoinjurylawyer.net\/es\/wp-json\/wp\/v2\/pages"}],"about":[{"href":"https:\/\/chicagoinjurylawyer.net\/es\/wp-json\/wp\/v2\/types\/page"}],"author":[{"embeddable":true,"href":"https:\/\/chicagoinjurylawyer.net\/es\/wp-json\/wp\/v2\/users\/1"}],"replies":[{"embeddable":true,"href":"https:\/\/chicagoinjurylawyer.net\/es\/wp-json\/wp\/v2\/comments?post=7253"}],"version-history":[{"count":5,"href":"https:\/\/chicagoinjurylawyer.net\/es\/wp-json\/wp\/v2\/pages\/7253\/revisions"}],"predecessor-version":[{"id":32482,"href":"https:\/\/chicagoinjurylawyer.net\/es\/wp-json\/wp\/v2\/pages\/7253\/revisions\/32482"}],"wp:attachment":[{"href":"https:\/\/chicagoinjurylawyer.net\/es\/wp-json\/wp\/v2\/media?parent=7253"}],"curies":[{"name":"wp","href":"https:\/\/api.w.org\/{rel}","templated":true}]}}