{"id":7258,"date":"2019-06-26T11:57:54","date_gmt":"2019-06-26T11:57:54","guid":{"rendered":"http:\/\/104.197.86.120\/?page_id=7258"},"modified":"2021-12-03T11:15:07","modified_gmt":"2021-12-03T17:15:07","slug":"saturnismo","status":"publish","type":"page","link":"https:\/\/chicagoinjurylawyer.net\/es\/saturnismo\/","title":{"rendered":"Saturnismo"},"content":{"rendered":"<h1>Abogados De Lesiones Por Envenenamiento De Polomo<\/h1>\n<h2>Saturnismo<\/h2>\n<p><img decoding=\"async\" class=\"size-medium wp-image-7259 alignright\" src=\"\/wp-content\/uploads\/2019\/06\/Lead-Poisoning-Injuries-300x200.jpg\" alt=\"Lead \" width=\"300\" height=\"200\" \/>Seg\u00fan los Centros para el Control y la Prevenci\u00f3n de Enfermedades, cada a\u00f1o m\u00e1s de 300.000 ni\u00f1os entre las edades de 1 y 5 se encontraron que ten\u00edan niveles peligrosos de plomo en su sangre. El envenenamiento por plomo es muy peligroso porque puede tener efectos f\u00edsicos y mentales de por vida que son irreversibles. Da\u00f1a el cerebro y el sistema nervioso, pero a menudo los s\u00edntomas no se detectan hasta que se encuentra en niveles t\u00f3xicos en el cuerpo.<\/p>\n<p>Antes de que se conocieran los efectos nocivos del plomo, se utiliza com\u00fanmente cosas tales como la pintura de los hogares, la soldadura (utilizado para sellar las uniones de tuber\u00edas de cobre), l\u00e1pices, juguetes e incluso alimentos. Aunque el uso de este elemento natural, pero potencialmente t\u00f3xico ha sido eliminado en muchos productos, todav\u00eda se puede encontrar cosas tales como juguetes fabricados en el extranjero y el polvo de la renovaci\u00f3n de edificios. Lo m\u00e1s com\u00fan es que se puede encontrar en la pintura utilizada en las casas antiguas, lo que provoc\u00f3 la Ley de Reducci\u00f3n de Riesgos de 1992. Esta ley requiere que antes de que cualquier propiedad residencial construida antes de 1978 se venda o se alquile, la divulgaci\u00f3n de la pintura a base de plomo y un\u00a0papel de informaci\u00f3n por parte de la EPA se deben proporcionar a los compradores o inquilinos potenciales.<\/p>\n<p>El riesgo de envenenamiento por plomo es mayor en los ni\u00f1os, ya que tienden a poner sus manos y otros objetos a la boca. Los principales s\u00edntomas de la intoxicaci\u00f3n por plomo en los ni\u00f1os son las siguientes:<\/p>\n<ul>\n<li>Irritabilidad<\/li>\n<li>P\u00e9rdida de apetito y p\u00e9rdida de peso<\/li>\n<li>Fatiga<\/li>\n<li>Dolor abdominal<\/li>\n<li>V\u00f3mitos<\/li>\n<li>Estre\u00f1imiento<\/li>\n<li>Problemas de aprendizaje<\/li>\n<\/ul>\n<p>Si estos s\u00edntomas est\u00e1n presentes en su hijo, es <a href=\"\/es\/blog\/doctores-y-errores-medicos-escondidos\/\">importante ver a un m\u00e9dico de inmediato<\/a>.<\/p>\n<p>Si usted o un ser querido ha sido herido de gravedad como consecuencia de la intoxicaci\u00f3n por plomo, <a href=\"\/es\/sobre-nosotros\/\">el equipo legal<\/a> de <a href=\"\/es\/\">Sexner Injury Lawyers LLC<\/a> quiere proteger sus derechos. Con nuestros a\u00f1os de experiencia y una red de abogados en lesiones personales, podemos ayudar a hacer que usted reciba la que usted se merece. <a href=\"\/es\/contactenos\/\">Ll\u00e1menos hoy para una consulta gratuita<\/a> sobre su caso. No hay ninguna obligaci\u00f3n, y nunca hay ning\u00fan honorario a menos que tengamos \u00e9xito en conseguir alguna compensaci\u00f3n financiera por sus lesiones. Vamos a abogar a su nombre.<\/p>\n","protected":false},"excerpt":{"rendered":"<p>Abogados De Lesiones Por Envenenamiento De Polomo Saturnismo Seg\u00fan los Centros para el Control y la Prevenci\u00f3n de Enfermedades, cada a\u00f1o m\u00e1s de 300.000 ni\u00f1os entre las edades de 1 y 5 se encontraron que ten\u00edan niveles peligrosos de plomo en su sangre. El envenenamiento por plomo es muy peligroso porque puede tener efectos f\u00edsicos [&hellip;]<\/p>\n","protected":false},"author":1,"featured_media":0,"parent":0,"menu_order":0,"comment_status":"closed","ping_status":"open","template":"","meta":{"_acf_changed":false,"footnotes":""},"class_list":["post-7258","page","type-page","status-publish","hentry"],"acf":[],"yoast_head":"<!-- This site is optimized with the Yoast SEO plugin v27.4 - https:\/\/yoast.com\/product\/yoast-seo-wordpress\/ -->\n<title>Chicago Abogados De Lesiones Por Envenenamiento De Polomo - Sexner Injury Lawyers LLC<\/title>\n<meta name=\"description\" content=\"Si usted o un ser querido ha sido herido de gravedad como consecuencia de la intoxicaci\u00f3n por plomo, el equipo legal de Sexner Injury Lawyers LLC quiere proteger sus derechos.\" \/>\n<meta name=\"robots\" content=\"index, follow, max-snippet:-1, max-image-preview:large, max-video-preview:-1\" \/>\n<link rel=\"canonical\" href=\"https:\/\/chicagoinjurylawyer.net\/es\/saturnismo\/\" \/>\n<meta property=\"og:locale\" content=\"es_ES\" \/>\n<meta property=\"og:type\" content=\"article\" \/>\n<meta property=\"og:title\" content=\"Chicago Abogados De Lesiones Por Envenenamiento De Polomo - Sexner Injury Lawyers LLC\" \/>\n<meta property=\"og:description\" content=\"Si usted o un ser querido ha sido herido de gravedad como consecuencia de la intoxicaci\u00f3n por plomo, el equipo legal de Sexner Injury Lawyers LLC quiere proteger sus derechos.\" \/>\n<meta property=\"og:url\" content=\"https:\/\/chicagoinjurylawyer.net\/es\/saturnismo\/\" \/>\n<meta property=\"og:site_name\" content=\"Sexner Injury Lawyers LLC\" \/>\n<meta property=\"article:modified_time\" content=\"2021-12-03T17:15:07+00:00\" \/>\n<meta property=\"og:image\" content=\"https:\/\/chicagoinjurylawyer.net\/wp-content\/uploads\/2019\/06\/Lead-Poisoning-Injuries-300x200.jpg\" \/>\n<meta name=\"twitter:card\" content=\"summary_large_image\" \/>\n<meta name=\"twitter:label1\" content=\"Tiempo de lectura\" \/>\n\t<meta name=\"twitter:data1\" content=\"2 minutos\" \/>\n<!-- \/ Yoast SEO plugin. -->","yoast_head_json":{"title":"Chicago Abogados De Lesiones Por Envenenamiento De Polomo - Sexner Injury Lawyers LLC","description":"Si usted o un ser querido ha sido herido de gravedad como consecuencia de la intoxicaci\u00f3n por plomo, el equipo legal de Sexner Injury Lawyers LLC quiere proteger sus derechos.","robots":{"index":"index","follow":"follow","max-snippet":"max-snippet:-1","max-image-preview":"max-image-preview:large","max-video-preview":"max-video-preview:-1"},"canonical":"https:\/\/chicagoinjurylawyer.net\/es\/saturnismo\/","og_locale":"es_ES","og_type":"article","og_title":"Chicago Abogados De Lesiones Por Envenenamiento De Polomo - Sexner Injury Lawyers LLC","og_description":"Si usted o un ser querido ha sido herido de gravedad como consecuencia de la intoxicaci\u00f3n por plomo, el equipo legal de Sexner Injury Lawyers LLC quiere proteger sus derechos.","og_url":"https:\/\/chicagoinjurylawyer.net\/es\/saturnismo\/","og_site_name":"Sexner Injury Lawyers LLC","article_modified_time":"2021-12-03T17:15:07+00:00","og_image":[{"url":"https:\/\/chicagoinjurylawyer.net\/wp-content\/uploads\/2019\/06\/Lead-Poisoning-Injuries-300x200.jpg","type":"","width":"","height":""}],"twitter_card":"summary_large_image","twitter_misc":{"Tiempo de lectura":"2 minutos"},"schema":{"@context":"https:\/\/schema.org","@graph":[{"@type":"WebPage","@id":"https:\/\/chicagoinjurylawyer.net\/es\/saturnismo\/","url":"https:\/\/chicagoinjurylawyer.net\/es\/saturnismo\/","name":"Chicago Abogados De Lesiones Por Envenenamiento De Polomo - Sexner Injury Lawyers LLC","isPartOf":{"@id":"https:\/\/chicagoinjurylawyer.net\/es\/#website"},"datePublished":"2019-06-26T11:57:54+00:00","dateModified":"2021-12-03T17:15:07+00:00","description":"Si usted o un ser querido ha sido herido de gravedad como consecuencia de la intoxicaci\u00f3n por plomo, el equipo legal de [firm-name] quiere proteger sus derechos.","inLanguage":"es","potentialAction":[{"@type":"ReadAction","target":["https:\/\/chicagoinjurylawyer.net\/es\/saturnismo\/"]}]},{"@type":"WebSite","@id":"https:\/\/chicagoinjurylawyer.net\/es\/#website","url":"https:\/\/chicagoinjurylawyer.net\/es\/","name":"Sexner Injury Lawyers LLC","description":"Chicago Personal Injury Attorneys","publisher":{"@id":"https:\/\/chicagoinjurylawyer.net\/es\/#organization"},"potentialAction":[{"@type":"SearchAction","target":{"@type":"EntryPoint","urlTemplate":"https:\/\/chicagoinjurylawyer.net\/es\/?s={search_term_string}"},"query-input":{"@type":"PropertyValueSpecification","valueRequired":true,"valueName":"search_term_string"}}],"inLanguage":"es"},{"@type":"Organization","@id":"https:\/\/chicagoinjurylawyer.net\/es\/#organization","name":"[firm-name]","url":"https:\/\/chicagoinjurylawyer.net\/es\/","logo":{"@type":"ImageObject","inLanguage":"es","@id":"https:\/\/chicagoinjurylawyer.net\/es\/#\/schema\/logo\/image\/","url":"https:\/\/chicagoinjurylawyer.net\/wp-content\/uploads\/2019\/06\/msx-logo-1.png","contentUrl":"https:\/\/chicagoinjurylawyer.net\/wp-content\/uploads\/2019\/06\/msx-logo-1.png","width":180,"height":83,"caption":"[firm-name]"},"image":{"@id":"https:\/\/chicagoinjurylawyer.net\/es\/#\/schema\/logo\/image\/"}}]}},"_links":{"self":[{"href":"https:\/\/chicagoinjurylawyer.net\/es\/wp-json\/wp\/v2\/pages\/7258","targetHints":{"allow":["GET"]}}],"collection":[{"href":"https:\/\/chicagoinjurylawyer.net\/es\/wp-json\/wp\/v2\/pages"}],"about":[{"href":"https:\/\/chicagoinjurylawyer.net\/es\/wp-json\/wp\/v2\/types\/page"}],"author":[{"embeddable":true,"href":"https:\/\/chicagoinjurylawyer.net\/es\/wp-json\/wp\/v2\/users\/1"}],"replies":[{"embeddable":true,"href":"https:\/\/chicagoinjurylawyer.net\/es\/wp-json\/wp\/v2\/comments?post=7258"}],"version-history":[{"count":6,"href":"https:\/\/chicagoinjurylawyer.net\/es\/wp-json\/wp\/v2\/pages\/7258\/revisions"}],"predecessor-version":[{"id":32545,"href":"https:\/\/chicagoinjurylawyer.net\/es\/wp-json\/wp\/v2\/pages\/7258\/revisions\/32545"}],"wp:attachment":[{"href":"https:\/\/chicagoinjurylawyer.net\/es\/wp-json\/wp\/v2\/media?parent=7258"}],"curies":[{"name":"wp","href":"https:\/\/api.w.org\/{rel}","templated":true}]}}