{"id":7266,"date":"2019-06-26T12:07:00","date_gmt":"2019-06-26T12:07:00","guid":{"rendered":"http:\/\/104.197.86.120\/?page_id=7266"},"modified":"2022-01-07T16:39:44","modified_gmt":"2022-01-07T22:39:44","slug":"accidente-de-motocicleta","status":"publish","type":"page","link":"https:\/\/chicagoinjurylawyer.net\/es\/accidente-de-motocicleta\/","title":{"rendered":"Abogados en Accidente de Motocicleta"},"content":{"rendered":"<h1>Abogado de Accidente de Motocicleta de Chicago<\/h1>\n<p><img decoding=\"async\" class=\"alignright wp-image-33060\" src=\"\/wp-content\/uploads\/2022\/01\/Accidentes-de-Motocicleta-de-Chicago.jpg\" alt=\"Accidentes de Motocicleta de Chicago\" width=\"400\" height=\"266\" srcset=\"https:\/\/chicagoinjurylawyer.net\/wp-content\/uploads\/2022\/01\/Accidentes-de-Motocicleta-de-Chicago.jpg 1000w, https:\/\/chicagoinjurylawyer.net\/wp-content\/uploads\/2022\/01\/Accidentes-de-Motocicleta-de-Chicago-300x200.jpg 300w, https:\/\/chicagoinjurylawyer.net\/wp-content\/uploads\/2022\/01\/Accidentes-de-Motocicleta-de-Chicago-768x511.jpg 768w\" sizes=\"(max-width: 400px) 100vw, 400px\" \/>Aunque los motociclistas a menudo son retratados como \"salvajes e imprudentes\", el hecho es que la mayor\u00eda de los accidentes de motocicleta son causados por otros conductores. En un estudio realizado por la Administraci\u00f3n Nacional de Seguridad del Tr\u00e1fico en las Carreteras (NHTSA), los investigadores encontraron que la principal causa de accidentes de motocicleta es que otros conductores no notan la presencia de motocicletas en el tr\u00e1fico.<\/p>\n<p>La configuraci\u00f3n de accidente de motocicleta m\u00e1s frecuente es cuando una motocicleta avanza en l\u00ednea recta y otro conductor gira a la izquierda directamente en el camino de la motocicleta. Seg\u00fan el informe de la NHTSA, las intersecciones son el lugar m\u00e1s probable para que ocurran accidentes de motocicleta, cuando otro conductor viola el derecho de paso del motociclista mientras ignora los controles de tr\u00e1fico.<\/p>\n<h2>Lesiones por Accidentes de Motocicleta<\/h2>\n<p>Los motociclistas carecen de la protecci\u00f3n de un veh\u00edculo cerrado y son vulnerables a sufrir <a href=\"\/es\/\">lesiones graves<\/a> en caso de accidente. Cuando una motocicleta se detiene abruptamente en una colisi\u00f3n, un conductor puede ser tirado de la bicicleta, chocar con objetos en el camino y finalmente con el suelo. Las lesiones comunes en accidentes de motocicleta incluyen:<\/p>\n<ul>\n<li>Brazo de motociclista<\/li>\n<li><a href=\"\/es\/lesiones-cerebrales-traumaticas\/\">Lesiones Cerebrales<\/a><\/li>\n<li><a href=\"\/es\/accidentes-de-trafico\/huesos-fracturados\/\">Fracturas<\/a><\/li>\n<li>Heridas en la cabeza<\/li>\n<li>Lesiones de las extremidades inferiores<\/li>\n<li>Da\u00f1o muscular<\/li>\n<li>Lesiones de cuello<\/li>\n<li>Erupci\u00f3n en la carretera<\/li>\n<li><a href=\"\/es\/lesiones-de-la-medula-espinal\/\">Lesiones de la m\u00e9dula espinal<\/a><\/li>\n<\/ul>\n<h2>Accidentes de Motocicleta por Conducir Ebrio<\/h2>\n<p><img decoding=\"async\" class=\"alignright wp-image-33062\" src=\"\/wp-content\/uploads\/2022\/01\/Abogados-de-Accidentes-de-Motocicleta-de-Chicago.jpg\" alt=\"Abogado de Accidente de Motocicleta de Chicago\" width=\"400\" height=\"247\" srcset=\"https:\/\/chicagoinjurylawyer.net\/wp-content\/uploads\/2022\/01\/Abogados-de-Accidentes-de-Motocicleta-de-Chicago.jpg 1000w, https:\/\/chicagoinjurylawyer.net\/wp-content\/uploads\/2022\/01\/Abogados-de-Accidentes-de-Motocicleta-de-Chicago-300x185.jpg 300w, https:\/\/chicagoinjurylawyer.net\/wp-content\/uploads\/2022\/01\/Abogados-de-Accidentes-de-Motocicleta-de-Chicago-768x474.jpg 768w\" sizes=\"(max-width: 400px) 100vw, 400px\" \/>Los motociclistas corren el riesgo de ser atropellados por un <a href=\"\/es\/accidentes-de-trafico\/conductores-ebrios\/\">conductor ebrio<\/a>. Seg\u00fan los Centros para el Control y la Prevenci\u00f3n de Enfermedades (CDC), veintiocho personas en los Estados Unidos <a href=\"\/es\/muerte-injusta\/\">mueren<\/a> cada d\u00eda en choques de veh\u00edculos motorizados que involucran a un conductor ebrio. Esto equivale a una muerte cada 53 minutos y le cuesta a la naci\u00f3n m\u00e1s de $ 44 mil millones de d\u00f3lares anuales. Los motociclistas atropellados por un conductor ebrio a menudo sufren lesiones permanentes e incapacitantes.<\/p>\n<p>Si bien la magnitud de la p\u00e9rdida monetaria para la sociedad es dif\u00edcil de comprender, la p\u00e9rdida econ\u00f3mica no toma en cuenta el da\u00f1o y sufrimiento causado a nivel personal y familiar a quienes han sufrido las consecuencias de estar en un accidente de motocicleta causado por un conductor ebrio.<\/p>\n<p>Un motociclista es menos visible para el conductor de un veh\u00edculo que otro veh\u00edculo, pero a\u00fan m\u00e1s para un conductor ebrio o con problemas de alcohol cuya visi\u00f3n, agudeza mental, juicio y tiempo de reacci\u00f3n se alteran o disminuyen bajo la influencia del alcohol.<\/p>\n<p>Los datos de accidentes fatales de Illinois incluyen muertes de no ocupantes, como motociclistas. En mayo de 2016, IDOT hab\u00eda registrado:<\/p>\n<ul>\n<li>322 accidentes fatales<\/li>\n<li>340 muertes<\/li>\n<li>Un aumento de 50 muertes con respecto a 2015<\/li>\n<\/ul>\n<p>Entre esos n\u00fameros de colisiones fatales se encuentran los casos de un motociclista atropellado por un conductor ebrio que no sobrevivi\u00f3. Muchos m\u00e1s quedan con lesiones graves o permanentes, luchando por recuperar la calidad de vida que disfrutaban antes del accidente o enfrentando los desaf\u00edos de vivir con discapacidades.<\/p>\n<h2>Motocicletas y Conducci\u00f3n Distra\u00edda<\/h2>\n<p>Distraction.gov, el sitio web del gobierno de EE. UU. Sobre conducci\u00f3n distra\u00edda, se\u00f1ala que todas las distracciones ponen en peligro la seguridad del conductor, el pasajero y otras personas que comparten la calle, la carretera o la autopista. Cinco segundos es el tiempo promedio que una persona que env\u00eda mensajes de texto mientras conduce tiene su atenci\u00f3n fuera de la carretera. Viajando a 55 m.p.h., esos cinco segundos son tiempo suficiente para viajar a lo largo de un campo de f\u00fatbol, casi sin darse cuenta de las condiciones de la carretera, y los motociclistas en la carretera, en un carril contiguo, o pararse o girar en una intersecci\u00f3n. Las lesiones suelen ser muy graves, entre ellas:<\/p>\n<ul>\n<li><a href=\"\/es\/amputacion\/\">Amputaciones<\/a><\/li>\n<li>Fracturas<\/li>\n<li>Heridas internas<\/li>\n<li>Abrasiones severas<\/li>\n<li>Lesi\u00f3n de la m\u00e9dula espinal<\/li>\n<li>Lesi\u00f3n cerebral traum\u00e1tica<\/li>\n<\/ul>\n<p>Un motociclista es extremadamente vulnerable en un accidente de motocicleta con un conductor distra\u00eddo y, a menudo, sufre un impacto secundario despu\u00e9s de salir a la carretera. Un conductor distra\u00eddo puede desviarse en los carriles o no detenerse, impactando a un motociclista. Las lesiones graves o el impedimento permanente pueden dejar a la v\u00edctima sin poder trabajar, enfrentando grandes dificultades financieras, as\u00ed como dolor f\u00edsico y emocional. Un abogado experto en accidentes de motocicleta de nuestra firma puede administrar todos los detalles de su caso de lesiones personales en Illinois y ayudarlo a <a href=\"\/es\/nuestro-exito\/\">obtener la m\u00e1xima compensaci\u00f3n<\/a>.<\/p>\n<img decoding=\"async\" class=\"size-full wp-image-33058 aligncenter\" src=\"\/wp-content\/uploads\/2022\/01\/Abogado-de-Accidente-de-Motocicleta.jpg\" alt=\"Abogado de Accidente de Motocicleta\" width=\"1000\" height=\"667\" srcset=\"https:\/\/chicagoinjurylawyer.net\/wp-content\/uploads\/2022\/01\/Abogado-de-Accidente-de-Motocicleta.jpg 1000w, https:\/\/chicagoinjurylawyer.net\/wp-content\/uploads\/2022\/01\/Abogado-de-Accidente-de-Motocicleta-300x200.jpg 300w, https:\/\/chicagoinjurylawyer.net\/wp-content\/uploads\/2022\/01\/Abogado-de-Accidente-de-Motocicleta-768x512.jpg 768w\" sizes=\"(max-width: 1000px) 100vw, 1000px\" \/>\n<h2>Choques de Motocicletas y Conductores con Exceso de Velocidad<\/h2>\n<p>La NHTSA, la Administraci\u00f3n Nacional de Seguridad del Tr\u00e1fico en las Carreteras, cita el exceso de velocidad como uno de los factores que contribuyen m\u00e1s com\u00fanmente a los accidentes de tr\u00e1fico. Los accidentes de motocicleta se incluyen en esos factores relacionados con la velocidad. Un choque se considera relacionado con el exceso de velocidad si un oficial de la ley indic\u00f3:<\/p>\n<ul>\n<li>La conducci\u00f3n fue demasiado r\u00e1pida para las condiciones<\/li>\n<li>Excedi\u00f3 el l\u00edmite de velocidad publicado<\/li>\n<li>Las carreras fueron un factor que contribuy\u00f3 al accidente.<\/li>\n<\/ul>\n<p>Solo en 2012, Illinois tuvo un total de 956 muertes por accidentes de tr\u00e1nsito, 387 de las cuales estaban relacionadas con un conductor que conduc\u00eda a exceso de velocidad. Los motociclistas pueden sufrir lesiones graves o morir si comparten la carretera con un conductor negligente que ha optado por operar un veh\u00edculo de manera insegura, poniendo a otros en riesgo extremo de sufrir da\u00f1os. Este es un acto de negligencia, la base de una demanda o demanda por lesiones personales.<\/p>\n<p>Un estudio sobre la velocidad y el riesgo de accidentes demostr\u00f3 una relaci\u00f3n definida: cuanto mayor es la velocidad, mayor es el riesgo de un accidente mortal.<\/p>\n<p>Un conductor a exceso de velocidad aumenta el riesgo de colisi\u00f3n debido a lo siguiente:<\/p>\n<ul>\n<li>Capacidad reducida para conducir de forma segura alrededor de curvas u objetos en la calzada<\/li>\n<li>Aumentar la distancia necesaria para detener el veh\u00edculo.<\/li>\n<li>Aumentar la distancia recorrida durante el per\u00edodo de reacci\u00f3n.<\/li>\n<\/ul>\n<p>En una situaci\u00f3n potencialmente peligrosa, es posible que el conductor de un veh\u00edculo a exceso de velocidad no pueda reaccionar a tiempo para evitar un choque. La alta velocidad reduce la posibilidad de responder de manera oportuna cuando es m\u00e1s importante -- evitar golpear a un motociclista.<\/p>\n<p>Un motociclista involucrado en un accidente con un conductor a exceso de velocidad tiene un alto riesgo de sufrir lesiones graves o la muerte. El impacto de un veh\u00edculo a alta velocidad a menudo conduce a lesiones graves en la cabeza, la m\u00e9dula espinal o las extremidades, o lesiones tan graves que el conductor queda con discapacidades permanentes.<\/p>\n<h2>Preguntas Frecuentes Sobre Accidentes de Motocicleta<\/h2>\n<p>La Administraci\u00f3n Nacional de Seguridad del Tr\u00e1fico en las Carreteras (NHTSA, por sus siglas en ingl\u00e9s) informa que, por millas recorridas por veh\u00edculos, los motociclistas tienen 5 veces m\u00e1s probabilidades de resultar lesionados en un choque que los conductores de veh\u00edculos de pasajeros. En Sexner Injury Lawyers LLC, representamos a motociclistas que han resultado lesionados en accidentes causados por la negligencia de otros.<\/p>\n<p>A continuaci\u00f3n, ofrecemos respuestas a algunas preguntas frecuentes sobre accidentes de motocicleta.<\/p>\n<h3>\u00bfCu\u00e1l es el l\u00edmite de tiempo para presentar una demanda despu\u00e9s de un accidente de motocicleta?<\/h3>\n<p>En Illinois, el plazo de prescripci\u00f3n (l\u00edmite de tiempo impuesto por la ley) suele ser de dos a\u00f1os a partir de la fecha del accidente. Sin embargo, cuanto antes consulte con un abogado con experiencia en accidentes de motocicleta, mejor ser\u00e1 para que su abogado obtenga y conserve la evidencia para respaldar su reclamo por lesiones.<\/p>\n<h3>\u00bfNecesito un abogado para resolver mi caso de accidente de motocicleta?<\/h3>\n<p>Si ha sufrido lesiones graves en una colisi\u00f3n que fue culpa de otra persona, su mejor curso de acci\u00f3n es hablar con un abogado con experiencia en accidentes de motocicleta lo antes posible. Las compa\u00f1\u00edas de seguros est\u00e1n en el negocio para obtener ganancias y simplemente no se preocupan por sus mejores intereses. Un abogado con experiencia en accidentes de motocicleta puede marcar una diferencia dram\u00e1tica en el valor de su acuerdo o veredicto.<\/p>\n<h3>\u00bfSe me reembolsar\u00e1 el salario perdido si no puedo regresar al trabajo despu\u00e9s de un accidente de motocicleta?<\/h3>\n<p>Su salario perdido ser\u00e1 parte de la compensaci\u00f3n solicitada por nuestra firma. Si ha sufrido una lesi\u00f3n grave y, como resultado, no puede volver a trabajar en su ocupaci\u00f3n anterior, tambi\u00e9n puede incluir la p\u00e9rdida de ingresos potenciales y otros da\u00f1os financieros en su demanda.<\/p>\n<h3>\u00bfLos accidentes de motocicleta son m\u00e1s propensos a ser fatales que los accidentes automovil\u00edsticos?<\/h3>\n<p>Si. La NHTSA informa que la tasa de mortalidad de los ocupantes por cada 100 millones de millas recorridas por veh\u00edculos fue de 23.41 para las motocicletas, en comparaci\u00f3n con 0.90 para los autom\u00f3viles de pasajeros y 0.73 para las camionetas ligeras.<\/p>\n<h2>Ayuda Legal para Ciclistas Lesionados en Chicago<\/h2>\n<p><img decoding=\"async\" class=\"alignright wp-image-33056\" src=\"\/wp-content\/uploads\/2022\/01\/Abogado-de-Accidente-de-Motocicleta-de-Chicago.jpg\" alt=\"Abogados de Accidentes de Motocicleta de Chicago\" width=\"400\" height=\"266\" srcset=\"https:\/\/chicagoinjurylawyer.net\/wp-content\/uploads\/2022\/01\/Abogado-de-Accidente-de-Motocicleta-de-Chicago.jpg 1000w, https:\/\/chicagoinjurylawyer.net\/wp-content\/uploads\/2022\/01\/Abogado-de-Accidente-de-Motocicleta-de-Chicago-300x200.jpg 300w, https:\/\/chicagoinjurylawyer.net\/wp-content\/uploads\/2022\/01\/Abogado-de-Accidente-de-Motocicleta-de-Chicago-768x511.jpg 768w\" sizes=\"(max-width: 400px) 100vw, 400px\" \/>Si ha resultado herido en un accidente de motocicleta en Chicago causado por otro conductor, consulte con un abogado con experiencia en accidentes de motocicleta lo antes posible. Es posible que tenga derecho a reclamar una indemnizaci\u00f3n por todos sus da\u00f1os. La compensaci\u00f3n econ\u00f3mica solicitada generalmente incluye el costo de la atenci\u00f3n m\u00e9dica, los salarios perdidos, el dolor y el sufrimiento y otras p\u00e9rdidas que son el resultado del accidente de motocicleta<\/p>\n<p>Nuestros abogados de accidentes de motocicleta en Chicago en Sexner Injury Lawyers LLC son abogados litigantes con experiencia, dedicados a buscar agresivamente la compensaci\u00f3n m\u00e1xima que tiene derecho a recibir. Negociaremos h\u00e1bilmente con las compa\u00f1\u00edas de seguros en su nombre y lucharemos por sus derechos en los tribunales para ayudarlo a lograr sus objetivos.<\/p>\n<p>Cont\u00e1ctenos para una consulta de caso gratuita y sin compromiso. No hay tarifa a menos que tenga \u00e9xito. Puede comunicarse con nosotros al <a href=\"tel:3122439922\">(312) 243-9922<\/a>.<\/p>\n","protected":false},"excerpt":{"rendered":"<p>Abogado de Accidente de Motocicleta de Chicago Aunque los motociclistas a menudo son retratados como \"salvajes e imprudentes\", el hecho es que la mayor\u00eda de los accidentes de motocicleta son causados por otros conductores. En un estudio realizado por la Administraci\u00f3n Nacional de Seguridad del Tr\u00e1fico en las Carreteras (NHTSA), los investigadores encontraron que la [&hellip;]<\/p>\n","protected":false},"author":1,"featured_media":0,"parent":0,"menu_order":0,"comment_status":"closed","ping_status":"open","template":"","meta":{"_acf_changed":false,"footnotes":""},"class_list":["post-7266","page","type-page","status-publish","hentry"],"acf":[],"yoast_head":"<!-- This site is optimized with the Yoast SEO plugin v27.3 - https:\/\/yoast.com\/product\/yoast-seo-wordpress\/ -->\n<title>Chicago Abogados en Accidente de Motocicleta - Sexner Injury Lawyers LLC<\/title>\n<meta name=\"description\" content=\"La red de abogados en accidentes de motocicletas con experiencia en Sexner Injury Lawyers LLC le puede ayudar en la persecuci\u00f3n de los responsables de su accidente.\" \/>\n<meta name=\"robots\" content=\"index, follow, max-snippet:-1, max-image-preview:large, max-video-preview:-1\" \/>\n<link rel=\"canonical\" href=\"https:\/\/chicagoinjurylawyer.net\/es\/accidente-de-motocicleta\/\" \/>\n<meta property=\"og:locale\" content=\"es_ES\" \/>\n<meta property=\"og:type\" content=\"article\" \/>\n<meta property=\"og:title\" content=\"Chicago Abogados en Accidente de Motocicleta - Sexner Injury Lawyers LLC\" \/>\n<meta property=\"og:description\" content=\"La red de abogados en accidentes de motocicletas con experiencia en Sexner Injury Lawyers LLC le puede ayudar en la persecuci\u00f3n de los responsables de su accidente.\" \/>\n<meta property=\"og:url\" content=\"https:\/\/chicagoinjurylawyer.net\/es\/accidente-de-motocicleta\/\" \/>\n<meta property=\"og:site_name\" content=\"Sexner Injury Lawyers LLC\" \/>\n<meta property=\"article:modified_time\" content=\"2022-01-07T22:39:44+00:00\" \/>\n<meta property=\"og:image\" content=\"https:\/\/chicagoinjurylawyer.net\/wp-content\/uploads\/2022\/01\/Accidentes-de-Motocicleta-de-Chicago.jpg\" \/>\n<meta name=\"twitter:card\" content=\"summary_large_image\" \/>\n<meta name=\"twitter:label1\" content=\"Tiempo de lectura\" \/>\n\t<meta name=\"twitter:data1\" content=\"8 minutos\" \/>\n<!-- \/ Yoast SEO plugin. -->","yoast_head_json":{"title":"Chicago Abogados en Accidente de Motocicleta - Sexner Injury Lawyers LLC","description":"La red de abogados en accidentes de motocicletas con experiencia en Sexner Injury Lawyers LLC le puede ayudar en la persecuci\u00f3n de los responsables de su accidente.","robots":{"index":"index","follow":"follow","max-snippet":"max-snippet:-1","max-image-preview":"max-image-preview:large","max-video-preview":"max-video-preview:-1"},"canonical":"https:\/\/chicagoinjurylawyer.net\/es\/accidente-de-motocicleta\/","og_locale":"es_ES","og_type":"article","og_title":"Chicago Abogados en Accidente de Motocicleta - Sexner Injury Lawyers LLC","og_description":"La red de abogados en accidentes de motocicletas con experiencia en Sexner Injury Lawyers LLC le puede ayudar en la persecuci\u00f3n de los responsables de su accidente.","og_url":"https:\/\/chicagoinjurylawyer.net\/es\/accidente-de-motocicleta\/","og_site_name":"Sexner Injury Lawyers LLC","article_modified_time":"2022-01-07T22:39:44+00:00","og_image":[{"url":"https:\/\/chicagoinjurylawyer.net\/wp-content\/uploads\/2022\/01\/Accidentes-de-Motocicleta-de-Chicago.jpg","type":"","width":"","height":""}],"twitter_card":"summary_large_image","twitter_misc":{"Tiempo de lectura":"8 minutos"},"schema":{"@context":"https:\/\/schema.org","@graph":[{"@type":"WebPage","@id":"https:\/\/chicagoinjurylawyer.net\/es\/accidente-de-motocicleta\/","url":"https:\/\/chicagoinjurylawyer.net\/es\/accidente-de-motocicleta\/","name":"Chicago Abogados en Accidente de Motocicleta - Sexner Injury Lawyers LLC","isPartOf":{"@id":"https:\/\/chicagoinjurylawyer.net\/es\/#website"},"datePublished":"2019-06-26T12:07:00+00:00","dateModified":"2022-01-07T22:39:44+00:00","description":"La red de abogados en accidentes de motocicletas con experiencia en [firm-name] le puede ayudar en la persecuci\u00f3n de los responsables de su accidente.","inLanguage":"es","potentialAction":[{"@type":"ReadAction","target":["https:\/\/chicagoinjurylawyer.net\/es\/accidente-de-motocicleta\/"]}]},{"@type":"WebSite","@id":"https:\/\/chicagoinjurylawyer.net\/es\/#website","url":"https:\/\/chicagoinjurylawyer.net\/es\/","name":"Sexner Injury Lawyers LLC","description":"Chicago Personal Injury Attorneys","publisher":{"@id":"https:\/\/chicagoinjurylawyer.net\/es\/#organization"},"potentialAction":[{"@type":"SearchAction","target":{"@type":"EntryPoint","urlTemplate":"https:\/\/chicagoinjurylawyer.net\/es\/?s={search_term_string}"},"query-input":{"@type":"PropertyValueSpecification","valueRequired":true,"valueName":"search_term_string"}}],"inLanguage":"es"},{"@type":"Organization","@id":"https:\/\/chicagoinjurylawyer.net\/es\/#organization","name":"[firm-name]","url":"https:\/\/chicagoinjurylawyer.net\/es\/","logo":{"@type":"ImageObject","inLanguage":"es","@id":"https:\/\/chicagoinjurylawyer.net\/es\/#\/schema\/logo\/image\/","url":"https:\/\/chicagoinjurylawyer.net\/wp-content\/uploads\/2019\/06\/msx-logo-1.png","contentUrl":"https:\/\/chicagoinjurylawyer.net\/wp-content\/uploads\/2019\/06\/msx-logo-1.png","width":180,"height":83,"caption":"[firm-name]"},"image":{"@id":"https:\/\/chicagoinjurylawyer.net\/es\/#\/schema\/logo\/image\/"}}]}},"_links":{"self":[{"href":"https:\/\/chicagoinjurylawyer.net\/es\/wp-json\/wp\/v2\/pages\/7266","targetHints":{"allow":["GET"]}}],"collection":[{"href":"https:\/\/chicagoinjurylawyer.net\/es\/wp-json\/wp\/v2\/pages"}],"about":[{"href":"https:\/\/chicagoinjurylawyer.net\/es\/wp-json\/wp\/v2\/types\/page"}],"author":[{"embeddable":true,"href":"https:\/\/chicagoinjurylawyer.net\/es\/wp-json\/wp\/v2\/users\/1"}],"replies":[{"embeddable":true,"href":"https:\/\/chicagoinjurylawyer.net\/es\/wp-json\/wp\/v2\/comments?post=7266"}],"version-history":[{"count":5,"href":"https:\/\/chicagoinjurylawyer.net\/es\/wp-json\/wp\/v2\/pages\/7266\/revisions"}],"predecessor-version":[{"id":33064,"href":"https:\/\/chicagoinjurylawyer.net\/es\/wp-json\/wp\/v2\/pages\/7266\/revisions\/33064"}],"wp:attachment":[{"href":"https:\/\/chicagoinjurylawyer.net\/es\/wp-json\/wp\/v2\/media?parent=7266"}],"curies":[{"name":"wp","href":"https:\/\/api.w.org\/{rel}","templated":true}]}}