{"id":7275,"date":"2019-06-26T12:09:17","date_gmt":"2019-06-26T12:09:17","guid":{"rendered":"http:\/\/104.197.86.120\/?page_id=7275"},"modified":"2022-02-07T11:48:59","modified_gmt":"2022-02-07T17:48:59","slug":"comentarios","status":"publish","type":"page","link":"https:\/\/chicagoinjurylawyer.net\/es\/comentarios\/","title":{"rendered":"Comentarios"},"content":{"rendered":"<h1>Comentarios<\/h1>\n<p>En <a href=\"\/es\/\">Sexner Injury Lawyers LLC<\/a>, creemos que es un privilegio poder ayudar a nuestros clientes a navegar a trav\u00e9s de los tiempos dif\u00edciles. Tomamos gran satisfacci\u00f3n en poder ayudar a nuestros clientes. Aqu\u00ed hay algunos comentarios de nuestros clientes satisfechos.<\/p>\n<p>\u201cEllos ganaron el caso de mi hijo. Hicieron un excelente trabajo. Gracias al Sr. Sexner y todo su equipo. Ahora mi hijo podr\u00e1 pasar la navidad con la familia y no detr\u00e1s de una celda. Que Dios los bendiga durante estas fiestas navide\u00f1as. Gracias Mitch, tu si eres de confiar, y de eso no cabe duda alguna.\u201d<\/p>\n<p>\u201cYo contrate al Sr. Sexner, el y sus colegas fueron muy profesionales. Siempre nos mantuvieron al tanto de c\u00f3mo progresaba nuestro caso y de igual manera siempre mantuvieron nuestras necesidades y preguntas. Recomiendo a Sexner y a su equipo. Son profesionales inteligentes y eficientes.\u201d<\/p>\n<p>\u201cFueron muy considerados al ayudarme a realizar un plan de pago de acuerdo a mis ingresos para poder pagar por sus servicios. No solo eso- \u00a1tambi\u00e9n lograron los resultados que yo quer\u00eda! Una experiencia positiva.\u201d<\/p>\n<p>\u201cMitch Sexner es muy capaz. Responde r\u00e1pidamente y tiene una gran personalidad. Tiene esa combinaci\u00f3n en su personalidad que uno espera poder encontrar en su abogado.\u201d<\/p>\n<p>\u201cNo hay ninguna persona d\u00e9bil en todo este equipo. Ellos representan con el mejor profesionalismo. Fue maravilloso poder trabajar con Mary. Recomendar\u00eda a este equipo a cualquiera que este en busca de servicios legales.\u201d<\/p>\n<p>\u201cMitchell Sexner y su equipo ayudo a mi familia cando pasaba por una situaci\u00f3n muy dif\u00edcil en nuestras vidas. Yo se que sin su representaci\u00f3n en nuestro caso los resultados no hubieran sido igual de favorables. Recomiendo a este bufete de abogados.\u201d<\/p>\n<p>\u201cSexner y Asociados\u2026fuero excelentes\u2026era obvio el respeto que el juez tuvo a favor de mi abogado. Mi abogado me explico pacientemente la ley y las funciones de la corte adjunto a unas posibles opciones de c\u00f3mo manejar mi caso bajo diferentes citaciones. Los gastos fueron descritos con detalle en papel. No hubieron cargos sorpresivos, recomiendo a Sexner y sus asociados.\u201d<\/p>\n<p>\u201cNosotros trabajamos con el MNR. Sexner en un caso para mi hijo. Est\u00e1bamos tan preocupados y estresados, y el Sarh. Sexner fue paciente, profesional eh intelectual y de bastante ayuda. Parec\u00eda conocer a la gente adeudada y pudo ser una gran representaci\u00f3n para mi hijo. El resultado fue mejor de lo que pensamos. El es muy bueno y lo recomiendo.\u201d<\/p>\n<p>\u201cFuimos a corte, platicamos sobre lo que habr\u00eda que hacer y el caso fue dado de ata al siguiente d\u00eda. Todo el tiempo recib\u00ed los mejores consejos que deb\u00ed de recibir y de igual manera me mantuvieron informada de lo que se deb\u00eda esperar en cada fase del procedimiento, desde el acc\u00e9dete hasta el d\u00eda de corte. Yo recomiendo a este abogado a cualquier persona que se encentre en problemas con la ley.\u201d<\/p>\n<p>\u201cEstoy muy satisfecho con mi abogado. El consigui\u00f3 que todas mis multas d tr\u00e1fico fueran canceladas. Le tomo tan solo 5 minutos, mi caso no pudo haber ido mejor.\u201d<\/p>\n<p>\u201cYo use la oficina del Sarh. Sexner para un caso legal. Descubr\u00ed que son un equipo muy profesional y capases en mi situaci\u00f3n. Mary fue con quien antes y durante mi corte. Ella hizo un excelente trabajo. Lograron que mis pagos fueran bajos y eficientes si lo vuelvo a necesitar, ir\u00e9 conillos de inmediato.\u201d<\/p>\n<p>\u201c\u00a1Simplemente lo mejor! Muy honestos, compasivos, y un equipo profesional.\u201d<\/p>\n","protected":false},"excerpt":{"rendered":"<p>Comentarios En , creemos que es un privilegio poder ayudar a nuestros clientes a navegar a trav\u00e9s de los tiempos dif\u00edciles. Tomamos gran satisfacci\u00f3n en poder ayudar a nuestros clientes. Aqu\u00ed hay algunos comentarios de nuestros clientes satisfechos. \u201cEllos ganaron el caso de mi hijo. Hicieron un excelente trabajo. Gracias al Sr. Sexner y todo [&hellip;]<\/p>\n","protected":false},"author":1,"featured_media":0,"parent":0,"menu_order":0,"comment_status":"closed","ping_status":"open","template":"","meta":{"_acf_changed":false,"footnotes":""},"class_list":["post-7275","page","type-page","status-publish","hentry"],"acf":[],"yoast_head":"<!-- This site is optimized with the Yoast SEO plugin v27.3 - https:\/\/yoast.com\/product\/yoast-seo-wordpress\/ -->\n<title>Comentarios - Sexner Injury Lawyers LLC<\/title>\n<meta name=\"description\" content=\"En Sexner Injury Lawyers LLC, creemos que es un privilegio poder ayudar a nuestros clientes a navegar a trav\u00e9s de los tiempos dif\u00edciles. Tomamos gran satisfacci\u00f3n en poder ayudar a nuestros clientes.\" \/>\n<meta name=\"robots\" content=\"index, follow, max-snippet:-1, max-image-preview:large, max-video-preview:-1\" \/>\n<link rel=\"canonical\" href=\"https:\/\/sexner.com\/es\/comentarios\/\" \/>\n<meta property=\"og:locale\" content=\"es_ES\" \/>\n<meta property=\"og:type\" content=\"article\" \/>\n<meta property=\"og:title\" content=\"Comentarios - Sexner Injury Lawyers LLC\" \/>\n<meta property=\"og:description\" content=\"En Sexner Injury Lawyers LLC, creemos que es un privilegio poder ayudar a nuestros clientes a navegar a trav\u00e9s de los tiempos dif\u00edciles. Tomamos gran satisfacci\u00f3n en poder ayudar a nuestros clientes.\" \/>\n<meta property=\"og:url\" content=\"https:\/\/sexner.com\/es\/comentarios\/\" \/>\n<meta property=\"og:site_name\" content=\"Sexner Injury Lawyers LLC\" \/>\n<meta property=\"article:modified_time\" content=\"2022-02-07T17:48:59+00:00\" \/>\n<meta name=\"twitter:card\" content=\"summary_large_image\" \/>\n<meta name=\"twitter:label1\" content=\"Tiempo de lectura\" \/>\n\t<meta name=\"twitter:data1\" content=\"3 minutos\" \/>\n<!-- \/ Yoast SEO plugin. -->","yoast_head_json":{"title":"Comentarios - Sexner Injury Lawyers LLC","description":"En Sexner Injury Lawyers LLC, creemos que es un privilegio poder ayudar a nuestros clientes a navegar a trav\u00e9s de los tiempos dif\u00edciles. Tomamos gran satisfacci\u00f3n en poder ayudar a nuestros clientes.","robots":{"index":"index","follow":"follow","max-snippet":"max-snippet:-1","max-image-preview":"max-image-preview:large","max-video-preview":"max-video-preview:-1"},"canonical":"https:\/\/sexner.com\/es\/comentarios\/","og_locale":"es_ES","og_type":"article","og_title":"Comentarios - Sexner Injury Lawyers LLC","og_description":"En Sexner Injury Lawyers LLC, creemos que es un privilegio poder ayudar a nuestros clientes a navegar a trav\u00e9s de los tiempos dif\u00edciles. Tomamos gran satisfacci\u00f3n en poder ayudar a nuestros clientes.","og_url":"https:\/\/sexner.com\/es\/comentarios\/","og_site_name":"Sexner Injury Lawyers LLC","article_modified_time":"2022-02-07T17:48:59+00:00","twitter_card":"summary_large_image","twitter_misc":{"Tiempo de lectura":"3 minutos"},"schema":{"@context":"https:\/\/schema.org","@graph":[{"@type":"WebPage","@id":"https:\/\/chicagoinjurylawyer.net\/es\/comentarios\/","url":"https:\/\/sexner.com\/es\/comentarios\/","name":"Comentarios - Sexner Injury Lawyers LLC","isPartOf":{"@id":"https:\/\/chicagoinjurylawyer.net\/es\/#website"},"datePublished":"2019-06-26T12:09:17+00:00","dateModified":"2022-02-07T17:48:59+00:00","description":"En [firm-name], creemos que es un privilegio poder ayudar a nuestros clientes a navegar a trav\u00e9s de los tiempos dif\u00edciles. Tomamos gran satisfacci\u00f3n en poder ayudar a nuestros clientes.","inLanguage":"es","potentialAction":[{"@type":"ReadAction","target":["https:\/\/sexner.com\/es\/comentarios\/"]}]},{"@type":"WebSite","@id":"https:\/\/chicagoinjurylawyer.net\/es\/#website","url":"https:\/\/chicagoinjurylawyer.net\/es\/","name":"Sexner Injury Lawyers LLC","description":"Chicago Personal Injury Attorneys","publisher":{"@id":"https:\/\/chicagoinjurylawyer.net\/es\/#organization"},"potentialAction":[{"@type":"SearchAction","target":{"@type":"EntryPoint","urlTemplate":"https:\/\/chicagoinjurylawyer.net\/es\/?s={search_term_string}"},"query-input":{"@type":"PropertyValueSpecification","valueRequired":true,"valueName":"search_term_string"}}],"inLanguage":"es"},{"@type":"Organization","@id":"https:\/\/chicagoinjurylawyer.net\/es\/#organization","name":"[firm-name]","url":"https:\/\/chicagoinjurylawyer.net\/es\/","logo":{"@type":"ImageObject","inLanguage":"es","@id":"https:\/\/chicagoinjurylawyer.net\/es\/#\/schema\/logo\/image\/","url":"https:\/\/chicagoinjurylawyer.net\/wp-content\/uploads\/2019\/06\/msx-logo-1.png","contentUrl":"https:\/\/chicagoinjurylawyer.net\/wp-content\/uploads\/2019\/06\/msx-logo-1.png","width":180,"height":83,"caption":"[firm-name]"},"image":{"@id":"https:\/\/chicagoinjurylawyer.net\/es\/#\/schema\/logo\/image\/"}}]}},"_links":{"self":[{"href":"https:\/\/chicagoinjurylawyer.net\/es\/wp-json\/wp\/v2\/pages\/7275","targetHints":{"allow":["GET"]}}],"collection":[{"href":"https:\/\/chicagoinjurylawyer.net\/es\/wp-json\/wp\/v2\/pages"}],"about":[{"href":"https:\/\/chicagoinjurylawyer.net\/es\/wp-json\/wp\/v2\/types\/page"}],"author":[{"embeddable":true,"href":"https:\/\/chicagoinjurylawyer.net\/es\/wp-json\/wp\/v2\/users\/1"}],"replies":[{"embeddable":true,"href":"https:\/\/chicagoinjurylawyer.net\/es\/wp-json\/wp\/v2\/comments?post=7275"}],"version-history":[{"count":4,"href":"https:\/\/chicagoinjurylawyer.net\/es\/wp-json\/wp\/v2\/pages\/7275\/revisions"}],"predecessor-version":[{"id":33622,"href":"https:\/\/chicagoinjurylawyer.net\/es\/wp-json\/wp\/v2\/pages\/7275\/revisions\/33622"}],"wp:attachment":[{"href":"https:\/\/chicagoinjurylawyer.net\/es\/wp-json\/wp\/v2\/media?parent=7275"}],"curies":[{"name":"wp","href":"https:\/\/api.w.org\/{rel}","templated":true}]}}