{"id":7276,"date":"2019-06-26T12:10:26","date_gmt":"2019-06-26T12:10:26","guid":{"rendered":"http:\/\/104.197.86.120\/?page_id=7276"},"modified":"2022-01-31T12:34:24","modified_gmt":"2022-01-31T18:34:24","slug":"abuso-de-asilo-de-ancianos","status":"publish","type":"page","link":"https:\/\/chicagoinjurylawyer.net\/es\/abuso-de-asilo-de-ancianos\/","title":{"rendered":"Abuso De Asilo De Ancianos"},"content":{"rendered":"<h1>Abogados de V\u00edctimas de Abuso en Hogares de Ancianos de Chicago<\/h1>\n<p>Hay m\u00e1s de un mill\u00f3n de reportes de abuso de ancianos por parte del personal de los asilos de ancianos cada a\u00f1o en todo el pa\u00eds. Este n\u00famero aumenta cada a\u00f1o porque la cantidad de personas en hogares de ancianos aumenta constantemente. Casi 40 millones de estadounidenses ancianos viven en hogares de ancianos. Con tanta gente en instalaciones de vida asistida, la cantidad de casos de abuso reportados (y no reportados) es alarmantemente alta.<\/p>\n<p>Nuestros padres y abuelos entran a los asilos de ancianos confiando en que la instalaci\u00f3n los tratar\u00e1 con cuidado. Sin embargo, el problema del abuso en hogares de ancianos en este pa\u00eds muestra que, con demasiada frecuencia, estas instalaciones no cumplen con su promesa de atenci\u00f3n. En estas situaciones, los hogares de ancianos deben ser responsables del da\u00f1o que hayan causado.<\/p>\n<p>Si sospecha que un ser querido mayor est\u00e1 sufriendo, comun\u00edquese con Sexner Injury Lawyers LLC. Puede comunicarse con nosotros al (312) 243-9922.<\/p>\n<img decoding=\"async\" class=\"aligncenter size-full wp-image-32131\" src=\"\/wp-content\/uploads\/2021\/10\/Abuso-De-Asilo-De-Ancianos.jpg\" alt=\"Abogados de V\u00edctimas de Abuso en Hogares de Ancianos de Chicago\" width=\"1000\" height=\"667\" srcset=\"https:\/\/chicagoinjurylawyer.net\/wp-content\/uploads\/2021\/10\/Abuso-De-Asilo-De-Ancianos.jpg 1000w, https:\/\/chicagoinjurylawyer.net\/wp-content\/uploads\/2021\/10\/Abuso-De-Asilo-De-Ancianos-300x200.jpg 300w, https:\/\/chicagoinjurylawyer.net\/wp-content\/uploads\/2021\/10\/Abuso-De-Asilo-De-Ancianos-768x512.jpg 768w\" sizes=\"(max-width: 1000px) 100vw, 1000px\" \/>\n<h2>Tipos Comunes de Abuso en Hogares de Ancianos<\/h2>\n<p>Seg\u00fan el Centro Nacional para el Abuso de Ancianos, el descuido general de las necesidades b\u00e1sicas es el tipo m\u00e1s com\u00fan de abuso en hogares de ancianos. La negligencia general generalmente se presenta en estas formas: falta de comida, falta de agua y falta de comodidades generales para la vida. En muchos casos de abuso en hogares de ancianos, estos problemas est\u00e1n relacionados con la falta de personal, el mal entrenamiento y la falta de recursos.<\/p>\n<p>El abuso f\u00edsico tambi\u00e9n es un problema importante en los hogares de ancianos de todo el pa\u00eds. En los entornos de hogares de ancianos, estos son los tipos m\u00e1s comunes de abuso f\u00edsico:<\/p>\n<ul>\n<li>Agresi\u00f3n<\/li>\n<li><a href=\"\/es\/abuso-de-asilo-de-ancianos\/abuso-sexual\/\">Agresi\u00f3n sexual<\/a><\/li>\n<li><a href=\"\/es\/abuso-de-asilo-de-ancianos\/abuso-fisico\/\">Abuso F\u00edsico<\/a><\/li>\n<li><a href=\"\/es\/abuso-de-asilo-de-ancianos\/errores-de-medicacion\/\">Errores de medicaci\u00f3n<\/a> (sobredosis, dosis inadecuada, administraci\u00f3n de medicaci\u00f3n incorrecta)<\/li>\n<li>Restricci\u00f3n f\u00edsica<\/li>\n<li><a href=\"\/es\/abuso-de-asilo-de-ancianos\/abuso-de-alzheimer\/\">Abuso de Alzheimer<\/a><\/li>\n<li><a href=\"\/es\/abuso-de-asilo-de-ancianos\/abuso-de-ancianos-de-cuidadores\/\">Abuso de Ancianos de Cuidadores<\/a><\/li>\n<li>Estar privado de comida o agua<\/li>\n<\/ul>\n<p>Otro problema generalizado en los hogares de ancianos es el abuso emocional. Estos son los tipos m\u00e1s comunes de abuso emocional en hogares de ancianos:<\/p>\n<ul>\n<li>Amenazas de violencia<\/li>\n<li>Burl\u00f3n<\/li>\n<li>Humillaci\u00f3n<\/li>\n<li><a href=\"\/es\/abuso-de-asilo-de-ancianos\/abuso-financiero\/\">Abuso Financiero<\/a><\/li>\n<\/ul>\n<p>La mejor manera de saber si su pariente anciano est\u00e1 sufriendo abuso es buscar se\u00f1ales. Si act\u00faan agitados o retra\u00eddos alrededor de usted o del personal, es posible que sientan alg\u00fan dolor.<\/p>\n<h2>Se\u00f1ales de Abuso en Hogares de Ancianos que debe Buscar<\/h2>\n<p>El Centro Nacional de Abuso de Ancianos (NCEA) informa que el 10 por ciento de los adultos mayores son abusados en todo el pa\u00eds cada a\u00f1o. Esto, por supuesto, no cuenta todas las situaciones de abuso de personas mayores que no se informan. Prestar atenci\u00f3n a c\u00f3mo se comporta su ser querido mayor es una forma de saber si est\u00e1 siendo abusado. Tambi\u00e9n hay se\u00f1ales f\u00edsicas a las que debe prestar atenci\u00f3n. \u00c9stos incluyen:<\/p>\n<ul>\n<li><a href=\"\/es\/abuso-de-asilo-de-ancianos\/ulceras-por-decubito\/\">\u00dalceras por presi\u00f3n<\/a><\/li>\n<li>Cortes, magulladuras o ronchas<\/li>\n<li>P\u00e9rdida de peso dr\u00e1stica<\/li>\n<li>Infecciones<\/li>\n<li>Falta de higiene personal<\/li>\n<li>Lesiones inexplicables<\/li>\n<\/ul>\n<h2>Causas de Abuso y Negligencia en Hogares de Ancianos<\/h2>\n<p>La negligencia es otro problema de los hogares de ancianos. Como se podr\u00eda imaginar, no existe una raz\u00f3n \u00fanica y espec\u00edfica por la que ocurre la negligencia en los hogares de ancianos. A veces, la raz\u00f3n es puramente accidental. Pero, lamentablemente, a veces la <a href=\"\/es\/negligencia-medica\/\">negligencia<\/a> es intencionada. Sin embargo, independientemente de la raz\u00f3n por la que ocurran tales asuntos, los efectos de un entorno abusivo o negligente pueden tener resultados duraderos, permanentes o incluso fatales. Algunas de las razones incluyen:<\/p>\n<ul>\n<li><strong>Negligencia del Personal<\/strong>: Todos cometemos errores. Pero los encargados de cuidar a los ancianos, los enfermos y los que se est\u00e1n en recuperaci\u00f3n deben ser sometidos a un est\u00e1ndar m\u00e1s alto. Esto se debe a que estos pacientes dependen en gran medida de la asistencia brindada por sus cuidadores m\u00e9dicos y, a menudo, no pueden cuidarse adecuadamente a s\u00ed mismos.<\/li>\n<li><strong>Conducta Intencional<\/strong>: As\u00ed como hay personas buenas y malas en todos los \u00e1mbitos de la sociedad, tambi\u00e9n hay personal bueno y malo en los campos de la medicina y la enfermer\u00eda. Algunas personas simplemente usan sus posiciones de poder para aprovecharse de los dem\u00e1s y causar dolor e incomodidad a los residentes de hogares de ancianos. Tal conducta, por supuesto, es imperdonable, especialmente si se tiene en cuenta que el abuso y la negligencia involucran a otras personas que necesitan urgentemente su ayuda.<\/li>\n<li><strong>Negligencia de las Instalaciones<\/strong>: Adem\u00e1s de la negligencia y la conducta criminal de los empleados, a veces la culpa debe recaer en los niveles m\u00e1s altos de administraci\u00f3n. Cuando los propietarios y gerentes de hogares de ancianos no cuentan con el personal adecuado para sus instalaciones, o cuando reducen costos o trabajan en exceso a sus empleados, es probable que ocurran errores graves, lo que deja a los residentes en peligro de lesiones o <a href=\"\/es\/muerte-injusta\/\">muerte<\/a>.<\/li>\n<\/ul>\n<h2>Falta de Personal y Negligencia en Hogares de Ancianos en Chicago<\/h2>\n<p>En los asilos de ancianos y las instalaciones para pacientes hospitalizados de todo el pa\u00eds, la falta de personal es un problema importante y generalizado. Despu\u00e9s de todo, los pacientes de estas instalaciones son los que m\u00e1s necesitan una atenci\u00f3n contin\u00faa personalizada, ya que necesitan ayuda para ir al ba\u00f1o, alimentarse y atender sus necesidades diarias. Cuando el personal m\u00e9dico no puede atender adecuadamente a sus pacientes, a menudo es solo una cuesti\u00f3n de tiempo antes de que ocurra una tragedia, que resulte en la muerte o una lesi\u00f3n permanente grave. Estas son algunas de las causas comunes de la falta de personal en los asilos de ancianos:<\/p>\n<ul>\n<li><strong>Costo<\/strong>: Aunque brindar la mejor atenci\u00f3n posible es la consideraci\u00f3n n\u00famero uno para muchos hogares de ancianos, a veces el centro simplemente no tiene ingresos suficientes (basados en los ingresos y la asistencia gubernamental) para mantener un personal adecuado y experimentado.<\/li>\n<li><strong>B\u00fasqueda de ganancias<\/strong>: Es un hecho lamentable de la vida que muchos otros asilos de ancianos e instalaciones para pacientes internados operen principalmente en la b\u00fasqueda de ganancias cada vez mayores. Reducir el personal y pagar menos a los empleados m\u00e9dicos es una de esas formas de aumentar las ganancias.<\/li>\n<li><strong>Costos laborales<\/strong>: Los asistentes de enfermer\u00eda certificados y las enfermeras registradas tienden a ser empleados bien remunerados. Muchas instalaciones simplemente no pueden permitirse este nivel de experiencia y se las arreglan ampliando su personal, que de otro modo ser\u00eda menos calificado.<\/li>\n<li><strong>Dificultad para Mantener a los Empleados<\/strong>: Trabajar en un hogar de ancianos puede ser agotador y dif\u00edcil. Cuando se enfrentan a la elecci\u00f3n entre trabajar en una instalaci\u00f3n de este tipo y trabajar por un salario igual o mayor en un hospital o consultorio m\u00e9dico, muchos simplemente optan por irse.<\/li>\n<\/ul>\n<h2><img decoding=\"async\" class=\"aligncenter size-full wp-image-32135\" src=\"\/wp-content\/uploads\/2021\/10\/Abogados-de-Vi\u0301ctimas-de-Abuso-en-Hogares-de-Ancianos-de-Chicago.jpg\" alt=\"Abogados de Vi\u0301ctimas de Abuso en Hogares de Ancianos de Chicago\" width=\"1000\" height=\"667\" srcset=\"https:\/\/chicagoinjurylawyer.net\/wp-content\/uploads\/2021\/10\/Abogados-de-Vi\u0301ctimas-de-Abuso-en-Hogares-de-Ancianos-de-Chicago.jpg 1000w, https:\/\/chicagoinjurylawyer.net\/wp-content\/uploads\/2021\/10\/Abogados-de-Vi\u0301ctimas-de-Abuso-en-Hogares-de-Ancianos-de-Chicago-300x200.jpg 300w, https:\/\/chicagoinjurylawyer.net\/wp-content\/uploads\/2021\/10\/Abogados-de-Vi\u0301ctimas-de-Abuso-en-Hogares-de-Ancianos-de-Chicago-768x512.jpg 768w\" sizes=\"(max-width: 1000px) 100vw, 1000px\" \/><\/h2>\n<h2>Evitar Hogares de Ancianos Peligrosos en Illinois<\/h2>\n<p>Elegir en qu\u00e9 asilo de ancianos colocar a un ser querido es una de las decisiones m\u00e1s importantes y dif\u00edciles que debe tomar una familia. Los asilos de ancianos y las instalaciones para pacientes hospitalizados hacen todo lo posible para presentar sus negocios como seguros, amigables y m\u00e9dicamente s\u00f3lidos. Cada a\u00f1o se gastan millones de d\u00f3lares en publicidad y materiales impresos con la esperanza de atraer nuevos pacientes y los ingresos que se pueden generar como resultado.<\/p>\n<h2>Lista de Verificaci\u00f3n de Negligencia en Asilos de Ancianos<\/h2>\n<p>Pero debido a que la elecci\u00f3n de un asilo de ancianos es tan importante, no se puede confiar \u00fanicamente en los materiales publicitarios. Cada instalaci\u00f3n en consideraci\u00f3n debe visitarse personalmente. Cuando est\u00e9 all\u00ed, use su sentido com\u00fan y tome nota de sus impresiones con respecto no solo al lugar f\u00edsico, sino a las apariencias tanto de los pacientes como del personal m\u00e9dico. Algunos de los elementos importantes a tener en cuenta incluyen:<\/p>\n<ul>\n<li>\u00bfCu\u00e1l es la interacci\u00f3n entre el personal de enfermer\u00eda y los residentes?<\/li>\n<li>\u00bfHay \u00e1reas de relajaci\u00f3n y entretenimiento disponibles?<\/li>\n<li>Al entrar al hogar de ancianos, \u00bfhuele heces u orina?<\/li>\n<li>\u00bfEl comedor est\u00e1 limpio y bien cuidado?<\/li>\n<li>\u00bfEst\u00e1n los pasillos bien iluminados?<\/li>\n<li>\u00bfLos carros m\u00e9dicos parecen cerrados, sin drogas, agujas u otros art\u00edculos peligrosos presentes?<\/li>\n<li>\u00bfEst\u00e1n despejadas las puertas y entradas?<\/li>\n<li>\u00bfEst\u00e1n funcionando sus sensores de seguridad en las salidas?<\/li>\n<li>\u00bfLas barandillas de los pasillos, paredes y escaleras tienen la altura adecuada y est\u00e1n firmemente sujetas?<\/li>\n<li>\u00bfHay carpetas o tapetes con los que los residentes puedan tropezar?<\/li>\n<li>\u00bfEst\u00e1n limpios los pisos?<\/li>\n<li>\u00bfEst\u00e1n los residentes limpios y ordenados?<\/li>\n<li>\u00bfSe ofrecen programas que sean interesantes para su ser querido?<\/li>\n<li>\u00bfEst\u00e1n los pacientes sentados en sillas de ruedas en los pasillos?<\/li>\n<li>\u00bfEl personal se relaciona de manera adecuada y cort\u00e9s con los residentes?<\/li>\n<li>\u00bfHay alg\u00fan objeto extra\u00f1o en el suelo con el que pueda tropezarse?<\/li>\n<li>\u00bfAlg\u00fan paciente est\u00e1 pidiendo ayuda?<\/li>\n<li>\u00bfEl personal de enfermer\u00eda responde con prontitud a las solicitudes de ayuda o las luces de llamada parpadeantes?<\/li>\n<li>\u00bfHay signos de moho?<\/li>\n<\/ul>\n<h2>Comun\u00edquese con un Abogado con Experiencia en Casos de Abuso en Hogares de Ancianos en Chicago<\/h2>\n<p>Si le preocupa la atenci\u00f3n que recibe su pariente anciano, no dude en ponerse en contacto con los abogados de lesiones de Chicago de Sexner Injury Lawyers LLC. Hemos ayudado a muchas familias a trav\u00e9s del proceso de presentar una demanda por abuso de ancianos contra las instalaciones de vida asistida. Perm\u00edtanos ayudar a su familia a continuaci\u00f3n.<\/p>\n<p>Cont\u00e1ctenos hoy al (312) 243-9922.<\/p>\n","protected":false},"excerpt":{"rendered":"<p>Abogados de V\u00edctimas de Abuso en Hogares de Ancianos de Chicago Hay m\u00e1s de un mill\u00f3n de reportes de abuso de ancianos por parte del personal de los asilos de ancianos cada a\u00f1o en todo el pa\u00eds. Este n\u00famero aumenta cada a\u00f1o porque la cantidad de personas en hogares de ancianos aumenta constantemente. Casi 40 [&hellip;]<\/p>\n","protected":false},"author":1,"featured_media":0,"parent":0,"menu_order":0,"comment_status":"closed","ping_status":"open","template":"","meta":{"_acf_changed":false,"footnotes":""},"class_list":["post-7276","page","type-page","status-publish","hentry"],"acf":[],"yoast_head":"<!-- This site is optimized with the Yoast SEO plugin v27.4 - https:\/\/yoast.com\/product\/yoast-seo-wordpress\/ -->\n<title>Abogados De Abuso de Asilo de Ancianos en Chicago - Sexner Injury Lawyers LLC<\/title>\n<meta name=\"description\" content=\"Si usted est\u00e1 preocupado por un anciano familiar y el cuidado que est\u00e1 recibiendo, por favor llame a un abogado de Abuso de asilo de ancianos en Chicago. Sexner Injury Lawyers LLC.\" \/>\n<meta name=\"robots\" content=\"index, follow, max-snippet:-1, max-image-preview:large, max-video-preview:-1\" \/>\n<link rel=\"canonical\" href=\"https:\/\/chicagoinjurylawyer.net\/es\/abuso-de-asilo-de-ancianos\/\" \/>\n<meta property=\"og:locale\" content=\"es_ES\" \/>\n<meta property=\"og:type\" content=\"article\" \/>\n<meta property=\"og:title\" content=\"Abogados De Abuso de Asilo de Ancianos en Chicago - Sexner Injury Lawyers LLC\" \/>\n<meta property=\"og:description\" content=\"Si usted est\u00e1 preocupado por un anciano familiar y el cuidado que est\u00e1 recibiendo, por favor llame a un abogado de Abuso de asilo de ancianos en Chicago. Sexner Injury Lawyers LLC.\" \/>\n<meta property=\"og:url\" content=\"https:\/\/chicagoinjurylawyer.net\/es\/abuso-de-asilo-de-ancianos\/\" \/>\n<meta property=\"og:site_name\" content=\"Sexner Injury Lawyers LLC\" \/>\n<meta property=\"article:modified_time\" content=\"2022-01-31T18:34:24+00:00\" \/>\n<meta property=\"og:image\" content=\"https:\/\/chicagoinjurylawyer.net\/wp-content\/uploads\/2021\/10\/Abuso-De-Asilo-De-Ancianos.jpg\" \/>\n<meta name=\"twitter:card\" content=\"summary_large_image\" \/>\n<meta name=\"twitter:label1\" content=\"Tiempo de lectura\" \/>\n\t<meta name=\"twitter:data1\" content=\"8 minutos\" \/>\n<!-- \/ Yoast SEO plugin. -->","yoast_head_json":{"title":"Abogados De Abuso de Asilo de Ancianos en Chicago - Sexner Injury Lawyers LLC","description":"Si usted est\u00e1 preocupado por un anciano familiar y el cuidado que est\u00e1 recibiendo, por favor llame a un abogado de Abuso de asilo de ancianos en Chicago. Sexner Injury Lawyers LLC.","robots":{"index":"index","follow":"follow","max-snippet":"max-snippet:-1","max-image-preview":"max-image-preview:large","max-video-preview":"max-video-preview:-1"},"canonical":"https:\/\/chicagoinjurylawyer.net\/es\/abuso-de-asilo-de-ancianos\/","og_locale":"es_ES","og_type":"article","og_title":"Abogados De Abuso de Asilo de Ancianos en Chicago - Sexner Injury Lawyers LLC","og_description":"Si usted est\u00e1 preocupado por un anciano familiar y el cuidado que est\u00e1 recibiendo, por favor llame a un abogado de Abuso de asilo de ancianos en Chicago. Sexner Injury Lawyers LLC.","og_url":"https:\/\/chicagoinjurylawyer.net\/es\/abuso-de-asilo-de-ancianos\/","og_site_name":"Sexner Injury Lawyers LLC","article_modified_time":"2022-01-31T18:34:24+00:00","og_image":[{"url":"https:\/\/chicagoinjurylawyer.net\/wp-content\/uploads\/2021\/10\/Abuso-De-Asilo-De-Ancianos.jpg","type":"","width":"","height":""}],"twitter_card":"summary_large_image","twitter_misc":{"Tiempo de lectura":"8 minutos"},"schema":{"@context":"https:\/\/schema.org","@graph":[{"@type":"WebPage","@id":"https:\/\/chicagoinjurylawyer.net\/es\/abuso-de-asilo-de-ancianos\/","url":"https:\/\/chicagoinjurylawyer.net\/es\/abuso-de-asilo-de-ancianos\/","name":"Abogados De Abuso de Asilo de Ancianos en Chicago - Sexner Injury Lawyers LLC","isPartOf":{"@id":"https:\/\/chicagoinjurylawyer.net\/es\/#website"},"datePublished":"2019-06-26T12:10:26+00:00","dateModified":"2022-01-31T18:34:24+00:00","description":"Si usted est\u00e1 preocupado por un anciano familiar y el cuidado que est\u00e1 recibiendo, por favor llame a un abogado de Abuso de asilo de ancianos en Chicago. [firm-name].","inLanguage":"es","potentialAction":[{"@type":"ReadAction","target":["https:\/\/chicagoinjurylawyer.net\/es\/abuso-de-asilo-de-ancianos\/"]}]},{"@type":"WebSite","@id":"https:\/\/chicagoinjurylawyer.net\/es\/#website","url":"https:\/\/chicagoinjurylawyer.net\/es\/","name":"Sexner Injury Lawyers LLC","description":"Chicago Personal Injury Attorneys","publisher":{"@id":"https:\/\/chicagoinjurylawyer.net\/es\/#organization"},"potentialAction":[{"@type":"SearchAction","target":{"@type":"EntryPoint","urlTemplate":"https:\/\/chicagoinjurylawyer.net\/es\/?s={search_term_string}"},"query-input":{"@type":"PropertyValueSpecification","valueRequired":true,"valueName":"search_term_string"}}],"inLanguage":"es"},{"@type":"Organization","@id":"https:\/\/chicagoinjurylawyer.net\/es\/#organization","name":"[firm-name]","url":"https:\/\/chicagoinjurylawyer.net\/es\/","logo":{"@type":"ImageObject","inLanguage":"es","@id":"https:\/\/chicagoinjurylawyer.net\/es\/#\/schema\/logo\/image\/","url":"https:\/\/chicagoinjurylawyer.net\/wp-content\/uploads\/2019\/06\/msx-logo-1.png","contentUrl":"https:\/\/chicagoinjurylawyer.net\/wp-content\/uploads\/2019\/06\/msx-logo-1.png","width":180,"height":83,"caption":"[firm-name]"},"image":{"@id":"https:\/\/chicagoinjurylawyer.net\/es\/#\/schema\/logo\/image\/"}}]}},"_links":{"self":[{"href":"https:\/\/chicagoinjurylawyer.net\/es\/wp-json\/wp\/v2\/pages\/7276","targetHints":{"allow":["GET"]}}],"collection":[{"href":"https:\/\/chicagoinjurylawyer.net\/es\/wp-json\/wp\/v2\/pages"}],"about":[{"href":"https:\/\/chicagoinjurylawyer.net\/es\/wp-json\/wp\/v2\/types\/page"}],"author":[{"embeddable":true,"href":"https:\/\/chicagoinjurylawyer.net\/es\/wp-json\/wp\/v2\/users\/1"}],"replies":[{"embeddable":true,"href":"https:\/\/chicagoinjurylawyer.net\/es\/wp-json\/wp\/v2\/comments?post=7276"}],"version-history":[{"count":14,"href":"https:\/\/chicagoinjurylawyer.net\/es\/wp-json\/wp\/v2\/pages\/7276\/revisions"}],"predecessor-version":[{"id":33031,"href":"https:\/\/chicagoinjurylawyer.net\/es\/wp-json\/wp\/v2\/pages\/7276\/revisions\/33031"}],"wp:attachment":[{"href":"https:\/\/chicagoinjurylawyer.net\/es\/wp-json\/wp\/v2\/media?parent=7276"}],"curies":[{"name":"wp","href":"https:\/\/api.w.org\/{rel}","templated":true}]}}