{"id":7280,"date":"2019-06-26T12:14:19","date_gmt":"2019-06-26T12:14:19","guid":{"rendered":"http:\/\/104.197.86.120\/?page_id=7280"},"modified":"2021-12-03T15:43:10","modified_gmt":"2021-12-03T21:43:10","slug":"lesiones-pasajero","status":"publish","type":"page","link":"https:\/\/chicagoinjurylawyer.net\/es\/accidentes-de-trafico\/lesiones-pasajero\/","title":{"rendered":"Chicago Abogados de Lesiones Pasajero"},"content":{"rendered":"<h1>Chicago Abogados de Lesiones Pasajero<\/h1>\n<h2>Lesiones de Pasajeros<\/h2>\n<p><img decoding=\"async\" class=\"size-medium wp-image-7281 alignright\" src=\"\/wp-content\/uploads\/2019\/06\/Passenger-Injuries-300x200.jpg\" alt=\"Mannequin \" width=\"300\" height=\"200\" \/>Si usted ha sostenido da\u00f1os o lesiones mientras es pasajero en un auto que ha estado involucrado en un accidente de auto, en casi todos los casos usted tendr\u00e1 un reclamo de lesi\u00f3n personal contra uno o m\u00e1s de los choferes. Su habilidad de recuperar por las lesiones y da\u00f1os puede existir si incluso el chofer del auto donde usted era pasajero tuvo la culpa.<\/p>\n<p>En dado caso, hasta el accidente m\u00e1s sencillo involucre m\u00faltiple niveles de seguranza que es potencial Fuente de recuperaci\u00f3n. Pero para obtener la cantidad de recuperaci\u00f3n complete que est\u00e1 disponible, aseg\u00farese que el abogado que escogi\u00f3 tiene la experiencia con estos tipos de reclamos en juicio. <a href=\"\/es\/accidentes-de-trafico\/\">Sexner Injury Lawyers LLC<\/a> ha estado ayudando victimas de accidente y a sus familias desde 1990. Nosotros representamos a clientes en el \u00e1rea de Chicago y los afueras, igual como a clientes en otras partes de Illinois. Lo mejor que su abogado se prepara en su caso, tiene usted mejores posibilidades que su caso este colocado justo y expedita.<\/p>\n<p>En todos nuestros casos de lesiones de pasajeros, nosotros pagamos todos los gastos. No pedimos fianza al abogado hasta que usted reciba recompensa.<\/p>\n<p>Alguna gente se sorprende en saber que reclamaciones de lesiones y da\u00f1os resultando en accidentes de auto no solamente pueden ser por medios del chofer o pasajero, pero tambi\u00e9n de parte de un peatones, ciclista, y tambi\u00e9n gente que se lastima mientras trabajan cargando o descargando un auto. Hasta una persona que tuvo la culpa en el accidente podr\u00eda tener un reclamo valido.<\/p>\n","protected":false},"excerpt":{"rendered":"<p>Chicago Abogados de Lesiones Pasajero Lesiones de Pasajeros Si usted ha sostenido da\u00f1os o lesiones mientras es pasajero en un auto que ha estado involucrado en un accidente de auto, en casi todos los casos usted tendr\u00e1 un reclamo de lesi\u00f3n personal contra uno o m\u00e1s de los choferes. Su habilidad de recuperar por las [&hellip;]<\/p>\n","protected":false},"author":1,"featured_media":0,"parent":3804,"menu_order":0,"comment_status":"closed","ping_status":"open","template":"","meta":{"_acf_changed":false,"footnotes":""},"class_list":["post-7280","page","type-page","status-publish","hentry"],"acf":[],"yoast_head":"<!-- This site is optimized with the Yoast SEO plugin v27.3 - https:\/\/yoast.com\/product\/yoast-seo-wordpress\/ -->\n<title>Chicago Abogados de Lesiones Pasajero - Sexner Injury Lawyers LLC<\/title>\n<meta name=\"description\" content=\"Sexner Injury Lawyers LLC ha estado ayudando victimas de accidente y a sus familias desde 1990. Nosotros representamos a clientes en el \u00e1rea de Chicago y los afueras, igual como a clientes en otras partes de Illinois.\" \/>\n<meta name=\"robots\" content=\"index, follow, max-snippet:-1, max-image-preview:large, max-video-preview:-1\" \/>\n<link rel=\"canonical\" href=\"https:\/\/chicagoinjurylawyer.net\/es\/accidentes-de-trafico\/lesiones-pasajero\/\" \/>\n<meta property=\"og:locale\" content=\"es_ES\" \/>\n<meta property=\"og:type\" content=\"article\" \/>\n<meta property=\"og:title\" content=\"Chicago Abogados de Lesiones Pasajero - Sexner Injury Lawyers LLC\" \/>\n<meta property=\"og:description\" content=\"Sexner Injury Lawyers LLC ha estado ayudando victimas de accidente y a sus familias desde 1990. Nosotros representamos a clientes en el \u00e1rea de Chicago y los afueras, igual como a clientes en otras partes de Illinois.\" \/>\n<meta property=\"og:url\" content=\"https:\/\/chicagoinjurylawyer.net\/es\/accidentes-de-trafico\/lesiones-pasajero\/\" \/>\n<meta property=\"og:site_name\" content=\"Sexner Injury Lawyers LLC\" \/>\n<meta property=\"article:modified_time\" content=\"2021-12-03T21:43:10+00:00\" \/>\n<meta property=\"og:image\" content=\"https:\/\/chicagoinjurylawyer.net\/wp-content\/uploads\/2019\/06\/Passenger-Injuries-300x200.jpg\" \/>\n<meta name=\"twitter:card\" content=\"summary_large_image\" \/>\n<meta name=\"twitter:label1\" content=\"Tiempo de lectura\" \/>\n\t<meta name=\"twitter:data1\" content=\"1 minuto\" \/>\n<!-- \/ Yoast SEO plugin. -->","yoast_head_json":{"title":"Chicago Abogados de Lesiones Pasajero - Sexner Injury Lawyers LLC","description":"Sexner Injury Lawyers LLC ha estado ayudando victimas de accidente y a sus familias desde 1990. Nosotros representamos a clientes en el \u00e1rea de Chicago y los afueras, igual como a clientes en otras partes de Illinois.","robots":{"index":"index","follow":"follow","max-snippet":"max-snippet:-1","max-image-preview":"max-image-preview:large","max-video-preview":"max-video-preview:-1"},"canonical":"https:\/\/chicagoinjurylawyer.net\/es\/accidentes-de-trafico\/lesiones-pasajero\/","og_locale":"es_ES","og_type":"article","og_title":"Chicago Abogados de Lesiones Pasajero - Sexner Injury Lawyers LLC","og_description":"Sexner Injury Lawyers LLC ha estado ayudando victimas de accidente y a sus familias desde 1990. Nosotros representamos a clientes en el \u00e1rea de Chicago y los afueras, igual como a clientes en otras partes de Illinois.","og_url":"https:\/\/chicagoinjurylawyer.net\/es\/accidentes-de-trafico\/lesiones-pasajero\/","og_site_name":"Sexner Injury Lawyers LLC","article_modified_time":"2021-12-03T21:43:10+00:00","og_image":[{"url":"https:\/\/chicagoinjurylawyer.net\/wp-content\/uploads\/2019\/06\/Passenger-Injuries-300x200.jpg","type":"","width":"","height":""}],"twitter_card":"summary_large_image","twitter_misc":{"Tiempo de lectura":"1 minuto"},"schema":{"@context":"https:\/\/schema.org","@graph":[{"@type":"WebPage","@id":"https:\/\/chicagoinjurylawyer.net\/es\/accidentes-de-trafico\/lesiones-pasajero\/","url":"https:\/\/chicagoinjurylawyer.net\/es\/accidentes-de-trafico\/lesiones-pasajero\/","name":"Chicago Abogados de Lesiones Pasajero - Sexner Injury Lawyers LLC","isPartOf":{"@id":"https:\/\/chicagoinjurylawyer.net\/es\/#website"},"datePublished":"2019-06-26T12:14:19+00:00","dateModified":"2021-12-03T21:43:10+00:00","description":"[firm-name] ha estado ayudando victimas de accidente y a sus familias desde 1990. Nosotros representamos a clientes en el \u00e1rea de Chicago y los afueras, igual como a clientes en otras partes de Illinois.","breadcrumb":{"@id":"https:\/\/chicagoinjurylawyer.net\/es\/accidentes-de-trafico\/lesiones-pasajero\/#breadcrumb"},"inLanguage":"es","potentialAction":[{"@type":"ReadAction","target":["https:\/\/chicagoinjurylawyer.net\/es\/accidentes-de-trafico\/lesiones-pasajero\/"]}]},{"@type":"BreadcrumbList","@id":"https:\/\/chicagoinjurylawyer.net\/es\/accidentes-de-trafico\/lesiones-pasajero\/#breadcrumb","itemListElement":[{"@type":"ListItem","position":1,"name":"Accidentes De Tr\u00e1fico","item":"https:\/\/chicagoinjurylawyer.net\/es\/accidentes-de-trafico\/"},{"@type":"ListItem","position":2,"name":"Chicago Abogados de Lesiones Pasajero"}]},{"@type":"WebSite","@id":"https:\/\/chicagoinjurylawyer.net\/es\/#website","url":"https:\/\/chicagoinjurylawyer.net\/es\/","name":"Sexner Injury Lawyers LLC","description":"Chicago Personal Injury Attorneys","publisher":{"@id":"https:\/\/chicagoinjurylawyer.net\/es\/#organization"},"potentialAction":[{"@type":"SearchAction","target":{"@type":"EntryPoint","urlTemplate":"https:\/\/chicagoinjurylawyer.net\/es\/?s={search_term_string}"},"query-input":{"@type":"PropertyValueSpecification","valueRequired":true,"valueName":"search_term_string"}}],"inLanguage":"es"},{"@type":"Organization","@id":"https:\/\/chicagoinjurylawyer.net\/es\/#organization","name":"[firm-name]","url":"https:\/\/chicagoinjurylawyer.net\/es\/","logo":{"@type":"ImageObject","inLanguage":"es","@id":"https:\/\/chicagoinjurylawyer.net\/es\/#\/schema\/logo\/image\/","url":"https:\/\/chicagoinjurylawyer.net\/wp-content\/uploads\/2019\/06\/msx-logo-1.png","contentUrl":"https:\/\/chicagoinjurylawyer.net\/wp-content\/uploads\/2019\/06\/msx-logo-1.png","width":180,"height":83,"caption":"[firm-name]"},"image":{"@id":"https:\/\/chicagoinjurylawyer.net\/es\/#\/schema\/logo\/image\/"}}]}},"_links":{"self":[{"href":"https:\/\/chicagoinjurylawyer.net\/es\/wp-json\/wp\/v2\/pages\/7280","targetHints":{"allow":["GET"]}}],"collection":[{"href":"https:\/\/chicagoinjurylawyer.net\/es\/wp-json\/wp\/v2\/pages"}],"about":[{"href":"https:\/\/chicagoinjurylawyer.net\/es\/wp-json\/wp\/v2\/types\/page"}],"author":[{"embeddable":true,"href":"https:\/\/chicagoinjurylawyer.net\/es\/wp-json\/wp\/v2\/users\/1"}],"replies":[{"embeddable":true,"href":"https:\/\/chicagoinjurylawyer.net\/es\/wp-json\/wp\/v2\/comments?post=7280"}],"version-history":[{"count":6,"href":"https:\/\/chicagoinjurylawyer.net\/es\/wp-json\/wp\/v2\/pages\/7280\/revisions"}],"predecessor-version":[{"id":32561,"href":"https:\/\/chicagoinjurylawyer.net\/es\/wp-json\/wp\/v2\/pages\/7280\/revisions\/32561"}],"up":[{"embeddable":true,"href":"https:\/\/chicagoinjurylawyer.net\/es\/wp-json\/wp\/v2\/pages\/3804"}],"wp:attachment":[{"href":"https:\/\/chicagoinjurylawyer.net\/es\/wp-json\/wp\/v2\/media?parent=7280"}],"curies":[{"name":"wp","href":"https:\/\/api.w.org\/{rel}","templated":true}]}}