{"id":7295,"date":"2019-06-26T12:27:00","date_gmt":"2019-06-26T12:27:00","guid":{"rendered":"http:\/\/104.197.86.120\/?page_id=7295"},"modified":"2022-01-12T14:49:56","modified_gmt":"2022-01-12T20:49:56","slug":"lesiones-relacionados-al-producto","status":"publish","type":"page","link":"https:\/\/chicagoinjurylawyer.net\/es\/lesiones-relacionados-al-producto\/","title":{"rendered":"Lesiones Relacionados Al Producto"},"content":{"rendered":"<h1>Abogados De Lesiones Relacionados Al Producto<\/h1>\n<h2>Defectos del Producto<\/h2>\n<p><img decoding=\"async\" class=\"size-medium wp-image-7296 alignright\" src=\"\/wp-content\/uploads\/2019\/06\/Product-Defect-Injuries-resized-1-300x200.jpg\" alt=\"Broken Chain\" width=\"300\" height=\"200\" \/>El t\u00e9rmino \"productos de consumo\" cubre una amplia gama de art\u00edculos, desde maquinaria para veh\u00edculos de motor hasta juguetes para ni\u00f1os. En el 2012, la Comisi\u00f3n de Seguridad de Productos del Consumidor public\u00f3 un informe sobre las lesiones, enfermedades y muertes en los EE.UU. asociados con los productos de consumo. Seg\u00fan el informe, entre octubre de 2008 y septiembre de 2009, se produjeron aproximadamente 35.900 muertes al producto asociado. En ese mismo per\u00edodo de tiempo, un adicional de 38,6 millones de personas necesit\u00f3 atenci\u00f3n m\u00e9dica por lesiones asociadas con productos de consumo.<\/p>\n<p>Algunas de las lesiones m\u00e1s comunes que pueden causar los productos peligrosos son los siguientes:<\/p>\n<ul>\n<li>Lesiones en la cabeza<\/li>\n<li>Reacciones al\u00e9rgicas<\/li>\n<li>Fracturas de huesos<\/li>\n<li>Las laceraciones<\/li>\n<li>Las lesiones oculares<\/li>\n<li>Asfixia<\/li>\n<\/ul>\n<p>Tambi\u00e9n podemos ayudar con casos relacionados con <a href=\"\/es\/lesiones-relacionados-al-producto\/defectos-de-auto\/\">defectos de autom\u00f3viles<\/a>.<\/p>\n<p>Cuando un consumidor desprevenido se ve perjudicado como resultado de un producto inseguro, \u00e9l o ella podr\u00edan quedar con una vida de dolor y discapacidad parcial o total. Por desgracia, su calidad de vida nunca podr\u00e1 ser la misma.<\/p>\n<p>Adem\u00e1s de las posibles cargas f\u00edsicas que la v\u00edctima podr\u00eda enfrentar, una lesi\u00f3n tambi\u00e9n puede afectar su bienestar emocional y financiero. Cuando una persona se ve seriamente perjudicado por un producto peligroso o defectuoso, le aconsejamos fuertemente que \u00e9l o ella busquen el consejo de un abogado que se encarga de este tipo de casos de lesiones personales. En <a href=\"\/es\/\">Sexner Injury Lawyers LLC<\/a>, ayudamos a aquellos que han sido perjudicados por un producto fabricado o dise\u00f1ado incorrectamente.<\/p>\n<p>Los dise\u00f1adores de productos, los fabricantes y los distribuidores tienen que rendir cuentas, cuando uno de sus productos es peligroso o defectuoso y causa da\u00f1o. Ll\u00e1menos hoy para una consulta gratis, y le ayudaremos a tomar acci\u00f3n. Seremos sus defensores y protegeremos sus derechos.<\/p>\n","protected":false},"excerpt":{"rendered":"<p>Abogados De Lesiones Relacionados Al Producto Defectos del Producto El t\u00e9rmino \"productos de consumo\" cubre una amplia gama de art\u00edculos, desde maquinaria para veh\u00edculos de motor hasta juguetes para ni\u00f1os. En el 2012, la Comisi\u00f3n de Seguridad de Productos del Consumidor public\u00f3 un informe sobre las lesiones, enfermedades y muertes en los EE.UU. asociados con [&hellip;]<\/p>\n","protected":false},"author":1,"featured_media":0,"parent":0,"menu_order":0,"comment_status":"closed","ping_status":"open","template":"","meta":{"_acf_changed":false,"footnotes":""},"class_list":["post-7295","page","type-page","status-publish","hentry"],"acf":[],"yoast_head":"<!-- This site is optimized with the Yoast SEO plugin v27.3 - https:\/\/yoast.com\/product\/yoast-seo-wordpress\/ -->\n<title>Chicago Abogados De Lesiones Relacionados Al Producto - Sexner Injury Lawyers LLC<\/title>\n<meta name=\"description\" content=\"En Sexner Injury Lawyers LLC, ayudamos a aquellos que han sido perjudicados por un producto fabricado o dise\u00f1ado incorrectamente.\" \/>\n<meta name=\"robots\" content=\"index, follow, max-snippet:-1, max-image-preview:large, max-video-preview:-1\" \/>\n<link rel=\"canonical\" href=\"https:\/\/chicagoinjurylawyer.net\/es\/lesiones-relacionados-al-producto\/\" \/>\n<meta property=\"og:locale\" content=\"es_ES\" \/>\n<meta property=\"og:type\" content=\"article\" \/>\n<meta property=\"og:title\" content=\"Chicago Abogados De Lesiones Relacionados Al Producto - Sexner Injury Lawyers LLC\" \/>\n<meta property=\"og:description\" content=\"En Sexner Injury Lawyers LLC, ayudamos a aquellos que han sido perjudicados por un producto fabricado o dise\u00f1ado incorrectamente.\" \/>\n<meta property=\"og:url\" content=\"https:\/\/chicagoinjurylawyer.net\/es\/lesiones-relacionados-al-producto\/\" \/>\n<meta property=\"og:site_name\" content=\"Sexner Injury Lawyers LLC\" \/>\n<meta property=\"article:modified_time\" content=\"2022-01-12T20:49:56+00:00\" \/>\n<meta property=\"og:image\" content=\"https:\/\/chicagoinjurylawyer.net\/wp-content\/uploads\/2019\/06\/Product-Defect-Injuries-resized-1-300x200.jpg\" \/>\n<meta name=\"twitter:card\" content=\"summary_large_image\" \/>\n<meta name=\"twitter:label1\" content=\"Tiempo de lectura\" \/>\n\t<meta name=\"twitter:data1\" content=\"2 minutos\" \/>\n<!-- \/ Yoast SEO plugin. -->","yoast_head_json":{"title":"Chicago Abogados De Lesiones Relacionados Al Producto - Sexner Injury Lawyers LLC","description":"En Sexner Injury Lawyers LLC, ayudamos a aquellos que han sido perjudicados por un producto fabricado o dise\u00f1ado incorrectamente.","robots":{"index":"index","follow":"follow","max-snippet":"max-snippet:-1","max-image-preview":"max-image-preview:large","max-video-preview":"max-video-preview:-1"},"canonical":"https:\/\/chicagoinjurylawyer.net\/es\/lesiones-relacionados-al-producto\/","og_locale":"es_ES","og_type":"article","og_title":"Chicago Abogados De Lesiones Relacionados Al Producto - Sexner Injury Lawyers LLC","og_description":"En Sexner Injury Lawyers LLC, ayudamos a aquellos que han sido perjudicados por un producto fabricado o dise\u00f1ado incorrectamente.","og_url":"https:\/\/chicagoinjurylawyer.net\/es\/lesiones-relacionados-al-producto\/","og_site_name":"Sexner Injury Lawyers LLC","article_modified_time":"2022-01-12T20:49:56+00:00","og_image":[{"url":"https:\/\/chicagoinjurylawyer.net\/wp-content\/uploads\/2019\/06\/Product-Defect-Injuries-resized-1-300x200.jpg","type":"","width":"","height":""}],"twitter_card":"summary_large_image","twitter_misc":{"Tiempo de lectura":"2 minutos"},"schema":{"@context":"https:\/\/schema.org","@graph":[{"@type":"WebPage","@id":"https:\/\/chicagoinjurylawyer.net\/es\/lesiones-relacionados-al-producto\/","url":"https:\/\/chicagoinjurylawyer.net\/es\/lesiones-relacionados-al-producto\/","name":"Chicago Abogados De Lesiones Relacionados Al Producto - Sexner Injury Lawyers LLC","isPartOf":{"@id":"https:\/\/chicagoinjurylawyer.net\/es\/#website"},"datePublished":"2019-06-26T12:27:00+00:00","dateModified":"2022-01-12T20:49:56+00:00","description":"En [firm-name], ayudamos a aquellos que han sido perjudicados por un producto fabricado o dise\u00f1ado incorrectamente.","inLanguage":"es","potentialAction":[{"@type":"ReadAction","target":["https:\/\/chicagoinjurylawyer.net\/es\/lesiones-relacionados-al-producto\/"]}]},{"@type":"WebSite","@id":"https:\/\/chicagoinjurylawyer.net\/es\/#website","url":"https:\/\/chicagoinjurylawyer.net\/es\/","name":"Sexner Injury Lawyers LLC","description":"Chicago Personal Injury Attorneys","publisher":{"@id":"https:\/\/chicagoinjurylawyer.net\/es\/#organization"},"potentialAction":[{"@type":"SearchAction","target":{"@type":"EntryPoint","urlTemplate":"https:\/\/chicagoinjurylawyer.net\/es\/?s={search_term_string}"},"query-input":{"@type":"PropertyValueSpecification","valueRequired":true,"valueName":"search_term_string"}}],"inLanguage":"es"},{"@type":"Organization","@id":"https:\/\/chicagoinjurylawyer.net\/es\/#organization","name":"[firm-name]","url":"https:\/\/chicagoinjurylawyer.net\/es\/","logo":{"@type":"ImageObject","inLanguage":"es","@id":"https:\/\/chicagoinjurylawyer.net\/es\/#\/schema\/logo\/image\/","url":"https:\/\/chicagoinjurylawyer.net\/wp-content\/uploads\/2019\/06\/msx-logo-1.png","contentUrl":"https:\/\/chicagoinjurylawyer.net\/wp-content\/uploads\/2019\/06\/msx-logo-1.png","width":180,"height":83,"caption":"[firm-name]"},"image":{"@id":"https:\/\/chicagoinjurylawyer.net\/es\/#\/schema\/logo\/image\/"}}]}},"_links":{"self":[{"href":"https:\/\/chicagoinjurylawyer.net\/es\/wp-json\/wp\/v2\/pages\/7295","targetHints":{"allow":["GET"]}}],"collection":[{"href":"https:\/\/chicagoinjurylawyer.net\/es\/wp-json\/wp\/v2\/pages"}],"about":[{"href":"https:\/\/chicagoinjurylawyer.net\/es\/wp-json\/wp\/v2\/types\/page"}],"author":[{"embeddable":true,"href":"https:\/\/chicagoinjurylawyer.net\/es\/wp-json\/wp\/v2\/users\/1"}],"replies":[{"embeddable":true,"href":"https:\/\/chicagoinjurylawyer.net\/es\/wp-json\/wp\/v2\/comments?post=7295"}],"version-history":[{"count":9,"href":"https:\/\/chicagoinjurylawyer.net\/es\/wp-json\/wp\/v2\/pages\/7295\/revisions"}],"predecessor-version":[{"id":33117,"href":"https:\/\/chicagoinjurylawyer.net\/es\/wp-json\/wp\/v2\/pages\/7295\/revisions\/33117"}],"wp:attachment":[{"href":"https:\/\/chicagoinjurylawyer.net\/es\/wp-json\/wp\/v2\/media?parent=7295"}],"curies":[{"name":"wp","href":"https:\/\/api.w.org\/{rel}","templated":true}]}}