{"id":7299,"date":"2019-06-26T12:48:16","date_gmt":"2019-06-26T12:48:16","guid":{"rendered":"http:\/\/104.197.86.120\/?page_id=7299"},"modified":"2022-01-07T16:08:01","modified_gmt":"2022-01-07T22:08:01","slug":"accidentes-de-transporte-publico","status":"publish","type":"page","link":"https:\/\/chicagoinjurylawyer.net\/es\/accidentes-de-transporte-publico\/","title":{"rendered":"Los Accidentes De Transporte P\u00fablico"},"content":{"rendered":"<h1>Abogados de Accidentes de Autob\u00fas, Tren y \u201cL\u201d en Chicago en Illinois<\/h1>\n<p><img decoding=\"async\" class=\"alignright wp-image-33046\" src=\"\/wp-content\/uploads\/2022\/01\/Abogados-de-Accidentes-de-Autobu\u0301s-Tren-y-L-en-Chicago.jpg\" alt=\"Abogados de Accidentes de Autobu\u0301s, Tren y \u201cL\u201d en Chicago\" width=\"400\" height=\"267\" srcset=\"https:\/\/chicagoinjurylawyer.net\/wp-content\/uploads\/2022\/01\/Abogados-de-Accidentes-de-Autobu\u0301s-Tren-y-L-en-Chicago.jpg 1000w, https:\/\/chicagoinjurylawyer.net\/wp-content\/uploads\/2022\/01\/Abogados-de-Accidentes-de-Autobu\u0301s-Tren-y-L-en-Chicago-300x200.jpg 300w, https:\/\/chicagoinjurylawyer.net\/wp-content\/uploads\/2022\/01\/Abogados-de-Accidentes-de-Autobu\u0301s-Tren-y-L-en-Chicago-768x512.jpg 768w\" sizes=\"(max-width: 400px) 100vw, 400px\" \/>El transporte p\u00fablico es una necesidad de la vida moderna. En el noreste de Illinois, la Autoridad de Transporte Regional (RTA) administra sistemas de transporte p\u00fablico en Chicago y alrededor del \u00e1rea metropolitana, incluyendo Metra (sistema ferroviario) y la Autoridad de Tr\u00e1nsito de Chicago (CTA), junto con Pace Suburban Bus y Pace Americans with Disabilities Act (ADA) Sistema de paratr\u00e1nsito. M\u00e1s de dos millones de pasajeros cada d\u00eda de la semana aprovechan una de estas formas de transporte a lo largo de 7,200 millas de rutas. No importa d\u00f3nde se encuentre, es probable que usted mismo utilice alg\u00fan tipo de transporte p\u00fablico.<\/p>\n<p>Si ha resultado lesionado en un accidente de autob\u00fas, tren o \"L\", los abogados de lesiones en el tr\u00e1nsito de Chicago de Sexner Injury Lawyers LLC pueden ayudarlo a buscar la compensaci\u00f3n que necesita. Cont\u00e1ctenos al <a href=\"tel:3122439922\">(312) 243-9922<\/a> para una consulta gratuita.<\/p>\n<h2>Causas de Accidentes de Autob\u00fas y Tren<\/h2>\n<p>La mayor\u00eda de las empresas de transporte p\u00fablico se conocen como \"transportistas comunes\", lo que significa que son responsables de su seguridad y deben brindar los m\u00e1s altos niveles de atenci\u00f3n para asegurarse de que los pasajeros no se lesionen. En realidad, por supuesto, eso no es lo que siempre sucede. Algunos de los problemas m\u00e1s comunes que provocan accidentes incluyen:<\/p>\n<ul>\n<li><strong>Conductores de autobuses y conductores de trenes distra\u00eddos<\/strong>: Las distracciones de los pasajeros o de otros veh\u00edculos pueden contribuir a accidentes y lesiones.<\/li>\n<li><strong>Conductores cansados \u200b\u200bo con exceso de trabajo<\/strong>: Los conductores que no duermen bien o que trabajan muchas horas tienen m\u00e1s probabilidades de sufrir accidentes.<\/li>\n<li><strong>Conductores con prisa<\/strong>: Los conductores apresurados que no prestan atenci\u00f3n a los pasajeros cuando suben, bajan o se sientan pueden causar lesiones.<\/li>\n<li><strong>Mantenimiento deficiente del veh\u00edculo<\/strong>: Los autobuses y trenes viajan una cantidad extraordinaria de millas cada d\u00eda y desgastan los componentes mec\u00e1nicos cr\u00edticos. Los frenos, neum\u00e1ticos y motores deben ser monitoreados de cerca para asegurar un desempe\u00f1o mec\u00e1nico adecuado y evitar accidentes.<\/li>\n<li><strong>No evitar obst\u00e1culos<\/strong>: El conductor siempre debe esforzarse por evitar otros veh\u00edculos, peligros y objetos fijos para proteger a sus pasajeros. Cuando ocurren accidentes, los pasajeros pueden caer de sus pies o de sus asientos, causando lesiones graves o incluso <a href=\"\/es\/muerte-injusta\/\">la muerte<\/a>.<\/li>\n<li><strong>Mensajes de texto o uso del tel\u00e9fono<\/strong>: Los conductores de autobuses y los conductores de trenes no son inmunes a la tentaci\u00f3n de usar un tel\u00e9fono u otro dispositivo de comunicaci\u00f3n personal mientras conducen y, como resultado, las posibilidades de un accidente debido a la conducci\u00f3n distra\u00edda aumentan dr\u00e1sticamente.<\/li>\n<li><strong>Uso de drogas y alcohol<\/strong>: Los responsables deben vigilar cuidadosamente a los conductores para asegurarse de que los <a href=\"\/es\/accidentes-de-trafico\/conductores-ebrios\/\">conductores drogados o ebrios<\/a> nunca tomen el volante. Cuando ocurre un accidente, los operadores sospechosos deben ser examinados inmediatamente para detectar sustancias controladas, drogas y alcohol para determinar si su condici\u00f3n fue una causa que contribuy\u00f3 a las lesiones o muertes que resultaron.<\/li>\n<li><strong>Incumplimiento de las normas de tr\u00e1fico<\/strong>: Los conductores de autobuses deben seguir todas las leyes de tr\u00e1fico y evitar el exceso de velocidad, el uso inadecuado de los carriles y seguir demasiado de cerca. Debido a que los autobuses a menudo tienen un horario estricto, existe la tentaci\u00f3n de tomar atajos, lo que en \u00faltima instancia puede provocar la muerte o lesiones a los pasajeros.<\/li>\n<\/ul>\n<img decoding=\"async\" class=\"aligncenter size-full wp-image-33044\" src=\"\/wp-content\/uploads\/2022\/01\/Abogados-de-Accidentes-de-Autobu\u0301s-Tren-y-L-en-Chicago-Illinois.jpg\" alt=\"Abogados de Accidentes de Autobu\u0301s, Tren y \u201cL\u201d en Chicago, Illinois\" width=\"1000\" height=\"563\" srcset=\"https:\/\/chicagoinjurylawyer.net\/wp-content\/uploads\/2022\/01\/Abogados-de-Accidentes-de-Autobu\u0301s-Tren-y-L-en-Chicago-Illinois.jpg 1000w, https:\/\/chicagoinjurylawyer.net\/wp-content\/uploads\/2022\/01\/Abogados-de-Accidentes-de-Autobu\u0301s-Tren-y-L-en-Chicago-Illinois-300x169.jpg 300w, https:\/\/chicagoinjurylawyer.net\/wp-content\/uploads\/2022\/01\/Abogados-de-Accidentes-de-Autobu\u0301s-Tren-y-L-en-Chicago-Illinois-768x432.jpg 768w\" sizes=\"(max-width: 1000px) 100vw, 1000px\" \/>\n<h2>Cosas Importantes Que Debe Saber Sobre Reclamaciones por Lesiones Personales en Autobuses y Trenes<\/h2>\n<p>Si usted o un ser querido ha sido lastimado en un autob\u00fas, tren u otro medio de transporte p\u00fablico, espera y espera que aquellos que causaron el da\u00f1o \u201cden un paso al frente\u201d y asuman toda la responsabilidad por sus acciones. Desafortunadamente, cuando se trata de accidentes de transporte p\u00fablico, las entidades gubernamentales casi nunca lo hacen de manera f\u00e1cil o voluntaria.<\/p>\n<p>Sin embargo, es muy com\u00fan que la CTA (u otro proveedor de servicios) se comunique con usted de inmediato, le ofrezca sus condolencias, se ofrezca a ayudar y luego le pida (generalmente en una l\u00ednea telef\u00f3nica grabada) que le explique en detalle lo que ocurri\u00f3. Le recomendamos encarecidamente que no d\u00e9 una declaraci\u00f3n a su representante sin antes consultar con un abogado. Esto se debe a que el verdadero prop\u00f3sito de esta declaraci\u00f3n grabada suele ser construir un caso contra usted y su reclamo, NO para ayudarlo. Hay un momento para explicar lo que sucedi\u00f3 m\u00e1s tarde, pero hacerlo en este punto no se recomienda y puede afectar negativamente o destruir su caso potencial por completo.<\/p>\n<p>Otro asunto extremadamente importante que se relaciona con los casos de accidentes de autob\u00fas, tren o \"L\" involucra el \"estatuto de limitaciones\". Este es el plazo antes del cual se debe entablar una demanda. Es un plazo muy firme. Si intenta presentar una demanda incluso un d\u00eda despu\u00e9s de que se acabe el tiempo, su caso ser\u00e1 desestimado por la corte y perder\u00e1 su derecho para siempre a cualquier dinero o posible acuerdo. Para la mayor\u00eda de las lesiones, muertes y accidentes en Illinois, ese plazo suele ser de dos a\u00f1os. Pero para los accidentes que involucran a la CTA, por ejemplo, el plazo para presentar una demanda puede ser mucho m\u00e1s corto.<\/p>\n<p>Sin embargo, si elige discutir su caso con un representante de autob\u00fas o tren en lugar de contactar inmediatamente a un abogado calificado en accidentes automovil\u00edsticos en Chicago, tenga en cuenta que:<\/p>\n<ul>\n<li><em>No tienen en cuenta sus mejores intereses<\/em> y es probable que los est\u00e9 ayudando a construir un caso <em>en su contra<\/em> al hablar sobre su accidente.<\/li>\n<li>Es muy poco probable que finalmente se ofrezcan a resolver su caso solo con usted (sin que un abogado presente primero una demanda) y, si lo hacen, la cantidad que le ofrecen probablemente ser\u00e1 inadecuada e injusta.<\/li>\n<li>Cada d\u00eda que se retrasa es un d\u00eda m\u00e1s cerca de la fecha l\u00edmite final (posiblemente m\u00e1s corta) para presentar una demanda. Si no se presenta una demanda para ese d\u00eda a la medianoche, perder\u00e1 para siempre su derecho a cualquier <a href=\"\/es\/nuestro-exito\/\">compensaci\u00f3n financiera<\/a>.<\/li>\n<\/ul>\n<h2>No Se Demore. Comun\u00edquese Ahora con un Abogado con Experiencia en PI<\/h2>\n<p><img decoding=\"async\" class=\"alignright wp-image-33048\" src=\"\/wp-content\/uploads\/2022\/01\/Accidentes-de-Autobu\u0301s-Tren-y-L.jpg\" alt=\"Accidentes de Autobu\u0301s, Tren y \u201cL\u201d\" width=\"400\" height=\"267\" srcset=\"https:\/\/chicagoinjurylawyer.net\/wp-content\/uploads\/2022\/01\/Accidentes-de-Autobu\u0301s-Tren-y-L.jpg 1000w, https:\/\/chicagoinjurylawyer.net\/wp-content\/uploads\/2022\/01\/Accidentes-de-Autobu\u0301s-Tren-y-L-300x200.jpg 300w, https:\/\/chicagoinjurylawyer.net\/wp-content\/uploads\/2022\/01\/Accidentes-de-Autobu\u0301s-Tren-y-L-768x512.jpg 768w\" sizes=\"(max-width: 400px) 100vw, 400px\" \/>\u00c9rase una vez, los transportistas p\u00fablicos asumieron la responsabilidad de su negligencia y eran m\u00e1s propensos a proporcionar una compensaci\u00f3n justa sin ser presionados con fuerza. Pero en estos d\u00edas, casi nunca llegan a un acuerdo a menos que vean que un abogado experimentado ha presentado una demanda. Solo entonces la compa\u00f1\u00eda de transporte p\u00fablico se da cuenta de que usted \u201chabla en serio\u201d y tiene la intenci\u00f3n de defender sus derechos. Con el abogado adecuado, nunca perder\u00e1 su fecha l\u00edmite de presentaci\u00f3n: podr\u00e1 recuperar la compensaci\u00f3n financiera m\u00e1xima disponible por lesiones que ocurrieron debido a una parada repentina, descarrilamiento de tren, accidente de autob\u00fas u otro accidente de transporte p\u00fablico.<\/p>\n<p>Desde 1990, los agresivos pero compasivos <a href=\"\/es\/\">abogados de lesiones personales<\/a> de Chicago asociados con Sexner Injury Lawyers LLC han estado ayudando a los clientes y sus familias afectados por la negligencia de las empresas de transporte p\u00fablico. Dichos accidentes pueden involucrar:<\/p>\n<ul>\n<li>Autob\u00fas escolar<\/li>\n<li>Autob\u00fas de transporte p\u00fablico como CTA o PACE<\/li>\n<li>Autob\u00fas fuera del estado que viaja a trav\u00e9s de Illinois, como Megabus o Greyhound<\/li>\n<li>Tour en autob\u00fas ch\u00e1rter<\/li>\n<li>Autob\u00fas de enlace<\/li>\n<li>Amtrak u otro tren como Metra<\/li>\n<li>Tren elevado (la \"L\")<\/li>\n<\/ul>\n<p>En cualquiera de estas circunstancias, nuestros abogados pueden ofrecer ayuda inmediata y con experiencia. Nunca hay honorarios legales a menos que recuperemos un acuerdo monetario en su nombre. As\u00ed que llama ahora. La llamada es gratuita y el asesoramiento es gratuito. Estamos abiertos las 24 horas del d\u00eda todos los d\u00edas del a\u00f1o para ayudarlo a preservar sus derechos y lograr la justicia. Ll\u00e1manos al <a href=\"tel:3122439922\">(312) 243-9922<\/a>.<\/p>\n","protected":false},"excerpt":{"rendered":"<p>Abogados de Accidentes de Autob\u00fas, Tren y \u201cL\u201d en Chicago en Illinois El transporte p\u00fablico es una necesidad de la vida moderna. En el noreste de Illinois, la Autoridad de Transporte Regional (RTA) administra sistemas de transporte p\u00fablico en Chicago y alrededor del \u00e1rea metropolitana, incluyendo Metra (sistema ferroviario) y la Autoridad de Tr\u00e1nsito de [&hellip;]<\/p>\n","protected":false},"author":1,"featured_media":0,"parent":0,"menu_order":0,"comment_status":"closed","ping_status":"open","template":"","meta":{"_acf_changed":false,"footnotes":""},"class_list":["post-7299","page","type-page","status-publish","hentry"],"acf":[],"yoast_head":"<!-- This site is optimized with the Yoast SEO plugin v27.3 - https:\/\/yoast.com\/product\/yoast-seo-wordpress\/ -->\n<title>Abogados De Lesiones De Transporte Publico En Chicago - Sexner Injury Lawyers LLC<\/title>\n<meta name=\"description\" content=\"Como abogados de lesiones personales con experiencia y conocimiento de casos de accidentes de transporte p\u00fablico, nuestra red de abogados de lesiones personales puede ayudarle a obtener la compensaci\u00f3n que se merece.\" \/>\n<meta name=\"robots\" content=\"index, follow, max-snippet:-1, max-image-preview:large, max-video-preview:-1\" \/>\n<link rel=\"canonical\" href=\"https:\/\/chicagoinjurylawyer.net\/es\/accidentes-de-transporte-publico\/\" \/>\n<meta property=\"og:locale\" content=\"es_ES\" \/>\n<meta property=\"og:type\" content=\"article\" \/>\n<meta property=\"og:title\" content=\"Abogados De Lesiones De Transporte Publico En Chicago - Sexner Injury Lawyers LLC\" \/>\n<meta property=\"og:description\" content=\"Como abogados de lesiones personales con experiencia y conocimiento de casos de accidentes de transporte p\u00fablico, nuestra red de abogados de lesiones personales puede ayudarle a obtener la compensaci\u00f3n que se merece.\" \/>\n<meta property=\"og:url\" content=\"https:\/\/chicagoinjurylawyer.net\/es\/accidentes-de-transporte-publico\/\" \/>\n<meta property=\"og:site_name\" content=\"Sexner Injury Lawyers LLC\" \/>\n<meta property=\"article:modified_time\" content=\"2022-01-07T22:08:01+00:00\" \/>\n<meta property=\"og:image\" content=\"https:\/\/chicagoinjurylawyer.net\/wp-content\/uploads\/2022\/01\/Abogados-de-Accidentes-de-Autobu\u0301s-Tren-y-L-en-Chicago.jpg\" \/>\n<meta name=\"twitter:card\" content=\"summary_large_image\" \/>\n<meta name=\"twitter:label1\" content=\"Tiempo de lectura\" \/>\n\t<meta name=\"twitter:data1\" content=\"7 minutos\" \/>\n<!-- \/ Yoast SEO plugin. -->","yoast_head_json":{"title":"Abogados De Lesiones De Transporte Publico En Chicago - Sexner Injury Lawyers LLC","description":"Como abogados de lesiones personales con experiencia y conocimiento de casos de accidentes de transporte p\u00fablico, nuestra red de abogados de lesiones personales puede ayudarle a obtener la compensaci\u00f3n que se merece.","robots":{"index":"index","follow":"follow","max-snippet":"max-snippet:-1","max-image-preview":"max-image-preview:large","max-video-preview":"max-video-preview:-1"},"canonical":"https:\/\/chicagoinjurylawyer.net\/es\/accidentes-de-transporte-publico\/","og_locale":"es_ES","og_type":"article","og_title":"Abogados De Lesiones De Transporte Publico En Chicago - Sexner Injury Lawyers LLC","og_description":"Como abogados de lesiones personales con experiencia y conocimiento de casos de accidentes de transporte p\u00fablico, nuestra red de abogados de lesiones personales puede ayudarle a obtener la compensaci\u00f3n que se merece.","og_url":"https:\/\/chicagoinjurylawyer.net\/es\/accidentes-de-transporte-publico\/","og_site_name":"Sexner Injury Lawyers LLC","article_modified_time":"2022-01-07T22:08:01+00:00","og_image":[{"url":"https:\/\/chicagoinjurylawyer.net\/wp-content\/uploads\/2022\/01\/Abogados-de-Accidentes-de-Autobu\u0301s-Tren-y-L-en-Chicago.jpg","type":"","width":"","height":""}],"twitter_card":"summary_large_image","twitter_misc":{"Tiempo de lectura":"7 minutos"},"schema":{"@context":"https:\/\/schema.org","@graph":[{"@type":"WebPage","@id":"https:\/\/chicagoinjurylawyer.net\/es\/accidentes-de-transporte-publico\/","url":"https:\/\/chicagoinjurylawyer.net\/es\/accidentes-de-transporte-publico\/","name":"Abogados De Lesiones De Transporte Publico En Chicago - Sexner Injury Lawyers LLC","isPartOf":{"@id":"https:\/\/chicagoinjurylawyer.net\/es\/#website"},"datePublished":"2019-06-26T12:48:16+00:00","dateModified":"2022-01-07T22:08:01+00:00","description":"Como abogados de lesiones personales con experiencia y conocimiento de casos de accidentes de transporte p\u00fablico, nuestra red de abogados de lesiones personales puede ayudarle a obtener la compensaci\u00f3n que se merece.","inLanguage":"es","potentialAction":[{"@type":"ReadAction","target":["https:\/\/chicagoinjurylawyer.net\/es\/accidentes-de-transporte-publico\/"]}]},{"@type":"WebSite","@id":"https:\/\/chicagoinjurylawyer.net\/es\/#website","url":"https:\/\/chicagoinjurylawyer.net\/es\/","name":"Sexner Injury Lawyers LLC","description":"Chicago Personal Injury Attorneys","publisher":{"@id":"https:\/\/chicagoinjurylawyer.net\/es\/#organization"},"potentialAction":[{"@type":"SearchAction","target":{"@type":"EntryPoint","urlTemplate":"https:\/\/chicagoinjurylawyer.net\/es\/?s={search_term_string}"},"query-input":{"@type":"PropertyValueSpecification","valueRequired":true,"valueName":"search_term_string"}}],"inLanguage":"es"},{"@type":"Organization","@id":"https:\/\/chicagoinjurylawyer.net\/es\/#organization","name":"[firm-name]","url":"https:\/\/chicagoinjurylawyer.net\/es\/","logo":{"@type":"ImageObject","inLanguage":"es","@id":"https:\/\/chicagoinjurylawyer.net\/es\/#\/schema\/logo\/image\/","url":"https:\/\/chicagoinjurylawyer.net\/wp-content\/uploads\/2019\/06\/msx-logo-1.png","contentUrl":"https:\/\/chicagoinjurylawyer.net\/wp-content\/uploads\/2019\/06\/msx-logo-1.png","width":180,"height":83,"caption":"[firm-name]"},"image":{"@id":"https:\/\/chicagoinjurylawyer.net\/es\/#\/schema\/logo\/image\/"}}]}},"_links":{"self":[{"href":"https:\/\/chicagoinjurylawyer.net\/es\/wp-json\/wp\/v2\/pages\/7299","targetHints":{"allow":["GET"]}}],"collection":[{"href":"https:\/\/chicagoinjurylawyer.net\/es\/wp-json\/wp\/v2\/pages"}],"about":[{"href":"https:\/\/chicagoinjurylawyer.net\/es\/wp-json\/wp\/v2\/types\/page"}],"author":[{"embeddable":true,"href":"https:\/\/chicagoinjurylawyer.net\/es\/wp-json\/wp\/v2\/users\/1"}],"replies":[{"embeddable":true,"href":"https:\/\/chicagoinjurylawyer.net\/es\/wp-json\/wp\/v2\/comments?post=7299"}],"version-history":[{"count":6,"href":"https:\/\/chicagoinjurylawyer.net\/es\/wp-json\/wp\/v2\/pages\/7299\/revisions"}],"predecessor-version":[{"id":33050,"href":"https:\/\/chicagoinjurylawyer.net\/es\/wp-json\/wp\/v2\/pages\/7299\/revisions\/33050"}],"wp:attachment":[{"href":"https:\/\/chicagoinjurylawyer.net\/es\/wp-json\/wp\/v2\/media?parent=7299"}],"curies":[{"name":"wp","href":"https:\/\/api.w.org\/{rel}","templated":true}]}}