{"id":7304,"date":"2019-06-26T12:52:11","date_gmt":"2019-06-26T12:52:11","guid":{"rendered":"http:\/\/104.197.86.120\/?page_id=7304"},"modified":"2022-01-05T17:01:10","modified_gmt":"2022-01-05T23:01:10","slug":"cuadriplejia-y-paraplejia","status":"publish","type":"page","link":"https:\/\/chicagoinjurylawyer.net\/es\/negligencia-medica\/cuadriplejia-y-paraplejia\/","title":{"rendered":"Abogados de Cuadriplej\u00eda y Paraplej\u00eda en Chicago"},"content":{"rendered":"<h1>Abogados de Cuadriplej\u00eda y Paraplej\u00eda en Chicago<\/h1>\n<h2><img decoding=\"async\" class=\"size-medium wp-image-7305 alignright\" src=\"\/wp-content\/uploads\/2019\/06\/Spinal-Cord-Injuries-resized-300x200.jpg\" alt=\"Spinal Cord\" width=\"300\" height=\"200\" \/>Cuadriplej\u00eda y Paraplej\u00eda<\/h2>\n<p>Aunque la medula espinal este protegida por hueso, musculo, y tejido, todav\u00eda es la parte m\u00e1s fr\u00e1gil del cuerpo. Cual quiera lesi\u00f3n al espinal puede ser muy contundente, resultando en perdida de movimiento o funci\u00f3n. Dependiendo donde en la espinal una persona se lesiona, la parte baja del cuerpo puede quedar paralizado. Esto se llama parapl\u00e9jico. Una lesi\u00f3n que deja una persona sin poder mover sus brazos o piernas se llama cuadriplejia. Las dos lesiones pueden causar serios efectos en todos los elementos de la vida de una persona.<\/p>\n<p>Lesiones de medula espinal ocurren m\u00e1s en ca\u00eddas actividades de deporte, accidentes de auto, y actos violentes. Si usted o un ser querido ha sufrido una lesi\u00f3n de medula espinal por actos de <a href=\"\/es\/negligencia-medica\/\">negligencia<\/a> de una persona, usted necesita contactar a un abogado con experiencia.<\/p>\n<p><a href=\"\/es\/\">Sexner Injury Lawyers LLC<\/a> est\u00e1 dedicado a ayudar a la gente que sufrieron por lesiones que cambian su vida. Nosotros amos ayudad muchas personas obtener millones de d\u00f3lares de recompensa que necesitan para los pagos m\u00e9dicos, cubrir tiempo perdido y salario, y por dolor y sufrimiento. <a href=\"\/es\/contactenos\/\">Contacte nos<\/a> al (312) 243-9922.<\/p>\n<h2>Que es lesiones de medula espinal?<\/h2>\n<p>Una lesi\u00f3n de medula espinal ocurre cuando la espinal esta da\u00f1ado en un evento traum\u00e1tico, como un golpe fuerte. La medula espinal es una columna de tejido de nervio que esta protegido por hueso en la espinal. Cualquier trauma puede cortar la medula, cortando la habilidad del que el cerebro controle movimiento, o sensaci\u00f3n f\u00edsica. La medula espinal cambia como el cerebro comunica con el resto del cuerpo. Lo m\u00e1s cerca a; cerebro que la lesi\u00f3n ocurra (m\u00e1s arriba del espinal), la \u00e1rea que queda paralizada ser\u00e1 m\u00e1s grande.<\/p>\n<p>Cada a\u00f1o, casi 12,000 americanos sufren de lesiones de medula espinal. Muchas de estas personas se quedan con dolor cr\u00f3nico, paraplejia, o cuadriplejia. Lesiones de medula espinal puede causar cualquiera de estos s\u00edntomas:<\/p>\n<ul>\n<li>Perdida de movimiento<\/li>\n<li>Perdida de intestino y\/o control de vejiga<\/li>\n<li>Problemas de funci\u00f3n sexual<\/li>\n<li>Dolor cr\u00f3nico<\/li>\n<li>Dificultades de respirar<\/li>\n<li>Perdida de sensaci\u00f3n el cuerpo<\/li>\n<\/ul>\n<p>Causas comunes de lesiones de medula espinal<\/p>\n<ul>\n<li>Accidente de auto: casi 40 por ciento de lesiones de medula espinal ocurren en accidentes de auto<\/li>\n<li>Resbalo, tropiezo, ca\u00edda: casi 30 por ciento de lesiones de medula espinal ocurren el ca\u00eddas<\/li>\n<li>Violencia: casi 15 por ciento de lesiones de medula espinal ocurren por asaltos o disparos.<\/li>\n<li>Deportes: 10 por ciento de lesiones de medula espinal ocurren cuando juegan deportes como futbol americano o futbol.<\/li>\n<\/ul>\n<p>Menos de 1% de los victimas de lesiones de medula espinal se recuperan totalmente. El promedio de edad de las lesiones de medula espinal es 40.<\/p>\n<h2>Contacte a un abogado de lesiones en Chicago para su trauma de medula espinal<\/h2>\n<p>Los actos de negligencia de otras personas f\u00e1cilmente pueden causar lesiones de medula espinal terribles. Un chofer peligroso, un due\u00f1o de edificio que no quito la nieve o agua del camino, o asa una persona negligente que esta jugado en otro equipo de deportes puede dejar lo a usted o a una persona querida seriamente herida de la medula espinal. Deje que nosotros no encargamos del otro grupo y la compa\u00f1\u00eda de seguranza mientras usted se recupera. No hay fianzas hasta que nosotros podremos recuperar recompensa justa de su parte.<\/p>\n<p>Por favor llama al (312) 243-9922.<\/p>\n","protected":false},"excerpt":{"rendered":"<p>Abogados de Cuadriplej\u00eda y Paraplej\u00eda en Chicago Cuadriplej\u00eda y Paraplej\u00eda Aunque la medula espinal este protegida por hueso, musculo, y tejido, todav\u00eda es la parte m\u00e1s fr\u00e1gil del cuerpo. Cual quiera lesi\u00f3n al espinal puede ser muy contundente, resultando en perdida de movimiento o funci\u00f3n. Dependiendo donde en la espinal una persona se lesiona, la [&hellip;]<\/p>\n","protected":false},"author":1,"featured_media":0,"parent":7370,"menu_order":0,"comment_status":"closed","ping_status":"open","template":"","meta":{"_acf_changed":false,"footnotes":""},"class_list":["post-7304","page","type-page","status-publish","hentry"],"acf":[],"yoast_head":"<!-- This site is optimized with the Yoast SEO plugin v27.4 - https:\/\/yoast.com\/product\/yoast-seo-wordpress\/ -->\n<title>Chicago Abogado de Lesiones de Cuadriplej\u00eda y Paraplej\u00eda - Sexner Injury Lawyers LLC<\/title>\n<meta name=\"description\" content=\"Contacte a un abogado de lesiones en Chicago para su trauma de medula espinal. Sexner Injury Lawyers LLC hablamos espanol - (312) 243-9922.\" \/>\n<meta name=\"robots\" content=\"index, follow, max-snippet:-1, max-image-preview:large, max-video-preview:-1\" \/>\n<link rel=\"canonical\" href=\"https:\/\/chicagoinjurylawyer.net\/es\/negligencia-medica\/cuadriplejia-y-paraplejia\/\" \/>\n<meta property=\"og:locale\" content=\"es_ES\" \/>\n<meta property=\"og:type\" content=\"article\" \/>\n<meta property=\"og:title\" content=\"Chicago Abogado de Lesiones de Cuadriplej\u00eda y Paraplej\u00eda - Sexner Injury Lawyers LLC\" \/>\n<meta property=\"og:description\" content=\"Contacte a un abogado de lesiones en Chicago para su trauma de medula espinal. Sexner Injury Lawyers LLC hablamos espanol - (312) 243-9922.\" \/>\n<meta property=\"og:url\" content=\"https:\/\/chicagoinjurylawyer.net\/es\/negligencia-medica\/cuadriplejia-y-paraplejia\/\" \/>\n<meta property=\"og:site_name\" content=\"Sexner Injury Lawyers LLC\" \/>\n<meta property=\"article:modified_time\" content=\"2022-01-05T23:01:10+00:00\" \/>\n<meta property=\"og:image\" content=\"https:\/\/chicagoinjurylawyer.net\/wp-content\/uploads\/2019\/06\/Spinal-Cord-Injuries-resized-300x200.jpg\" \/>\n<meta name=\"twitter:card\" content=\"summary_large_image\" \/>\n<meta name=\"twitter:label1\" content=\"Tiempo de lectura\" \/>\n\t<meta name=\"twitter:data1\" content=\"3 minutos\" \/>\n<!-- \/ Yoast SEO plugin. -->","yoast_head_json":{"title":"Chicago Abogado de Lesiones de Cuadriplej\u00eda y Paraplej\u00eda - Sexner Injury Lawyers LLC","description":"Contacte a un abogado de lesiones en Chicago para su trauma de medula espinal. Sexner Injury Lawyers LLC hablamos espanol - (312) 243-9922.","robots":{"index":"index","follow":"follow","max-snippet":"max-snippet:-1","max-image-preview":"max-image-preview:large","max-video-preview":"max-video-preview:-1"},"canonical":"https:\/\/chicagoinjurylawyer.net\/es\/negligencia-medica\/cuadriplejia-y-paraplejia\/","og_locale":"es_ES","og_type":"article","og_title":"Chicago Abogado de Lesiones de Cuadriplej\u00eda y Paraplej\u00eda - Sexner Injury Lawyers LLC","og_description":"Contacte a un abogado de lesiones en Chicago para su trauma de medula espinal. Sexner Injury Lawyers LLC hablamos espanol - (312) 243-9922.","og_url":"https:\/\/chicagoinjurylawyer.net\/es\/negligencia-medica\/cuadriplejia-y-paraplejia\/","og_site_name":"Sexner Injury Lawyers LLC","article_modified_time":"2022-01-05T23:01:10+00:00","og_image":[{"url":"https:\/\/chicagoinjurylawyer.net\/wp-content\/uploads\/2019\/06\/Spinal-Cord-Injuries-resized-300x200.jpg","type":"","width":"","height":""}],"twitter_card":"summary_large_image","twitter_misc":{"Tiempo de lectura":"3 minutos"},"schema":{"@context":"https:\/\/schema.org","@graph":[{"@type":"WebPage","@id":"https:\/\/chicagoinjurylawyer.net\/es\/negligencia-medica\/cuadriplejia-y-paraplejia\/","url":"https:\/\/chicagoinjurylawyer.net\/es\/negligencia-medica\/cuadriplejia-y-paraplejia\/","name":"Chicago Abogado de Lesiones de Cuadriplej\u00eda y Paraplej\u00eda - Sexner Injury Lawyers LLC","isPartOf":{"@id":"https:\/\/chicagoinjurylawyer.net\/es\/#website"},"datePublished":"2019-06-26T12:52:11+00:00","dateModified":"2022-01-05T23:01:10+00:00","description":"Contacte a un abogado de lesiones en Chicago para su trauma de medula espinal. [firm-name] hablamos espanol - [phone-number linked=true].","breadcrumb":{"@id":"https:\/\/chicagoinjurylawyer.net\/es\/negligencia-medica\/cuadriplejia-y-paraplejia\/#breadcrumb"},"inLanguage":"es","potentialAction":[{"@type":"ReadAction","target":["https:\/\/chicagoinjurylawyer.net\/es\/negligencia-medica\/cuadriplejia-y-paraplejia\/"]}]},{"@type":"BreadcrumbList","@id":"https:\/\/chicagoinjurylawyer.net\/es\/negligencia-medica\/cuadriplejia-y-paraplejia\/#breadcrumb","itemListElement":[{"@type":"ListItem","position":1,"name":"Negligencia M\u00e9dica","item":"https:\/\/chicagoinjurylawyer.net\/es\/negligencia-medica\/"},{"@type":"ListItem","position":2,"name":"Abogados de Cuadriplej\u00eda y Paraplej\u00eda en Chicago"}]},{"@type":"WebSite","@id":"https:\/\/chicagoinjurylawyer.net\/es\/#website","url":"https:\/\/chicagoinjurylawyer.net\/es\/","name":"Sexner Injury Lawyers LLC","description":"Chicago Personal Injury Attorneys","publisher":{"@id":"https:\/\/chicagoinjurylawyer.net\/es\/#organization"},"potentialAction":[{"@type":"SearchAction","target":{"@type":"EntryPoint","urlTemplate":"https:\/\/chicagoinjurylawyer.net\/es\/?s={search_term_string}"},"query-input":{"@type":"PropertyValueSpecification","valueRequired":true,"valueName":"search_term_string"}}],"inLanguage":"es"},{"@type":"Organization","@id":"https:\/\/chicagoinjurylawyer.net\/es\/#organization","name":"[firm-name]","url":"https:\/\/chicagoinjurylawyer.net\/es\/","logo":{"@type":"ImageObject","inLanguage":"es","@id":"https:\/\/chicagoinjurylawyer.net\/es\/#\/schema\/logo\/image\/","url":"https:\/\/chicagoinjurylawyer.net\/wp-content\/uploads\/2019\/06\/msx-logo-1.png","contentUrl":"https:\/\/chicagoinjurylawyer.net\/wp-content\/uploads\/2019\/06\/msx-logo-1.png","width":180,"height":83,"caption":"[firm-name]"},"image":{"@id":"https:\/\/chicagoinjurylawyer.net\/es\/#\/schema\/logo\/image\/"}}]}},"_links":{"self":[{"href":"https:\/\/chicagoinjurylawyer.net\/es\/wp-json\/wp\/v2\/pages\/7304","targetHints":{"allow":["GET"]}}],"collection":[{"href":"https:\/\/chicagoinjurylawyer.net\/es\/wp-json\/wp\/v2\/pages"}],"about":[{"href":"https:\/\/chicagoinjurylawyer.net\/es\/wp-json\/wp\/v2\/types\/page"}],"author":[{"embeddable":true,"href":"https:\/\/chicagoinjurylawyer.net\/es\/wp-json\/wp\/v2\/users\/1"}],"replies":[{"embeddable":true,"href":"https:\/\/chicagoinjurylawyer.net\/es\/wp-json\/wp\/v2\/comments?post=7304"}],"version-history":[{"count":7,"href":"https:\/\/chicagoinjurylawyer.net\/es\/wp-json\/wp\/v2\/pages\/7304\/revisions"}],"predecessor-version":[{"id":32878,"href":"https:\/\/chicagoinjurylawyer.net\/es\/wp-json\/wp\/v2\/pages\/7304\/revisions\/32878"}],"up":[{"embeddable":true,"href":"https:\/\/chicagoinjurylawyer.net\/es\/wp-json\/wp\/v2\/pages\/7370"}],"wp:attachment":[{"href":"https:\/\/chicagoinjurylawyer.net\/es\/wp-json\/wp\/v2\/media?parent=7304"}],"curies":[{"name":"wp","href":"https:\/\/api.w.org\/{rel}","templated":true}]}}