{"id":7308,"date":"2019-06-26T12:55:50","date_gmt":"2019-06-26T12:55:50","guid":{"rendered":"http:\/\/104.197.86.120\/?page_id=7308"},"modified":"2021-12-03T15:15:23","modified_gmt":"2021-12-03T21:15:23","slug":"accidentes-de-ferrocarril","status":"publish","type":"page","link":"https:\/\/chicagoinjurylawyer.net\/es\/accidentes-de-ferrocarril\/","title":{"rendered":"Accidentes Cruce De Ferrocarril"},"content":{"rendered":"<h1>Abogados De Lesiones Em Cruce De Ferrocarril<\/h1>\n<p><img decoding=\"async\" class=\"size-medium wp-image-7309 alignright\" src=\"\/wp-content\/uploads\/2019\/06\/Railroad-Crossing-Accidents-300x200.jpg\" alt=\"RailRoad Crossing Sign\" width=\"300\" height=\"200\" \/>De acuerdo con la Administraci\u00f3n Federal de Ferrocarriles, en los Estados Unidos una persona es golpeada por un tren cada dos horas aproximadamente. Cuando alguien es golpeado por un tren, las lesiones que \u00e9l o ella sufren pueden ser catastr\u00f3ficas, como una <a href=\"\/es\/lesiones-cerebrales-traumaticas\/\">lesi\u00f3n cerebral traum\u00e1tica<\/a>, la amputaci\u00f3n de una extremidad o par\u00e1lisis parcial o completa. Lo que es a\u00fan m\u00e1s preocupante es que cientos de personas mueren cada a\u00f1o en choques entre veh\u00edculos y trenes.<\/p>\n<p>En algunos casos la v\u00edctima tiene la culpa, al igual que el conductor que hace caso omiso de las se\u00f1ales en cruces a nivel (los dispositivos de advertencia donde se cruzan las v\u00edas del ferrocarril de la carretera). Sin embargo, no es raro que la v\u00edctima sea completamente conscientes de los peligros, como cuando los sistemas de alerta son inadecuadas, defectuosas, mal funcionamiento o inexistente.<\/p>\n<p>Adem\u00e1s de choques entre veh\u00edculos y trenes, accidentes como los descarrilamientos de trenes, colisiones de tren-tren y el transporte p\u00fablico tambi\u00e9n puede resultar en lesiones graves y muertes. Si usted o un ser querido ha sido perjudicado por las acciones negligentes de otra, como una compa\u00f1\u00eda de ferrocarril o de la Autoridad de Tr\u00e1nsito de Chicago (CTA), contacte a el equipo legal de <a href=\"\/es\/\">Sexner Injury Lawyers LLC<\/a> inmediatamente.<\/p>\n<p>Con nuestra amplia experiencia y red de <a href=\"\/es\/\">abogados de lesiones personales<\/a>, luchamos para que nuestros clientes reciban la compensaci\u00f3n que merecen. Usamos nuestro estilo agresivo pero compasivo de representaci\u00f3n para luchar por sus derechos.<\/p>\n<p><a href=\"\/es\/contactenos\/\">Ll\u00e1menos hoy para una consulta gratuita<\/a> y sin compromiso. Vamos a revisar a fondo los detalles de su accidente de tren para discutir juntos sus opciones legales. Nunca hay honorarios a abogado a menos que tengamos \u00e9xito a su nombre.<\/p>\n","protected":false},"excerpt":{"rendered":"<p>Abogados De Lesiones Em Cruce De Ferrocarril De acuerdo con la Administraci\u00f3n Federal de Ferrocarriles, en los Estados Unidos una persona es golpeada por un tren cada dos horas aproximadamente. Cuando alguien es golpeado por un tren, las lesiones que \u00e9l o ella sufren pueden ser catastr\u00f3ficas, como una lesi\u00f3n cerebral traum\u00e1tica, la amputaci\u00f3n de [&hellip;]<\/p>\n","protected":false},"author":1,"featured_media":0,"parent":0,"menu_order":0,"comment_status":"closed","ping_status":"open","template":"","meta":{"_acf_changed":false,"footnotes":""},"class_list":["post-7308","page","type-page","status-publish","hentry"],"acf":[],"yoast_head":"<!-- This site is optimized with the Yoast SEO plugin v27.5 - https:\/\/yoast.com\/product\/yoast-seo-wordpress\/ -->\n<title>Chicago Abogados De Lesiones Em Cruce De Ferrocarril - Sexner Injury Lawyers LLC<\/title>\n<meta name=\"description\" content=\"Si usted o un ser querido ha sido perjudicado por las acciones negligentes de otra, como una compa\u00f1\u00eda de ferrocarril o de la Autoridad de Tr\u00e1nsito de Chicago (CTA), contacte a el equipo legal de Sexner Injury Lawyers LLC inmediatamente\" \/>\n<meta name=\"robots\" content=\"index, follow, max-snippet:-1, max-image-preview:large, max-video-preview:-1\" \/>\n<link rel=\"canonical\" href=\"https:\/\/chicagoinjurylawyer.net\/es\/accidentes-de-ferrocarril\/\" \/>\n<meta property=\"og:locale\" content=\"es_ES\" \/>\n<meta property=\"og:type\" content=\"article\" \/>\n<meta property=\"og:title\" content=\"Chicago Abogados De Lesiones Em Cruce De Ferrocarril - Sexner Injury Lawyers LLC\" \/>\n<meta property=\"og:description\" content=\"Si usted o un ser querido ha sido perjudicado por las acciones negligentes de otra, como una compa\u00f1\u00eda de ferrocarril o de la Autoridad de Tr\u00e1nsito de Chicago (CTA), contacte a el equipo legal de Sexner Injury Lawyers LLC inmediatamente\" \/>\n<meta property=\"og:url\" content=\"https:\/\/chicagoinjurylawyer.net\/es\/accidentes-de-ferrocarril\/\" \/>\n<meta property=\"og:site_name\" content=\"Sexner Injury Lawyers LLC\" \/>\n<meta property=\"article:modified_time\" content=\"2021-12-03T21:15:23+00:00\" \/>\n<meta property=\"og:image\" content=\"https:\/\/chicagoinjurylawyer.net\/wp-content\/uploads\/2019\/06\/Railroad-Crossing-Accidents-300x200.jpg\" \/>\n<meta name=\"twitter:card\" content=\"summary_large_image\" \/>\n<meta name=\"twitter:label1\" content=\"Tiempo de lectura\" \/>\n\t<meta name=\"twitter:data1\" content=\"2 minutos\" \/>\n<!-- \/ Yoast SEO plugin. -->","yoast_head_json":{"title":"Chicago Abogados De Lesiones Em Cruce De Ferrocarril - Sexner Injury Lawyers LLC","description":"Si usted o un ser querido ha sido perjudicado por las acciones negligentes de otra, como una compa\u00f1\u00eda de ferrocarril o de la Autoridad de Tr\u00e1nsito de Chicago (CTA), contacte a el equipo legal de Sexner Injury Lawyers LLC inmediatamente","robots":{"index":"index","follow":"follow","max-snippet":"max-snippet:-1","max-image-preview":"max-image-preview:large","max-video-preview":"max-video-preview:-1"},"canonical":"https:\/\/chicagoinjurylawyer.net\/es\/accidentes-de-ferrocarril\/","og_locale":"es_ES","og_type":"article","og_title":"Chicago Abogados De Lesiones Em Cruce De Ferrocarril - Sexner Injury Lawyers LLC","og_description":"Si usted o un ser querido ha sido perjudicado por las acciones negligentes de otra, como una compa\u00f1\u00eda de ferrocarril o de la Autoridad de Tr\u00e1nsito de Chicago (CTA), contacte a el equipo legal de Sexner Injury Lawyers LLC inmediatamente","og_url":"https:\/\/chicagoinjurylawyer.net\/es\/accidentes-de-ferrocarril\/","og_site_name":"Sexner Injury Lawyers LLC","article_modified_time":"2021-12-03T21:15:23+00:00","og_image":[{"url":"https:\/\/chicagoinjurylawyer.net\/wp-content\/uploads\/2019\/06\/Railroad-Crossing-Accidents-300x200.jpg","type":"","width":"","height":""}],"twitter_card":"summary_large_image","twitter_misc":{"Tiempo de lectura":"2 minutos"},"schema":{"@context":"https:\/\/schema.org","@graph":[{"@type":"WebPage","@id":"https:\/\/chicagoinjurylawyer.net\/es\/accidentes-de-ferrocarril\/","url":"https:\/\/chicagoinjurylawyer.net\/es\/accidentes-de-ferrocarril\/","name":"Chicago Abogados De Lesiones Em Cruce De Ferrocarril - Sexner Injury Lawyers LLC","isPartOf":{"@id":"https:\/\/chicagoinjurylawyer.net\/es\/#website"},"datePublished":"2019-06-26T12:55:50+00:00","dateModified":"2021-12-03T21:15:23+00:00","description":"Si usted o un ser querido ha sido perjudicado por las acciones negligentes de otra, como una compa\u00f1\u00eda de ferrocarril o de la Autoridad de Tr\u00e1nsito de Chicago (CTA), contacte a el equipo legal de [firm-name] inmediatamente","inLanguage":"es","potentialAction":[{"@type":"ReadAction","target":["https:\/\/chicagoinjurylawyer.net\/es\/accidentes-de-ferrocarril\/"]}]},{"@type":"WebSite","@id":"https:\/\/chicagoinjurylawyer.net\/es\/#website","url":"https:\/\/chicagoinjurylawyer.net\/es\/","name":"Sexner Injury Lawyers LLC","description":"Chicago Personal Injury Attorneys","publisher":{"@id":"https:\/\/chicagoinjurylawyer.net\/es\/#organization"},"potentialAction":[{"@type":"SearchAction","target":{"@type":"EntryPoint","urlTemplate":"https:\/\/chicagoinjurylawyer.net\/es\/?s={search_term_string}"},"query-input":{"@type":"PropertyValueSpecification","valueRequired":true,"valueName":"search_term_string"}}],"inLanguage":"es"},{"@type":"Organization","@id":"https:\/\/chicagoinjurylawyer.net\/es\/#organization","name":"[firm-name]","url":"https:\/\/chicagoinjurylawyer.net\/es\/","logo":{"@type":"ImageObject","inLanguage":"es","@id":"https:\/\/chicagoinjurylawyer.net\/es\/#\/schema\/logo\/image\/","url":"https:\/\/chicagoinjurylawyer.net\/wp-content\/uploads\/2019\/06\/msx-logo-1.png","contentUrl":"https:\/\/chicagoinjurylawyer.net\/wp-content\/uploads\/2019\/06\/msx-logo-1.png","width":180,"height":83,"caption":"[firm-name]"},"image":{"@id":"https:\/\/chicagoinjurylawyer.net\/es\/#\/schema\/logo\/image\/"}}]}},"_links":{"self":[{"href":"https:\/\/chicagoinjurylawyer.net\/es\/wp-json\/wp\/v2\/pages\/7308","targetHints":{"allow":["GET"]}}],"collection":[{"href":"https:\/\/chicagoinjurylawyer.net\/es\/wp-json\/wp\/v2\/pages"}],"about":[{"href":"https:\/\/chicagoinjurylawyer.net\/es\/wp-json\/wp\/v2\/types\/page"}],"author":[{"embeddable":true,"href":"https:\/\/chicagoinjurylawyer.net\/es\/wp-json\/wp\/v2\/users\/1"}],"replies":[{"embeddable":true,"href":"https:\/\/chicagoinjurylawyer.net\/es\/wp-json\/wp\/v2\/comments?post=7308"}],"version-history":[{"count":9,"href":"https:\/\/chicagoinjurylawyer.net\/es\/wp-json\/wp\/v2\/pages\/7308\/revisions"}],"predecessor-version":[{"id":32553,"href":"https:\/\/chicagoinjurylawyer.net\/es\/wp-json\/wp\/v2\/pages\/7308\/revisions\/32553"}],"wp:attachment":[{"href":"https:\/\/chicagoinjurylawyer.net\/es\/wp-json\/wp\/v2\/media?parent=7308"}],"curies":[{"name":"wp","href":"https:\/\/api.w.org\/{rel}","templated":true}]}}