{"id":7315,"date":"2019-06-26T13:01:39","date_gmt":"2019-06-26T13:01:39","guid":{"rendered":"http:\/\/104.197.86.120\/?page_id=7315"},"modified":"2022-02-02T12:36:42","modified_gmt":"2022-02-02T18:36:42","slug":"lesiones-infantiles","status":"publish","type":"page","link":"https:\/\/chicagoinjurylawyer.net\/es\/lesiones-infantiles\/","title":{"rendered":"Lesiones Infantiles"},"content":{"rendered":"<h1>Abogados de Lesiones Infantiles en Chicago<\/h1>\n<p><img decoding=\"async\" class=\"alignright wp-image-33470\" src=\"\/wp-content\/uploads\/2022\/02\/Abogados-de-Lesiones-Infantiles-en-Chicago.jpg\" alt=\"Abogados de Lesiones Infantiles en Chicago\" width=\"400\" height=\"267\" srcset=\"https:\/\/chicagoinjurylawyer.net\/wp-content\/uploads\/2022\/02\/Abogados-de-Lesiones-Infantiles-en-Chicago.jpg 1000w, https:\/\/chicagoinjurylawyer.net\/wp-content\/uploads\/2022\/02\/Abogados-de-Lesiones-Infantiles-en-Chicago-300x200.jpg 300w, https:\/\/chicagoinjurylawyer.net\/wp-content\/uploads\/2022\/02\/Abogados-de-Lesiones-Infantiles-en-Chicago-768x512.jpg 768w\" sizes=\"(max-width: 400px) 100vw, 400px\" \/>Los ni\u00f1os sanos y activos son propensos a golpes y moretones ocasionales, y eso es de esperar, pero cuando los ni\u00f1os sufren lesiones graves debido al comportamiento imprudente o negligencia de otra persona, creemos que las partes responsables deben rendir cuentas.<\/p>\n<p>Nuestros <a href=\"\/es\/\">abogados de lesiones infantiles<\/a> en Chicago de Sexner Injury Lawyers LLC son defensores legales dedicados, comprometidos con la protecci\u00f3n de los derechos de los ni\u00f1os lesionados. Puede confiar en nosotros para investigar a fondo el accidente de su hijo y buscar agresivamente un <a href=\"\/es\/nuestro-exito\/\">acuerdo o veredicto<\/a> para cubrir el alcance total de las p\u00e9rdidas de su familia.<\/p>\n<h2>Da\u00f1os en Reclamos por Lesiones Infantiles en Chicago<\/h2>\n<p>En casos de lesiones infantiles graves, es posible que se necesiten c\u00e1lculos especiales para evaluar completamente los da\u00f1os debido a factores desconocidos a largo plazo. Los da\u00f1os deben calcularse para garantizar que su hijo reciba una compensaci\u00f3n completa por sus lesiones durante toda su vida. Los factores que considerar incluyen:<\/p>\n<ul>\n<li>Gastos m\u00e9dicos pasados y futuros<\/li>\n<li>Dolor y sufrimiento, tanto f\u00edsico como emocional, en el momento de la lesi\u00f3n y en el futuro como resultado de la lesi\u00f3n.<\/li>\n<li>Discapacidad permanente o desfiguraci\u00f3n.<\/li>\n<li>Costos de vivir con alguna discapacidad permanente<\/li>\n<li>P\u00e9rdida de posibles ganancias futuras debido a la lesi\u00f3n.<\/li>\n<li>P\u00e9rdida del disfrute de la vida, particularmente en el caso de una lesi\u00f3n permanente que limitar\u00e1 las actividades del ni\u00f1o en el futuro.<\/li>\n<li>Angustia mental y angustia emocional causada por la lesi\u00f3n.<\/li>\n<li>P\u00e9rdida de compa\u00f1\u00eda y servicios para los padres, si el ni\u00f1o no puede participar en ciertas actividades o realizar tareas normales.<\/li>\n<\/ul>\n<h2>Causas de Lesiones Infantiles<\/h2>\n<p>Ver a un ni\u00f1o sufrir lesiones causadas por la negligencia de otro es una de las cosas m\u00e1s dif\u00edciles que un padre tendr\u00e1 que presenciar. Algunas de las causas m\u00e1s comunes de lesiones infantiles incluyen:<\/p>\n<ul>\n<li><a href=\"\/es\/accidentes-de-trafico\/\">Accidentes automovil\u00edsticos<\/a><\/li>\n<li><a href=\"\/es\/accidentes-de-bicicletas\/\">Accidentes de bicicleta<\/a><\/li>\n<li>Accidentes en el equipo del patio de recreo<\/li>\n<li>Accidentes por <a href=\"\/es\/resbalones-tropiezos-y-caidas\/\">resbalones y ca\u00eddas<\/a> en la propiedad de otra persona<\/li>\n<li><a href=\"\/es\/accidentes-en-piscina\/\">Accidentes en piscinas<\/a><\/li>\n<li>Quemaduras por agua sobrecalentada o implementos calientes<\/li>\n<li><a href=\"\/es\/mordeduras-de-perro\/\">Mordidas de perro<\/a><\/li>\n<li>Accidentes de autobuses escolares<\/li>\n<\/ul>\n<h2>Estad\u00edsticas de Lesiones Infantiles<\/h2>\n<p>Los Centros para el Control y la Prevenci\u00f3n de Enfermedades (CDC) informan hechos sobre lesiones infantiles en los EE. UU.:<\/p>\n<ul>\n<li>12,175 ni\u00f1os entre las edades de 0 y 19 a\u00f1os mueren por lesiones no intencionales cada a\u00f1o.<\/li>\n<li>M\u00e1s de 9.2 millones de ni\u00f1os reciben tratamiento por lesiones no mortales en las salas de emergencia cada a\u00f1o.<\/li>\n<li>Las lesiones causadas por el transporte son la principal causa de muerte entre los ni\u00f1os.<\/li>\n<li>El ahogamiento es la principal causa de muerte por lesiones en ni\u00f1os de 1 a 4 a\u00f1os.<\/li>\n<li>Las ca\u00eddas son la principal causa de lesiones no mortales en los ni\u00f1os.<\/li>\n<li>Para los ni\u00f1os de 5 a 19 a\u00f1os de edad, el mayor n\u00famero de muertes por lesiones ocurre en accidentes de veh\u00edculos de motor en los que los ni\u00f1os son ocupantes del veh\u00edculo.<\/li>\n<\/ul>\n<h2>Lesiones en la Escuela Atl\u00e9tica<\/h2>\n<p>En general, los deportes juegan un papel integral en el bienestar f\u00edsico de millones de estudiantes, desde la primaria hasta la universidad. Por lo general, las autoridades escolares y deportivas toman todas las precauciones posibles para prevenir que estudiantes atletas resulten heridos, pero cualquier deporte que implique esfuerzo f\u00edsico tiene riesgos potenciales para la salud, especialmente los deportes que implican contacto f\u00edsico con otros jugadores. Los tipos de lesiones var\u00edan de esguinces hasta huesos rotos a una lesi\u00f3n potencialmente m\u00e1s grave; como una conmoci\u00f3n cerebral, que es un tipo de <a href=\"\/es\/lesiones-cerebrales-traumaticas\/\">lesi\u00f3n cerebral traum\u00e1tica<\/a> (LCT).<\/p>\n<p>Debido al hecho de que los estudiantes atletas a menudo no reconocen los signos de una lesi\u00f3n cerebral traum\u00e1tica en s\u00ed mismos, es imprescindible que sus entrenadores y otro personal de la escuela de atletismo busquen activamente se\u00f1ales de advertencia de una lesi\u00f3n cerebral o un traumatismo. Algunos de los signos comunes de una lesi\u00f3n cerebral traum\u00e1tica son los siguientes:<\/p>\n<ul>\n<li>Perder la conciencia<\/li>\n<li>Aparentemente confundido u olvidadizo<\/li>\n<li>Ser incapaz de recordar cosas simples, como el propio nombre o el nombre de la oposici\u00f3n<\/li>\n<li>Cambios en la personalidad<\/li>\n<\/ul>\n<p>TBI pueden tener graves efectos a largo plazo sobre los estudiantes atletas. La salud de una persona puede verse a\u00fan m\u00e1s comprometida si \u00e9l o ella no se dan cuenta de una lesi\u00f3n y sigue participando en una actividad f\u00edsica. Los cambios permanentes de personalidad, cambios de humor, depresi\u00f3n, pensamientos suicidas, dolores de cabeza, dificultad para concentrarse y mareos son s\u00f3lo algunos de los posibles problemas de salud asociados con una lesi\u00f3n cerebral o traumatismo cerebral.<\/p>\n<p>Si usted o un ser querido ha sido v\u00edctima de una lesi\u00f3n deportiva escolar, el equipo legal de Sexner Injury Lawyers LLC quiere ayudarle a conseguir la justicia que se merece. Podemos determinar la responsabilidad de culpa en las partes implicadas para que usted y su familia sean compensados adecuadamente.<\/p>\n<p>Con nuestra amplia experiencia y red de abogados en lesiones personales, haremos todo lo posible para garantizar que se haga justicia. Llame <a href=\"\/es\/contactenos\/\">hoy para una consulta gratuita<\/a> y sin compromiso sobre su caso. Vamos a abogar a su nombre.<\/p>\n<h2>Obtenga M\u00e1s Informaci\u00f3n Sobre Sus Opciones Legales Despu\u00e9s de Que Su Hijo Haya Sido Lesionado<\/h2>\n<p><img decoding=\"async\" class=\"alignright wp-image-33472\" src=\"\/wp-content\/uploads\/2022\/02\/Abogados-de-Lesiones-Infantiles.jpg\" alt=\"Abogados de Lesiones Infantiles\" width=\"400\" height=\"300\" srcset=\"https:\/\/chicagoinjurylawyer.net\/wp-content\/uploads\/2022\/02\/Abogados-de-Lesiones-Infantiles.jpg 1000w, https:\/\/chicagoinjurylawyer.net\/wp-content\/uploads\/2022\/02\/Abogados-de-Lesiones-Infantiles-300x225.jpg 300w, https:\/\/chicagoinjurylawyer.net\/wp-content\/uploads\/2022\/02\/Abogados-de-Lesiones-Infantiles-768x576.jpg 768w\" sizes=\"(max-width: 400px) 100vw, 400px\" \/>Si el acto negligente de otra parte ha provocado una lesi\u00f3n grave para su hijo, es importante para el futuro de su hijo buscar una compensaci\u00f3n completa y justa por los da\u00f1os resultantes de la lesi\u00f3n, ahora y a largo plazo. Durante d\u00e9cadas, nuestros abogados de lesiones infantiles en Sexner Injury Lawyers LLC han manejado con \u00e9xito una variedad de asuntos relacionados con lesiones personales. Hemos sido nombrados entre los mejores 100 abogados litigantes nacionales de abogados litigantes, incluidos en Qui\u00e9n es qui\u00e9n en la ley estadounidense, con una calificaci\u00f3n AV Preeminent\u00ae de Martindale-Hubbell\u00ae y una calificaci\u00f3n excelente de 10.0 en Avvo. Puede tener la confianza de que la demanda por lesiones de su hijo est\u00e1 en manos profesionales y capaces con nuestra firma.<\/p>\n<p>Cont\u00e1ctenos para una consulta gratuita hoy al <a href=\"tel:3122439922\">(312) 243-9922<\/a>.<\/p>\n","protected":false},"excerpt":{"rendered":"<p>Abogados de Lesiones Infantiles en Chicago Los ni\u00f1os sanos y activos son propensos a golpes y moretones ocasionales, y eso es de esperar, pero cuando los ni\u00f1os sufren lesiones graves debido al comportamiento imprudente o negligencia de otra persona, creemos que las partes responsables deben rendir cuentas. Nuestros abogados de lesiones infantiles en Chicago de [&hellip;]<\/p>\n","protected":false},"author":1,"featured_media":0,"parent":0,"menu_order":0,"comment_status":"closed","ping_status":"open","template":"","meta":{"_acf_changed":false,"footnotes":""},"class_list":["post-7315","page","type-page","status-publish","hentry"],"acf":[],"yoast_head":"<!-- This site is optimized with the Yoast SEO plugin v27.4 - https:\/\/yoast.com\/product\/yoast-seo-wordpress\/ -->\n<title>Abogados de Lesiones en la Escuela Atl\u00e9tica en Chicago<\/title>\n<meta name=\"description\" content=\"Si usted o un ser querido ha sido v\u00edctima de una lesi\u00f3n deportiva escolar, el equipo legal de Sexner Injury Lawyers LLC quiere ayudarle a conseguir la justicia que se merece.\" \/>\n<meta name=\"robots\" content=\"index, follow, max-snippet:-1, max-image-preview:large, max-video-preview:-1\" \/>\n<link rel=\"canonical\" href=\"https:\/\/chicagoinjurylawyer.net\/es\/lesiones-infantiles\/\" \/>\n<meta property=\"og:locale\" content=\"es_ES\" \/>\n<meta property=\"og:type\" content=\"article\" \/>\n<meta property=\"og:title\" content=\"Abogados de Lesiones en la Escuela Atl\u00e9tica en Chicago\" \/>\n<meta property=\"og:description\" content=\"Si usted o un ser querido ha sido v\u00edctima de una lesi\u00f3n deportiva escolar, el equipo legal de Sexner Injury Lawyers LLC quiere ayudarle a conseguir la justicia que se merece.\" \/>\n<meta property=\"og:url\" content=\"https:\/\/chicagoinjurylawyer.net\/es\/lesiones-infantiles\/\" \/>\n<meta property=\"og:site_name\" content=\"Sexner Injury Lawyers LLC\" \/>\n<meta property=\"article:modified_time\" content=\"2022-02-02T18:36:42+00:00\" \/>\n<meta property=\"og:image\" content=\"https:\/\/chicagoinjurylawyer.net\/wp-content\/uploads\/2022\/02\/Abogados-de-Lesiones-Infantiles-en-Chicago.jpg\" \/>\n<meta name=\"twitter:card\" content=\"summary_large_image\" \/>\n<meta name=\"twitter:label1\" content=\"Tiempo de lectura\" \/>\n\t<meta name=\"twitter:data1\" content=\"5 minutos\" \/>\n<!-- \/ Yoast SEO plugin. -->","yoast_head_json":{"title":"Abogados de Lesiones en la Escuela Atl\u00e9tica en Chicago","description":"Si usted o un ser querido ha sido v\u00edctima de una lesi\u00f3n deportiva escolar, el equipo legal de Sexner Injury Lawyers LLC quiere ayudarle a conseguir la justicia que se merece.","robots":{"index":"index","follow":"follow","max-snippet":"max-snippet:-1","max-image-preview":"max-image-preview:large","max-video-preview":"max-video-preview:-1"},"canonical":"https:\/\/chicagoinjurylawyer.net\/es\/lesiones-infantiles\/","og_locale":"es_ES","og_type":"article","og_title":"Abogados de Lesiones en la Escuela Atl\u00e9tica en Chicago","og_description":"Si usted o un ser querido ha sido v\u00edctima de una lesi\u00f3n deportiva escolar, el equipo legal de Sexner Injury Lawyers LLC quiere ayudarle a conseguir la justicia que se merece.","og_url":"https:\/\/chicagoinjurylawyer.net\/es\/lesiones-infantiles\/","og_site_name":"Sexner Injury Lawyers LLC","article_modified_time":"2022-02-02T18:36:42+00:00","og_image":[{"url":"https:\/\/chicagoinjurylawyer.net\/wp-content\/uploads\/2022\/02\/Abogados-de-Lesiones-Infantiles-en-Chicago.jpg","type":"","width":"","height":""}],"twitter_card":"summary_large_image","twitter_misc":{"Tiempo de lectura":"5 minutos"},"schema":{"@context":"https:\/\/schema.org","@graph":[{"@type":"WebPage","@id":"https:\/\/chicagoinjurylawyer.net\/es\/lesiones-infantiles\/","url":"https:\/\/chicagoinjurylawyer.net\/es\/lesiones-infantiles\/","name":"Abogados de Lesiones en la Escuela Atl\u00e9tica en Chicago","isPartOf":{"@id":"https:\/\/chicagoinjurylawyer.net\/es\/#website"},"datePublished":"2019-06-26T13:01:39+00:00","dateModified":"2022-02-02T18:36:42+00:00","description":"Si usted o un ser querido ha sido v\u00edctima de una lesi\u00f3n deportiva escolar, el equipo legal de [firm-name] quiere ayudarle a conseguir la justicia que se merece.","inLanguage":"es","potentialAction":[{"@type":"ReadAction","target":["https:\/\/chicagoinjurylawyer.net\/es\/lesiones-infantiles\/"]}]},{"@type":"WebSite","@id":"https:\/\/chicagoinjurylawyer.net\/es\/#website","url":"https:\/\/chicagoinjurylawyer.net\/es\/","name":"Sexner Injury Lawyers LLC","description":"Chicago Personal Injury Attorneys","publisher":{"@id":"https:\/\/chicagoinjurylawyer.net\/es\/#organization"},"potentialAction":[{"@type":"SearchAction","target":{"@type":"EntryPoint","urlTemplate":"https:\/\/chicagoinjurylawyer.net\/es\/?s={search_term_string}"},"query-input":{"@type":"PropertyValueSpecification","valueRequired":true,"valueName":"search_term_string"}}],"inLanguage":"es"},{"@type":"Organization","@id":"https:\/\/chicagoinjurylawyer.net\/es\/#organization","name":"[firm-name]","url":"https:\/\/chicagoinjurylawyer.net\/es\/","logo":{"@type":"ImageObject","inLanguage":"es","@id":"https:\/\/chicagoinjurylawyer.net\/es\/#\/schema\/logo\/image\/","url":"https:\/\/chicagoinjurylawyer.net\/wp-content\/uploads\/2019\/06\/msx-logo-1.png","contentUrl":"https:\/\/chicagoinjurylawyer.net\/wp-content\/uploads\/2019\/06\/msx-logo-1.png","width":180,"height":83,"caption":"[firm-name]"},"image":{"@id":"https:\/\/chicagoinjurylawyer.net\/es\/#\/schema\/logo\/image\/"}}]}},"_links":{"self":[{"href":"https:\/\/chicagoinjurylawyer.net\/es\/wp-json\/wp\/v2\/pages\/7315","targetHints":{"allow":["GET"]}}],"collection":[{"href":"https:\/\/chicagoinjurylawyer.net\/es\/wp-json\/wp\/v2\/pages"}],"about":[{"href":"https:\/\/chicagoinjurylawyer.net\/es\/wp-json\/wp\/v2\/types\/page"}],"author":[{"embeddable":true,"href":"https:\/\/chicagoinjurylawyer.net\/es\/wp-json\/wp\/v2\/users\/1"}],"replies":[{"embeddable":true,"href":"https:\/\/chicagoinjurylawyer.net\/es\/wp-json\/wp\/v2\/comments?post=7315"}],"version-history":[{"count":8,"href":"https:\/\/chicagoinjurylawyer.net\/es\/wp-json\/wp\/v2\/pages\/7315\/revisions"}],"predecessor-version":[{"id":33474,"href":"https:\/\/chicagoinjurylawyer.net\/es\/wp-json\/wp\/v2\/pages\/7315\/revisions\/33474"}],"wp:attachment":[{"href":"https:\/\/chicagoinjurylawyer.net\/es\/wp-json\/wp\/v2\/media?parent=7315"}],"curies":[{"name":"wp","href":"https:\/\/api.w.org\/{rel}","templated":true}]}}