{"id":7324,"date":"2019-06-26T13:07:38","date_gmt":"2019-06-26T13:07:38","guid":{"rendered":"http:\/\/104.197.86.120\/?page_id=7324"},"modified":"2021-12-03T15:14:22","modified_gmt":"2021-12-03T21:14:22","slug":"abuso-sexual","status":"publish","type":"page","link":"https:\/\/chicagoinjurylawyer.net\/es\/abuso-sexual\/","title":{"rendered":"Abuso Sexual"},"content":{"rendered":"<h1>Abogados De Abuso Y Acoso Sexual<\/h1>\n<p><img decoding=\"async\" class=\"alignright size-full wp-image-7325\" src=\"\/wp-content\/uploads\/2019\/06\/Sexual-Abuse-Molesatation-resized.jpg\" alt=\"Sexual Abuse\" width=\"300\" height=\"200\" \/>El abuso o acoso sexual es una violaci\u00f3n de la confianza extrema. Se puede dejar a la v\u00edctima con las cicatrices emocionales que nunca pueden ser reparados. Lamentablemente, el abuso sexual es a menudo comprometida por una persona que deber\u00eda estar protegiendo o ayudando a la v\u00edctima, lo que lleva a una situaci\u00f3n confusa y hasta peligrosa que puede mantener a la v\u00edctima en silencio durante a\u00f1os. Si usted o un ser querido ha sido herido por el abuso o acoso sexual, el equipo legal de <a href=\"\/es\/\">Sexner Injury Lawyers LLC<\/a> est\u00e1 comprometido en ayudarle a establecer la justicia que se merece.<\/p>\n<p>El abuso sexual a menudo es perpetrado por personas en posiciones de poder sobre la v\u00edctima, sobre todo si la v\u00edctima era un ni\u00f1o cuando se produce el abuso. Desde profesores hasta entrenadores, a l\u00edderes religiosos (como los sacerdotes de la arquidi\u00f3cesis), hasta profesionales m\u00e9dicos, dirigentes de clubes, e incluso a miembros de la familia, son personas que se aprovechan de su posici\u00f3n en la vida para herir a otros. Incluso pueden ser reincidentes, molestar o abusar de varios ni\u00f1os o adultos. Cualquier autor de tal comportamiento horrible merece ser considerados responsables de sus actos en la mayor medida de la ley.<\/p>\n<p>As\u00ed como las v\u00edctimas de abuso y acoso sexual son diferentes, tambi\u00e9n son los efectos en la victima. La v\u00edctima podr\u00eda sentirse impotente y deprimido, y en algunos casos les resulta dif\u00edcil mantener un trabajo estable. \u00c9l o ella pueden pensar en el suicidio. Puede haber lesiones f\u00edsicas adem\u00e1s de las lesiones emocionales y psicol\u00f3gicas significativos. Debido a nuestra experiencia con este tipo de casos, nos damos cuenta de que usted y su familia puede sentirse abrumado por la emoci\u00f3n. Vamos a ser compasivos y respetuosos, mientras que trabajamos con usted y con expertos m\u00e9dicos y psiqui\u00e1tricos para armar un caso en contra de su abusador.<\/p>\n<p>Aunque lamentablemente no podemos cambiar los acontecimientos que ocurrieron en el pasado, vamos a trabajar sin descanso para conseguir la m\u00e1xima indemnizaci\u00f3n para ayudar con su futuro. <a href=\"\/es\/contactenos\/\">Ll\u00e1menos hoy para una consulta gratuita<\/a> y sin compromiso. Vamos a ir a trav\u00e9s de los hechos de su caso para ayudarle a entender todas sus opciones. Seremos sus defensores, y vamos a ir detr\u00e1s de su abusador agresivamente a su nombre.<\/p>\n","protected":false},"excerpt":{"rendered":"<p>Abogados De Abuso Y Acoso Sexual El abuso o acoso sexual es una violaci\u00f3n de la confianza extrema. Se puede dejar a la v\u00edctima con las cicatrices emocionales que nunca pueden ser reparados. Lamentablemente, el abuso sexual es a menudo comprometida por una persona que deber\u00eda estar protegiendo o ayudando a la v\u00edctima, lo que [&hellip;]<\/p>\n","protected":false},"author":1,"featured_media":0,"parent":0,"menu_order":0,"comment_status":"closed","ping_status":"open","template":"","meta":{"_acf_changed":false,"footnotes":""},"class_list":["post-7324","page","type-page","status-publish","hentry"],"acf":[],"yoast_head":"<!-- This site is optimized with the Yoast SEO plugin v27.4 - https:\/\/yoast.com\/product\/yoast-seo-wordpress\/ -->\n<title>Chicago Abogados De Abuso Y Acoso Sexual - Sexner Injury Lawyers LLC<\/title>\n<meta name=\"description\" content=\"Si usted o un ser querido ha sido herido por el abuso o acoso sexual, el equipo legal de Sexner Injury Lawyers LLC est\u00e1 comprometido en ayudarle a establecer la justicia que se merece.\" \/>\n<meta name=\"robots\" content=\"index, follow, max-snippet:-1, max-image-preview:large, max-video-preview:-1\" \/>\n<link rel=\"canonical\" href=\"https:\/\/chicagoinjurylawyer.net\/es\/abuso-sexual\/\" \/>\n<meta property=\"og:locale\" content=\"es_ES\" \/>\n<meta property=\"og:type\" content=\"article\" \/>\n<meta property=\"og:title\" content=\"Chicago Abogados De Abuso Y Acoso Sexual - Sexner Injury Lawyers LLC\" \/>\n<meta property=\"og:description\" content=\"Si usted o un ser querido ha sido herido por el abuso o acoso sexual, el equipo legal de Sexner Injury Lawyers LLC est\u00e1 comprometido en ayudarle a establecer la justicia que se merece.\" \/>\n<meta property=\"og:url\" content=\"https:\/\/chicagoinjurylawyer.net\/es\/abuso-sexual\/\" \/>\n<meta property=\"og:site_name\" content=\"Sexner Injury Lawyers LLC\" \/>\n<meta property=\"article:modified_time\" content=\"2021-12-03T21:14:22+00:00\" \/>\n<meta property=\"og:image\" content=\"https:\/\/chicagoinjurylawyer.net\/wp-content\/uploads\/2019\/06\/Sexual-Abuse-Molesatation-resized.jpg\" \/>\n<meta name=\"twitter:card\" content=\"summary_large_image\" \/>\n<meta name=\"twitter:label1\" content=\"Tiempo de lectura\" \/>\n\t<meta name=\"twitter:data1\" content=\"2 minutos\" \/>\n<!-- \/ Yoast SEO plugin. -->","yoast_head_json":{"title":"Chicago Abogados De Abuso Y Acoso Sexual - Sexner Injury Lawyers LLC","description":"Si usted o un ser querido ha sido herido por el abuso o acoso sexual, el equipo legal de Sexner Injury Lawyers LLC est\u00e1 comprometido en ayudarle a establecer la justicia que se merece.","robots":{"index":"index","follow":"follow","max-snippet":"max-snippet:-1","max-image-preview":"max-image-preview:large","max-video-preview":"max-video-preview:-1"},"canonical":"https:\/\/chicagoinjurylawyer.net\/es\/abuso-sexual\/","og_locale":"es_ES","og_type":"article","og_title":"Chicago Abogados De Abuso Y Acoso Sexual - Sexner Injury Lawyers LLC","og_description":"Si usted o un ser querido ha sido herido por el abuso o acoso sexual, el equipo legal de Sexner Injury Lawyers LLC est\u00e1 comprometido en ayudarle a establecer la justicia que se merece.","og_url":"https:\/\/chicagoinjurylawyer.net\/es\/abuso-sexual\/","og_site_name":"Sexner Injury Lawyers LLC","article_modified_time":"2021-12-03T21:14:22+00:00","og_image":[{"url":"https:\/\/chicagoinjurylawyer.net\/wp-content\/uploads\/2019\/06\/Sexual-Abuse-Molesatation-resized.jpg","type":"","width":"","height":""}],"twitter_card":"summary_large_image","twitter_misc":{"Tiempo de lectura":"2 minutos"},"schema":{"@context":"https:\/\/schema.org","@graph":[{"@type":"WebPage","@id":"https:\/\/chicagoinjurylawyer.net\/es\/abuso-sexual\/","url":"https:\/\/chicagoinjurylawyer.net\/es\/abuso-sexual\/","name":"Chicago Abogados De Abuso Y Acoso Sexual - Sexner Injury Lawyers LLC","isPartOf":{"@id":"https:\/\/chicagoinjurylawyer.net\/es\/#website"},"datePublished":"2019-06-26T13:07:38+00:00","dateModified":"2021-12-03T21:14:22+00:00","description":"Si usted o un ser querido ha sido herido por el abuso o acoso sexual, el equipo legal de [firm-name] est\u00e1 comprometido en ayudarle a establecer la justicia que se merece.","inLanguage":"es","potentialAction":[{"@type":"ReadAction","target":["https:\/\/chicagoinjurylawyer.net\/es\/abuso-sexual\/"]}]},{"@type":"WebSite","@id":"https:\/\/chicagoinjurylawyer.net\/es\/#website","url":"https:\/\/chicagoinjurylawyer.net\/es\/","name":"Sexner Injury Lawyers LLC","description":"Chicago Personal Injury Attorneys","publisher":{"@id":"https:\/\/chicagoinjurylawyer.net\/es\/#organization"},"potentialAction":[{"@type":"SearchAction","target":{"@type":"EntryPoint","urlTemplate":"https:\/\/chicagoinjurylawyer.net\/es\/?s={search_term_string}"},"query-input":{"@type":"PropertyValueSpecification","valueRequired":true,"valueName":"search_term_string"}}],"inLanguage":"es"},{"@type":"Organization","@id":"https:\/\/chicagoinjurylawyer.net\/es\/#organization","name":"[firm-name]","url":"https:\/\/chicagoinjurylawyer.net\/es\/","logo":{"@type":"ImageObject","inLanguage":"es","@id":"https:\/\/chicagoinjurylawyer.net\/es\/#\/schema\/logo\/image\/","url":"https:\/\/chicagoinjurylawyer.net\/wp-content\/uploads\/2019\/06\/msx-logo-1.png","contentUrl":"https:\/\/chicagoinjurylawyer.net\/wp-content\/uploads\/2019\/06\/msx-logo-1.png","width":180,"height":83,"caption":"[firm-name]"},"image":{"@id":"https:\/\/chicagoinjurylawyer.net\/es\/#\/schema\/logo\/image\/"}}]}},"_links":{"self":[{"href":"https:\/\/chicagoinjurylawyer.net\/es\/wp-json\/wp\/v2\/pages\/7324","targetHints":{"allow":["GET"]}}],"collection":[{"href":"https:\/\/chicagoinjurylawyer.net\/es\/wp-json\/wp\/v2\/pages"}],"about":[{"href":"https:\/\/chicagoinjurylawyer.net\/es\/wp-json\/wp\/v2\/types\/page"}],"author":[{"embeddable":true,"href":"https:\/\/chicagoinjurylawyer.net\/es\/wp-json\/wp\/v2\/users\/1"}],"replies":[{"embeddable":true,"href":"https:\/\/chicagoinjurylawyer.net\/es\/wp-json\/wp\/v2\/comments?post=7324"}],"version-history":[{"count":3,"href":"https:\/\/chicagoinjurylawyer.net\/es\/wp-json\/wp\/v2\/pages\/7324\/revisions"}],"predecessor-version":[{"id":32552,"href":"https:\/\/chicagoinjurylawyer.net\/es\/wp-json\/wp\/v2\/pages\/7324\/revisions\/32552"}],"wp:attachment":[{"href":"https:\/\/chicagoinjurylawyer.net\/es\/wp-json\/wp\/v2\/media?parent=7324"}],"curies":[{"name":"wp","href":"https:\/\/api.w.org\/{rel}","templated":true}]}}