{"id":7338,"date":"2019-06-26T13:12:56","date_gmt":"2019-06-26T13:12:56","guid":{"rendered":"http:\/\/104.197.86.120\/?page_id=7338"},"modified":"2022-02-02T13:44:31","modified_gmt":"2022-02-02T19:44:31","slug":"resbalones-tropiezos-y-caidas","status":"publish","type":"page","link":"https:\/\/chicagoinjurylawyer.net\/es\/resbalones-tropiezos-y-caidas\/","title":{"rendered":"Lesiones De Resbalones, Tropiezos Y Ca\u00eddas"},"content":{"rendered":"<h1>Abogados de Accidentes por Resbalones y Ca\u00eddas en Chicago<\/h1>\n<h2>Lesiones de Resbalones, Tropiezos y Ca\u00eddas<\/h2>\n<p><img decoding=\"async\" class=\"alignright wp-image-33501\" src=\"\/wp-content\/uploads\/2022\/02\/Abogados-de-Accidentes-por-Resbalones.jpg\" alt=\"Abogados de Accidentes por Resbalones\" width=\"400\" height=\"267\" srcset=\"https:\/\/chicagoinjurylawyer.net\/wp-content\/uploads\/2022\/02\/Abogados-de-Accidentes-por-Resbalones.jpg 1000w, https:\/\/chicagoinjurylawyer.net\/wp-content\/uploads\/2022\/02\/Abogados-de-Accidentes-por-Resbalones-300x200.jpg 300w, https:\/\/chicagoinjurylawyer.net\/wp-content\/uploads\/2022\/02\/Abogados-de-Accidentes-por-Resbalones-768x512.jpg 768w\" sizes=\"(max-width: 400px) 100vw, 400px\" \/>Los accidentes por resbalones y ca\u00eddas pueden ocurrir repentinamente, dadas las condiciones adecuadas. Estos accidentes peligrosos ocurren con m\u00e1s frecuencia de lo que com\u00fanmente se piensa y, a menudo, provocan un gran da\u00f1o f\u00edsico. Los Centros para el Control y la Prevenci\u00f3n de Enfermedades (CDC) informan que cada a\u00f1o millones de personas mayores de 65 a\u00f1os se caen debido a una combinaci\u00f3n de factores de riesgo f\u00edsicos. Debido a la edad avanzada, cualquier ca\u00edda puede resultar en un da\u00f1o f\u00edsico significativo. Esto ni siquiera comienza a tener en cuenta los accidentes de resbalones y ca\u00eddas de personas mayores que involucran un acto de negligencia, por el cual otra parte podr\u00eda ser considerada responsable.<\/p>\n<h2>Condiciones Inseguras para Caminar y Accidentes por Resbalones y Ca\u00eddas<\/h2>\n<p>Las condiciones inseguras crean riesgos de resbalones y ca\u00eddas para todas las edades, incluidos los ni\u00f1os, los corredores, los <a href=\"\/es\/lesiones-de-peatones\/\">peatones<\/a>, los empleados y los compradores, as\u00ed como las personas mayores. Los abogados afiliados a Mitch Sexner, abogado fundador de Sexner Injury Lawyers LLC en Chicago, son reconocidos por sus logros en la obtenci\u00f3n de <a href=\"\/es\/nuestro-exito\/\">acuerdos y veredictos<\/a> de alto valor que requer\u00edan un conocimiento profundo de la ley y una capacidad tenaz para negociar en el mejor inter\u00e9s. de sus clientes. Nuestro abogado de <a href=\"\/es\/responsabilidad-de-locales\/\">responsabilidad de locales<\/a> de Chicago est\u00e1 disponible ahora para discutir su caso de resbal\u00f3n y ca\u00edda.<\/p>\n<p>Incluso un resbal\u00f3n y una ca\u00edda menores pueden dejar a una persona con da\u00f1os f\u00edsicos devastadores a largo plazo. Los cuerpos humanos son m\u00e1quinas complejas con sistemas f\u00edsicos integrados. Una ca\u00edda que traumatiza una parte del cuerpo puede tener un impacto severo en otra parte del cuerpo m\u00e1s adelante. Por ejemplo, los <a href=\"\/es\/accidentes-de-trafico\/huesos-fracturados\/\">huesos rotos<\/a> pueden causar da\u00f1os extensos en los nervios y los m\u00fasculos que provocan dolor cr\u00f3nico de cuello y espalda, afecciones que persisten mucho despu\u00e9s de que los huesos sanan. Una cadera rota puede afectar las rodillas, la columna vertebral y la espalda e incluso causar problemas de digesti\u00f3n. Muchos de estos efectos secundarios conducen a la necesidad de un tratamiento m\u00e9dico adicional.<\/p>\n<h2>Responsabilidad de las Instalaciones: Determinar Qui\u00e9n Tiene la Culpa de un Accidente por Resbal\u00f3n y Ca\u00edda<\/h2>\n<p>Cuando una persona sufre un accidente por resbal\u00f3n y ca\u00edda en un lugar p\u00fablico, en la propiedad de otra persona o en el lugar de trabajo, la cuesti\u00f3n de la responsabilidad se convierte en una preocupaci\u00f3n primordial. El factor determinante en un caso de responsabilidad de locales es la negligencia y el cuidado razonable. Estos conceptos pueden volverse complicados, por lo que es fundamental que obtenga asesor\u00eda legal profesional lo antes posible. El equipo legal de nuestra firma ofrece al cliente lesionado una profunda experiencia en litigios y negociaciones, con una perspectiva que incluye a todas las partes, leyes relevantes y un gran conocimiento de los elementos que establecen la responsabilidad.<\/p>\n<p>Uno de los lugares m\u00e1s comunes donde pueden ocurrir accidentes por resbalones y ca\u00eddas es en el lugar de <a href=\"\/es\/compensacion-de-trabajadores\/\">trabajo<\/a>. Seg\u00fan un informe del Instituto Nacional de Seguridad y Salud Ocupacional (OSHA), los factores de riesgo en el lugar de trabajo incluyen:<\/p>\n<ul>\n<li>Derrames en superficies para caminar<\/li>\n<li>Hielo, nieve o lluvia<\/li>\n<li>Tapetes o alfombras sueltas<\/li>\n<li>Visi\u00f3n obstruida<\/li>\n<li>Mala iluminaci\u00f3n<\/li>\n<li>Superficies para caminar en mal estado<\/li>\n<li>Ritmo de trabajo r\u00e1pido que hace que un empleado trabaje m\u00e1s r\u00e1pido de lo que puede lograr con seguridad<\/li>\n<li>Materiales l\u00edquidos o grasos que crean superficies resbaladizas<\/li>\n<li>Edad, fatiga, mala vista<\/li>\n<li>Calzado inadecuado<\/li>\n<\/ul>\n<p><img decoding=\"async\" class=\"alignright wp-image-33503\" src=\"\/wp-content\/uploads\/2022\/02\/Abogados-de-Accidentes-por-Cai\u0301das.jpg\" alt=\"Abogados de Accidentes por Cai\u0301das\" width=\"400\" height=\"267\" srcset=\"https:\/\/chicagoinjurylawyer.net\/wp-content\/uploads\/2022\/02\/Abogados-de-Accidentes-por-Cai\u0301das.jpg 1000w, https:\/\/chicagoinjurylawyer.net\/wp-content\/uploads\/2022\/02\/Abogados-de-Accidentes-por-Cai\u0301das-300x200.jpg 300w, https:\/\/chicagoinjurylawyer.net\/wp-content\/uploads\/2022\/02\/Abogados-de-Accidentes-por-Cai\u0301das-768x512.jpg 768w\" sizes=\"(max-width: 400px) 100vw, 400px\" \/>Los propietarios tambi\u00e9n tienen la responsabilidad de mantenerlos a salvo con sus inquilinos, visitantes e invitados. Otras condiciones comunes que pueden provocar un accidente de resbal\u00f3n y ca\u00edda incluyen:<\/p>\n<ul>\n<li>Superficies desiguales<\/li>\n<li>Pasamanos roto<\/li>\n<li>Pasos sueltos<\/li>\n<li>Alfombras sueltas<\/li>\n<li>Falta de se\u00f1ales de advertencia adecuadas<\/li>\n<li>No bloquear las \u00e1reas peligrosas<\/li>\n<li>No monitorear las operaciones peligrosas<\/li>\n<\/ul>\n<h2>Consecuencias Graves de los Accidentes por Resbalones y Ca\u00eddas<\/h2>\n<p>El equipo legal de Sexner Injury Lawyers LLC sabe que probar la negligencia no siempre es una tarea sencilla. Entendemos los factores que intervienen en la recuperaci\u00f3n de la compensaci\u00f3n m\u00e1xima, no solo por el sufrimiento que experiment\u00f3 en el momento del accidente, sino tambi\u00e9n por el impacto en la calidad de su vida y su capacidad para trabajar y ganarse la vida. Las consecuencias pueden ser graves y duraderas.<\/p>\n<h3>Lesi\u00f3n Cerebral Traum\u00e1tica<\/h3>\n<p>Un golpe en el cerebro puede afectar la coordinaci\u00f3n motora, la capacidad para concentrarse o pensar, la capacidad de percepci\u00f3n y puede contribuir a la p\u00e9rdida de control sobre las funciones corporales que incluyen la respiraci\u00f3n, la regulaci\u00f3n del coraz\u00f3n y la informaci\u00f3n sensorial. En casos graves, la v\u00edctima del accidente no tiene la capacidad de buscar justicia por s\u00ed misma y debe depender de amigos, familiares y asesores legales designados.<\/p>\n<p>La LCT se clasifica por gravedad, pero es una de las principales causas de muerte y discapacidad. El empeoramiento de la salud puede ocurrir meses o incluso a\u00f1os despu\u00e9s del accidente. Una <a href=\"\/es\/lesiones-cerebrales-traumaticas\/\">lesi\u00f3n cerebral traum\u00e1tica<\/a> por un accidente de resbal\u00f3n y ca\u00edda puede ir seguida de una lesi\u00f3n secundaria, que puede afectar el flujo de sangre y l\u00edquidos en la cabeza y agravar el da\u00f1o de la ca\u00edda. El resultado puede variar desde una recuperaci\u00f3n completa hasta discapacidades permanentes, discapacidades graves o, en los casos m\u00e1s tr\u00e1gicos, la muerte.<\/p>\n<p>Dado que un TBI abre la puerta a muchos efectos f\u00edsicos, cognitivos y de comportamiento, es crucial obtener un examen f\u00edsico completo por parte de un m\u00e9dico especializado en traumatismos cerebrales y lesiones en la cabeza. Las verdaderas consecuencias de su lesi\u00f3n pueden estar ocultas detr\u00e1s de otros s\u00edntomas y dolores, y es posible que solo se hagan evidentes con el tiempo. Es importante obtener asesor\u00eda legal lo antes posible despu\u00e9s de un resbal\u00f3n y ca\u00edda con una lesi\u00f3n cerebral traum\u00e1tica para asegurarse de que su derecho a buscar una compensaci\u00f3n est\u00e9 protegido. El estatuto de limitaciones restringe el per\u00edodo de tiempo durante el cual se puede presentar un reclamo o una demanda. Dependiendo del grado de lesi\u00f3n, la v\u00edctima puede necesitar que un familiar cercano arregle un poder notarial para presentar el reclamo o la demanda.<\/p>\n<h3>Huesos Rotos<\/h3>\n<p><img decoding=\"async\" class=\"alignright wp-image-33497\" src=\"\/wp-content\/uploads\/2022\/02\/Abogados-de-Accidentes-por-Resbalones-y-Cai\u0301das-en-Chicago.jpg\" alt=\"Abogados de Accidentes por Resbalones y Cai\u0301das en Chicago\" width=\"400\" height=\"267\" srcset=\"https:\/\/chicagoinjurylawyer.net\/wp-content\/uploads\/2022\/02\/Abogados-de-Accidentes-por-Resbalones-y-Cai\u0301das-en-Chicago.jpg 1000w, https:\/\/chicagoinjurylawyer.net\/wp-content\/uploads\/2022\/02\/Abogados-de-Accidentes-por-Resbalones-y-Cai\u0301das-en-Chicago-300x200.jpg 300w, https:\/\/chicagoinjurylawyer.net\/wp-content\/uploads\/2022\/02\/Abogados-de-Accidentes-por-Resbalones-y-Cai\u0301das-en-Chicago-768x512.jpg 768w\" sizes=\"(max-width: 400px) 100vw, 400px\" \/>M\u00e1s all\u00e1 de restringir la movilidad durante el per\u00edodo de curaci\u00f3n, los huesos rotos pueden crear da\u00f1o permanente a los nervios y m\u00fasculos y \/ o una desalineaci\u00f3n permanente del sistema esquel\u00e9tico, todo lo cual puede generar m\u00e1s dolor e incapacidad.<\/p>\n<p>Debido a que los accidentes por resbalones y ca\u00eddas pueden deberse a una amplia variedad de condiciones, el impacto principal de la ca\u00edda en el cuerpo puede ocurrir en cualquier parte del cuerpo. Los siguientes son los m\u00e1s comunes:<\/p>\n<ul>\n<li><strong>Cuello y columna vertebral: <\/strong>Estas roturas pueden tener un efecto devastador en la capacidad de una persona para funcionar normalmente. A menudo requiere largos periodos de convalecencia o puede conducir a discapacidades permanentes.<\/li>\n<li><strong>Mu\u00f1eca y tobillo<\/strong>: Conocidas por tardar mucho en sanar debido a la cantidad de huesos y tejido conectivo involucrados, estas fracturas a menudo restringen la movilidad y la capacidad para trabajar en una computadora y otras tareas laborales o personales comunes.<\/li>\n<li><strong>Cara y cr\u00e1neo<\/strong>: Estas lesiones pueden provocar desfiguraci\u00f3n y da\u00f1o al cerebro o al nervio \u00f3ptico o provocar la necesidad de un extenso trabajo de restauraci\u00f3n dental.<\/li>\n<li><strong>Cadera y pelvis<\/strong>: La curaci\u00f3n de la cadera o la pelvis es lenta y, a menudo, implica una fisioterapia dif\u00edcil y dolorosa.<\/li>\n<li><strong>Costilla rota<\/strong>: A menudo causan dolor al respirar, toser o incluso hablar mientras el \u00e1rea se est\u00e1 curando, las costillas rotas tambi\u00e9n pueden causar m\u00e1s complicaciones debido al da\u00f1o a los pulmones y otros sistemas internos del cuerpo.<\/li>\n<\/ul>\n<h3>Lesi\u00f3n de la M\u00e9dula Espinal<\/h3>\n<p>Las <a href=\"\/es\/lesiones-de-la-medula-espinal\/\">lesiones de la m\u00e9dula espinal<\/a> pueden crear una variedad de efectos, desde par\u00e1lisis total hasta diversos grados de p\u00e9rdida de la funci\u00f3n muscular, la sensaci\u00f3n o el control f\u00edsico debajo del \u00e1rea de la columna que se lesion\u00f3. En muchos casos, las lesiones de la m\u00e9dula espinal afectan la vida de la v\u00edctima a partir de ese momento, dejando a la persona con discapacidades permanentes.<\/p>\n<p>Como la m\u00e9dula espinal est\u00e1 unida a las v\u00e9rtebras \u00f3seas de la espalda, un accidente de resbal\u00f3n y ca\u00edda que disloque cualquiera de estas v\u00e9rtebras, traumatizando \u00e1reas espec\u00edficas de la m\u00e9dula espinal, puede tener un impacto profundo en las funciones motoras o la actividad nerviosa controlada por esa secci\u00f3n de la m\u00e9dula espinal. La espina. Si se corta la m\u00e9dula espinal, el sistema nervioso no podr\u00e1 enviar mensajes a los sistemas corporales por debajo del punto de desconexi\u00f3n. En la mayor\u00eda de los casos, la lesi\u00f3n de la m\u00e9dula espinal es causada por trozos de v\u00e9rtebras que desgastan el tejido espinal y alteran la capacidad de funcionamiento de la m\u00e9dula espinal. Tambi\u00e9n puede causar un dolor intenso cuando la v\u00edctima intenta moverse. A menudo se requieren cirug\u00eda, aparatos ortop\u00e9dicos, dispositivos de asistencia y ayudas para la movilidad.<\/p>\n<h2>Tipos de Lesiones de la M\u00e9dula Espinal Causadas por Resbalones y Ca\u00eddas<\/h2>\n<p>Hay dos clasificaciones de lesiones de la m\u00e9dula espinal: incompletas y completas. Una lesi\u00f3n incompleta conserva cierta capacidad funcional por debajo del punto de la lesi\u00f3n y una lesi\u00f3n completa significa una falta total de funci\u00f3n sensorial y motora por debajo del punto de la lesi\u00f3n.<\/p>\n<p>Cualquier lesi\u00f3n importante de la m\u00e9dula espinal, una vez que se sobrevive, puede implicar muchas complicaciones m\u00e9dicas futuras que incluyen:<\/p>\n<ul>\n<li>P\u00e9rdida o p\u00e9rdida parcial de las funciones de la vejiga y los intestinos.<\/li>\n<li>Dificultades card\u00edacas y pulmonares<\/li>\n<li>P\u00e9rdida de movimiento y flexibilidad.<\/li>\n<li>Funcionalidad sexual<\/li>\n<li>Dolor cr\u00f3nico<\/li>\n<li>P\u00e9rdida de sensaci\u00f3n, incluido el tacto, el gusto, el calor y el fr\u00edo, el o\u00eddo y la vista.<\/li>\n<\/ul>\n<h3>Resbal\u00f3n y Ca\u00edda en la Acera Helada<\/h3>\n<p><img decoding=\"async\" class=\"alignright wp-image-33499\" src=\"\/wp-content\/uploads\/2022\/02\/Abogados-de-Accidentes-por-Resbalones-y-Cai\u0301das.jpg\" alt=\"Abogados de Accidentes por Resbalones y Cai\u0301das\" width=\"400\" height=\"617\" srcset=\"https:\/\/chicagoinjurylawyer.net\/wp-content\/uploads\/2022\/02\/Abogados-de-Accidentes-por-Resbalones-y-Cai\u0301das.jpg 1000w, https:\/\/chicagoinjurylawyer.net\/wp-content\/uploads\/2022\/02\/Abogados-de-Accidentes-por-Resbalones-y-Cai\u0301das-195x300.jpg 195w, https:\/\/chicagoinjurylawyer.net\/wp-content\/uploads\/2022\/02\/Abogados-de-Accidentes-por-Resbalones-y-Cai\u0301das-664x1024.jpg 664w, https:\/\/chicagoinjurylawyer.net\/wp-content\/uploads\/2022\/02\/Abogados-de-Accidentes-por-Resbalones-y-Cai\u0301das-768x1184.jpg 768w, https:\/\/chicagoinjurylawyer.net\/wp-content\/uploads\/2022\/02\/Abogados-de-Accidentes-por-Resbalones-y-Cai\u0301das-996x1536.jpg 996w\" sizes=\"(max-width: 400px) 100vw, 400px\" \/>Estacionalmente, particularmente durante las vacaciones, cuando las calles y aceras est\u00e1n llenas de compradores, las aceras heladas no administradas en propiedades privadas y en distritos comerciales provocan numerosos accidentes. Establecer qu\u00e9 partes pueden ser consideradas responsables requerir\u00e1 una investigaci\u00f3n de los hechos. En nuestra firma, sabemos qu\u00e9 buscar para identificar a las partes que pueden ser nombradas en una demanda o reclamo de seguro.<\/p>\n<p>Dado que las demandas por accidentes por resbalones y ca\u00eddas en aceras heladas dependen en gran medida de establecer que el propietario o empleado \"deber\u00eda haber sabido\" (porque una persona razonable en su lugar lo habr\u00eda sabido), demostrar negligencia requiere informes y registros justificativos, y una comprensi\u00f3n de las ordenanzas y leyes de Chicago u otra ciudad que se relacionen con la reducci\u00f3n del riesgo de las instalaciones. Su abogado de resbalones y ca\u00eddas debe estar capacitado para negociar los t\u00e9rminos de un acuerdo, as\u00ed como para presentar argumentos persuasivos en la corte, en caso de que el caso avance a juicio.<\/p>\n<h3>Accidentes Fatales de Resbalones y Ca\u00eddas<\/h3>\n<p>Los accidentes fatales de resbalones y ca\u00eddas a menudo no dejan a nadie para contar el lado de la v\u00edctima de la historia. Las indemnizaciones otorgadas a los familiares m\u00e1s cercanos dependen en gran medida de una investigaci\u00f3n y un an\u00e1lisis forense cuidadosos y con orientaci\u00f3n legal para demostrar una responsabilidad clara en una <a href=\"\/es\/muerte-injusta\/\">demanda por muerte por negligencia<\/a>.<\/p>\n<p>Dado que un accidente fatal por resbal\u00f3n y ca\u00edda puede plantear desaf\u00edos para establecer negligencia, es muy importante contratar a un abogado litigante con experiencia para administrar su caso. El abogado contrario puede intentar culpar a otra parte y argumentar en contra de la responsabilidad. Su abogado debe ser capaz de una excelente preparaci\u00f3n del caso y tener las habilidades de juicio para presentar argumentos persuasivos y totalmente respaldados en el juicio. Nuestra firma puede resolver los problemas y ayudarlo a obtener la m\u00e1xima compensaci\u00f3n por la muerte de su ser querido.<\/p>\n<h2>Comun\u00edquese con un Abogado de Resbalones y Ca\u00eddas en Chicago<\/h2>\n<p>En nuestra firma, nuestros <a href=\"\/es\/\">abogados de lesiones personales de Chicago<\/a> tratan a nuestros clientes con cuidado personal y compasi\u00f3n. Entendemos que hay m\u00e1s en juego que simplemente ganar su caso; Estamos comprometidos a luchar por la calidad de su vida, y lo hacemos con una seriedad profesional que ha resultado en la obtenci\u00f3n de algunos de los asentamientos m\u00e1s grandes jam\u00e1s otorgados en el \u00e1rea de Chicago.<\/p>\n<p>Ll\u00e1manos ahora. Ofrecemos una evaluaci\u00f3n de caso en l\u00ednea gratuita y brindamos servicios legales tanto en ingl\u00e9s como en espa\u00f1ol. Comun\u00edquese con nosotros en persona al <a href=\"tel:3122439922\">(312) 243-9922<\/a>. Llame ahora y obtenga respuestas a sus preguntas.<\/p>\n","protected":false},"excerpt":{"rendered":"<p>Abogados de Accidentes por Resbalones y Ca\u00eddas en Chicago Lesiones de Resbalones, Tropiezos y Ca\u00eddas Los accidentes por resbalones y ca\u00eddas pueden ocurrir repentinamente, dadas las condiciones adecuadas. Estos accidentes peligrosos ocurren con m\u00e1s frecuencia de lo que com\u00fanmente se piensa y, a menudo, provocan un gran da\u00f1o f\u00edsico. Los Centros para el Control y [&hellip;]<\/p>\n","protected":false},"author":1,"featured_media":0,"parent":0,"menu_order":0,"comment_status":"closed","ping_status":"open","template":"","meta":{"_acf_changed":false,"footnotes":""},"class_list":["post-7338","page","type-page","status-publish","hentry"],"acf":[],"yoast_head":"<!-- This site is optimized with the Yoast SEO plugin v27.3 - https:\/\/yoast.com\/product\/yoast-seo-wordpress\/ -->\n<title>Chicago Abogados De Resbaloes, Tropiezos Y Caidas - Sexner Injury Lawyers LLC<\/title>\n<meta name=\"description\" content=\"Si usted o un ser querido ha sido v\u00edctima de una lesi\u00f3n de resbal\u00f3n y ca\u00edda, el equipo legal de Sexner Injury Lawyers LLC puede ayudar.\" \/>\n<meta name=\"robots\" content=\"index, follow, max-snippet:-1, max-image-preview:large, max-video-preview:-1\" \/>\n<link rel=\"canonical\" href=\"https:\/\/chicagoinjurylawyer.net\/es\/resbalones-tropiezos-y-caidas\/\" \/>\n<meta property=\"og:locale\" content=\"es_ES\" \/>\n<meta property=\"og:type\" content=\"article\" \/>\n<meta property=\"og:title\" content=\"Chicago Abogados De Resbaloes, Tropiezos Y Caidas - Sexner Injury Lawyers LLC\" \/>\n<meta property=\"og:description\" content=\"Si usted o un ser querido ha sido v\u00edctima de una lesi\u00f3n de resbal\u00f3n y ca\u00edda, el equipo legal de Sexner Injury Lawyers LLC puede ayudar.\" \/>\n<meta property=\"og:url\" content=\"https:\/\/chicagoinjurylawyer.net\/es\/resbalones-tropiezos-y-caidas\/\" \/>\n<meta property=\"og:site_name\" content=\"Sexner Injury Lawyers LLC\" \/>\n<meta property=\"article:modified_time\" content=\"2022-02-02T19:44:31+00:00\" \/>\n<meta property=\"og:image\" content=\"https:\/\/chicagoinjurylawyer.net\/wp-content\/uploads\/2022\/02\/Abogados-de-Accidentes-por-Resbalones.jpg\" \/>\n<meta name=\"twitter:card\" content=\"summary_large_image\" \/>\n<meta name=\"twitter:label1\" content=\"Tiempo de lectura\" \/>\n\t<meta name=\"twitter:data1\" content=\"10 minutos\" \/>\n<!-- \/ Yoast SEO plugin. -->","yoast_head_json":{"title":"Chicago Abogados De Resbaloes, Tropiezos Y Caidas - Sexner Injury Lawyers LLC","description":"Si usted o un ser querido ha sido v\u00edctima de una lesi\u00f3n de resbal\u00f3n y ca\u00edda, el equipo legal de Sexner Injury Lawyers LLC puede ayudar.","robots":{"index":"index","follow":"follow","max-snippet":"max-snippet:-1","max-image-preview":"max-image-preview:large","max-video-preview":"max-video-preview:-1"},"canonical":"https:\/\/chicagoinjurylawyer.net\/es\/resbalones-tropiezos-y-caidas\/","og_locale":"es_ES","og_type":"article","og_title":"Chicago Abogados De Resbaloes, Tropiezos Y Caidas - Sexner Injury Lawyers LLC","og_description":"Si usted o un ser querido ha sido v\u00edctima de una lesi\u00f3n de resbal\u00f3n y ca\u00edda, el equipo legal de Sexner Injury Lawyers LLC puede ayudar.","og_url":"https:\/\/chicagoinjurylawyer.net\/es\/resbalones-tropiezos-y-caidas\/","og_site_name":"Sexner Injury Lawyers LLC","article_modified_time":"2022-02-02T19:44:31+00:00","og_image":[{"url":"https:\/\/chicagoinjurylawyer.net\/wp-content\/uploads\/2022\/02\/Abogados-de-Accidentes-por-Resbalones.jpg","type":"","width":"","height":""}],"twitter_card":"summary_large_image","twitter_misc":{"Tiempo de lectura":"10 minutos"},"schema":{"@context":"https:\/\/schema.org","@graph":[{"@type":"WebPage","@id":"https:\/\/chicagoinjurylawyer.net\/es\/resbalones-tropiezos-y-caidas\/","url":"https:\/\/chicagoinjurylawyer.net\/es\/resbalones-tropiezos-y-caidas\/","name":"Chicago Abogados De Resbaloes, Tropiezos Y Caidas - Sexner Injury Lawyers LLC","isPartOf":{"@id":"https:\/\/chicagoinjurylawyer.net\/es\/#website"},"datePublished":"2019-06-26T13:12:56+00:00","dateModified":"2022-02-02T19:44:31+00:00","description":"Si usted o un ser querido ha sido v\u00edctima de una lesi\u00f3n de resbal\u00f3n y ca\u00edda, el equipo legal de [firm-name] puede ayudar.","inLanguage":"es","potentialAction":[{"@type":"ReadAction","target":["https:\/\/chicagoinjurylawyer.net\/es\/resbalones-tropiezos-y-caidas\/"]}]},{"@type":"WebSite","@id":"https:\/\/chicagoinjurylawyer.net\/es\/#website","url":"https:\/\/chicagoinjurylawyer.net\/es\/","name":"Sexner Injury Lawyers LLC","description":"Chicago Personal Injury Attorneys","publisher":{"@id":"https:\/\/chicagoinjurylawyer.net\/es\/#organization"},"potentialAction":[{"@type":"SearchAction","target":{"@type":"EntryPoint","urlTemplate":"https:\/\/chicagoinjurylawyer.net\/es\/?s={search_term_string}"},"query-input":{"@type":"PropertyValueSpecification","valueRequired":true,"valueName":"search_term_string"}}],"inLanguage":"es"},{"@type":"Organization","@id":"https:\/\/chicagoinjurylawyer.net\/es\/#organization","name":"[firm-name]","url":"https:\/\/chicagoinjurylawyer.net\/es\/","logo":{"@type":"ImageObject","inLanguage":"es","@id":"https:\/\/chicagoinjurylawyer.net\/es\/#\/schema\/logo\/image\/","url":"https:\/\/chicagoinjurylawyer.net\/wp-content\/uploads\/2019\/06\/msx-logo-1.png","contentUrl":"https:\/\/chicagoinjurylawyer.net\/wp-content\/uploads\/2019\/06\/msx-logo-1.png","width":180,"height":83,"caption":"[firm-name]"},"image":{"@id":"https:\/\/chicagoinjurylawyer.net\/es\/#\/schema\/logo\/image\/"}}]}},"_links":{"self":[{"href":"https:\/\/chicagoinjurylawyer.net\/es\/wp-json\/wp\/v2\/pages\/7338","targetHints":{"allow":["GET"]}}],"collection":[{"href":"https:\/\/chicagoinjurylawyer.net\/es\/wp-json\/wp\/v2\/pages"}],"about":[{"href":"https:\/\/chicagoinjurylawyer.net\/es\/wp-json\/wp\/v2\/types\/page"}],"author":[{"embeddable":true,"href":"https:\/\/chicagoinjurylawyer.net\/es\/wp-json\/wp\/v2\/users\/1"}],"replies":[{"embeddable":true,"href":"https:\/\/chicagoinjurylawyer.net\/es\/wp-json\/wp\/v2\/comments?post=7338"}],"version-history":[{"count":6,"href":"https:\/\/chicagoinjurylawyer.net\/es\/wp-json\/wp\/v2\/pages\/7338\/revisions"}],"predecessor-version":[{"id":33505,"href":"https:\/\/chicagoinjurylawyer.net\/es\/wp-json\/wp\/v2\/pages\/7338\/revisions\/33505"}],"wp:attachment":[{"href":"https:\/\/chicagoinjurylawyer.net\/es\/wp-json\/wp\/v2\/media?parent=7338"}],"curies":[{"name":"wp","href":"https:\/\/api.w.org\/{rel}","templated":true}]}}