{"id":7354,"date":"2019-06-26T13:17:54","date_gmt":"2019-06-26T13:17:54","guid":{"rendered":"http:\/\/104.197.86.120\/?page_id=7354"},"modified":"2021-12-06T11:39:00","modified_gmt":"2021-12-06T17:39:00","slug":"lesiones-de-la-medula-espinal","status":"publish","type":"page","link":"https:\/\/chicagoinjurylawyer.net\/es\/lesiones-de-la-medula-espinal\/","title":{"rendered":"Lesiones De La M\u00e9dula Espinal"},"content":{"rendered":"<h1>Abogados de Lesiones de Columna en Chicago<\/h1>\n<p><img decoding=\"async\" class=\"size-medium wp-image-18088 alignright\" src=\"\/wp-content\/uploads\/2019\/06\/Spinal-Cord-Injuries-resized-1-300x200.jpg\" alt=\"Spinal Cord\" width=\"300\" height=\"200\" \/>Seg\u00fan la Cl\u00ednica Mayo, la principal causa de lesi\u00f3n de la m\u00e9dula espinal en los EE. UU. son los <a href=\"\/es\/accidentes-de-trafico\/\">accidentes automovil\u00edsticos<\/a>. Los accidentes de autom\u00f3vil y <a href=\"\/es\/accidente-de-motocicleta\/\">motocicleta<\/a> representan el 35 por ciento de todas las lesiones de la m\u00e9dula espinal cada a\u00f1o. El impacto de un choque puede causar un golpe en la columna que da\u00f1e el fr\u00e1gil haz de nervios que contiene.<\/p>\n<p>Una lesi\u00f3n de la m\u00e9dula espinal a menudo deja a la v\u00edctima viviendo con par\u00e1lisis, con consecuencias que alteran la vida. Si usted o su ser querido sufrieron una lesi\u00f3n en la m\u00e9dula espinal en un accidente de tr\u00e1fico causado por un conductor negligente, es fundamental que hable con un abogado con experiencia en accidentes catastr\u00f3ficos en Chicago lo antes posible. La compensaci\u00f3n a la que puede tener derecho a reclamar podr\u00eda marcar la diferencia para usted y su familia.<\/p>\n<h2>\u00bfQu\u00e9 es una Lesi\u00f3n de la M\u00e9dula Espinal?<\/h2>\n<p>Una lesi\u00f3n de la m\u00e9dula espinal ocurre cuando la columna se da\u00f1a en un evento traum\u00e1tico, como un golpe muy fuerte. La m\u00e9dula espinal es una columna de tejido nervioso protegida por huesos en la columna. Cualquier evento traum\u00e1tico puede cortar el cord\u00f3n, cortando la capacidad del cerebro para controlar el movimiento, el movimiento o la sensaci\u00f3n f\u00edsica. Una lesi\u00f3n de la m\u00e9dula espinal cambia la forma en que su <a href=\"\/es\/lesiones-cerebrales-traumaticas\/\">cerebro<\/a> se comunica con el resto de su cuerpo. Cuanto m\u00e1s cerca del cerebro ocurra la lesi\u00f3n (cuanto m\u00e1s arriba de la columna vertebral se lastime), mayor ser\u00e1 el \u00e1rea de su cuerpo que se paralizar\u00e1.<\/p>\n<p>Cada a\u00f1o, casi 12,000 estadounidenses sufren una lesi\u00f3n en la m\u00e9dula espinal. Muchas de estas personas sufren dolor cr\u00f3nico, paraplej\u00eda o cuadriplej\u00eda. Las lesiones de la m\u00e9dula espinal pueden provocar cualquiera de estos s\u00edntomas:<\/p>\n<ul>\n<li>P\u00e9rdida de movimiento<\/li>\n<li>P\u00e9rdida del control de los intestinos y \/ o la vejiga.<\/li>\n<li>Problemas de funci\u00f3n sexual<\/li>\n<li>Dolor cr\u00f3nico<\/li>\n<li>Dificultad para respirar<\/li>\n<li>P\u00e9rdida de sensaci\u00f3n en el cuerpo.<\/li>\n<\/ul>\n<h2>Causas Comunes de Lesiones de la M\u00e9dula Espinal<\/h2>\n<p>Las lesiones de la m\u00e9dula espinal pueden ocurrir en un instante, en cualquier lugar o en cualquier momento. Hay casi 300,000 estadounidenses que viven actualmente con una forma de par\u00e1lisis causada por una lesi\u00f3n de la m\u00e9dula espinal. De ellos, cada a\u00f1o se producen 12,000 nuevos casos de lesi\u00f3n de la m\u00e9dula espinal. Seg\u00fan el Centro Nacional de Estad\u00edsticas de Lesiones de la M\u00e9dula Espinal, estas son las principales causas de las lesiones de la m\u00e9dula espinal:<\/p>\n<ul>\n<li><strong>Accidente Automovil\u00edstico <\/strong>- Casi el 40 por ciento de las lesiones de la m\u00e9dula espinal ocurren en accidentes automovil\u00edsticos.<\/li>\n<li><strong>Resbalones, Tropiezos y Ca\u00eddas <\/strong>- Casi el 30 por ciento de las lesiones de la m\u00e9dula espinal ocurren en ca\u00eddas.<\/li>\n<li><strong>Violencia<\/strong> - Casi el 15 por ciento de las lesiones de la m\u00e9dula espinal son causadas por asaltos o tiroteos.<\/li>\n<li><strong>Deportes<\/strong> - Casi el 10 por ciento de las lesiones de la m\u00e9dula espinal ocurren mientras se practican deportes como f\u00fatbol y f\u00fatbol.<\/li>\n<\/ul>\n<p>Menos del 1% de las v\u00edctimas de lesiones de la m\u00e9dula espinal se recuperan por completo. La edad promedio de una v\u00edctima de lesi\u00f3n de la m\u00e9dula espinal es de 40 a\u00f1os.<\/p>\n<img decoding=\"async\" src=\"\/wp-content\/uploads\/2021\/10\/Lesiones-De-La-Me\u0301dula-Espinal.jpg\" alt=\"Lesiones De La M\u00e9dula Espinal\" width=\"1000\" height=\"668\" class=\"aligncenter size-full wp-image-32184\" srcset=\"https:\/\/chicagoinjurylawyer.net\/wp-content\/uploads\/2021\/10\/Lesiones-De-La-Me\u0301dula-Espinal.jpg 1000w, https:\/\/chicagoinjurylawyer.net\/wp-content\/uploads\/2021\/10\/Lesiones-De-La-Me\u0301dula-Espinal-300x200.jpg 300w, https:\/\/chicagoinjurylawyer.net\/wp-content\/uploads\/2021\/10\/Lesiones-De-La-Me\u0301dula-Espinal-768x513.jpg 768w\" sizes=\"(max-width: 1000px) 100vw, 1000px\" \/>\n<h2>Tipos de Lesiones de la M\u00e9dula Espinal<\/h2>\n<p>Varios tipos de lesiones pueden causar da\u00f1o a la m\u00e9dula espinal, algunas de las cuales son comunes en accidentes automovil\u00edsticos:<\/p>\n<ul>\n<li><strong>Lesiones por flexi\u00f3n<\/strong> - Un movimiento repentino y en\u00e9rgico de la cabeza puede da\u00f1ar las v\u00e9rtebras de la regi\u00f3n cervical de la columna. Estas v\u00e9rtebras da\u00f1adas pueden provocar lesiones en la m\u00e9dula espinal. Los ligamentos espinales tambi\u00e9n pueden romperse en este tipo de lesi\u00f3n. Las lesiones por flexi\u00f3n son comunes en los accidentes automovil\u00edsticos.<\/li>\n<li><strong>Lesiones por Rotaci\u00f3n<\/strong> - La rotaci\u00f3n de la columna vertebral puede lesionar la m\u00e9dula espinal y tambi\u00e9n desgarrar los ligamentos espinales. Este tipo de lesi\u00f3n puede ocurrir en colisiones automovil\u00edsticas de impacto lateral (T-bone) y en accidentes de motocicleta.<\/li>\n<li><strong>Lesiones por Compresi\u00f3n<\/strong> - Cuando la fuerza del impacto en una colisi\u00f3n se transmite a trav\u00e9s de la cabeza a la columna vertebral, puede fracturar las v\u00e9rtebras, provocando que las piezas sobresalgan en el canal espinal y lesionen la m\u00e9dula espinal. Las v\u00e9rtebras cervicales, tor\u00e1cicas inferiores y lumbares se fracturan con mayor frecuencia en este tipo de lesi\u00f3n.<\/li>\n<li><strong>Lesiones por Hiperextensi\u00f3n<\/strong> - Cuando el cuello se extiende a la fuerza hacia atr\u00e1s, el estiramiento de los ligamentos y la apertura de los discos pueden da\u00f1ar la m\u00e9dula espinal. Este tipo de lesi\u00f3n puede ocurrir con poco o ning\u00fan da\u00f1o a la columna vertebral; a menudo, solo se lesiona la m\u00e9dula espinal.<\/li>\n<li><strong>Lesiones Penetrantes <\/strong>- Un objeto o parte de un veh\u00edculo, puede penetrar la m\u00e9dula espinal, provocando da\u00f1os irreparables.<\/li>\n<\/ul>\n<h2>Lesi\u00f3n y Par\u00e1lisis de la M\u00e9dula Espinal<\/h2>\n<p>Las lesiones graves de la m\u00e9dula espinal a menudo resultan en par\u00e1lisis permanente. El grado de par\u00e1lisis est\u00e1 determinado por la ubicaci\u00f3n y la gravedad de la lesi\u00f3n. Con la paraplej\u00eda, todo o parte del tronco, las piernas y los \u00f3rganos p\u00e9lvicos se ven afectados. Con la tetraplej\u00eda (o cuadriplej\u00eda), los brazos, las manos, el tronco, las piernas y los \u00f3rganos p\u00e9lvicos se ven afectados por la lesi\u00f3n.<\/p>\n<p>Si todos o casi todos los sentimientos y la capacidad de controlar el movimiento se pierden por debajo del nivel de la lesi\u00f3n, est\u00e1 completo. Si queda alguna funci\u00f3n sensorial o motora, la lesi\u00f3n se denomina incompleta.<\/p>\n<h2>Abogado Dedicado y Experimentado para Casos de Lesiones de M\u00e9dula Espinal en Chicago<\/h2>\n<p>Si un conductor negligente caus\u00f3 su lesi\u00f3n en la m\u00e9dula espinal, es importante encontrar el bufete de abogados adecuado para manejar su reclamo de compensaci\u00f3n. En Sexner Injury Lawyers LLC, nuestros abogados de lesiones personales de Chicago han estado ayudando a personas lesionadas desde 1990. Tenemos un <a href=\"\/es\/nuestro-exito\/\">historial exitoso de veredictos y acuerdos<\/a>, y una reputaci\u00f3n de profesionalismo, atenci\u00f3n a los detalles y atenci\u00f3n personalizada a nuestros clientes. Cont\u00e1ctenos al (312) 243-9922 para discutir su caso en una consulta gratuita y sin compromiso.<\/p>\n","protected":false},"excerpt":{"rendered":"<p>Abogados de Lesiones de Columna en Chicago Seg\u00fan la Cl\u00ednica Mayo, la principal causa de lesi\u00f3n de la m\u00e9dula espinal en los EE. UU. son los accidentes automovil\u00edsticos. Los accidentes de autom\u00f3vil y motocicleta representan el 35 por ciento de todas las lesiones de la m\u00e9dula espinal cada a\u00f1o. El impacto de un choque puede [&hellip;]<\/p>\n","protected":false},"author":1,"featured_media":0,"parent":0,"menu_order":0,"comment_status":"closed","ping_status":"closed","template":"","meta":{"_acf_changed":false,"footnotes":""},"class_list":["post-7354","page","type-page","status-publish","hentry"],"acf":[],"yoast_head":"<!-- This site is optimized with the Yoast SEO plugin v27.4 - https:\/\/yoast.com\/product\/yoast-seo-wordpress\/ -->\n<title>Chicago Abogado de Lesiones de la M\u00e9dula Espinal - Sexner Injury Lawyers LLC<\/title>\n<meta name=\"description\" content=\"Seremos sus defensores. En Sexner Injury Lawyers LLC, tenemos la experiencia para ayudarle a construir un caso contra los responsables de su lesi\u00f3n.\" \/>\n<meta name=\"robots\" content=\"index, follow, max-snippet:-1, max-image-preview:large, max-video-preview:-1\" \/>\n<link rel=\"canonical\" href=\"https:\/\/chicagoinjurylawyer.net\/es\/lesiones-de-la-medula-espinal\/\" \/>\n<meta property=\"og:locale\" content=\"es_ES\" \/>\n<meta property=\"og:type\" content=\"article\" \/>\n<meta property=\"og:title\" content=\"Chicago Abogado de Lesiones de la M\u00e9dula Espinal - Sexner Injury Lawyers LLC\" \/>\n<meta property=\"og:description\" content=\"Seremos sus defensores. En Sexner Injury Lawyers LLC, tenemos la experiencia para ayudarle a construir un caso contra los responsables de su lesi\u00f3n.\" \/>\n<meta property=\"og:url\" content=\"https:\/\/chicagoinjurylawyer.net\/es\/lesiones-de-la-medula-espinal\/\" \/>\n<meta property=\"og:site_name\" content=\"Sexner Injury Lawyers LLC\" \/>\n<meta property=\"article:modified_time\" content=\"2021-12-06T17:39:00+00:00\" \/>\n<meta property=\"og:image\" content=\"https:\/\/chicagoinjurylawyer.net\/wp-content\/uploads\/2019\/06\/Spinal-Cord-Injuries-resized-1-300x200.jpg\" \/>\n<meta name=\"twitter:card\" content=\"summary_large_image\" \/>\n<meta name=\"twitter:label1\" content=\"Tiempo de lectura\" \/>\n\t<meta name=\"twitter:data1\" content=\"5 minutos\" \/>\n<!-- \/ Yoast SEO plugin. -->","yoast_head_json":{"title":"Chicago Abogado de Lesiones de la M\u00e9dula Espinal - Sexner Injury Lawyers LLC","description":"Seremos sus defensores. En Sexner Injury Lawyers LLC, tenemos la experiencia para ayudarle a construir un caso contra los responsables de su lesi\u00f3n.","robots":{"index":"index","follow":"follow","max-snippet":"max-snippet:-1","max-image-preview":"max-image-preview:large","max-video-preview":"max-video-preview:-1"},"canonical":"https:\/\/chicagoinjurylawyer.net\/es\/lesiones-de-la-medula-espinal\/","og_locale":"es_ES","og_type":"article","og_title":"Chicago Abogado de Lesiones de la M\u00e9dula Espinal - Sexner Injury Lawyers LLC","og_description":"Seremos sus defensores. En Sexner Injury Lawyers LLC, tenemos la experiencia para ayudarle a construir un caso contra los responsables de su lesi\u00f3n.","og_url":"https:\/\/chicagoinjurylawyer.net\/es\/lesiones-de-la-medula-espinal\/","og_site_name":"Sexner Injury Lawyers LLC","article_modified_time":"2021-12-06T17:39:00+00:00","og_image":[{"url":"https:\/\/chicagoinjurylawyer.net\/wp-content\/uploads\/2019\/06\/Spinal-Cord-Injuries-resized-1-300x200.jpg","type":"","width":"","height":""}],"twitter_card":"summary_large_image","twitter_misc":{"Tiempo de lectura":"5 minutos"},"schema":{"@context":"https:\/\/schema.org","@graph":[{"@type":"WebPage","@id":"https:\/\/chicagoinjurylawyer.net\/es\/lesiones-de-la-medula-espinal\/","url":"https:\/\/chicagoinjurylawyer.net\/es\/lesiones-de-la-medula-espinal\/","name":"Chicago Abogado de Lesiones de la M\u00e9dula Espinal - Sexner Injury Lawyers LLC","isPartOf":{"@id":"https:\/\/chicagoinjurylawyer.net\/es\/#website"},"datePublished":"2019-06-26T13:17:54+00:00","dateModified":"2021-12-06T17:39:00+00:00","description":"Seremos sus defensores. En [firm-name], tenemos la experiencia para ayudarle a construir un caso contra los responsables de su lesi\u00f3n.","inLanguage":"es","potentialAction":[{"@type":"ReadAction","target":["https:\/\/chicagoinjurylawyer.net\/es\/lesiones-de-la-medula-espinal\/"]}]},{"@type":"WebSite","@id":"https:\/\/chicagoinjurylawyer.net\/es\/#website","url":"https:\/\/chicagoinjurylawyer.net\/es\/","name":"Sexner Injury Lawyers LLC","description":"Chicago Personal Injury Attorneys","publisher":{"@id":"https:\/\/chicagoinjurylawyer.net\/es\/#organization"},"potentialAction":[{"@type":"SearchAction","target":{"@type":"EntryPoint","urlTemplate":"https:\/\/chicagoinjurylawyer.net\/es\/?s={search_term_string}"},"query-input":{"@type":"PropertyValueSpecification","valueRequired":true,"valueName":"search_term_string"}}],"inLanguage":"es"},{"@type":"Organization","@id":"https:\/\/chicagoinjurylawyer.net\/es\/#organization","name":"[firm-name]","url":"https:\/\/chicagoinjurylawyer.net\/es\/","logo":{"@type":"ImageObject","inLanguage":"es","@id":"https:\/\/chicagoinjurylawyer.net\/es\/#\/schema\/logo\/image\/","url":"https:\/\/chicagoinjurylawyer.net\/wp-content\/uploads\/2019\/06\/msx-logo-1.png","contentUrl":"https:\/\/chicagoinjurylawyer.net\/wp-content\/uploads\/2019\/06\/msx-logo-1.png","width":180,"height":83,"caption":"[firm-name]"},"image":{"@id":"https:\/\/chicagoinjurylawyer.net\/es\/#\/schema\/logo\/image\/"}}]}},"_links":{"self":[{"href":"https:\/\/chicagoinjurylawyer.net\/es\/wp-json\/wp\/v2\/pages\/7354","targetHints":{"allow":["GET"]}}],"collection":[{"href":"https:\/\/chicagoinjurylawyer.net\/es\/wp-json\/wp\/v2\/pages"}],"about":[{"href":"https:\/\/chicagoinjurylawyer.net\/es\/wp-json\/wp\/v2\/types\/page"}],"author":[{"embeddable":true,"href":"https:\/\/chicagoinjurylawyer.net\/es\/wp-json\/wp\/v2\/users\/1"}],"replies":[{"embeddable":true,"href":"https:\/\/chicagoinjurylawyer.net\/es\/wp-json\/wp\/v2\/comments?post=7354"}],"version-history":[{"count":7,"href":"https:\/\/chicagoinjurylawyer.net\/es\/wp-json\/wp\/v2\/pages\/7354\/revisions"}],"predecessor-version":[{"id":32592,"href":"https:\/\/chicagoinjurylawyer.net\/es\/wp-json\/wp\/v2\/pages\/7354\/revisions\/32592"}],"wp:attachment":[{"href":"https:\/\/chicagoinjurylawyer.net\/es\/wp-json\/wp\/v2\/media?parent=7354"}],"curies":[{"name":"wp","href":"https:\/\/api.w.org\/{rel}","templated":true}]}}