{"id":7394,"date":"2019-06-26T13:36:57","date_gmt":"2019-06-26T13:36:57","guid":{"rendered":"http:\/\/104.197.86.120\/?page_id=7394"},"modified":"2025-04-29T14:36:29","modified_gmt":"2025-04-29T19:36:29","slug":"lesiones-de-nacimiento","status":"publish","type":"page","link":"https:\/\/chicagoinjurylawyer.net\/es\/negligencia-medica\/lesiones-de-nacimiento\/","title":{"rendered":"Lesiones De Nacimiento"},"content":{"rendered":"<h1>Abogados de Lesiones de Nacimiento en Chicago<\/h1>\n<p>Las lesiones de nacimiento devastan a las familias. Meses despu\u00e9s del nacimiento de un ni\u00f1o, pueden aparecer s\u00edntomas de una lesi\u00f3n de nacimiento, dejando a los padres luchando por entender qu\u00e9 sucedi\u00f3. Los padres pronto pueden darse cuenta de que algo anda mal y pueden sospechar que un <a href=\"\/es\/negligencia-medica\/\">error m\u00e9dico<\/a> durante el parto provoc\u00f3 la afecci\u00f3n de su hijo. Esto puede ser mucho m\u00e1s aterrador y abrumador. Cuando esto sucede, tambi\u00e9n puede considerarse negligencia m\u00e9dica y exigir la representaci\u00f3n de <a href=\"https:\/\/chicagoinjurylawyer.net\/es\/nuestro-exito\/nuestro-exito\/\">los mejores abogados de lesiones de nacimiento en Chicago<\/a>.<\/p>\n<p>Hay muchos tipos de lesiones de nacimiento y diferentes s\u00edntomas pueden sugerir una variedad de dolencias. Incluso con la ayuda de profesionales m\u00e9dicos, es posible que al principio se <a href=\"\/es\/negligencia-medica\/diagnostico-erroneo\/\">diagnostique err\u00f3neamente<\/a> a un ni\u00f1o. Peor a\u00fan, los detalles de cualquier negligencia m\u00e9dica debido a un error m\u00e9dico pueden estar ocultos. Con demasiada frecuencia, los padres luchan por comprender la causa de los s\u00edntomas persistentes y desconcertantes en su hijo.<\/p>\n<h2>Tipos de Lesiones de Nacimiento<\/h2>\n<p>Los tipos comunes de lesiones de nacimiento incluyen:<\/p>\n<ul>\n<li><a href=\"\/es\/negligencia-medica\/lesiones-de-nacimiento\/plexo-braquial\/\">Par\u00e1lisis braquial<\/a><\/li>\n<li><a href=\"\/es\/negligencia-medica\/lesiones-de-nacimiento\/paralisis-de-klumpke-y-erb\/\">Par\u00e1lisis de Klumpke y par\u00e1lisis de Erb<\/a><\/li>\n<li><a href=\"\/es\/negligencia-medica\/lesiones-de-nacimiento\/huesos-rotos\/\">Huesos rotos<\/a><\/li>\n<li><a href=\"\/es\/negligencia-medica\/lesiones-de-nacimiento\/nervios-craneales\/\">Nervios Craneales<\/a><\/li>\n<li>Lesiones cerebrales y nerviosas<\/li>\n<li>Cefalohematoma<\/li>\n<li><a href=\"\/es\/negligencia-medica\/lesiones-de-nacimiento\/paralisis-cerebral\/\">Par\u00e1lisis cerebral<\/a><\/li>\n<li><a href=\"\/es\/negligencia-medica\/lesiones-de-nacimiento\/lesiones-con-forceps\/\">Cortes y moretones dejados por f\u00f3rceps<\/a><\/li>\n<li>Par\u00e1lisis facial<\/li>\n<li>Hemorragia intracraneal<\/li>\n<li>Asfixia perinatal<\/li>\n<li>Distocia de hombros<\/li>\n<li><a href=\"\/es\/lesiones-de-la-medula-espinal\/\">Lesiones de la m\u00e9dula espinal<\/a><\/li>\n<li><a href=\"\/es\/negligencia-medica\/lesiones-de-nacimiento\/cordon-umbilical\/\">Lesiones del cord\u00f3n umbilical<\/a><\/li>\n<li><a href=\"\/es\/negligencia-medica\/lesiones-de-nacimiento\/extractores-de-vacio\/\">Lesi\u00f3n por extractor de vac\u00edo<\/a><\/li>\n<li><a href=\"\/es\/negligencia-medica\/lesiones-de-nacimiento\/nacimiento-injusto\/\">Nacimiento injusto<\/a><\/li>\n<li>Y m\u00e1s<\/li>\n<\/ul>\n<p><img decoding=\"async\" class=\"aligncenter size-full wp-image-32239\" src=\"\/wp-content\/uploads\/2021\/10\/Lesiones-de-Nacimiento-en-Chicago.jpg\" alt=\"Lesiones de Nacimiento en Chicago\" width=\"1000\" height=\"681\" srcset=\"https:\/\/chicagoinjurylawyer.net\/wp-content\/uploads\/2021\/10\/Lesiones-de-Nacimiento-en-Chicago.jpg 1000w, https:\/\/chicagoinjurylawyer.net\/wp-content\/uploads\/2021\/10\/Lesiones-de-Nacimiento-en-Chicago-300x204.jpg 300w, https:\/\/chicagoinjurylawyer.net\/wp-content\/uploads\/2021\/10\/Lesiones-de-Nacimiento-en-Chicago-768x523.jpg 768w\" sizes=\"(max-width: 1000px) 100vw, 1000px\" \/>Muchas lesiones de nacimiento son permanentes y requieren atenci\u00f3n adicional mucho m\u00e1s all\u00e1 de lo que la mayor\u00eda de las familias son capaces de brindar. Se estima que cada a\u00f1o ocurren 28,000 lesiones de nacimiento en los Estados Unidos. Si bien la atenci\u00f3n m\u00e9dica avanzada ha demostrado ser \u00fatil para reducir los factores de riesgo y la tasa de estas lesiones, no los ha eliminado por completo.<\/p>\n<p>Es probable que las familias que enfrentan el impedimento debilitante y de por vida de su hijo tengan dificultades. Los costos m\u00e9dicos por s\u00ed solos pueden dejar a una familia arruinada financieramente, y la angustia emocional y el estr\u00e9s pueden hacer que la situaci\u00f3n sea a\u00fan m\u00e1s dif\u00edcil. Todas estas son razones para contactar a los abogados de lesiones de nacimiento en Chicago ahora. Estamos de tu lado y lucharemos por ti.<\/p>\n<p>Ya sea que un ni\u00f1o tenga par\u00e1lisis cerebral, caput Successdaneum, da\u00f1o a los nervios, lesiones \u00f3seas por el uso de f\u00f3rceps o <a href=\"\/es\/lesiones-cerebrales-traumaticas\/\">da\u00f1o cerebral<\/a> debido a una lesi\u00f3n de nacimiento, las familias que enfrentan una crisis m\u00e9dica y financiera a menudo necesitan asesoramiento y asistencia legal. En Sexner Injury Lawyers LLC lo tomamos como algo personal. Podemos ayudar tanto a su hijo como a su familia a recibir la compensaci\u00f3n que se merece. Si su familia, o alguien que conoce, est\u00e1 lidiando con este problema, c<a href=\"\/es\/contactenos\/\">omun\u00edquese con nuestro experimentado equipo<\/a> de abogados de lesiones de nacimiento en Chicago ahora al <a href=\"tel:3122439922\">(312) 243-9922<\/a> para una consulta gratuita.<\/p>\n<h3>Par\u00e1lisis de Erb<\/h3>\n<p><img decoding=\"async\" class=\"alignright wp-image-32241\" src=\"\/wp-content\/uploads\/2021\/10\/Abogados-de-Lesiones-de-Nacimiento-300x200.jpg\" alt=\"Abogados de Lesiones de Nacimiento\" width=\"400\" height=\"267\" srcset=\"https:\/\/chicagoinjurylawyer.net\/wp-content\/uploads\/2021\/10\/Abogados-de-Lesiones-de-Nacimiento-300x200.jpg 300w, https:\/\/chicagoinjurylawyer.net\/wp-content\/uploads\/2021\/10\/Abogados-de-Lesiones-de-Nacimiento-768x512.jpg 768w, https:\/\/chicagoinjurylawyer.net\/wp-content\/uploads\/2021\/10\/Abogados-de-Lesiones-de-Nacimiento.jpg 1000w\" sizes=\"(max-width: 400px) 100vw, 400px\" \/>La par\u00e1lisis de Erb es una forma de par\u00e1lisis que ocurre en el brazo. Es causada por da\u00f1o a los nervios del grupo de nervios en la parte superior del brazo, incluida parte del plexo braquial. La par\u00e1lisis de Erb a menudo es causada por un proceso de parto dif\u00edcil y da\u00f1o en el brazo mientras el ni\u00f1o se mueve a trav\u00e9s del canal de parto. Aunque la causa suele ser este tipo de trauma de nacimiento, no se equivoquen: la par\u00e1lisis de Erb es muy a menudo un caso de negligencia m\u00e9dica. P\u00f3ngase en contacto con nuestro bufete de abogados de lesiones de nacimiento en Chicago hoy mismo para obtener una revisi\u00f3n gratuita y saber si tiene un caso.<\/p>\n<h3>Distocia de Hombros<\/h3>\n<p>La distocia de hombros ocurre cuando se obstruye el proceso de parto y el ni\u00f1o tiene problemas para atravesar el canal de parto. El hombro del ni\u00f1o no puede atravesar el canal incluso despu\u00e9s de que ha salido la cabeza. La distocia de hombros puede ser fatal, aunque no siempre es as\u00ed.<\/p>\n<h3>Asfixia Perinatal<\/h3>\n<p>La asfixia perinatal puede evitar que un beb\u00e9 reciba una cantidad adecuada de ox\u00edgeno durante un corto per\u00edodo de tiempo, ya sea durante o despu\u00e9s del nacimiento. Cuanto m\u00e1s tiempo pase el ni\u00f1o sin ox\u00edgeno, m\u00e1s grave ser\u00e1 el da\u00f1o cerebral. Esta falta de ox\u00edgeno tambi\u00e9n puede causar grandes da\u00f1os a otros \u00f3rganos y tejidos que dependen del ox\u00edgeno para funcionar correctamente. Cuando los m\u00e9dicos no controlan adecuadamente los signos vitales de un reci\u00e9n nacido, la posibilidad de asfixia perinatal aumenta significativamente. No se equivoque, esto es negligencia m\u00e9dica. Consulte a un bufete de abogados con experiencia en lesiones de nacimiento en Chicago para conocer sus opciones.<\/p>\n<h3>Hemorragia Intracraneal<\/h3>\n<p>Cuando se produce sangrado dentro del cr\u00e1neo de un paciente, se dice que el paciente sufre de hemorragia intracraneal. Si el cerebro se lesiona durante el parto, la sangre se acumular\u00e1 dentro del cr\u00e1neo y, si el sangrado no se detiene inmediatamente, puede ocurrir <a href=\"\/es\/muerte-injusta\/\">la muerte<\/a> o da\u00f1o cerebral permanente. Cuanto m\u00e1s tiempo permanezca la sangre dentro del cr\u00e1neo, se acumular\u00e1 m\u00e1s presi\u00f3n y se reducir\u00e1n los niveles de ox\u00edgeno. Las hemorragias intracraneales tambi\u00e9n hacen que mueran los nervios y las c\u00e9lulas cerebrales, lo que reduce el nivel de funcionamiento mental y f\u00edsico del ni\u00f1o en el futuro y posiblemente provoque da\u00f1os en los nervios.<\/p>\n<h3>Caput Succedaneum<\/h3>\n<p><img decoding=\"async\" class=\"alignright wp-image-32237\" src=\"\/wp-content\/uploads\/2021\/10\/Lesiones-de-Nacimiento-300x169.jpg\" alt=\"Lesiones de Nacimiento\" width=\"400\" height=\"225\" srcset=\"https:\/\/chicagoinjurylawyer.net\/wp-content\/uploads\/2021\/10\/Lesiones-de-Nacimiento-300x169.jpg 300w, https:\/\/chicagoinjurylawyer.net\/wp-content\/uploads\/2021\/10\/Lesiones-de-Nacimiento-768x432.jpg 768w, https:\/\/chicagoinjurylawyer.net\/wp-content\/uploads\/2021\/10\/Lesiones-de-Nacimiento.jpg 1000w\" sizes=\"(max-width: 400px) 100vw, 400px\" \/>Caput Successdaneum es una afecci\u00f3n en la que el ni\u00f1o sangra internamente debajo del cuero cabelludo. No se considera hemorragia interna \"tradicional\", porque la sangre se acumula por encima de la membrana que cubre el cuero cabelludo (el periostio). Caput Successdaneum es causado por la presi\u00f3n del cuero cabelludo del ni\u00f1o contra el cuello uterino durante el proceso de nacimiento. Esto tambi\u00e9n puede provocar da\u00f1o en el nervio facial, aunque es relativamente raro. P\u00f3ngase en contacto con nuestros abogados de lesiones de nacimiento en Chicago hoy mismo si cree que su hijo sufre de caput successdaneum.<\/p>\n<h3>Par\u00e1lisis Braquial<\/h3>\n<p>La par\u00e1lisis braquial es el resultado de lesiones en el plexo braquial. Un grupo de nervios en las manos y los brazos, el plexo braquial es una estructura que puede lesionarse f\u00e1cilmente si los m\u00e9dicos tienen dificultades para dar a luz el hombro de un reci\u00e9n nacido. Este tipo de lesi\u00f3n de nacimiento tambi\u00e9n puede resultar en fracturas de huesos. La mayor\u00eda de los beb\u00e9s se recuperan de la par\u00e1lisis braquial en unos pocos meses, pero su brazo puede sufrir da\u00f1os permanentes si se ha producido un da\u00f1o nervioso severo. Si este es el caso, debe comunicarse con los abogados de lesiones de nacimiento en Chicago de inmediato.<\/p>\n<h3>Cefalohematoma<\/h3>\n<p>El cefalohematoma es una afecci\u00f3n que causa sangrado debajo de los huesos del cr\u00e1neo. Com\u00fanmente resulta en una protuberancia elevada en la cabeza de un reci\u00e9n nacido y un posible da\u00f1o al nervio facial. El cuerpo a menudo reabsorbe esta sangre en el transcurso de unos meses. Si el cefalohematoma es severo, los vasos sangu\u00edneos rojos del reci\u00e9n nacido pueden deteriorarse y causar ictericia. Este tipo de trauma de nacimiento es grave.<\/p>\n<h3>Par\u00e1lisis Facial<\/h3>\n<p>Cuando se ejerce una gran cantidad de presi\u00f3n sobre la cara del reci\u00e9n nacido durante el proceso de nacimiento, los nervios faciales pueden da\u00f1arse permanentemente y provocar par\u00e1lisis. Los reci\u00e9n nacidos con esta afecci\u00f3n generalmente tienen dificultades para cerrar los ojos y mover la cara. Esta afecci\u00f3n generalmente mejorar\u00e1 en un mes o menos, pero puede provocar da\u00f1o permanente en los nervios en casos graves. Los f\u00f3rceps a menudo causan esta lesi\u00f3n, y si un nervio est\u00e1 completamente desgarrado, el reci\u00e9n nacido puede necesitar una cirug\u00eda extensa.<\/p>\n<img decoding=\"async\" class=\"aligncenter size-full wp-image-32243\" src=\"\/wp-content\/uploads\/2021\/10\/Abogados-de-Lesiones-de-Nacimiento-en-Chicago.jpg\" alt=\"Abogados de Lesiones de Nacimiento en Chicago\" width=\"1000\" height=\"667\" srcset=\"https:\/\/chicagoinjurylawyer.net\/wp-content\/uploads\/2021\/10\/Abogados-de-Lesiones-de-Nacimiento-en-Chicago.jpg 1000w, https:\/\/chicagoinjurylawyer.net\/wp-content\/uploads\/2021\/10\/Abogados-de-Lesiones-de-Nacimiento-en-Chicago-300x200.jpg 300w, https:\/\/chicagoinjurylawyer.net\/wp-content\/uploads\/2021\/10\/Abogados-de-Lesiones-de-Nacimiento-en-Chicago-768x512.jpg 768w\" sizes=\"(max-width: 1000px) 100vw, 1000px\" \/>\n<h2>Comun\u00edquese con Nuestros Abogados de Lesiones de Nacimiento en Chicago<\/h2>\n<p>Hable con nuestros abogados de negligencia m\u00e9dica en Chicago sobre su caso. Estamos aqu\u00ed para ayudar a aliviar la carga emocional que dej\u00f3 el trauma del nacimiento de su hijo. Tambi\u00e9n estamos aqu\u00ed para asegurarnos de que reciba justicia y la compensaci\u00f3n que se merece. Nuestro equipo de abogados de <a href=\"\/es\/\">lesiones<\/a> de nacimiento en Chicago tiene experiencia y dedicaci\u00f3n. Comun\u00edquese con Sexner Injury Lawyers LLC ahora al <a href=\"tel:3122439922\">(312) 243-9922<\/a>.<\/p>\n","protected":false},"excerpt":{"rendered":"<p>Abogados de Lesiones de Nacimiento en Chicago Las lesiones de nacimiento devastan a las familias. Meses despu\u00e9s del nacimiento de un ni\u00f1o, pueden aparecer s\u00edntomas de una lesi\u00f3n de nacimiento, dejando a los padres luchando por entender qu\u00e9 sucedi\u00f3. Los padres pronto pueden darse cuenta de que algo anda mal y pueden sospechar que un [&hellip;]<\/p>\n","protected":false},"author":1,"featured_media":0,"parent":7370,"menu_order":0,"comment_status":"closed","ping_status":"open","template":"","meta":{"_acf_changed":false,"footnotes":""},"class_list":["post-7394","page","type-page","status-publish","hentry"],"acf":[],"yoast_head":"<!-- This site is optimized with the Yoast SEO plugin v27.3 - https:\/\/yoast.com\/product\/yoast-seo-wordpress\/ -->\n<title>Chicago Abogados De Lesiones De Nacimiento - Sexner Injury Lawyers LLC<\/title>\n<meta name=\"description\" content=\"No deje que las acciones de otra persona afectan su capacidad de proteger y cuidar a su hijo. Ll\u00e1menos hoy para una consulta gratuita y sin compromiso, le explicaremos los detalles de su caso y trabajaremos en sus mejores opciones.\" \/>\n<meta name=\"robots\" content=\"index, follow, max-snippet:-1, max-image-preview:large, max-video-preview:-1\" \/>\n<link rel=\"canonical\" href=\"https:\/\/chicagoinjurylawyer.net\/es\/negligencia-medica\/lesiones-de-nacimiento\/\" \/>\n<meta property=\"og:locale\" content=\"es_ES\" \/>\n<meta property=\"og:type\" content=\"article\" \/>\n<meta property=\"og:title\" content=\"Chicago Abogados De Lesiones De Nacimiento - Sexner Injury Lawyers LLC\" \/>\n<meta property=\"og:description\" content=\"No deje que las acciones de otra persona afectan su capacidad de proteger y cuidar a su hijo. Ll\u00e1menos hoy para una consulta gratuita y sin compromiso, le explicaremos los detalles de su caso y trabajaremos en sus mejores opciones.\" \/>\n<meta property=\"og:url\" content=\"https:\/\/chicagoinjurylawyer.net\/es\/negligencia-medica\/lesiones-de-nacimiento\/\" \/>\n<meta property=\"og:site_name\" content=\"Sexner Injury Lawyers LLC\" \/>\n<meta property=\"article:modified_time\" content=\"2025-04-29T19:36:29+00:00\" \/>\n<meta name=\"twitter:card\" content=\"summary_large_image\" \/>\n<meta name=\"twitter:label1\" content=\"Tiempo de lectura\" \/>\n\t<meta name=\"twitter:data1\" content=\"7 minutos\" \/>\n<!-- \/ Yoast SEO plugin. -->","yoast_head_json":{"title":"Chicago Abogados De Lesiones De Nacimiento - Sexner Injury Lawyers LLC","description":"No deje que las acciones de otra persona afectan su capacidad de proteger y cuidar a su hijo. Ll\u00e1menos hoy para una consulta gratuita y sin compromiso, le explicaremos los detalles de su caso y trabajaremos en sus mejores opciones.","robots":{"index":"index","follow":"follow","max-snippet":"max-snippet:-1","max-image-preview":"max-image-preview:large","max-video-preview":"max-video-preview:-1"},"canonical":"https:\/\/chicagoinjurylawyer.net\/es\/negligencia-medica\/lesiones-de-nacimiento\/","og_locale":"es_ES","og_type":"article","og_title":"Chicago Abogados De Lesiones De Nacimiento - Sexner Injury Lawyers LLC","og_description":"No deje que las acciones de otra persona afectan su capacidad de proteger y cuidar a su hijo. Ll\u00e1menos hoy para una consulta gratuita y sin compromiso, le explicaremos los detalles de su caso y trabajaremos en sus mejores opciones.","og_url":"https:\/\/chicagoinjurylawyer.net\/es\/negligencia-medica\/lesiones-de-nacimiento\/","og_site_name":"Sexner Injury Lawyers LLC","article_modified_time":"2025-04-29T19:36:29+00:00","twitter_card":"summary_large_image","twitter_misc":{"Tiempo de lectura":"7 minutos"},"schema":{"@context":"https:\/\/schema.org","@graph":[{"@type":"WebPage","@id":"https:\/\/chicagoinjurylawyer.net\/es\/negligencia-medica\/lesiones-de-nacimiento\/","url":"https:\/\/chicagoinjurylawyer.net\/es\/negligencia-medica\/lesiones-de-nacimiento\/","name":"Chicago Abogados De Lesiones De Nacimiento - Sexner Injury Lawyers LLC","isPartOf":{"@id":"https:\/\/chicagoinjurylawyer.net\/es\/#website"},"datePublished":"2019-06-26T13:36:57+00:00","dateModified":"2025-04-29T19:36:29+00:00","description":"No deje que las acciones de otra persona afectan su capacidad de proteger y cuidar a su hijo. Ll\u00e1menos hoy para una consulta gratuita y sin compromiso, le explicaremos los detalles de su caso y trabajaremos en sus mejores opciones.","breadcrumb":{"@id":"https:\/\/chicagoinjurylawyer.net\/es\/negligencia-medica\/lesiones-de-nacimiento\/#breadcrumb"},"inLanguage":"es","potentialAction":[{"@type":"ReadAction","target":["https:\/\/chicagoinjurylawyer.net\/es\/negligencia-medica\/lesiones-de-nacimiento\/"]}]},{"@type":"BreadcrumbList","@id":"https:\/\/chicagoinjurylawyer.net\/es\/negligencia-medica\/lesiones-de-nacimiento\/#breadcrumb","itemListElement":[{"@type":"ListItem","position":1,"name":"Negligencia M\u00e9dica","item":"https:\/\/chicagoinjurylawyer.net\/es\/negligencia-medica\/"},{"@type":"ListItem","position":2,"name":"Lesiones De Nacimiento"}]},{"@type":"WebSite","@id":"https:\/\/chicagoinjurylawyer.net\/es\/#website","url":"https:\/\/chicagoinjurylawyer.net\/es\/","name":"Sexner Injury Lawyers LLC","description":"Chicago Personal Injury Attorneys","publisher":{"@id":"https:\/\/chicagoinjurylawyer.net\/es\/#organization"},"potentialAction":[{"@type":"SearchAction","target":{"@type":"EntryPoint","urlTemplate":"https:\/\/chicagoinjurylawyer.net\/es\/?s={search_term_string}"},"query-input":{"@type":"PropertyValueSpecification","valueRequired":true,"valueName":"search_term_string"}}],"inLanguage":"es"},{"@type":"Organization","@id":"https:\/\/chicagoinjurylawyer.net\/es\/#organization","name":"[firm-name]","url":"https:\/\/chicagoinjurylawyer.net\/es\/","logo":{"@type":"ImageObject","inLanguage":"es","@id":"https:\/\/chicagoinjurylawyer.net\/es\/#\/schema\/logo\/image\/","url":"https:\/\/chicagoinjurylawyer.net\/wp-content\/uploads\/2019\/06\/msx-logo-1.png","contentUrl":"https:\/\/chicagoinjurylawyer.net\/wp-content\/uploads\/2019\/06\/msx-logo-1.png","width":180,"height":83,"caption":"[firm-name]"},"image":{"@id":"https:\/\/chicagoinjurylawyer.net\/es\/#\/schema\/logo\/image\/"}}]}},"_links":{"self":[{"href":"https:\/\/chicagoinjurylawyer.net\/es\/wp-json\/wp\/v2\/pages\/7394","targetHints":{"allow":["GET"]}}],"collection":[{"href":"https:\/\/chicagoinjurylawyer.net\/es\/wp-json\/wp\/v2\/pages"}],"about":[{"href":"https:\/\/chicagoinjurylawyer.net\/es\/wp-json\/wp\/v2\/types\/page"}],"author":[{"embeddable":true,"href":"https:\/\/chicagoinjurylawyer.net\/es\/wp-json\/wp\/v2\/users\/1"}],"replies":[{"embeddable":true,"href":"https:\/\/chicagoinjurylawyer.net\/es\/wp-json\/wp\/v2\/comments?post=7394"}],"version-history":[{"count":22,"href":"https:\/\/chicagoinjurylawyer.net\/es\/wp-json\/wp\/v2\/pages\/7394\/revisions"}],"predecessor-version":[{"id":34265,"href":"https:\/\/chicagoinjurylawyer.net\/es\/wp-json\/wp\/v2\/pages\/7394\/revisions\/34265"}],"up":[{"embeddable":true,"href":"https:\/\/chicagoinjurylawyer.net\/es\/wp-json\/wp\/v2\/pages\/7370"}],"wp:attachment":[{"href":"https:\/\/chicagoinjurylawyer.net\/es\/wp-json\/wp\/v2\/media?parent=7394"}],"curies":[{"name":"wp","href":"https:\/\/api.w.org\/{rel}","templated":true}]}}