{"id":7401,"date":"2019-06-26T13:43:29","date_gmt":"2019-06-26T13:43:29","guid":{"rendered":"http:\/\/104.197.86.120\/?page_id=7401"},"modified":"2021-12-07T15:12:29","modified_gmt":"2021-12-07T21:12:29","slug":"errores-de-transfusion-de-sangre","status":"publish","type":"page","link":"https:\/\/chicagoinjurylawyer.net\/es\/negligencia-medica\/errores-de-transfusion-de-sangre\/","title":{"rendered":"Errores De Transfusi\u00f3n De Sangre"},"content":{"rendered":"<h1>Abogado de Negligencia M\u00e9dica<\/h1>\n<h2>Errores de Transfusi\u00f3n de Sangre<\/h2>\n<p><img decoding=\"async\" class=\"size-medium wp-image-7403 alignright\" src=\"\/wp-content\/uploads\/2019\/06\/Blood-Transfusion-Errors-300x200.jpg\" alt=\"Blood bag\" width=\"300\" height=\"200\" \/>Las transfusiones de sangre son una parte integral de la medicina moderna usado para salvar muchas vidas todos los d\u00edas. En caso de p\u00e9rdida de sangre significativa, una transfusi\u00f3n puede ser la diferencia entre la vida y la muerte. Al igual que con cualquier otro procedimiento m\u00e9dico, recibir una transfusi\u00f3n de sangre conlleva riesgos y requiere el trabajo de un profesional m\u00e9dico cualificado para hacerlas bien. Cuando hay alg\u00fan error con una transfusi\u00f3n de sangre, que podr\u00e1 poner a fin a la vida del paciente en lugar de salvarlo.<\/p>\n<p>Los errores m\u00e1s comunes van desde dar el tipo de sangre equivocado realizar la transfusi\u00f3n de forma incorrecta o hasta usar la sangre contaminada. Los profesionales sanitarios deben estar al tanto cuando es necesaria una transfusi\u00f3n, y la forma de preparar y administrar de manera segura.<\/p>\n<p>Algunas de las consecuencias m\u00e1s comunes de un error de la transfusi\u00f3n de sangre son los siguientes:<\/p>\n<ul>\n<li>Infecci\u00f3n<\/li>\n<li>Calentura\/ Fiebre<\/li>\n<li>Reacciones al\u00e9rgicas<\/li>\n<li>Sobrecarga de l\u00edquidos<\/li>\n<li>Lesi\u00f3n en los pulmones<\/li>\n<li>Reacci\u00f3n a la transfusi\u00f3n hemol\u00edtica aguda, en la que el sistema inmunol\u00f3gico del paciente ataca a las nuevas c\u00e9lulas rojas de la sangre<\/li>\n<\/ul>\n<p>La mayor\u00eda de estos efectos son tratables y el paciente tendr\u00eda una recuperaci\u00f3n completa. Sin embargo, hay situaciones en las que el cuerpo del paciente se siente abrumado, requiriendo un tratamiento significativo. En raros casos, incluso es posible que el paciente puede morir como resultado.<\/p>\n<p>Si usted ha sido v\u00edctima de <a href=\"\/es\/negligencia-medica\/\">negligencia m\u00e9dica<\/a> como resultado de un error de la transfusi\u00f3n de sangre, podemos ayudarle a mantener a los culpables responsables por sus acciones. <a href=\"\/es\/contactenos\/\">Ll\u00e1menos hoy<\/a> mismo y nosotros le proveeremos una evaluaci\u00f3n-gratuita a menos que ganemos su caso. Pongamos nuestra representaci\u00f3n de estilo agresivo a\u00fan compasivo a trabajar para usted.<\/p>\n","protected":false},"excerpt":{"rendered":"<p>Abogado de Negligencia M\u00e9dica Errores de Transfusi\u00f3n de Sangre Las transfusiones de sangre son una parte integral de la medicina moderna usado para salvar muchas vidas todos los d\u00edas. En caso de p\u00e9rdida de sangre significativa, una transfusi\u00f3n puede ser la diferencia entre la vida y la muerte. Al igual que con cualquier otro procedimiento [&hellip;]<\/p>\n","protected":false},"author":1,"featured_media":0,"parent":7370,"menu_order":0,"comment_status":"closed","ping_status":"open","template":"","meta":{"_acf_changed":false,"footnotes":""},"class_list":["post-7401","page","type-page","status-publish","hentry"],"acf":[],"yoast_head":"<!-- This site is optimized with the Yoast SEO plugin v27.4 - https:\/\/yoast.com\/product\/yoast-seo-wordpress\/ -->\n<title>Abogados de Negligencia M\u00e9dica en Chicago - Sexner Injury Lawyers LLC<\/title>\n<meta name=\"description\" content=\"Ll\u00e1menos hoy mismo y nosotros le proveeremos una evaluaci\u00f3n-gratuita a menos que ganemos su caso. Pongamos nuestra representaci\u00f3n de estilo agresivo a\u00fan compasivo a trabajar para usted.\" \/>\n<meta name=\"robots\" content=\"index, follow, max-snippet:-1, max-image-preview:large, max-video-preview:-1\" \/>\n<link rel=\"canonical\" href=\"https:\/\/chicagoinjurylawyer.net\/es\/negligencia-medica\/errores-de-transfusion-de-sangre\/\" \/>\n<meta property=\"og:locale\" content=\"es_ES\" \/>\n<meta property=\"og:type\" content=\"article\" \/>\n<meta property=\"og:title\" content=\"Abogados de Negligencia M\u00e9dica en Chicago - Sexner Injury Lawyers LLC\" \/>\n<meta property=\"og:description\" content=\"Ll\u00e1menos hoy mismo y nosotros le proveeremos una evaluaci\u00f3n-gratuita a menos que ganemos su caso. Pongamos nuestra representaci\u00f3n de estilo agresivo a\u00fan compasivo a trabajar para usted.\" \/>\n<meta property=\"og:url\" content=\"https:\/\/chicagoinjurylawyer.net\/es\/negligencia-medica\/errores-de-transfusion-de-sangre\/\" \/>\n<meta property=\"og:site_name\" content=\"Sexner Injury Lawyers LLC\" \/>\n<meta property=\"article:modified_time\" content=\"2021-12-07T21:12:29+00:00\" \/>\n<meta property=\"og:image\" content=\"https:\/\/chicagoinjurylawyer.net\/wp-content\/uploads\/2019\/06\/Blood-Transfusion-Errors-300x200.jpg\" \/>\n<meta name=\"twitter:card\" content=\"summary_large_image\" \/>\n<meta name=\"twitter:label1\" content=\"Tiempo de lectura\" \/>\n\t<meta name=\"twitter:data1\" content=\"2 minutos\" \/>\n<!-- \/ Yoast SEO plugin. -->","yoast_head_json":{"title":"Abogados de Negligencia M\u00e9dica en Chicago - Sexner Injury Lawyers LLC","description":"Ll\u00e1menos hoy mismo y nosotros le proveeremos una evaluaci\u00f3n-gratuita a menos que ganemos su caso. Pongamos nuestra representaci\u00f3n de estilo agresivo a\u00fan compasivo a trabajar para usted.","robots":{"index":"index","follow":"follow","max-snippet":"max-snippet:-1","max-image-preview":"max-image-preview:large","max-video-preview":"max-video-preview:-1"},"canonical":"https:\/\/chicagoinjurylawyer.net\/es\/negligencia-medica\/errores-de-transfusion-de-sangre\/","og_locale":"es_ES","og_type":"article","og_title":"Abogados de Negligencia M\u00e9dica en Chicago - Sexner Injury Lawyers LLC","og_description":"Ll\u00e1menos hoy mismo y nosotros le proveeremos una evaluaci\u00f3n-gratuita a menos que ganemos su caso. Pongamos nuestra representaci\u00f3n de estilo agresivo a\u00fan compasivo a trabajar para usted.","og_url":"https:\/\/chicagoinjurylawyer.net\/es\/negligencia-medica\/errores-de-transfusion-de-sangre\/","og_site_name":"Sexner Injury Lawyers LLC","article_modified_time":"2021-12-07T21:12:29+00:00","og_image":[{"url":"https:\/\/chicagoinjurylawyer.net\/wp-content\/uploads\/2019\/06\/Blood-Transfusion-Errors-300x200.jpg","type":"","width":"","height":""}],"twitter_card":"summary_large_image","twitter_misc":{"Tiempo de lectura":"2 minutos"},"schema":{"@context":"https:\/\/schema.org","@graph":[{"@type":"WebPage","@id":"https:\/\/chicagoinjurylawyer.net\/es\/negligencia-medica\/errores-de-transfusion-de-sangre\/","url":"https:\/\/chicagoinjurylawyer.net\/es\/negligencia-medica\/errores-de-transfusion-de-sangre\/","name":"Abogados de Negligencia M\u00e9dica en Chicago - Sexner Injury Lawyers LLC","isPartOf":{"@id":"https:\/\/chicagoinjurylawyer.net\/es\/#website"},"datePublished":"2019-06-26T13:43:29+00:00","dateModified":"2021-12-07T21:12:29+00:00","description":"Ll\u00e1menos hoy mismo y nosotros le proveeremos una evaluaci\u00f3n-gratuita a menos que ganemos su caso. Pongamos nuestra representaci\u00f3n de estilo agresivo a\u00fan compasivo a trabajar para usted.","breadcrumb":{"@id":"https:\/\/chicagoinjurylawyer.net\/es\/negligencia-medica\/errores-de-transfusion-de-sangre\/#breadcrumb"},"inLanguage":"es","potentialAction":[{"@type":"ReadAction","target":["https:\/\/chicagoinjurylawyer.net\/es\/negligencia-medica\/errores-de-transfusion-de-sangre\/"]}]},{"@type":"BreadcrumbList","@id":"https:\/\/chicagoinjurylawyer.net\/es\/negligencia-medica\/errores-de-transfusion-de-sangre\/#breadcrumb","itemListElement":[{"@type":"ListItem","position":1,"name":"Negligencia M\u00e9dica","item":"https:\/\/chicagoinjurylawyer.net\/es\/negligencia-medica\/"},{"@type":"ListItem","position":2,"name":"Errores De Transfusi\u00f3n De Sangre"}]},{"@type":"WebSite","@id":"https:\/\/chicagoinjurylawyer.net\/es\/#website","url":"https:\/\/chicagoinjurylawyer.net\/es\/","name":"Sexner Injury Lawyers LLC","description":"Chicago Personal Injury Attorneys","publisher":{"@id":"https:\/\/chicagoinjurylawyer.net\/es\/#organization"},"potentialAction":[{"@type":"SearchAction","target":{"@type":"EntryPoint","urlTemplate":"https:\/\/chicagoinjurylawyer.net\/es\/?s={search_term_string}"},"query-input":{"@type":"PropertyValueSpecification","valueRequired":true,"valueName":"search_term_string"}}],"inLanguage":"es"},{"@type":"Organization","@id":"https:\/\/chicagoinjurylawyer.net\/es\/#organization","name":"[firm-name]","url":"https:\/\/chicagoinjurylawyer.net\/es\/","logo":{"@type":"ImageObject","inLanguage":"es","@id":"https:\/\/chicagoinjurylawyer.net\/es\/#\/schema\/logo\/image\/","url":"https:\/\/chicagoinjurylawyer.net\/wp-content\/uploads\/2019\/06\/msx-logo-1.png","contentUrl":"https:\/\/chicagoinjurylawyer.net\/wp-content\/uploads\/2019\/06\/msx-logo-1.png","width":180,"height":83,"caption":"[firm-name]"},"image":{"@id":"https:\/\/chicagoinjurylawyer.net\/es\/#\/schema\/logo\/image\/"}}]}},"_links":{"self":[{"href":"https:\/\/chicagoinjurylawyer.net\/es\/wp-json\/wp\/v2\/pages\/7401","targetHints":{"allow":["GET"]}}],"collection":[{"href":"https:\/\/chicagoinjurylawyer.net\/es\/wp-json\/wp\/v2\/pages"}],"about":[{"href":"https:\/\/chicagoinjurylawyer.net\/es\/wp-json\/wp\/v2\/types\/page"}],"author":[{"embeddable":true,"href":"https:\/\/chicagoinjurylawyer.net\/es\/wp-json\/wp\/v2\/users\/1"}],"replies":[{"embeddable":true,"href":"https:\/\/chicagoinjurylawyer.net\/es\/wp-json\/wp\/v2\/comments?post=7401"}],"version-history":[{"count":5,"href":"https:\/\/chicagoinjurylawyer.net\/es\/wp-json\/wp\/v2\/pages\/7401\/revisions"}],"predecessor-version":[{"id":32679,"href":"https:\/\/chicagoinjurylawyer.net\/es\/wp-json\/wp\/v2\/pages\/7401\/revisions\/32679"}],"up":[{"embeddable":true,"href":"https:\/\/chicagoinjurylawyer.net\/es\/wp-json\/wp\/v2\/pages\/7370"}],"wp:attachment":[{"href":"https:\/\/chicagoinjurylawyer.net\/es\/wp-json\/wp\/v2\/media?parent=7401"}],"curies":[{"name":"wp","href":"https:\/\/api.w.org\/{rel}","templated":true}]}}