{"id":7419,"date":"2019-06-26T14:01:04","date_gmt":"2019-06-26T14:01:04","guid":{"rendered":"http:\/\/104.197.86.120\/?page_id=7419"},"modified":"2021-12-06T14:42:22","modified_gmt":"2021-12-06T20:42:22","slug":"errores-sobre-implantes-de-seno","status":"publish","type":"page","link":"https:\/\/chicagoinjurylawyer.net\/es\/negligencia-medica\/errores-sobre-implantes-de-seno\/","title":{"rendered":"Errores Sobre Implantes De Seno"},"content":{"rendered":"<h1>Abogados de Errores Sobre Implantes De Seno en Chicago<\/h1>\n<p><img decoding=\"async\" class=\"size-medium wp-image-7420 alignright\" src=\"\/wp-content\/uploads\/2019\/06\/Breast-Implant-Malpractice-300x200.jpg\" alt=\"Breast Graph\" width=\"300\" height=\"200\" \/>La cirug\u00eda pl\u00e1stica y est\u00e9tica se ha convertido en algo muy com\u00fan en la sociedad actual, ya sea por uso personal o por fines de reconstrucci\u00f3n despu\u00e9s de una enfermedad como el c\u00e1ncer de mama. Una de las cirug\u00edas m\u00e1s populares implica implantes mamarios. Seg\u00fan la Sociedad Americana de Cirujanos Pl\u00e1sticos, habr\u00eda m\u00e1s de 286,000 procedimientos de aumento de pecho en el 2012, y m\u00e1s de 100,000 procedimientos reconstructivos.<\/p>\n<p>La cirug\u00eda pl\u00e1stica es como cualquier otro tipo de cirug\u00eda en la que el cirujano debe ser muy h\u00e1bil y atento a los detalles con el fin de realizar la operaci\u00f3n correcta y seguramente. Sin embargo, con los implantes de mama, existe el riesgo a\u00f1adido de que incluso si la operaci\u00f3n se realiza correctamente, el propio implante puede estar defectuoso. Independientemente de si se comete un error durante la cirug\u00eda o si el producto implantado es defectuoso, el bienestar f\u00edsico y emocional del paciente podr\u00eda ser impactado.<\/p>\n<p>Los implantes mamarios son generalmente hechas de silicona o soluci\u00f3n salina, y las lesiones m\u00e1s comunes asociadas a ellos son los siguientes:<\/p>\n<ul>\n<li>Rotura y fugas de silicona en el cuerpo puede conducir a los ganglios linf\u00e1ticos y lesiones pulmonares e incluso enfermedades cr\u00f3nicas si no se tratan<\/li>\n<li>La ruptura y la deflaci\u00f3n de los implantes rellenos de soluci\u00f3n salina, rara vez plantea riesgos adicionales para la salud, pero podr\u00edan requerir al menos una cirug\u00eda adicional para retirar el implante defectuoso<\/li>\n<li>La contractura capsular, ocurre cuando el sistema inmunol\u00f3gico de un paciente trata de protegerse en contra de algo que no es biol\u00f3gicamente reconocido<\/li>\n<\/ul>\n<p>Aparte de los graves efectos sobre el bienestar f\u00edsico del paciente, una cirug\u00eda de implante fallido podr\u00eda afectar el autoestima y la imagen de la mujer, especialmente en los casos de desfiguraci\u00f3n permanente. Esto es especialmente lamentable porque una cirug\u00eda que se supone que mejorar\u00eda la calidad de vida de una mujer, har\u00eda todo lo contrario.<\/p>\n<p>Si usted o un ser querido ha sido severamente da\u00f1ado como consecuencia de un fallido aumento, reducci\u00f3n o reconstrucci\u00f3n de senos, <a href=\"\/es\/contactenos\/\">ll\u00e1menos hoy<\/a> para una consulta gratuita y sin compromiso sobre sus derechos. Contamos con una red de abogados con experiencia en negligencia m\u00e9dica que manejan los casos de cirug\u00eda pl\u00e1stica y est\u00e9tica. Pondremos nuestro estilo de representaci\u00f3n agresivo a\u00fan compasivo a trabajar para usted.<\/p>\n","protected":false},"excerpt":{"rendered":"<p>Abogados de Errores Sobre Implantes De Seno en Chicago La cirug\u00eda pl\u00e1stica y est\u00e9tica se ha convertido en algo muy com\u00fan en la sociedad actual, ya sea por uso personal o por fines de reconstrucci\u00f3n despu\u00e9s de una enfermedad como el c\u00e1ncer de mama. Una de las cirug\u00edas m\u00e1s populares implica implantes mamarios. Seg\u00fan la [&hellip;]<\/p>\n","protected":false},"author":1,"featured_media":0,"parent":7370,"menu_order":0,"comment_status":"closed","ping_status":"open","template":"","meta":{"_acf_changed":false,"footnotes":""},"class_list":["post-7419","page","type-page","status-publish","hentry"],"acf":[],"yoast_head":"<!-- This site is optimized with the Yoast SEO plugin v27.4 - https:\/\/yoast.com\/product\/yoast-seo-wordpress\/ -->\n<title>Abogados de Errores Sobre Implantes De Seno en Chicago - Sexner Injury Lawyers LLC<\/title>\n<meta name=\"description\" content=\"Contamos con una red de abogados con experiencia en negligencia m\u00e9dica que manejan los casos de cirug\u00eda pl\u00e1stica y est\u00e9tica. Pondremos nuestro estilo de representaci\u00f3n agresivo a\u00fan compasivo a trabajar para usted.\" \/>\n<meta name=\"robots\" content=\"index, follow, max-snippet:-1, max-image-preview:large, max-video-preview:-1\" \/>\n<link rel=\"canonical\" href=\"https:\/\/chicagoinjurylawyer.net\/es\/negligencia-medica\/errores-sobre-implantes-de-seno\/\" \/>\n<meta property=\"og:locale\" content=\"es_ES\" \/>\n<meta property=\"og:type\" content=\"article\" \/>\n<meta property=\"og:title\" content=\"Abogados de Errores Sobre Implantes De Seno en Chicago - Sexner Injury Lawyers LLC\" \/>\n<meta property=\"og:description\" content=\"Contamos con una red de abogados con experiencia en negligencia m\u00e9dica que manejan los casos de cirug\u00eda pl\u00e1stica y est\u00e9tica. Pondremos nuestro estilo de representaci\u00f3n agresivo a\u00fan compasivo a trabajar para usted.\" \/>\n<meta property=\"og:url\" content=\"https:\/\/chicagoinjurylawyer.net\/es\/negligencia-medica\/errores-sobre-implantes-de-seno\/\" \/>\n<meta property=\"og:site_name\" content=\"Sexner Injury Lawyers LLC\" \/>\n<meta property=\"article:modified_time\" content=\"2021-12-06T20:42:22+00:00\" \/>\n<meta property=\"og:image\" content=\"https:\/\/chicagoinjurylawyer.net\/wp-content\/uploads\/2019\/06\/Breast-Implant-Malpractice-300x200.jpg\" \/>\n<meta name=\"twitter:card\" content=\"summary_large_image\" \/>\n<meta name=\"twitter:label1\" content=\"Tiempo de lectura\" \/>\n\t<meta name=\"twitter:data1\" content=\"2 minutos\" \/>\n<!-- \/ Yoast SEO plugin. -->","yoast_head_json":{"title":"Abogados de Errores Sobre Implantes De Seno en Chicago - Sexner Injury Lawyers LLC","description":"Contamos con una red de abogados con experiencia en negligencia m\u00e9dica que manejan los casos de cirug\u00eda pl\u00e1stica y est\u00e9tica. Pondremos nuestro estilo de representaci\u00f3n agresivo a\u00fan compasivo a trabajar para usted.","robots":{"index":"index","follow":"follow","max-snippet":"max-snippet:-1","max-image-preview":"max-image-preview:large","max-video-preview":"max-video-preview:-1"},"canonical":"https:\/\/chicagoinjurylawyer.net\/es\/negligencia-medica\/errores-sobre-implantes-de-seno\/","og_locale":"es_ES","og_type":"article","og_title":"Abogados de Errores Sobre Implantes De Seno en Chicago - Sexner Injury Lawyers LLC","og_description":"Contamos con una red de abogados con experiencia en negligencia m\u00e9dica que manejan los casos de cirug\u00eda pl\u00e1stica y est\u00e9tica. Pondremos nuestro estilo de representaci\u00f3n agresivo a\u00fan compasivo a trabajar para usted.","og_url":"https:\/\/chicagoinjurylawyer.net\/es\/negligencia-medica\/errores-sobre-implantes-de-seno\/","og_site_name":"Sexner Injury Lawyers LLC","article_modified_time":"2021-12-06T20:42:22+00:00","og_image":[{"url":"https:\/\/chicagoinjurylawyer.net\/wp-content\/uploads\/2019\/06\/Breast-Implant-Malpractice-300x200.jpg","type":"","width":"","height":""}],"twitter_card":"summary_large_image","twitter_misc":{"Tiempo de lectura":"2 minutos"},"schema":{"@context":"https:\/\/schema.org","@graph":[{"@type":"WebPage","@id":"https:\/\/chicagoinjurylawyer.net\/es\/negligencia-medica\/errores-sobre-implantes-de-seno\/","url":"https:\/\/chicagoinjurylawyer.net\/es\/negligencia-medica\/errores-sobre-implantes-de-seno\/","name":"Abogados de Errores Sobre Implantes De Seno en Chicago - Sexner Injury Lawyers LLC","isPartOf":{"@id":"https:\/\/chicagoinjurylawyer.net\/es\/#website"},"datePublished":"2019-06-26T14:01:04+00:00","dateModified":"2021-12-06T20:42:22+00:00","description":"Contamos con una red de abogados con experiencia en negligencia m\u00e9dica que manejan los casos de cirug\u00eda pl\u00e1stica y est\u00e9tica. Pondremos nuestro estilo de representaci\u00f3n agresivo a\u00fan compasivo a trabajar para usted.","breadcrumb":{"@id":"https:\/\/chicagoinjurylawyer.net\/es\/negligencia-medica\/errores-sobre-implantes-de-seno\/#breadcrumb"},"inLanguage":"es","potentialAction":[{"@type":"ReadAction","target":["https:\/\/chicagoinjurylawyer.net\/es\/negligencia-medica\/errores-sobre-implantes-de-seno\/"]}]},{"@type":"BreadcrumbList","@id":"https:\/\/chicagoinjurylawyer.net\/es\/negligencia-medica\/errores-sobre-implantes-de-seno\/#breadcrumb","itemListElement":[{"@type":"ListItem","position":1,"name":"Negligencia M\u00e9dica","item":"https:\/\/chicagoinjurylawyer.net\/es\/negligencia-medica\/"},{"@type":"ListItem","position":2,"name":"Errores Sobre Implantes De Seno"}]},{"@type":"WebSite","@id":"https:\/\/chicagoinjurylawyer.net\/es\/#website","url":"https:\/\/chicagoinjurylawyer.net\/es\/","name":"Sexner Injury Lawyers LLC","description":"Chicago Personal Injury Attorneys","publisher":{"@id":"https:\/\/chicagoinjurylawyer.net\/es\/#organization"},"potentialAction":[{"@type":"SearchAction","target":{"@type":"EntryPoint","urlTemplate":"https:\/\/chicagoinjurylawyer.net\/es\/?s={search_term_string}"},"query-input":{"@type":"PropertyValueSpecification","valueRequired":true,"valueName":"search_term_string"}}],"inLanguage":"es"},{"@type":"Organization","@id":"https:\/\/chicagoinjurylawyer.net\/es\/#organization","name":"[firm-name]","url":"https:\/\/chicagoinjurylawyer.net\/es\/","logo":{"@type":"ImageObject","inLanguage":"es","@id":"https:\/\/chicagoinjurylawyer.net\/es\/#\/schema\/logo\/image\/","url":"https:\/\/chicagoinjurylawyer.net\/wp-content\/uploads\/2019\/06\/msx-logo-1.png","contentUrl":"https:\/\/chicagoinjurylawyer.net\/wp-content\/uploads\/2019\/06\/msx-logo-1.png","width":180,"height":83,"caption":"[firm-name]"},"image":{"@id":"https:\/\/chicagoinjurylawyer.net\/es\/#\/schema\/logo\/image\/"}}]}},"_links":{"self":[{"href":"https:\/\/chicagoinjurylawyer.net\/es\/wp-json\/wp\/v2\/pages\/7419","targetHints":{"allow":["GET"]}}],"collection":[{"href":"https:\/\/chicagoinjurylawyer.net\/es\/wp-json\/wp\/v2\/pages"}],"about":[{"href":"https:\/\/chicagoinjurylawyer.net\/es\/wp-json\/wp\/v2\/types\/page"}],"author":[{"embeddable":true,"href":"https:\/\/chicagoinjurylawyer.net\/es\/wp-json\/wp\/v2\/users\/1"}],"replies":[{"embeddable":true,"href":"https:\/\/chicagoinjurylawyer.net\/es\/wp-json\/wp\/v2\/comments?post=7419"}],"version-history":[{"count":2,"href":"https:\/\/chicagoinjurylawyer.net\/es\/wp-json\/wp\/v2\/pages\/7419\/revisions"}],"predecessor-version":[{"id":28132,"href":"https:\/\/chicagoinjurylawyer.net\/es\/wp-json\/wp\/v2\/pages\/7419\/revisions\/28132"}],"up":[{"embeddable":true,"href":"https:\/\/chicagoinjurylawyer.net\/es\/wp-json\/wp\/v2\/pages\/7370"}],"wp:attachment":[{"href":"https:\/\/chicagoinjurylawyer.net\/es\/wp-json\/wp\/v2\/media?parent=7419"}],"curies":[{"name":"wp","href":"https:\/\/api.w.org\/{rel}","templated":true}]}}