{"id":7423,"date":"2019-06-26T14:03:53","date_gmt":"2019-06-26T14:03:53","guid":{"rendered":"http:\/\/104.197.86.120\/?page_id=7423"},"modified":"2021-12-07T15:09:50","modified_gmt":"2021-12-07T21:09:50","slug":"errores-de-cirugia-estetica-y-paclastica","status":"publish","type":"page","link":"https:\/\/chicagoinjurylawyer.net\/es\/negligencia-medica\/errores-de-cirugia-estetica-y-paclastica\/","title":{"rendered":"Errores De Cirug\u00eda Est\u00e9tica Y Pacl\u00e1stica"},"content":{"rendered":"<h1>Abogados de Errores de Cirug\u00eda Est\u00e9tica y Pl\u00e1stica en Chicago<\/h1>\n<p><img decoding=\"async\" class=\"size-medium wp-image-7424 alignright\" src=\"\/wp-content\/uploads\/2019\/06\/Cosmetic-and-Plastic-Surgery-Mistakes-300x200.jpg\" alt=\"Plastic Surgery \" width=\"300\" height=\"200\" \/>Hoy en d\u00eda en los Estados Unidos, la cirug\u00eda pl\u00e1stica es cada vez m\u00e1s com\u00fan. Seg\u00fan la Sociedad Americana de Cirujanos Pl\u00e1sticos, en el 2012 habr\u00eda 14,6 millones de procedimientos cosm\u00e9ticos realizados, 5,6 millones de los cuales eran reconstructivos. Esto hace que la cirug\u00eda pl\u00e1stica y est\u00e9tica sea un negocio potencialmente lucrativo para los m\u00e9dicos. Aunque la mayor\u00eda de los cirujanos, enfermeras y personal quir\u00fargico que participan en estos procedimientos y tratamientos mantienen \u00e9tica, son responsables, y altamente capacitados, a\u00fan podr\u00edan cometer errores. Cuando esos errores surgen por la falta de cuidado o negligencia, podr\u00eda constituir a un caso <a href=\"\/es\/negligencia-medica\/\">negligencia m\u00e9dica<\/a>.<\/p>\n<p>Mucha gente piensa en la cirug\u00eda pl\u00e1stica como una manera f\u00e1cil, segura y eficaz para mejorar f\u00edsica y emocionalmente sus vidas. Sin embargo, como cualquier cirug\u00eda tiene riesgos significativos. Incluso los procedimientos de menor importancia tales como Botox pueden ser peligrosos si se hacen de forma incorrecta o descuidada, tal como utilizar equipos que no est\u00e9n esterilizados. Los procedimientos m\u00e1s comunes que se realizan cada a\u00f1o (cada uno con efectos secundarios potencialmente graves y\/o complicaciones) son los siguientes:<\/p>\n<ul>\n<li>Aumento de senos<\/li>\n<li>Remodelaci\u00f3n de la nariz<\/li>\n<li>Cirug\u00eda de p\u00e1rpados<\/li>\n<li>Liposucci\u00f3n<\/li>\n<li>Levantamiento Facial<\/li>\n<\/ul>\n<p>En cualquier tipo de cirug\u00eda pl\u00e1stica, est\u00e9tica o reconstructiva, los cirujanos y su personal deben estar debidamente capacitados, atentos y ser competentes. Ellos deben ser meticuloso antes, durante y despu\u00e9s de cada cirug\u00eda, sin excepci\u00f3n alguna. Desafortunadamente, este no siempre es el caso resultando con pacientes que son v\u00edctimas de negligencia m\u00e9dica.<\/p>\n<p>Si usted o un ser querido ha sido v\u00edctima de negligencia por cirug\u00eda est\u00e9tica, el equipo legal de <a href=\"\/es\/\">Sexner Injury Lawyers LLC<\/a> puede ayudarle a proteger sus derechos. Entendemos que el dolor y el sufrimiento podr\u00edan ser permanente, por eso mismo le ayudaremos a mantener la parte culpable responsable. Nuestra red de abogados de negligencia m\u00e9dica tiene el conocimiento y la experiencia necesaria en este tipo de casos. <a href=\"\/es\/contactenos\/\">Llame hoy<\/a> para una consulta gratis para revisar a fondo su caso y poder explicarle sus opciones. No hay ninguna obligaci\u00f3n, no cargos a menos que tengamos \u00e9xito en su nombre.<\/p>\n","protected":false},"excerpt":{"rendered":"<p>Abogados de Errores de Cirug\u00eda Est\u00e9tica y Pl\u00e1stica en Chicago Hoy en d\u00eda en los Estados Unidos, la cirug\u00eda pl\u00e1stica es cada vez m\u00e1s com\u00fan. Seg\u00fan la Sociedad Americana de Cirujanos Pl\u00e1sticos, en el 2012 habr\u00eda 14,6 millones de procedimientos cosm\u00e9ticos realizados, 5,6 millones de los cuales eran reconstructivos. Esto hace que la cirug\u00eda pl\u00e1stica [&hellip;]<\/p>\n","protected":false},"author":1,"featured_media":0,"parent":7370,"menu_order":0,"comment_status":"closed","ping_status":"open","template":"","meta":{"_acf_changed":false,"footnotes":""},"class_list":["post-7423","page","type-page","status-publish","hentry"],"acf":[],"yoast_head":"<!-- This site is optimized with the Yoast SEO plugin v27.4 - https:\/\/yoast.com\/product\/yoast-seo-wordpress\/ -->\n<title>Abogado de Errores de Cirug\u00eda Est\u00e9tica y Pl\u00e1stica en Chicago - Sexner Injury Lawyers LLC<\/title>\n<meta name=\"description\" content=\"En cualquier tipo de cirug\u00eda pl\u00e1stica, est\u00e9tica o reconstructiva, los cirujanos y su personal deben estar debidamente capacitados, atentos y ser competentes.\" \/>\n<meta name=\"robots\" content=\"index, follow, max-snippet:-1, max-image-preview:large, max-video-preview:-1\" \/>\n<link rel=\"canonical\" href=\"https:\/\/chicagoinjurylawyer.net\/es\/negligencia-medica\/errores-de-cirugia-estetica-y-paclastica\/\" \/>\n<meta property=\"og:locale\" content=\"es_ES\" \/>\n<meta property=\"og:type\" content=\"article\" \/>\n<meta property=\"og:title\" content=\"Abogado de Errores de Cirug\u00eda Est\u00e9tica y Pl\u00e1stica en Chicago - Sexner Injury Lawyers LLC\" \/>\n<meta property=\"og:description\" content=\"En cualquier tipo de cirug\u00eda pl\u00e1stica, est\u00e9tica o reconstructiva, los cirujanos y su personal deben estar debidamente capacitados, atentos y ser competentes.\" \/>\n<meta property=\"og:url\" content=\"https:\/\/chicagoinjurylawyer.net\/es\/negligencia-medica\/errores-de-cirugia-estetica-y-paclastica\/\" \/>\n<meta property=\"og:site_name\" content=\"Sexner Injury Lawyers LLC\" \/>\n<meta property=\"article:modified_time\" content=\"2021-12-07T21:09:50+00:00\" \/>\n<meta property=\"og:image\" content=\"https:\/\/chicagoinjurylawyer.net\/wp-content\/uploads\/2019\/06\/Cosmetic-and-Plastic-Surgery-Mistakes-300x200.jpg\" \/>\n<meta name=\"twitter:card\" content=\"summary_large_image\" \/>\n<meta name=\"twitter:label1\" content=\"Tiempo de lectura\" \/>\n\t<meta name=\"twitter:data1\" content=\"2 minutos\" \/>\n<!-- \/ Yoast SEO plugin. -->","yoast_head_json":{"title":"Abogado de Errores de Cirug\u00eda Est\u00e9tica y Pl\u00e1stica en Chicago - Sexner Injury Lawyers LLC","description":"En cualquier tipo de cirug\u00eda pl\u00e1stica, est\u00e9tica o reconstructiva, los cirujanos y su personal deben estar debidamente capacitados, atentos y ser competentes.","robots":{"index":"index","follow":"follow","max-snippet":"max-snippet:-1","max-image-preview":"max-image-preview:large","max-video-preview":"max-video-preview:-1"},"canonical":"https:\/\/chicagoinjurylawyer.net\/es\/negligencia-medica\/errores-de-cirugia-estetica-y-paclastica\/","og_locale":"es_ES","og_type":"article","og_title":"Abogado de Errores de Cirug\u00eda Est\u00e9tica y Pl\u00e1stica en Chicago - Sexner Injury Lawyers LLC","og_description":"En cualquier tipo de cirug\u00eda pl\u00e1stica, est\u00e9tica o reconstructiva, los cirujanos y su personal deben estar debidamente capacitados, atentos y ser competentes.","og_url":"https:\/\/chicagoinjurylawyer.net\/es\/negligencia-medica\/errores-de-cirugia-estetica-y-paclastica\/","og_site_name":"Sexner Injury Lawyers LLC","article_modified_time":"2021-12-07T21:09:50+00:00","og_image":[{"url":"https:\/\/chicagoinjurylawyer.net\/wp-content\/uploads\/2019\/06\/Cosmetic-and-Plastic-Surgery-Mistakes-300x200.jpg","type":"","width":"","height":""}],"twitter_card":"summary_large_image","twitter_misc":{"Tiempo de lectura":"2 minutos"},"schema":{"@context":"https:\/\/schema.org","@graph":[{"@type":"WebPage","@id":"https:\/\/chicagoinjurylawyer.net\/es\/negligencia-medica\/errores-de-cirugia-estetica-y-paclastica\/","url":"https:\/\/chicagoinjurylawyer.net\/es\/negligencia-medica\/errores-de-cirugia-estetica-y-paclastica\/","name":"Abogado de Errores de Cirug\u00eda Est\u00e9tica y Pl\u00e1stica en Chicago - Sexner Injury Lawyers LLC","isPartOf":{"@id":"https:\/\/chicagoinjurylawyer.net\/es\/#website"},"datePublished":"2019-06-26T14:03:53+00:00","dateModified":"2021-12-07T21:09:50+00:00","description":"En cualquier tipo de cirug\u00eda pl\u00e1stica, est\u00e9tica o reconstructiva, los cirujanos y su personal deben estar debidamente capacitados, atentos y ser competentes.","breadcrumb":{"@id":"https:\/\/chicagoinjurylawyer.net\/es\/negligencia-medica\/errores-de-cirugia-estetica-y-paclastica\/#breadcrumb"},"inLanguage":"es","potentialAction":[{"@type":"ReadAction","target":["https:\/\/chicagoinjurylawyer.net\/es\/negligencia-medica\/errores-de-cirugia-estetica-y-paclastica\/"]}]},{"@type":"BreadcrumbList","@id":"https:\/\/chicagoinjurylawyer.net\/es\/negligencia-medica\/errores-de-cirugia-estetica-y-paclastica\/#breadcrumb","itemListElement":[{"@type":"ListItem","position":1,"name":"Negligencia M\u00e9dica","item":"https:\/\/chicagoinjurylawyer.net\/es\/negligencia-medica\/"},{"@type":"ListItem","position":2,"name":"Errores De Cirug\u00eda Est\u00e9tica Y Pacl\u00e1stica"}]},{"@type":"WebSite","@id":"https:\/\/chicagoinjurylawyer.net\/es\/#website","url":"https:\/\/chicagoinjurylawyer.net\/es\/","name":"Sexner Injury Lawyers LLC","description":"Chicago Personal Injury Attorneys","publisher":{"@id":"https:\/\/chicagoinjurylawyer.net\/es\/#organization"},"potentialAction":[{"@type":"SearchAction","target":{"@type":"EntryPoint","urlTemplate":"https:\/\/chicagoinjurylawyer.net\/es\/?s={search_term_string}"},"query-input":{"@type":"PropertyValueSpecification","valueRequired":true,"valueName":"search_term_string"}}],"inLanguage":"es"},{"@type":"Organization","@id":"https:\/\/chicagoinjurylawyer.net\/es\/#organization","name":"[firm-name]","url":"https:\/\/chicagoinjurylawyer.net\/es\/","logo":{"@type":"ImageObject","inLanguage":"es","@id":"https:\/\/chicagoinjurylawyer.net\/es\/#\/schema\/logo\/image\/","url":"https:\/\/chicagoinjurylawyer.net\/wp-content\/uploads\/2019\/06\/msx-logo-1.png","contentUrl":"https:\/\/chicagoinjurylawyer.net\/wp-content\/uploads\/2019\/06\/msx-logo-1.png","width":180,"height":83,"caption":"[firm-name]"},"image":{"@id":"https:\/\/chicagoinjurylawyer.net\/es\/#\/schema\/logo\/image\/"}}]}},"_links":{"self":[{"href":"https:\/\/chicagoinjurylawyer.net\/es\/wp-json\/wp\/v2\/pages\/7423","targetHints":{"allow":["GET"]}}],"collection":[{"href":"https:\/\/chicagoinjurylawyer.net\/es\/wp-json\/wp\/v2\/pages"}],"about":[{"href":"https:\/\/chicagoinjurylawyer.net\/es\/wp-json\/wp\/v2\/types\/page"}],"author":[{"embeddable":true,"href":"https:\/\/chicagoinjurylawyer.net\/es\/wp-json\/wp\/v2\/users\/1"}],"replies":[{"embeddable":true,"href":"https:\/\/chicagoinjurylawyer.net\/es\/wp-json\/wp\/v2\/comments?post=7423"}],"version-history":[{"count":6,"href":"https:\/\/chicagoinjurylawyer.net\/es\/wp-json\/wp\/v2\/pages\/7423\/revisions"}],"predecessor-version":[{"id":32677,"href":"https:\/\/chicagoinjurylawyer.net\/es\/wp-json\/wp\/v2\/pages\/7423\/revisions\/32677"}],"up":[{"embeddable":true,"href":"https:\/\/chicagoinjurylawyer.net\/es\/wp-json\/wp\/v2\/pages\/7370"}],"wp:attachment":[{"href":"https:\/\/chicagoinjurylawyer.net\/es\/wp-json\/wp\/v2\/media?parent=7423"}],"curies":[{"name":"wp","href":"https:\/\/api.w.org\/{rel}","templated":true}]}}