{"id":7427,"date":"2019-06-26T14:08:56","date_gmt":"2019-06-26T14:08:56","guid":{"rendered":"http:\/\/104.197.86.120\/?page_id=7427"},"modified":"2021-12-06T15:03:47","modified_gmt":"2021-12-06T21:03:47","slug":"productos-defectuosos-y-peligrosos-medicos","status":"publish","type":"page","link":"https:\/\/chicagoinjurylawyer.net\/es\/negligencia-medica\/productos-defectuosos-y-peligrosos-medicos\/","title":{"rendered":"Productos Defectuosos Y Peligrosos M\u00e9dicos"},"content":{"rendered":"<h1>Abogado En Productos Defectuosos<\/h1>\n<h2>Productos Defectuosos y Peligrosos M\u00e9dicos<\/h2>\n<p><img decoding=\"async\" class=\"size-medium wp-image-7428 alignright\" src=\"\/wp-content\/uploads\/2019\/06\/defective-medical-device-300x200.jpg\" alt=\"Defective Medical Device\" width=\"300\" height=\"200\" \/>Millones de personas dependen de los dispositivos m\u00e9dicos para mantener una cierta calidad de vida ya sea con una bomba de insulina o un marcapasos. Los dispositivos m\u00e9dicos son tan frecuentes que tendemos a no cuestionar su seguridad. Por desgracia, al igual que cualquier otro producto, los dispositivos m\u00e9dicos tambi\u00e9n pueden ser defectuosos. Si un dispositivo m\u00e9dico, como un marcapasos, desfibrilador, bomba de insulina, el reemplazo de cadera o de anillo anticonceptivo hiere gravemente a alguien, el fabricante o el distribuidor pueden ser responsables por los da\u00f1os econ\u00f3micos y no econ\u00f3micos.<\/p>\n<p>Cada a\u00f1o, se reportan miles de heridos y varios dispositivos m\u00e9dicos que se podr\u00edan recuperar por la FDA debido a los defectos. El n\u00famero de dispositivos m\u00e9dicos potencialmente peligrosos, equipos m\u00e9dicos y f\u00e1rmacos est\u00e1 en constante crecimiento, agregando a una lista ya molestar que incluye:<\/p>\n<div class=\"fltlt\">\n<ul>\n<li>ABG II Modular-cuello del tallo<\/li>\n<li>Actos (diabetes drug)<\/li>\n<li>Bombas de Infusi\u00f3n Alaris<\/li>\n<li>AlloDerm<\/li>\n<li>AMO Healon<\/li>\n<li>AMS transvaginal Mesh<\/li>\n<li>AndroGel<\/li>\n<li>Tobillo System Evolution<\/li>\n<li>Artelon CMC Spacer<\/li>\n<li>Axxent FlexiShield<\/li>\n<li>Bard Avaulta Mesh<\/li>\n<li>Bard IVC Filtro<\/li>\n<li>Las pr\u00f3tesis de cadera Biomet<\/li>\n<li>Boston Scientific malla transvaginal<\/li>\n<li>Los implantes mamarios<\/li>\n<li>C. R. Bard malla transvaginal<\/li>\n<li>Charit\u00e9 espinal discos<\/li>\n<li>Ni\u00f1o CT Scan C\u00e1ncer<\/li>\n<li>Limpiador de Clear Care Contact Lens<\/li>\n<li>Cobalt Envenenamiento De Implante<\/li>\n<\/ul>\n<\/div>\n<div class=\"fltrt\">\n<ul>\n<li>Dispositivo Corlink<\/li>\n<li>CT CAT Scan Radiaci\u00f3n Sobredosis<\/li>\n<li>da Vinci robot quir\u00fargico<\/li>\n<li>Darvocet<\/li>\n<li>Implantes de cadera defectuosos<\/li>\n<li>DePuy alta Flex Knee<\/li>\n<li>DePuy implante de cadera<\/li>\n<li>DePuy de reemplazo de rodilla<\/li>\n<li>DePuy Pinnacle implante de cadera<\/li>\n<li>D\u00fao TRS Medical Grapadoras<\/li>\n<li>Duragesic<\/li>\n<li>Ethicon Gynecare malla transvaginal<\/li>\n<li>Ethicon grapadora<\/li>\n<li>Las fluoroquinolonas (problemas de ruptura de tendones)<\/li>\n<li>Fresenius GranuFlo Naturalyte<\/li>\n<li>Integra NeuroSciences Gravedad<\/li>\n<li>Intelence<\/li>\n<li>Johnson &amp; Johnson Cordis Cat\u00e9teres<\/li>\n<li>Johnson &amp; Johnson DePuy implante de cadera<\/li>\n<li>Johnson Johnson stent Cypher<\/li>\n<\/ul>\n<\/div>\n<div class=\"fltlt\">\n<ul>\n<li>LifeCell partes de tejido no probados<\/li>\n<li>Lifesite Di\u00e1lisis<\/li>\n<li>Med IV Bolsa<\/li>\n<li>Medisystems Baxter Di\u00e1lisis<\/li>\n<li>Medtronic Concierto<\/li>\n<li>Medtronic Infuse<\/li>\n<li>Medtronic Infuse \/ Cauda Equina<\/li>\n<li>Medtronic Marcapasos<\/li>\n<li>La infusi\u00f3n Quick-set Medtronic<\/li>\n<li>Medtronic Derivaci\u00f3n<\/li>\n<li>Medtronic Bomba SynchroMed<\/li>\n<li>Sistema de Gesti\u00f3n de Residuos de Neptuno<\/li>\n<li>NuvaRing<\/li>\n<li>Los implantes de rodilla Oxinium<\/li>\n<li>Bomba Dolor Lesi\u00f3n del hombro<\/li>\n<li>Poligrip \/ Fixodent Crema \/ Dentadura<\/li>\n<li>La prometazina<\/li>\n<li>El propiltiouracilo<\/li>\n<li>Jeringa Sierra Pre-Filled<\/li>\n<li>Simplemente Grueso NEC<\/li>\n<\/ul>\n<\/div>\n<div class=\"fltrt\">\n<ul>\n<li>St Jude a\u00f3rtica Conector<\/li>\n<li>St Jude Desfibriladores<\/li>\n<li>Stryker Neptuno<\/li>\n<li>Stryker Rejuvenate<\/li>\n<li>SurgiMend<\/li>\n<li>Productos VBR Synthes Synex II<\/li>\n<li>Thoratec HeartMate II SAVI<\/li>\n<li>Total Body Formula Mega<\/li>\n<li>Malla transvaginal<\/li>\n<li>Triaminic Vapor Patch<\/li>\n<li>Tissue Tutogen M\u00e9dico<\/li>\n<li>Grapadora quir\u00fargica Tyco EE.UU.<\/li>\n<li>Volataren<\/li>\n<li>Envergadura Cerebro Stent<\/li>\n<li>Wright Medical PROFEMUR total de cadera<\/li>\n<li>Yaz \/ Yasmin<\/li>\n<li>Zimmer Durom Copa<\/li>\n<li>Habitaci\u00f3n NexGen CR-Flex Knee<\/li>\n<li>Habitaci\u00f3n NexGen LPS-FLEX rodilla<\/li>\n<li>NexGen MIS tibial habitaci\u00f3n<\/li>\n<\/ul>\n<\/div>\n<p>Compa\u00f1\u00edas de dispositivos m\u00e9dicos y las compa\u00f1\u00edas farmac\u00e9uticas tienen obligaci\u00f3n a los ciudadanos. Se supone que deben hacer una amplia investigaci\u00f3n y pruebas en sus productos para asegurarse de que son seguros antes de que lleguen al p\u00fablico. Si su dispositivo m\u00e9dico era defectuoso debido a la negligencia de un fabricante, ellos necesitan hacerse responsables. Podemos ayudarle.<\/p>\n<p>Si usted o un ser querido ha sido v\u00edctima de un aparato m\u00e9dico defectuoso, usted puede sentirse abrumado. Usted puede ser incapaz de trabajar o cuidar de s\u00ed mismo completamente, y sus facturas m\u00e9dicas podr\u00edan estarse acumulando. Adem\u00e1s, se le puede tratar con una disminuci\u00f3n de calidad de vida y la depresi\u00f3n de hacer frente al nuevo problema de salud causado por su dispositivo m\u00e9dico defectuoso.<\/p>\n<p>Nuestra red de abogados en lesiones personales y <a href=\"\/es\/negligencia-medica\/\">negligencia m\u00e9dica<\/a> tienen la experiencia en el manejo de casos de dispositivos m\u00e9dicos defectuosos que usted necesita. Seremos sus defensores mientras usted se centra en la recuperaci\u00f3n de su salud y bienestar.<\/p>\n<p><a href=\"\/es\/contactenos\/\">Ll\u00e1menos hoy<\/a> mismo para su consulta gratuita. Nuestro equipo se enorgullece de nuestra representaci\u00f3n legal compasi\u00f3n pero agresivo, y estamos listos para ponerla a trabajar para usted.<\/p>\n","protected":false},"excerpt":{"rendered":"<p>Abogado En Productos Defectuosos Productos Defectuosos y Peligrosos M\u00e9dicos Millones de personas dependen de los dispositivos m\u00e9dicos para mantener una cierta calidad de vida ya sea con una bomba de insulina o un marcapasos. Los dispositivos m\u00e9dicos son tan frecuentes que tendemos a no cuestionar su seguridad. Por desgracia, al igual que cualquier otro producto, [&hellip;]<\/p>\n","protected":false},"author":1,"featured_media":0,"parent":7370,"menu_order":0,"comment_status":"closed","ping_status":"open","template":"","meta":{"_acf_changed":false,"footnotes":""},"class_list":["post-7427","page","type-page","status-publish","hentry"],"acf":[],"yoast_head":"<!-- This site is optimized with the Yoast SEO plugin v27.4 - https:\/\/yoast.com\/product\/yoast-seo-wordpress\/ -->\n<title>Chicago Abogado En Productos Defectuosos - Sexner Injury Lawyers LLC<\/title>\n<meta name=\"description\" content=\"Compa\u00f1\u00edas de dispositivos m\u00e9dicos y las compa\u00f1\u00edas farmac\u00e9uticas tienen obligaci\u00f3n a los ciudadanos. Se supone que deben hacer una amplia investigaci\u00f3n y pruebas en sus productos para asegurarse de que son seguros antes de que lleguen al p\u00fablico.\" \/>\n<meta name=\"robots\" content=\"index, follow, max-snippet:-1, max-image-preview:large, max-video-preview:-1\" \/>\n<link rel=\"canonical\" href=\"https:\/\/chicagoinjurylawyer.net\/es\/negligencia-medica\/productos-defectuosos-y-peligrosos-medicos\/\" \/>\n<meta property=\"og:locale\" content=\"es_ES\" \/>\n<meta property=\"og:type\" content=\"article\" \/>\n<meta property=\"og:title\" content=\"Chicago Abogado En Productos Defectuosos - Sexner Injury Lawyers LLC\" \/>\n<meta property=\"og:description\" content=\"Compa\u00f1\u00edas de dispositivos m\u00e9dicos y las compa\u00f1\u00edas farmac\u00e9uticas tienen obligaci\u00f3n a los ciudadanos. Se supone que deben hacer una amplia investigaci\u00f3n y pruebas en sus productos para asegurarse de que son seguros antes de que lleguen al p\u00fablico.\" \/>\n<meta property=\"og:url\" content=\"https:\/\/chicagoinjurylawyer.net\/es\/negligencia-medica\/productos-defectuosos-y-peligrosos-medicos\/\" \/>\n<meta property=\"og:site_name\" content=\"Sexner Injury Lawyers LLC\" \/>\n<meta property=\"article:modified_time\" content=\"2021-12-06T21:03:47+00:00\" \/>\n<meta property=\"og:image\" content=\"https:\/\/chicagoinjurylawyer.net\/wp-content\/uploads\/2019\/06\/defective-medical-device-300x200.jpg\" \/>\n<meta name=\"twitter:card\" content=\"summary_large_image\" \/>\n<meta name=\"twitter:label1\" content=\"Tiempo de lectura\" \/>\n\t<meta name=\"twitter:data1\" content=\"3 minutos\" \/>\n<!-- \/ Yoast SEO plugin. -->","yoast_head_json":{"title":"Chicago Abogado En Productos Defectuosos - Sexner Injury Lawyers LLC","description":"Compa\u00f1\u00edas de dispositivos m\u00e9dicos y las compa\u00f1\u00edas farmac\u00e9uticas tienen obligaci\u00f3n a los ciudadanos. Se supone que deben hacer una amplia investigaci\u00f3n y pruebas en sus productos para asegurarse de que son seguros antes de que lleguen al p\u00fablico.","robots":{"index":"index","follow":"follow","max-snippet":"max-snippet:-1","max-image-preview":"max-image-preview:large","max-video-preview":"max-video-preview:-1"},"canonical":"https:\/\/chicagoinjurylawyer.net\/es\/negligencia-medica\/productos-defectuosos-y-peligrosos-medicos\/","og_locale":"es_ES","og_type":"article","og_title":"Chicago Abogado En Productos Defectuosos - Sexner Injury Lawyers LLC","og_description":"Compa\u00f1\u00edas de dispositivos m\u00e9dicos y las compa\u00f1\u00edas farmac\u00e9uticas tienen obligaci\u00f3n a los ciudadanos. Se supone que deben hacer una amplia investigaci\u00f3n y pruebas en sus productos para asegurarse de que son seguros antes de que lleguen al p\u00fablico.","og_url":"https:\/\/chicagoinjurylawyer.net\/es\/negligencia-medica\/productos-defectuosos-y-peligrosos-medicos\/","og_site_name":"Sexner Injury Lawyers LLC","article_modified_time":"2021-12-06T21:03:47+00:00","og_image":[{"url":"https:\/\/chicagoinjurylawyer.net\/wp-content\/uploads\/2019\/06\/defective-medical-device-300x200.jpg","type":"","width":"","height":""}],"twitter_card":"summary_large_image","twitter_misc":{"Tiempo de lectura":"3 minutos"},"schema":{"@context":"https:\/\/schema.org","@graph":[{"@type":"WebPage","@id":"https:\/\/chicagoinjurylawyer.net\/es\/negligencia-medica\/productos-defectuosos-y-peligrosos-medicos\/","url":"https:\/\/chicagoinjurylawyer.net\/es\/negligencia-medica\/productos-defectuosos-y-peligrosos-medicos\/","name":"Chicago Abogado En Productos Defectuosos - Sexner Injury Lawyers LLC","isPartOf":{"@id":"https:\/\/chicagoinjurylawyer.net\/es\/#website"},"datePublished":"2019-06-26T14:08:56+00:00","dateModified":"2021-12-06T21:03:47+00:00","description":"Compa\u00f1\u00edas de dispositivos m\u00e9dicos y las compa\u00f1\u00edas farmac\u00e9uticas tienen obligaci\u00f3n a los ciudadanos. Se supone que deben hacer una amplia investigaci\u00f3n y pruebas en sus productos para asegurarse de que son seguros antes de que lleguen al p\u00fablico.","breadcrumb":{"@id":"https:\/\/chicagoinjurylawyer.net\/es\/negligencia-medica\/productos-defectuosos-y-peligrosos-medicos\/#breadcrumb"},"inLanguage":"es","potentialAction":[{"@type":"ReadAction","target":["https:\/\/chicagoinjurylawyer.net\/es\/negligencia-medica\/productos-defectuosos-y-peligrosos-medicos\/"]}]},{"@type":"BreadcrumbList","@id":"https:\/\/chicagoinjurylawyer.net\/es\/negligencia-medica\/productos-defectuosos-y-peligrosos-medicos\/#breadcrumb","itemListElement":[{"@type":"ListItem","position":1,"name":"Negligencia M\u00e9dica","item":"https:\/\/chicagoinjurylawyer.net\/es\/negligencia-medica\/"},{"@type":"ListItem","position":2,"name":"Productos Defectuosos Y Peligrosos M\u00e9dicos"}]},{"@type":"WebSite","@id":"https:\/\/chicagoinjurylawyer.net\/es\/#website","url":"https:\/\/chicagoinjurylawyer.net\/es\/","name":"Sexner Injury Lawyers LLC","description":"Chicago Personal Injury Attorneys","publisher":{"@id":"https:\/\/chicagoinjurylawyer.net\/es\/#organization"},"potentialAction":[{"@type":"SearchAction","target":{"@type":"EntryPoint","urlTemplate":"https:\/\/chicagoinjurylawyer.net\/es\/?s={search_term_string}"},"query-input":{"@type":"PropertyValueSpecification","valueRequired":true,"valueName":"search_term_string"}}],"inLanguage":"es"},{"@type":"Organization","@id":"https:\/\/chicagoinjurylawyer.net\/es\/#organization","name":"[firm-name]","url":"https:\/\/chicagoinjurylawyer.net\/es\/","logo":{"@type":"ImageObject","inLanguage":"es","@id":"https:\/\/chicagoinjurylawyer.net\/es\/#\/schema\/logo\/image\/","url":"https:\/\/chicagoinjurylawyer.net\/wp-content\/uploads\/2019\/06\/msx-logo-1.png","contentUrl":"https:\/\/chicagoinjurylawyer.net\/wp-content\/uploads\/2019\/06\/msx-logo-1.png","width":180,"height":83,"caption":"[firm-name]"},"image":{"@id":"https:\/\/chicagoinjurylawyer.net\/es\/#\/schema\/logo\/image\/"}}]}},"_links":{"self":[{"href":"https:\/\/chicagoinjurylawyer.net\/es\/wp-json\/wp\/v2\/pages\/7427","targetHints":{"allow":["GET"]}}],"collection":[{"href":"https:\/\/chicagoinjurylawyer.net\/es\/wp-json\/wp\/v2\/pages"}],"about":[{"href":"https:\/\/chicagoinjurylawyer.net\/es\/wp-json\/wp\/v2\/types\/page"}],"author":[{"embeddable":true,"href":"https:\/\/chicagoinjurylawyer.net\/es\/wp-json\/wp\/v2\/users\/1"}],"replies":[{"embeddable":true,"href":"https:\/\/chicagoinjurylawyer.net\/es\/wp-json\/wp\/v2\/comments?post=7427"}],"version-history":[{"count":5,"href":"https:\/\/chicagoinjurylawyer.net\/es\/wp-json\/wp\/v2\/pages\/7427\/revisions"}],"predecessor-version":[{"id":32618,"href":"https:\/\/chicagoinjurylawyer.net\/es\/wp-json\/wp\/v2\/pages\/7427\/revisions\/32618"}],"up":[{"embeddable":true,"href":"https:\/\/chicagoinjurylawyer.net\/es\/wp-json\/wp\/v2\/pages\/7370"}],"wp:attachment":[{"href":"https:\/\/chicagoinjurylawyer.net\/es\/wp-json\/wp\/v2\/media?parent=7427"}],"curies":[{"name":"wp","href":"https:\/\/api.w.org\/{rel}","templated":true}]}}