{"id":7620,"date":"2019-06-27T07:12:01","date_gmt":"2019-06-27T07:12:01","guid":{"rendered":"http:\/\/104.197.86.120\/?page_id=7620"},"modified":"2021-12-07T15:12:41","modified_gmt":"2021-12-07T21:12:41","slug":"errores-de-trombosis-de-venas","status":"publish","type":"page","link":"https:\/\/chicagoinjurylawyer.net\/es\/negligencia-medica\/errores-de-trombosis-de-venas\/","title":{"rendered":"Errores de Tratamiento por Trombosis de Venas"},"content":{"rendered":"<h1>Errores de Tratamiento por Trombosis de Venas<\/h1>\n<p><img decoding=\"async\" class=\"mob-center-img alignright wp-image-7624 size-medium\" src=\"\/wp-content\/uploads\/2019\/06\/Deep-Vein-Thrombosis-300x200.jpg\" alt=\"Blood\" width=\"300\" height=\"200\" \/>La trombosis venosa profunda (TVP) es un problema que algunas personas desarrollan cuando se forma un co\u00e1gulo sangu\u00edneo en una vena profunda del cuerpo. La TVP es grave porque aproximadamente la mitad de las personas que lo padecen no se dan cuenta que el co\u00e1gulo est\u00e1 ah\u00ed, pudiendo ser potencialmente mortal si una parte del co\u00e1gulo se desprende y viaja a los pulmones, el coraz\u00f3n o el cerebro. Para muchas personas podr\u00eda resultar en lesiones graves tales como un accidente cerebrovascular o embolia pulmonar o incluso la muerte si el TVP no es tratado a tiempo. Debido a que la TVP es muy peligroso, profesionales de la medicina est\u00e1n capacitados para detectar el problema en pacientes con las siguientes condiciones m\u00e9dicas:<\/p>\n<ul>\n<li>Cualquier condici\u00f3n m\u00e9dica que haga en la sangre m\u00e1s propensa a coagularse como el factor V Leiden, tomar la terapia hormonal, o p\u00edldoras de control de natalidad<\/li>\n<li>Lesi\u00f3n de las venas profundas del trauma<\/li>\n<li>La falta de movimiento de la cirug\u00eda, reduciendo el flujo de sangre en las venas profundas<\/li>\n<li>El embarazo y las primeras 6 semanas despu\u00e9s del parto<\/li>\n<li>El tratamiento del c\u00e1ncer<\/li>\n<li>La presencia de un cat\u00e9ter venoso central<\/li>\n<\/ul>\n<p>En cualquiera de estas situaciones, entre otras, los m\u00e9dicos y las enfermeras deben estar atentos a los signos de TVP, tales como hinchaz\u00f3n en la pierna, dolor inusual en la pierna al caminar, piel enrojecida o demasiado caliente al tacto. La manera m\u00e1s efectiva para tratar la TVP es detectarlo a tiempo y tratarlo con medicamentos como anticoagulantes para evitar que el co\u00e1gulo de sangre se agrave o que se mude a otra parte del cuerpo del paciente. As\u00ed que si usted o un ser querido ha sido lesionado cuando un profesional m\u00e9dico no pudo diagnosticar o tratar su TVP, es posible que haya sido v\u00edctima de <a href=\"\/es\/negligencia-medica\/\">negligencia m\u00e9dica<\/a>. El equipo legal de <a href=\"\/es\/\">Sexner Injury Lawyers LLC<\/a> puede ayudar.<\/p>\n<p>Con nuestros 25 a\u00f1os de experiencia y nuestro estilo agresivo pero compasivo de representaci\u00f3n, podemos ser sus defensores. <a href=\"\/es\/contactenos\/\">Ll\u00e1menos hoy<\/a> para una evaluaci\u00f3n gratuita de caso y sin compromiso. Deje que nuestra red de abogados en negligencia m\u00e9dica le ayude a obtener la compensaci\u00f3n que usted se merece.<\/p>\n","protected":false},"excerpt":{"rendered":"<p>Errores de Tratamiento por Trombosis de Venas La trombosis venosa profunda (TVP) es un problema que algunas personas desarrollan cuando se forma un co\u00e1gulo sangu\u00edneo en una vena profunda del cuerpo. La TVP es grave porque aproximadamente la mitad de las personas que lo padecen no se dan cuenta que el co\u00e1gulo est\u00e1 ah\u00ed, pudiendo [&hellip;]<\/p>\n","protected":false},"author":1,"featured_media":0,"parent":7370,"menu_order":0,"comment_status":"closed","ping_status":"open","template":"","meta":{"_acf_changed":false,"footnotes":""},"class_list":["post-7620","page","type-page","status-publish","hentry"],"acf":[],"yoast_head":"<!-- This site is optimized with the Yoast SEO plugin v27.4 - https:\/\/yoast.com\/product\/yoast-seo-wordpress\/ -->\n<title>Errores de Tratamiento por Trombosis de Venas en Chicago - Sexner Injury Lawyers LLC<\/title>\n<meta name=\"description\" content=\"As\u00ed que si usted o un ser querido ha sido lesionado cuando un profesional m\u00e9dico no pudo diagnosticar o tratar su TVP, es posible que haya sido v\u00edctima de negligencia m\u00e9dica. El equipo legal de Sexner Injury Lawyers LLC puede ayudar.\" \/>\n<meta name=\"robots\" content=\"index, follow, max-snippet:-1, max-image-preview:large, max-video-preview:-1\" \/>\n<link rel=\"canonical\" href=\"https:\/\/chicagoinjurylawyer.net\/es\/negligencia-medica\/errores-de-trombosis-de-venas\/\" \/>\n<meta property=\"og:locale\" content=\"es_ES\" \/>\n<meta property=\"og:type\" content=\"article\" \/>\n<meta property=\"og:title\" content=\"Errores de Tratamiento por Trombosis de Venas en Chicago - Sexner Injury Lawyers LLC\" \/>\n<meta property=\"og:description\" content=\"As\u00ed que si usted o un ser querido ha sido lesionado cuando un profesional m\u00e9dico no pudo diagnosticar o tratar su TVP, es posible que haya sido v\u00edctima de negligencia m\u00e9dica. El equipo legal de Sexner Injury Lawyers LLC puede ayudar.\" \/>\n<meta property=\"og:url\" content=\"https:\/\/chicagoinjurylawyer.net\/es\/negligencia-medica\/errores-de-trombosis-de-venas\/\" \/>\n<meta property=\"og:site_name\" content=\"Sexner Injury Lawyers LLC\" \/>\n<meta property=\"article:modified_time\" content=\"2021-12-07T21:12:41+00:00\" \/>\n<meta property=\"og:image\" content=\"https:\/\/chicagoinjurylawyer.net\/wp-content\/uploads\/2019\/06\/Deep-Vein-Thrombosis-300x200.jpg\" \/>\n<meta name=\"twitter:card\" content=\"summary_large_image\" \/>\n<meta name=\"twitter:label1\" content=\"Tiempo de lectura\" \/>\n\t<meta name=\"twitter:data1\" content=\"2 minutos\" \/>\n<!-- \/ Yoast SEO plugin. -->","yoast_head_json":{"title":"Errores de Tratamiento por Trombosis de Venas en Chicago - Sexner Injury Lawyers LLC","description":"As\u00ed que si usted o un ser querido ha sido lesionado cuando un profesional m\u00e9dico no pudo diagnosticar o tratar su TVP, es posible que haya sido v\u00edctima de negligencia m\u00e9dica. El equipo legal de Sexner Injury Lawyers LLC puede ayudar.","robots":{"index":"index","follow":"follow","max-snippet":"max-snippet:-1","max-image-preview":"max-image-preview:large","max-video-preview":"max-video-preview:-1"},"canonical":"https:\/\/chicagoinjurylawyer.net\/es\/negligencia-medica\/errores-de-trombosis-de-venas\/","og_locale":"es_ES","og_type":"article","og_title":"Errores de Tratamiento por Trombosis de Venas en Chicago - Sexner Injury Lawyers LLC","og_description":"As\u00ed que si usted o un ser querido ha sido lesionado cuando un profesional m\u00e9dico no pudo diagnosticar o tratar su TVP, es posible que haya sido v\u00edctima de negligencia m\u00e9dica. El equipo legal de Sexner Injury Lawyers LLC puede ayudar.","og_url":"https:\/\/chicagoinjurylawyer.net\/es\/negligencia-medica\/errores-de-trombosis-de-venas\/","og_site_name":"Sexner Injury Lawyers LLC","article_modified_time":"2021-12-07T21:12:41+00:00","og_image":[{"url":"https:\/\/chicagoinjurylawyer.net\/wp-content\/uploads\/2019\/06\/Deep-Vein-Thrombosis-300x200.jpg","type":"","width":"","height":""}],"twitter_card":"summary_large_image","twitter_misc":{"Tiempo de lectura":"2 minutos"},"schema":{"@context":"https:\/\/schema.org","@graph":[{"@type":"WebPage","@id":"https:\/\/chicagoinjurylawyer.net\/es\/negligencia-medica\/errores-de-trombosis-de-venas\/","url":"https:\/\/chicagoinjurylawyer.net\/es\/negligencia-medica\/errores-de-trombosis-de-venas\/","name":"Errores de Tratamiento por Trombosis de Venas en Chicago - Sexner Injury Lawyers LLC","isPartOf":{"@id":"https:\/\/chicagoinjurylawyer.net\/es\/#website"},"datePublished":"2019-06-27T07:12:01+00:00","dateModified":"2021-12-07T21:12:41+00:00","description":"As\u00ed que si usted o un ser querido ha sido lesionado cuando un profesional m\u00e9dico no pudo diagnosticar o tratar su TVP, es posible que haya sido v\u00edctima de negligencia m\u00e9dica. El equipo legal de [firm-name] puede ayudar.","breadcrumb":{"@id":"https:\/\/chicagoinjurylawyer.net\/es\/negligencia-medica\/errores-de-trombosis-de-venas\/#breadcrumb"},"inLanguage":"es","potentialAction":[{"@type":"ReadAction","target":["https:\/\/chicagoinjurylawyer.net\/es\/negligencia-medica\/errores-de-trombosis-de-venas\/"]}]},{"@type":"BreadcrumbList","@id":"https:\/\/chicagoinjurylawyer.net\/es\/negligencia-medica\/errores-de-trombosis-de-venas\/#breadcrumb","itemListElement":[{"@type":"ListItem","position":1,"name":"Negligencia M\u00e9dica","item":"https:\/\/chicagoinjurylawyer.net\/es\/negligencia-medica\/"},{"@type":"ListItem","position":2,"name":"Errores de Tratamiento por Trombosis de Venas"}]},{"@type":"WebSite","@id":"https:\/\/chicagoinjurylawyer.net\/es\/#website","url":"https:\/\/chicagoinjurylawyer.net\/es\/","name":"Sexner Injury Lawyers LLC","description":"Chicago Personal Injury Attorneys","publisher":{"@id":"https:\/\/chicagoinjurylawyer.net\/es\/#organization"},"potentialAction":[{"@type":"SearchAction","target":{"@type":"EntryPoint","urlTemplate":"https:\/\/chicagoinjurylawyer.net\/es\/?s={search_term_string}"},"query-input":{"@type":"PropertyValueSpecification","valueRequired":true,"valueName":"search_term_string"}}],"inLanguage":"es"},{"@type":"Organization","@id":"https:\/\/chicagoinjurylawyer.net\/es\/#organization","name":"[firm-name]","url":"https:\/\/chicagoinjurylawyer.net\/es\/","logo":{"@type":"ImageObject","inLanguage":"es","@id":"https:\/\/chicagoinjurylawyer.net\/es\/#\/schema\/logo\/image\/","url":"https:\/\/chicagoinjurylawyer.net\/wp-content\/uploads\/2019\/06\/msx-logo-1.png","contentUrl":"https:\/\/chicagoinjurylawyer.net\/wp-content\/uploads\/2019\/06\/msx-logo-1.png","width":180,"height":83,"caption":"[firm-name]"},"image":{"@id":"https:\/\/chicagoinjurylawyer.net\/es\/#\/schema\/logo\/image\/"}}]}},"_links":{"self":[{"href":"https:\/\/chicagoinjurylawyer.net\/es\/wp-json\/wp\/v2\/pages\/7620","targetHints":{"allow":["GET"]}}],"collection":[{"href":"https:\/\/chicagoinjurylawyer.net\/es\/wp-json\/wp\/v2\/pages"}],"about":[{"href":"https:\/\/chicagoinjurylawyer.net\/es\/wp-json\/wp\/v2\/types\/page"}],"author":[{"embeddable":true,"href":"https:\/\/chicagoinjurylawyer.net\/es\/wp-json\/wp\/v2\/users\/1"}],"replies":[{"embeddable":true,"href":"https:\/\/chicagoinjurylawyer.net\/es\/wp-json\/wp\/v2\/comments?post=7620"}],"version-history":[{"count":6,"href":"https:\/\/chicagoinjurylawyer.net\/es\/wp-json\/wp\/v2\/pages\/7620\/revisions"}],"predecessor-version":[{"id":32680,"href":"https:\/\/chicagoinjurylawyer.net\/es\/wp-json\/wp\/v2\/pages\/7620\/revisions\/32680"}],"up":[{"embeddable":true,"href":"https:\/\/chicagoinjurylawyer.net\/es\/wp-json\/wp\/v2\/pages\/7370"}],"wp:attachment":[{"href":"https:\/\/chicagoinjurylawyer.net\/es\/wp-json\/wp\/v2\/media?parent=7620"}],"curies":[{"name":"wp","href":"https:\/\/api.w.org\/{rel}","templated":true}]}}