{"id":7642,"date":"2019-06-27T07:23:58","date_gmt":"2019-06-27T07:23:58","guid":{"rendered":"http:\/\/104.197.86.120\/?page_id=7642"},"modified":"2021-12-06T14:56:43","modified_gmt":"2021-12-06T20:56:43","slug":"abuso-sexual","status":"publish","type":"page","link":"https:\/\/chicagoinjurylawyer.net\/es\/negligencia-medica\/abuso-sexual\/","title":{"rendered":"Mala Conducta Sexual De Medico"},"content":{"rendered":"<h1>Abogado del Abuso Sexual V\u00edctimas y Mala Conducta Sexual de Medico<\/h1>\n<h2>Abuso Sexual V\u00edctimas<\/h2>\n<p><img decoding=\"async\" class=\"mob-center-img alignright wp-image-7668 size-medium\" src=\"\/wp-content\/uploads\/2019\/06\/Doctor-Sexual-Misconduct-300x200.jpg\" alt=\"Girl Crying\" width=\"300\" height=\"200\" \/>Confiamos en los m\u00e9dicos, enfermeras y otros profesionales m\u00e9dicos para diagnosticar y tratar eficazmente nuestras enfermedades y lesiones. En la mayor\u00eda de los casos, nuestra confianza est\u00e1 en buenas manos. Lamentablemente, hay profesionales de la medicina que se aprovechan de su posici\u00f3n para abusar sexualmente de sus pacientes. Este abuso de confianza es particularmente atroz si tenemos en cuenta que un m\u00e9dico deber\u00eda de ayudar al paciente en sus momentos vulnerables.<\/p>\n<p>Los depredadores sexuales pueden existir en la comunidad m\u00e9dica; un dentista, un psic\u00f3logo, hasta a un m\u00e9dico o una enfermera. Independientemente de la edad del paciente, sexo o nivel socioecon\u00f3mico, cualquiera puede ser el objetivo de este abuso. Igualmente preocupante es que el delincuente normalmente ha abusado a m\u00e1s de uno de sus pacientes, y cada d\u00eda este comportamiento pone en riesgo a m\u00e1s pacientes.<\/p>\n<p>El impacto de abuso sexual en la vida de una persona puede ser emocionalmente devastador. Independientemente de la negligencia m\u00e9dica o mala conducta sexual por parte de un profesional de la medicina, se recomienda encarecidamente a las v\u00edctimas a buscar el consejo de un abogado de lesiones personales. Los sobrevivientes de abuso sexual merecen una voz, y estamos aqu\u00ed para asegurarnos de que eso ocurra.<\/p>\n<p>El fundador de nuestra empresa, <a href=\"\/es\/\">Mitch Sexner<\/a>, comenz\u00f3 su carrera como fiscal penal, que incluye la b\u00fasqueda de justicia en casos de asalto y abuso sexual. Junto con una red de abogados de lesiones personales con conocimientos y experiencia, Mitch sigue defendiendo con compasi\u00f3n por los derechos de las v\u00edctimas y sus familias.<\/p>\n<p><a href=\"\/es\/contactenos\/\">Ll\u00e1menos hoy<\/a> para una consulta gratuita y confidencial. Somos conscientes de la delicada naturaleza de estos casos, y vamos a hacer todo lo que est\u00e9 a nuestro alcance para asegurar que usted sea tratado con la m\u00e1xima dignidad y respeto.<\/p>\n","protected":false},"excerpt":{"rendered":"<p>Abogado del Abuso Sexual V\u00edctimas y Mala Conducta Sexual de Medico Abuso Sexual V\u00edctimas Confiamos en los m\u00e9dicos, enfermeras y otros profesionales m\u00e9dicos para diagnosticar y tratar eficazmente nuestras enfermedades y lesiones. En la mayor\u00eda de los casos, nuestra confianza est\u00e1 en buenas manos. Lamentablemente, hay profesionales de la medicina que se aprovechan de su [&hellip;]<\/p>\n","protected":false},"author":1,"featured_media":0,"parent":7370,"menu_order":0,"comment_status":"closed","ping_status":"open","template":"","meta":{"_acf_changed":false,"footnotes":""},"class_list":["post-7642","page","type-page","status-publish","hentry"],"acf":[],"yoast_head":"<!-- This site is optimized with the Yoast SEO plugin v27.3 - https:\/\/yoast.com\/product\/yoast-seo-wordpress\/ -->\n<title>Chicago Abogado del Abuso Sexual V\u00edctimas y Mala Conducta Sexual de Medico - Sexner Injury Lawyers LLC<\/title>\n<meta name=\"description\" content=\"El fundador de nuestra empresa, Mitch Sexner, comenz\u00f3 su carrera como fiscal penal, que incluye la b\u00fasqueda de justicia en casos de asalto y abuso sexual.\" \/>\n<meta name=\"robots\" content=\"index, follow, max-snippet:-1, max-image-preview:large, max-video-preview:-1\" \/>\n<link rel=\"canonical\" href=\"https:\/\/chicagoinjurylawyer.net\/es\/negligencia-medica\/abuso-sexual\/\" \/>\n<meta property=\"og:locale\" content=\"es_ES\" \/>\n<meta property=\"og:type\" content=\"article\" \/>\n<meta property=\"og:title\" content=\"Chicago Abogado del Abuso Sexual V\u00edctimas y Mala Conducta Sexual de Medico - Sexner Injury Lawyers LLC\" \/>\n<meta property=\"og:description\" content=\"El fundador de nuestra empresa, Mitch Sexner, comenz\u00f3 su carrera como fiscal penal, que incluye la b\u00fasqueda de justicia en casos de asalto y abuso sexual.\" \/>\n<meta property=\"og:url\" content=\"https:\/\/chicagoinjurylawyer.net\/es\/negligencia-medica\/abuso-sexual\/\" \/>\n<meta property=\"og:site_name\" content=\"Sexner Injury Lawyers LLC\" \/>\n<meta property=\"article:modified_time\" content=\"2021-12-06T20:56:43+00:00\" \/>\n<meta property=\"og:image\" content=\"https:\/\/chicagoinjurylawyer.net\/wp-content\/uploads\/2019\/06\/Doctor-Sexual-Misconduct-300x200.jpg\" \/>\n<meta name=\"twitter:card\" content=\"summary_large_image\" \/>\n<meta name=\"twitter:label1\" content=\"Tiempo de lectura\" \/>\n\t<meta name=\"twitter:data1\" content=\"2 minutos\" \/>\n<!-- \/ Yoast SEO plugin. -->","yoast_head_json":{"title":"Chicago Abogado del Abuso Sexual V\u00edctimas y Mala Conducta Sexual de Medico - Sexner Injury Lawyers LLC","description":"El fundador de nuestra empresa, Mitch Sexner, comenz\u00f3 su carrera como fiscal penal, que incluye la b\u00fasqueda de justicia en casos de asalto y abuso sexual.","robots":{"index":"index","follow":"follow","max-snippet":"max-snippet:-1","max-image-preview":"max-image-preview:large","max-video-preview":"max-video-preview:-1"},"canonical":"https:\/\/chicagoinjurylawyer.net\/es\/negligencia-medica\/abuso-sexual\/","og_locale":"es_ES","og_type":"article","og_title":"Chicago Abogado del Abuso Sexual V\u00edctimas y Mala Conducta Sexual de Medico - Sexner Injury Lawyers LLC","og_description":"El fundador de nuestra empresa, Mitch Sexner, comenz\u00f3 su carrera como fiscal penal, que incluye la b\u00fasqueda de justicia en casos de asalto y abuso sexual.","og_url":"https:\/\/chicagoinjurylawyer.net\/es\/negligencia-medica\/abuso-sexual\/","og_site_name":"Sexner Injury Lawyers LLC","article_modified_time":"2021-12-06T20:56:43+00:00","og_image":[{"url":"https:\/\/chicagoinjurylawyer.net\/wp-content\/uploads\/2019\/06\/Doctor-Sexual-Misconduct-300x200.jpg","type":"","width":"","height":""}],"twitter_card":"summary_large_image","twitter_misc":{"Tiempo de lectura":"2 minutos"},"schema":{"@context":"https:\/\/schema.org","@graph":[{"@type":"WebPage","@id":"https:\/\/chicagoinjurylawyer.net\/es\/negligencia-medica\/abuso-sexual\/","url":"https:\/\/chicagoinjurylawyer.net\/es\/negligencia-medica\/abuso-sexual\/","name":"Chicago Abogado del Abuso Sexual V\u00edctimas y Mala Conducta Sexual de Medico - Sexner Injury Lawyers LLC","isPartOf":{"@id":"https:\/\/chicagoinjurylawyer.net\/es\/#website"},"datePublished":"2019-06-27T07:23:58+00:00","dateModified":"2021-12-06T20:56:43+00:00","description":"El fundador de nuestra empresa, Mitch Sexner, comenz\u00f3 su carrera como fiscal penal, que incluye la b\u00fasqueda de justicia en casos de asalto y abuso sexual.","breadcrumb":{"@id":"https:\/\/chicagoinjurylawyer.net\/es\/negligencia-medica\/abuso-sexual\/#breadcrumb"},"inLanguage":"es","potentialAction":[{"@type":"ReadAction","target":["https:\/\/chicagoinjurylawyer.net\/es\/negligencia-medica\/abuso-sexual\/"]}]},{"@type":"BreadcrumbList","@id":"https:\/\/chicagoinjurylawyer.net\/es\/negligencia-medica\/abuso-sexual\/#breadcrumb","itemListElement":[{"@type":"ListItem","position":1,"name":"Negligencia M\u00e9dica","item":"https:\/\/chicagoinjurylawyer.net\/es\/negligencia-medica\/"},{"@type":"ListItem","position":2,"name":"Mala Conducta Sexual De Medico"}]},{"@type":"WebSite","@id":"https:\/\/chicagoinjurylawyer.net\/es\/#website","url":"https:\/\/chicagoinjurylawyer.net\/es\/","name":"Sexner Injury Lawyers LLC","description":"Chicago Personal Injury Attorneys","publisher":{"@id":"https:\/\/chicagoinjurylawyer.net\/es\/#organization"},"potentialAction":[{"@type":"SearchAction","target":{"@type":"EntryPoint","urlTemplate":"https:\/\/chicagoinjurylawyer.net\/es\/?s={search_term_string}"},"query-input":{"@type":"PropertyValueSpecification","valueRequired":true,"valueName":"search_term_string"}}],"inLanguage":"es"},{"@type":"Organization","@id":"https:\/\/chicagoinjurylawyer.net\/es\/#organization","name":"[firm-name]","url":"https:\/\/chicagoinjurylawyer.net\/es\/","logo":{"@type":"ImageObject","inLanguage":"es","@id":"https:\/\/chicagoinjurylawyer.net\/es\/#\/schema\/logo\/image\/","url":"https:\/\/chicagoinjurylawyer.net\/wp-content\/uploads\/2019\/06\/msx-logo-1.png","contentUrl":"https:\/\/chicagoinjurylawyer.net\/wp-content\/uploads\/2019\/06\/msx-logo-1.png","width":180,"height":83,"caption":"[firm-name]"},"image":{"@id":"https:\/\/chicagoinjurylawyer.net\/es\/#\/schema\/logo\/image\/"}}]}},"_links":{"self":[{"href":"https:\/\/chicagoinjurylawyer.net\/es\/wp-json\/wp\/v2\/pages\/7642","targetHints":{"allow":["GET"]}}],"collection":[{"href":"https:\/\/chicagoinjurylawyer.net\/es\/wp-json\/wp\/v2\/pages"}],"about":[{"href":"https:\/\/chicagoinjurylawyer.net\/es\/wp-json\/wp\/v2\/types\/page"}],"author":[{"embeddable":true,"href":"https:\/\/chicagoinjurylawyer.net\/es\/wp-json\/wp\/v2\/users\/1"}],"replies":[{"embeddable":true,"href":"https:\/\/chicagoinjurylawyer.net\/es\/wp-json\/wp\/v2\/comments?post=7642"}],"version-history":[{"count":2,"href":"https:\/\/chicagoinjurylawyer.net\/es\/wp-json\/wp\/v2\/pages\/7642\/revisions"}],"predecessor-version":[{"id":28135,"href":"https:\/\/chicagoinjurylawyer.net\/es\/wp-json\/wp\/v2\/pages\/7642\/revisions\/28135"}],"up":[{"embeddable":true,"href":"https:\/\/chicagoinjurylawyer.net\/es\/wp-json\/wp\/v2\/pages\/7370"}],"wp:attachment":[{"href":"https:\/\/chicagoinjurylawyer.net\/es\/wp-json\/wp\/v2\/media?parent=7642"}],"curies":[{"name":"wp","href":"https:\/\/api.w.org\/{rel}","templated":true}]}}