{"id":7721,"date":"2019-06-27T08:09:42","date_gmt":"2019-06-27T08:09:42","guid":{"rendered":"http:\/\/104.197.86.120\/?page_id=7721"},"modified":"2021-12-06T14:16:45","modified_gmt":"2021-12-06T20:16:45","slug":"errores-de-hospitales-y-laboratorios","status":"publish","type":"page","link":"https:\/\/chicagoinjurylawyer.net\/es\/negligencia-medica\/errores-de-hospitales-y-laboratorios\/","title":{"rendered":"Errores de Hospitales y Laboratorios"},"content":{"rendered":"<h1>Errores de Hospitales y Laboratorios<\/h1>\n<p><img decoding=\"async\" class=\"size-medium wp-image-7722 alignright\" src=\"\/wp-content\/uploads\/2019\/06\/hospital-lab-mistake-300x200.jpg\" alt=\"Hospital Lab\" width=\"300\" height=\"200\" \/>El proceso de identificaci\u00f3n de una enfermedad en un paciente y, posteriormente, determinar el mejor curso de tratamiento a menudo requiere de pruebas de diagn\u00f3stico. Los m\u00e9dicos, asistentes m\u00e9dicos y enfermeras deben tomar decisiones cr\u00edticas sobre la base de los resultados de estas pruebas. Ya se trate de una biopsia de tejido para determinar si un paciente tiene c\u00e1ncer o un TAC para descartar una hemorragia interna, los <a href=\"\/es\/negligencia-medica\/\">profesionales m\u00e9dicos<\/a> se basan en los hospitales y los laboratorios m\u00e9dicos para proporcionar informaci\u00f3n exacta y oportuna.<\/p>\n<p>La precisi\u00f3n de los resultados de la prueba puede verse afectado cuando los protocolos de pruebas adecuados no est\u00e1n en su lugar, o los protocolos adecuados est\u00e9n en su lugar, pero no estrictamente. Si usted o un ser querido ha sido v\u00edctima de un error de laboratorio, el equipo legal en <a href=\"\/es\/\">Sexner Injury Lawyers LLC<\/a> puede ayudarle a obtener la justicia que se merece.<\/p>\n<p>En general, hay tres etapas diferentes durante el cual podr\u00edan producirse errores de laboratorio:<\/p>\n<ul>\n<li>La etapa pre-anal\u00edtica, se pueden producir los c\u00f3mo errores t\u00edtulo error de un esp\u00e9cimen<\/li>\n<li>La etapa de an\u00e1lisis, durante el cual una muestra se puede examinar incorrectamente<\/li>\n<li>La etapa post-anal\u00edtica, cuando los resultados podr\u00edan presentarse de forma incorrecta<\/li>\n<\/ul>\n<p>Durante cada etapa, hay numerosos errores que podr\u00edan hacer si los profesionales m\u00e9dicos responsables de la recogida, manipulaci\u00f3n, an\u00e1lisis y presentaci\u00f3n de informes sobre la muestra o esp\u00e9cimen del paciente no son meticulosos. Algunos errores de laboratorio m\u00e1s comunes son los siguientes:<\/p>\n<ul>\n<li>Contaminaci\u00f3n de la muestra<\/li>\n<li>T\u00e9cnicas de recolecci\u00f3n inadecuadas<\/li>\n<li>Espec\u00edmenes revueltos<\/li>\n<li>Errores en la identificaci\u00f3n<\/li>\n<li>An\u00e1lisis incorrecta<\/li>\n<\/ul>\n<p>Los m\u00e9dicos dependen de la exactitud de los resultados de laboratorio para diagnosticar eficazmente a sus pacientes y determinar el mejor curso de tratamiento. Cuando se comete un error en la obtenci\u00f3n, transporte, an\u00e1lisis o interpretaci\u00f3n de una imagen, muestra o esp\u00e9cimen podr\u00eda poner en peligro la seguridad del paciente y podr\u00eda constituir negligencia m\u00e9dica.<\/p>\n<p>Si usted o un ser querido se vio gravemente perjudicado como resultado de un error de un laboratorio m\u00e9dico o en el hospital, ll\u00e1menos hoy para una evaluaci\u00f3n gratuita sobre su caso sin compromiso. Nuestro equipo legal especializado est\u00e1 aqu\u00ed para examinar cuidadosamente los hechos de su caso y explicar sus opciones legales.<\/p>\n","protected":false},"excerpt":{"rendered":"<p>Errores de Hospitales y Laboratorios El proceso de identificaci\u00f3n de una enfermedad en un paciente y, posteriormente, determinar el mejor curso de tratamiento a menudo requiere de pruebas de diagn\u00f3stico. Los m\u00e9dicos, asistentes m\u00e9dicos y enfermeras deben tomar decisiones cr\u00edticas sobre la base de los resultados de estas pruebas. Ya se trate de una biopsia [&hellip;]<\/p>\n","protected":false},"author":1,"featured_media":0,"parent":7370,"menu_order":0,"comment_status":"closed","ping_status":"open","template":"","meta":{"_acf_changed":false,"footnotes":""},"class_list":["post-7721","page","type-page","status-publish","hentry"],"acf":[],"yoast_head":"<!-- This site is optimized with the Yoast SEO plugin v27.5 - https:\/\/yoast.com\/product\/yoast-seo-wordpress\/ -->\n<title>Errores de Hospitales y Laboratorios en Chicago - Sexner Injury Lawyers LLC<\/title>\n<meta name=\"description\" content=\"Cuando se comete un error en la obtenci\u00f3n, transporte, an\u00e1lisis o interpretaci\u00f3n de una imagen, muestra o esp\u00e9cimen podr\u00eda poner en peligro la seguridad del paciente y podr\u00eda constituir negligencia m\u00e9dica.\" \/>\n<meta name=\"robots\" content=\"index, follow, max-snippet:-1, max-image-preview:large, max-video-preview:-1\" \/>\n<link rel=\"canonical\" href=\"https:\/\/chicagoinjurylawyer.net\/es\/negligencia-medica\/errores-de-hospitales-y-laboratorios\/\" \/>\n<meta property=\"og:locale\" content=\"es_ES\" \/>\n<meta property=\"og:type\" content=\"article\" \/>\n<meta property=\"og:title\" content=\"Errores de Hospitales y Laboratorios en Chicago - Sexner Injury Lawyers LLC\" \/>\n<meta property=\"og:description\" content=\"Cuando se comete un error en la obtenci\u00f3n, transporte, an\u00e1lisis o interpretaci\u00f3n de una imagen, muestra o esp\u00e9cimen podr\u00eda poner en peligro la seguridad del paciente y podr\u00eda constituir negligencia m\u00e9dica.\" \/>\n<meta property=\"og:url\" content=\"https:\/\/chicagoinjurylawyer.net\/es\/negligencia-medica\/errores-de-hospitales-y-laboratorios\/\" \/>\n<meta property=\"og:site_name\" content=\"Sexner Injury Lawyers LLC\" \/>\n<meta property=\"article:modified_time\" content=\"2021-12-06T20:16:45+00:00\" \/>\n<meta property=\"og:image\" content=\"https:\/\/chicagoinjurylawyer.net\/wp-content\/uploads\/2019\/06\/hospital-lab-mistake-300x200.jpg\" \/>\n<meta name=\"twitter:card\" content=\"summary_large_image\" \/>\n<meta name=\"twitter:label1\" content=\"Tiempo de lectura\" \/>\n\t<meta name=\"twitter:data1\" content=\"2 minutos\" \/>\n<!-- \/ Yoast SEO plugin. -->","yoast_head_json":{"title":"Errores de Hospitales y Laboratorios en Chicago - Sexner Injury Lawyers LLC","description":"Cuando se comete un error en la obtenci\u00f3n, transporte, an\u00e1lisis o interpretaci\u00f3n de una imagen, muestra o esp\u00e9cimen podr\u00eda poner en peligro la seguridad del paciente y podr\u00eda constituir negligencia m\u00e9dica.","robots":{"index":"index","follow":"follow","max-snippet":"max-snippet:-1","max-image-preview":"max-image-preview:large","max-video-preview":"max-video-preview:-1"},"canonical":"https:\/\/chicagoinjurylawyer.net\/es\/negligencia-medica\/errores-de-hospitales-y-laboratorios\/","og_locale":"es_ES","og_type":"article","og_title":"Errores de Hospitales y Laboratorios en Chicago - Sexner Injury Lawyers LLC","og_description":"Cuando se comete un error en la obtenci\u00f3n, transporte, an\u00e1lisis o interpretaci\u00f3n de una imagen, muestra o esp\u00e9cimen podr\u00eda poner en peligro la seguridad del paciente y podr\u00eda constituir negligencia m\u00e9dica.","og_url":"https:\/\/chicagoinjurylawyer.net\/es\/negligencia-medica\/errores-de-hospitales-y-laboratorios\/","og_site_name":"Sexner Injury Lawyers LLC","article_modified_time":"2021-12-06T20:16:45+00:00","og_image":[{"url":"https:\/\/chicagoinjurylawyer.net\/wp-content\/uploads\/2019\/06\/hospital-lab-mistake-300x200.jpg","type":"","width":"","height":""}],"twitter_card":"summary_large_image","twitter_misc":{"Tiempo de lectura":"2 minutos"},"schema":{"@context":"https:\/\/schema.org","@graph":[{"@type":"WebPage","@id":"https:\/\/chicagoinjurylawyer.net\/es\/negligencia-medica\/errores-de-hospitales-y-laboratorios\/","url":"https:\/\/chicagoinjurylawyer.net\/es\/negligencia-medica\/errores-de-hospitales-y-laboratorios\/","name":"Errores de Hospitales y Laboratorios en Chicago - Sexner Injury Lawyers LLC","isPartOf":{"@id":"https:\/\/chicagoinjurylawyer.net\/es\/#website"},"datePublished":"2019-06-27T08:09:42+00:00","dateModified":"2021-12-06T20:16:45+00:00","description":"Cuando se comete un error en la obtenci\u00f3n, transporte, an\u00e1lisis o interpretaci\u00f3n de una imagen, muestra o esp\u00e9cimen podr\u00eda poner en peligro la seguridad del paciente y podr\u00eda constituir negligencia m\u00e9dica.","breadcrumb":{"@id":"https:\/\/chicagoinjurylawyer.net\/es\/negligencia-medica\/errores-de-hospitales-y-laboratorios\/#breadcrumb"},"inLanguage":"es","potentialAction":[{"@type":"ReadAction","target":["https:\/\/chicagoinjurylawyer.net\/es\/negligencia-medica\/errores-de-hospitales-y-laboratorios\/"]}]},{"@type":"BreadcrumbList","@id":"https:\/\/chicagoinjurylawyer.net\/es\/negligencia-medica\/errores-de-hospitales-y-laboratorios\/#breadcrumb","itemListElement":[{"@type":"ListItem","position":1,"name":"Negligencia M\u00e9dica","item":"https:\/\/chicagoinjurylawyer.net\/es\/negligencia-medica\/"},{"@type":"ListItem","position":2,"name":"Errores de Hospitales y Laboratorios"}]},{"@type":"WebSite","@id":"https:\/\/chicagoinjurylawyer.net\/es\/#website","url":"https:\/\/chicagoinjurylawyer.net\/es\/","name":"Sexner Injury Lawyers LLC","description":"Chicago Personal Injury Attorneys","publisher":{"@id":"https:\/\/chicagoinjurylawyer.net\/es\/#organization"},"potentialAction":[{"@type":"SearchAction","target":{"@type":"EntryPoint","urlTemplate":"https:\/\/chicagoinjurylawyer.net\/es\/?s={search_term_string}"},"query-input":{"@type":"PropertyValueSpecification","valueRequired":true,"valueName":"search_term_string"}}],"inLanguage":"es"},{"@type":"Organization","@id":"https:\/\/chicagoinjurylawyer.net\/es\/#organization","name":"[firm-name]","url":"https:\/\/chicagoinjurylawyer.net\/es\/","logo":{"@type":"ImageObject","inLanguage":"es","@id":"https:\/\/chicagoinjurylawyer.net\/es\/#\/schema\/logo\/image\/","url":"https:\/\/chicagoinjurylawyer.net\/wp-content\/uploads\/2019\/06\/msx-logo-1.png","contentUrl":"https:\/\/chicagoinjurylawyer.net\/wp-content\/uploads\/2019\/06\/msx-logo-1.png","width":180,"height":83,"caption":"[firm-name]"},"image":{"@id":"https:\/\/chicagoinjurylawyer.net\/es\/#\/schema\/logo\/image\/"}}]}},"_links":{"self":[{"href":"https:\/\/chicagoinjurylawyer.net\/es\/wp-json\/wp\/v2\/pages\/7721","targetHints":{"allow":["GET"]}}],"collection":[{"href":"https:\/\/chicagoinjurylawyer.net\/es\/wp-json\/wp\/v2\/pages"}],"about":[{"href":"https:\/\/chicagoinjurylawyer.net\/es\/wp-json\/wp\/v2\/types\/page"}],"author":[{"embeddable":true,"href":"https:\/\/chicagoinjurylawyer.net\/es\/wp-json\/wp\/v2\/users\/1"}],"replies":[{"embeddable":true,"href":"https:\/\/chicagoinjurylawyer.net\/es\/wp-json\/wp\/v2\/comments?post=7721"}],"version-history":[{"count":6,"href":"https:\/\/chicagoinjurylawyer.net\/es\/wp-json\/wp\/v2\/pages\/7721\/revisions"}],"predecessor-version":[{"id":32605,"href":"https:\/\/chicagoinjurylawyer.net\/es\/wp-json\/wp\/v2\/pages\/7721\/revisions\/32605"}],"up":[{"embeddable":true,"href":"https:\/\/chicagoinjurylawyer.net\/es\/wp-json\/wp\/v2\/pages\/7370"}],"wp:attachment":[{"href":"https:\/\/chicagoinjurylawyer.net\/es\/wp-json\/wp\/v2\/media?parent=7721"}],"curies":[{"name":"wp","href":"https:\/\/api.w.org\/{rel}","templated":true}]}}