{"id":7725,"date":"2019-06-27T08:17:15","date_gmt":"2019-06-27T08:17:15","guid":{"rendered":"http:\/\/104.197.86.120\/?page_id=7725"},"modified":"2022-01-05T17:01:57","modified_gmt":"2022-01-05T23:01:57","slug":"errores-iv","status":"publish","type":"page","link":"https:\/\/chicagoinjurylawyer.net\/es\/negligencia-medica\/errores-iv\/","title":{"rendered":"Errores IV"},"content":{"rendered":"<h1>Abogado de Errores IV en Chicago<\/h1>\n<h2>Errores IV<\/h2>\n<p><img decoding=\"async\" class=\"size-medium wp-image-7726 alignright\" src=\"\/wp-content\/uploads\/2019\/06\/iv-errors-300x200.jpg\" alt=\"IV\" width=\"300\" height=\"200\" \/>Desde el c\u00e1ncer hasta la esclerosis m\u00faltiple, la osteoporosis a la artritis reumatoide, m\u00faltiples enfermedades se tratan con medicamentos v\u00eda intravenosa (IV). Para un n\u00famero de diferentes condiciones m\u00e9dicas, IVs suelen ser la forma m\u00e1s r\u00e1pida y m\u00e1s eficaz de entregar medicamentos o l\u00edquidos vitales en el cuerpo de un paciente. Pero como con cualquier tratamiento m\u00e9dico, existen riesgos.<\/p>\n<p>Para minimizar los riesgos, los m\u00e9dicos y las enfermeras deben ser meticulosos en el tratamiento de cualquier paciente que est\u00e9 recibiendo terapia intravenosa ya que las complicaciones podr\u00edan someter al paciente a una lesi\u00f3n mayor, y en algunos casos, pueden ser fatales. Algunas de las lesiones m\u00e1s comunes que se derivan de una administraci\u00f3n inadecuada de medicamentos IV son los siguientes:<\/p>\n<ul>\n<li>Infecci\u00f3n en el sitio de la inyecci\u00f3n con una jeringa o el cat\u00e9ter<\/li>\n<li>Flebitis (inflamaci\u00f3n de las venas) u otros tipos de da\u00f1os a las venas debido a la medicaci\u00f3n que se administra demasiado r\u00e1pida<\/li>\n<li>Infiltraci\u00f3n, lo que puede suceder si el medicamento entra en el tejido circundante en vez de entrar en el torrente sangu\u00edneo como se pretend\u00eda<\/li>\n<li>Embolia, lo que ocurre cuando el aire entra en el torrente sangu\u00edneo y se mueve a trav\u00e9s del cuerpo, causando graves problemas circulatorios<\/li>\n<li>Co\u00e1gulos de sangre<\/li>\n<li>Profunda trombosis venosa<\/li>\n<li>Reacciones al\u00e9rgicas al medicamento<\/li>\n<\/ul>\n<p>Cada vez que se produce una de estas situaciones de peligro, podr\u00eda ser el resultado de la negligencia m\u00e9dica. Si usted o un ser querido ha sido lesionado por un error IV, el equipo legal de <a href=\"\/es\/\">Sexner Injury Lawyers LLC<\/a> quiere ayudar a proteger sus derechos.<\/p>\n<p>Entendemos que usted puede sentirse abrumado e inseguro acerca de d\u00f3nde acudir. Usted podr\u00eda estar seguro de si la lesi\u00f3n que experimento constituye a negligencia m\u00e9dica. <a href=\"\/es\/contactenos\/\">Ll\u00e1menos hoy<\/a> para una consulta gratuita y sin compromiso, revisaremos los hechos de su caso y ayudaremos a determinar si usted fue v\u00edctima de <a href=\"\/es\/negligencia-medica\/\">negligencia m\u00e9dica.<\/a><\/p>\n","protected":false},"excerpt":{"rendered":"<p>Abogado de Errores IV en Chicago Errores IV Desde el c\u00e1ncer hasta la esclerosis m\u00faltiple, la osteoporosis a la artritis reumatoide, m\u00faltiples enfermedades se tratan con medicamentos v\u00eda intravenosa (IV). Para un n\u00famero de diferentes condiciones m\u00e9dicas, IVs suelen ser la forma m\u00e1s r\u00e1pida y m\u00e1s eficaz de entregar medicamentos o l\u00edquidos vitales en el [&hellip;]<\/p>\n","protected":false},"author":1,"featured_media":0,"parent":7370,"menu_order":0,"comment_status":"closed","ping_status":"open","template":"","meta":{"_acf_changed":false,"footnotes":""},"class_list":["post-7725","page","type-page","status-publish","hentry"],"acf":[],"yoast_head":"<!-- This site is optimized with the Yoast SEO plugin v27.4 - https:\/\/yoast.com\/product\/yoast-seo-wordpress\/ -->\n<title>Abogado de Errores IV en Chicago - Sexner Injury Lawyers LLC<\/title>\n<meta name=\"description\" content=\"Si usted o un ser querido ha sido lesionado por un error IV, el equipo legal de Sexner Injury Lawyers LLC quiere ayudar a proteger sus derechos.\" \/>\n<meta name=\"robots\" content=\"index, follow, max-snippet:-1, max-image-preview:large, max-video-preview:-1\" \/>\n<link rel=\"canonical\" href=\"https:\/\/chicagoinjurylawyer.net\/es\/negligencia-medica\/errores-iv\/\" \/>\n<meta property=\"og:locale\" content=\"es_ES\" \/>\n<meta property=\"og:type\" content=\"article\" \/>\n<meta property=\"og:title\" content=\"Abogado de Errores IV en Chicago - Sexner Injury Lawyers LLC\" \/>\n<meta property=\"og:description\" content=\"Si usted o un ser querido ha sido lesionado por un error IV, el equipo legal de Sexner Injury Lawyers LLC quiere ayudar a proteger sus derechos.\" \/>\n<meta property=\"og:url\" content=\"https:\/\/chicagoinjurylawyer.net\/es\/negligencia-medica\/errores-iv\/\" \/>\n<meta property=\"og:site_name\" content=\"Sexner Injury Lawyers LLC\" \/>\n<meta property=\"article:modified_time\" content=\"2022-01-05T23:01:57+00:00\" \/>\n<meta property=\"og:image\" content=\"https:\/\/chicagoinjurylawyer.net\/wp-content\/uploads\/2019\/06\/iv-errors-300x200.jpg\" \/>\n<meta name=\"twitter:card\" content=\"summary_large_image\" \/>\n<meta name=\"twitter:label1\" content=\"Tiempo de lectura\" \/>\n\t<meta name=\"twitter:data1\" content=\"2 minutos\" \/>\n<!-- \/ Yoast SEO plugin. -->","yoast_head_json":{"title":"Abogado de Errores IV en Chicago - Sexner Injury Lawyers LLC","description":"Si usted o un ser querido ha sido lesionado por un error IV, el equipo legal de Sexner Injury Lawyers LLC quiere ayudar a proteger sus derechos.","robots":{"index":"index","follow":"follow","max-snippet":"max-snippet:-1","max-image-preview":"max-image-preview:large","max-video-preview":"max-video-preview:-1"},"canonical":"https:\/\/chicagoinjurylawyer.net\/es\/negligencia-medica\/errores-iv\/","og_locale":"es_ES","og_type":"article","og_title":"Abogado de Errores IV en Chicago - Sexner Injury Lawyers LLC","og_description":"Si usted o un ser querido ha sido lesionado por un error IV, el equipo legal de Sexner Injury Lawyers LLC quiere ayudar a proteger sus derechos.","og_url":"https:\/\/chicagoinjurylawyer.net\/es\/negligencia-medica\/errores-iv\/","og_site_name":"Sexner Injury Lawyers LLC","article_modified_time":"2022-01-05T23:01:57+00:00","og_image":[{"url":"https:\/\/chicagoinjurylawyer.net\/wp-content\/uploads\/2019\/06\/iv-errors-300x200.jpg","type":"","width":"","height":""}],"twitter_card":"summary_large_image","twitter_misc":{"Tiempo de lectura":"2 minutos"},"schema":{"@context":"https:\/\/schema.org","@graph":[{"@type":"WebPage","@id":"https:\/\/chicagoinjurylawyer.net\/es\/negligencia-medica\/errores-iv\/","url":"https:\/\/chicagoinjurylawyer.net\/es\/negligencia-medica\/errores-iv\/","name":"Abogado de Errores IV en Chicago - Sexner Injury Lawyers LLC","isPartOf":{"@id":"https:\/\/chicagoinjurylawyer.net\/es\/#website"},"datePublished":"2019-06-27T08:17:15+00:00","dateModified":"2022-01-05T23:01:57+00:00","description":"Si usted o un ser querido ha sido lesionado por un error IV, el equipo legal de [firm-name] quiere ayudar a proteger sus derechos.","breadcrumb":{"@id":"https:\/\/chicagoinjurylawyer.net\/es\/negligencia-medica\/errores-iv\/#breadcrumb"},"inLanguage":"es","potentialAction":[{"@type":"ReadAction","target":["https:\/\/chicagoinjurylawyer.net\/es\/negligencia-medica\/errores-iv\/"]}]},{"@type":"BreadcrumbList","@id":"https:\/\/chicagoinjurylawyer.net\/es\/negligencia-medica\/errores-iv\/#breadcrumb","itemListElement":[{"@type":"ListItem","position":1,"name":"Negligencia M\u00e9dica","item":"https:\/\/chicagoinjurylawyer.net\/es\/negligencia-medica\/"},{"@type":"ListItem","position":2,"name":"Errores IV"}]},{"@type":"WebSite","@id":"https:\/\/chicagoinjurylawyer.net\/es\/#website","url":"https:\/\/chicagoinjurylawyer.net\/es\/","name":"Sexner Injury Lawyers LLC","description":"Chicago Personal Injury Attorneys","publisher":{"@id":"https:\/\/chicagoinjurylawyer.net\/es\/#organization"},"potentialAction":[{"@type":"SearchAction","target":{"@type":"EntryPoint","urlTemplate":"https:\/\/chicagoinjurylawyer.net\/es\/?s={search_term_string}"},"query-input":{"@type":"PropertyValueSpecification","valueRequired":true,"valueName":"search_term_string"}}],"inLanguage":"es"},{"@type":"Organization","@id":"https:\/\/chicagoinjurylawyer.net\/es\/#organization","name":"[firm-name]","url":"https:\/\/chicagoinjurylawyer.net\/es\/","logo":{"@type":"ImageObject","inLanguage":"es","@id":"https:\/\/chicagoinjurylawyer.net\/es\/#\/schema\/logo\/image\/","url":"https:\/\/chicagoinjurylawyer.net\/wp-content\/uploads\/2019\/06\/msx-logo-1.png","contentUrl":"https:\/\/chicagoinjurylawyer.net\/wp-content\/uploads\/2019\/06\/msx-logo-1.png","width":180,"height":83,"caption":"[firm-name]"},"image":{"@id":"https:\/\/chicagoinjurylawyer.net\/es\/#\/schema\/logo\/image\/"}}]}},"_links":{"self":[{"href":"https:\/\/chicagoinjurylawyer.net\/es\/wp-json\/wp\/v2\/pages\/7725","targetHints":{"allow":["GET"]}}],"collection":[{"href":"https:\/\/chicagoinjurylawyer.net\/es\/wp-json\/wp\/v2\/pages"}],"about":[{"href":"https:\/\/chicagoinjurylawyer.net\/es\/wp-json\/wp\/v2\/types\/page"}],"author":[{"embeddable":true,"href":"https:\/\/chicagoinjurylawyer.net\/es\/wp-json\/wp\/v2\/users\/1"}],"replies":[{"embeddable":true,"href":"https:\/\/chicagoinjurylawyer.net\/es\/wp-json\/wp\/v2\/comments?post=7725"}],"version-history":[{"count":5,"href":"https:\/\/chicagoinjurylawyer.net\/es\/wp-json\/wp\/v2\/pages\/7725\/revisions"}],"predecessor-version":[{"id":32879,"href":"https:\/\/chicagoinjurylawyer.net\/es\/wp-json\/wp\/v2\/pages\/7725\/revisions\/32879"}],"up":[{"embeddable":true,"href":"https:\/\/chicagoinjurylawyer.net\/es\/wp-json\/wp\/v2\/pages\/7370"}],"wp:attachment":[{"href":"https:\/\/chicagoinjurylawyer.net\/es\/wp-json\/wp\/v2\/media?parent=7725"}],"curies":[{"name":"wp","href":"https:\/\/api.w.org\/{rel}","templated":true}]}}