{"id":7729,"date":"2019-06-27T08:24:43","date_gmt":"2019-06-27T08:24:43","guid":{"rendered":"http:\/\/104.197.86.120\/?page_id=7729"},"modified":"2022-01-05T15:32:01","modified_gmt":"2022-01-05T21:32:01","slug":"paralisis-de-klumpke-y-erb","status":"publish","type":"page","link":"https:\/\/chicagoinjurylawyer.net\/es\/negligencia-medica\/lesiones-de-nacimiento\/paralisis-de-klumpke-y-erb\/","title":{"rendered":"Par\u00e1lisis De Klumpke Y Par\u00e1lisis De Erb"},"content":{"rendered":"<h1>Par\u00e1lisis de Klumpke y par\u00e1lisis de Erb en Chicago<\/h1>\n<p><img decoding=\"async\" class=\"size-medium wp-image-7730 alignright\" src=\"\/wp-content\/uploads\/2019\/06\/Erbs-Klumpkes-Palsy-300x200.jpg\" alt=\"Infant Hand\" width=\"300\" height=\"200\" \/>La mayor\u00eda de las mujeres embarazadas toman todas las precauciones posibles para asegurarse que sus beb\u00e9s nazcan sanos. Profesionales de la medicina elijen vitaminas prenatales para ayudar a sus pacientes en el embarazo y parto. Por lo general, toda esta atenci\u00f3n prenatal se convierte en un beb\u00e9 sano y feliz. Sin embargo, a veces las lesiones en el parto ocurren no porque la madre no hizo lo suficiente para prevenirlas, si no a causa de la negligencia de los proveedores de atenci\u00f3n de salud. Dos lesiones comunes con el parto son la par\u00e1lisis de Erb, que se refiere a la par\u00e1lisis en el brazo superior e inferior, y Klumpke par\u00e1lisis, que se refiere a la par\u00e1lisis en la mano.<\/p>\n<p>Tanto el par\u00e1lisis de Erb y la par\u00e1lisis de Klumpke son el resultado de lesiones a un grupo de nervios llamado plexo braquial. Estos nervios se localizan alrededor del hombro, y pueden ser da\u00f1ados durante el parto en las siguientes situaciones:<\/p>\n<ul>\n<li>La cabeza y el cuello del beb\u00e9 se tiraron hacia el lado que los hombros emergen.<\/li>\n<li>El beb\u00e9 se est\u00e1 entregando la cabeza por delante, pero el m\u00e9dico o la enfermera tira de los hombros del beb\u00e9 durante el parto.<\/li>\n<li>Hay una presi\u00f3n excesiva sobre los hombros del beb\u00e9 y cuando \u00e9l se est\u00e1 entregando los pies por delante.<\/li>\n<\/ul>\n<p>En cada una de estas situaciones, es a criterio del m\u00e9dico o partera evitar la lesi\u00f3n, no la madre. En caso de un parto de nalgas, un beb\u00e9 especialmente grande o un beb\u00e9 cuyos hombros son atrapados, depende del profesional m\u00e9dico para saber c\u00f3mo proceder mejor para un parto seguro. Si el m\u00e9dico o la partera no saben qu\u00e9 hacer, no est\u00e1 prestando suficiente atenci\u00f3n, o es negligente, el beb\u00e9 podr\u00eda terminar gravemente herido. Aunque en casos leves de par\u00e1lisis de Erb o Klumpke la recuperaci\u00f3n total es posible con rehabilitaci\u00f3n de menor importancia. En los casos m\u00e1s severos la cirug\u00eda puede ser necesaria. Incluso despu\u00e9s de la cirug\u00eda, una recuperaci\u00f3n completa puede ser imposible dejando la calidad de vida de su hijo afectada de forma permanente.<\/p>\n<p>Si su hijo tiene par\u00e1lisis de Erb o par\u00e1lisis de Klumpke, usted y su beb\u00e9 podr\u00edan haber sido v\u00edctimas de negligencia m\u00e9dica. Podemos ayudar a investigar su caso y determinar el mejor curso de acci\u00f3n.<\/p>\n<p>Contamos con una red de abogados que manejan casos de <a href=\"\/es\/negligencia-medica\/\">negligencia m\u00e9dica<\/a>, incluyendo casos con lesiones durante el parto y trauma del nacimiento. P\u00f3ngase en contacto con nosotros para recibir una evaluaci\u00f3n gratuita sobre su caso. No hay obligaci\u00f3n, ni honorarios a menos que ganemos su caso a trav\u00e9s de un veredicto o arreglo.<\/p>\n","protected":false},"excerpt":{"rendered":"<p>Par\u00e1lisis de Klumpke y par\u00e1lisis de Erb en Chicago La mayor\u00eda de las mujeres embarazadas toman todas las precauciones posibles para asegurarse que sus beb\u00e9s nazcan sanos. Profesionales de la medicina elijen vitaminas prenatales para ayudar a sus pacientes en el embarazo y parto. Por lo general, toda esta atenci\u00f3n prenatal se convierte en un [&hellip;]<\/p>\n","protected":false},"author":1,"featured_media":0,"parent":7394,"menu_order":0,"comment_status":"closed","ping_status":"open","template":"","meta":{"_acf_changed":false,"footnotes":""},"class_list":["post-7729","page","type-page","status-publish","hentry"],"acf":[],"yoast_head":"<!-- This site is optimized with the Yoast SEO plugin v27.3 - https:\/\/yoast.com\/product\/yoast-seo-wordpress\/ -->\n<title>Chicago Abogado de Par\u00e1lisis de Klumpke y par\u00e1lisis de Erb - Sexner Injury Lawyers LLC<\/title>\n<meta name=\"description\" content=\"Si su hijo tiene par\u00e1lisis de Erb o par\u00e1lisis de Klumpke, usted y su beb\u00e9 podr\u00edan haber sido v\u00edctimas de negligencia m\u00e9dica.\" \/>\n<meta name=\"robots\" content=\"index, follow, max-snippet:-1, max-image-preview:large, max-video-preview:-1\" \/>\n<link rel=\"canonical\" href=\"https:\/\/chicagoinjurylawyer.net\/es\/negligencia-medica\/lesiones-de-nacimiento\/paralisis-de-klumpke-y-erb\/\" \/>\n<meta property=\"og:locale\" content=\"es_ES\" \/>\n<meta property=\"og:type\" content=\"article\" \/>\n<meta property=\"og:title\" content=\"Chicago Abogado de Par\u00e1lisis de Klumpke y par\u00e1lisis de Erb - Sexner Injury Lawyers LLC\" \/>\n<meta property=\"og:description\" content=\"Si su hijo tiene par\u00e1lisis de Erb o par\u00e1lisis de Klumpke, usted y su beb\u00e9 podr\u00edan haber sido v\u00edctimas de negligencia m\u00e9dica.\" \/>\n<meta property=\"og:url\" content=\"https:\/\/chicagoinjurylawyer.net\/es\/negligencia-medica\/lesiones-de-nacimiento\/paralisis-de-klumpke-y-erb\/\" \/>\n<meta property=\"og:site_name\" content=\"Sexner Injury Lawyers LLC\" \/>\n<meta property=\"article:modified_time\" content=\"2022-01-05T21:32:01+00:00\" \/>\n<meta property=\"og:image\" content=\"https:\/\/chicagoinjurylawyer.net\/wp-content\/uploads\/2019\/06\/Erbs-Klumpkes-Palsy-300x200.jpg\" \/>\n<meta name=\"twitter:card\" content=\"summary_large_image\" \/>\n<meta name=\"twitter:label1\" content=\"Tiempo de lectura\" \/>\n\t<meta name=\"twitter:data1\" content=\"2 minutos\" \/>\n<!-- \/ Yoast SEO plugin. -->","yoast_head_json":{"title":"Chicago Abogado de Par\u00e1lisis de Klumpke y par\u00e1lisis de Erb - Sexner Injury Lawyers LLC","description":"Si su hijo tiene par\u00e1lisis de Erb o par\u00e1lisis de Klumpke, usted y su beb\u00e9 podr\u00edan haber sido v\u00edctimas de negligencia m\u00e9dica.","robots":{"index":"index","follow":"follow","max-snippet":"max-snippet:-1","max-image-preview":"max-image-preview:large","max-video-preview":"max-video-preview:-1"},"canonical":"https:\/\/chicagoinjurylawyer.net\/es\/negligencia-medica\/lesiones-de-nacimiento\/paralisis-de-klumpke-y-erb\/","og_locale":"es_ES","og_type":"article","og_title":"Chicago Abogado de Par\u00e1lisis de Klumpke y par\u00e1lisis de Erb - Sexner Injury Lawyers LLC","og_description":"Si su hijo tiene par\u00e1lisis de Erb o par\u00e1lisis de Klumpke, usted y su beb\u00e9 podr\u00edan haber sido v\u00edctimas de negligencia m\u00e9dica.","og_url":"https:\/\/chicagoinjurylawyer.net\/es\/negligencia-medica\/lesiones-de-nacimiento\/paralisis-de-klumpke-y-erb\/","og_site_name":"Sexner Injury Lawyers LLC","article_modified_time":"2022-01-05T21:32:01+00:00","og_image":[{"url":"https:\/\/chicagoinjurylawyer.net\/wp-content\/uploads\/2019\/06\/Erbs-Klumpkes-Palsy-300x200.jpg","type":"","width":"","height":""}],"twitter_card":"summary_large_image","twitter_misc":{"Tiempo de lectura":"2 minutos"},"schema":{"@context":"https:\/\/schema.org","@graph":[{"@type":"WebPage","@id":"https:\/\/chicagoinjurylawyer.net\/es\/negligencia-medica\/lesiones-de-nacimiento\/paralisis-de-klumpke-y-erb\/","url":"https:\/\/chicagoinjurylawyer.net\/es\/negligencia-medica\/lesiones-de-nacimiento\/paralisis-de-klumpke-y-erb\/","name":"Chicago Abogado de Par\u00e1lisis de Klumpke y par\u00e1lisis de Erb - Sexner Injury Lawyers LLC","isPartOf":{"@id":"https:\/\/chicagoinjurylawyer.net\/es\/#website"},"datePublished":"2019-06-27T08:24:43+00:00","dateModified":"2022-01-05T21:32:01+00:00","description":"Si su hijo tiene par\u00e1lisis de Erb o par\u00e1lisis de Klumpke, usted y su beb\u00e9 podr\u00edan haber sido v\u00edctimas de negligencia m\u00e9dica.","breadcrumb":{"@id":"https:\/\/chicagoinjurylawyer.net\/es\/negligencia-medica\/lesiones-de-nacimiento\/paralisis-de-klumpke-y-erb\/#breadcrumb"},"inLanguage":"es","potentialAction":[{"@type":"ReadAction","target":["https:\/\/chicagoinjurylawyer.net\/es\/negligencia-medica\/lesiones-de-nacimiento\/paralisis-de-klumpke-y-erb\/"]}]},{"@type":"BreadcrumbList","@id":"https:\/\/chicagoinjurylawyer.net\/es\/negligencia-medica\/lesiones-de-nacimiento\/paralisis-de-klumpke-y-erb\/#breadcrumb","itemListElement":[{"@type":"ListItem","position":1,"name":"Negligencia M\u00e9dica","item":"https:\/\/chicagoinjurylawyer.net\/es\/negligencia-medica\/"},{"@type":"ListItem","position":2,"name":"Lesiones De Nacimiento","item":"https:\/\/chicagoinjurylawyer.net\/es\/negligencia-medica\/lesiones-de-nacimiento\/"},{"@type":"ListItem","position":3,"name":"Par\u00e1lisis De Klumpke Y Par\u00e1lisis De Erb"}]},{"@type":"WebSite","@id":"https:\/\/chicagoinjurylawyer.net\/es\/#website","url":"https:\/\/chicagoinjurylawyer.net\/es\/","name":"Sexner Injury Lawyers LLC","description":"Chicago Personal Injury Attorneys","publisher":{"@id":"https:\/\/chicagoinjurylawyer.net\/es\/#organization"},"potentialAction":[{"@type":"SearchAction","target":{"@type":"EntryPoint","urlTemplate":"https:\/\/chicagoinjurylawyer.net\/es\/?s={search_term_string}"},"query-input":{"@type":"PropertyValueSpecification","valueRequired":true,"valueName":"search_term_string"}}],"inLanguage":"es"},{"@type":"Organization","@id":"https:\/\/chicagoinjurylawyer.net\/es\/#organization","name":"[firm-name]","url":"https:\/\/chicagoinjurylawyer.net\/es\/","logo":{"@type":"ImageObject","inLanguage":"es","@id":"https:\/\/chicagoinjurylawyer.net\/es\/#\/schema\/logo\/image\/","url":"https:\/\/chicagoinjurylawyer.net\/wp-content\/uploads\/2019\/06\/msx-logo-1.png","contentUrl":"https:\/\/chicagoinjurylawyer.net\/wp-content\/uploads\/2019\/06\/msx-logo-1.png","width":180,"height":83,"caption":"[firm-name]"},"image":{"@id":"https:\/\/chicagoinjurylawyer.net\/es\/#\/schema\/logo\/image\/"}}]}},"_links":{"self":[{"href":"https:\/\/chicagoinjurylawyer.net\/es\/wp-json\/wp\/v2\/pages\/7729","targetHints":{"allow":["GET"]}}],"collection":[{"href":"https:\/\/chicagoinjurylawyer.net\/es\/wp-json\/wp\/v2\/pages"}],"about":[{"href":"https:\/\/chicagoinjurylawyer.net\/es\/wp-json\/wp\/v2\/types\/page"}],"author":[{"embeddable":true,"href":"https:\/\/chicagoinjurylawyer.net\/es\/wp-json\/wp\/v2\/users\/1"}],"replies":[{"embeddable":true,"href":"https:\/\/chicagoinjurylawyer.net\/es\/wp-json\/wp\/v2\/comments?post=7729"}],"version-history":[{"count":5,"href":"https:\/\/chicagoinjurylawyer.net\/es\/wp-json\/wp\/v2\/pages\/7729\/revisions"}],"predecessor-version":[{"id":32602,"href":"https:\/\/chicagoinjurylawyer.net\/es\/wp-json\/wp\/v2\/pages\/7729\/revisions\/32602"}],"up":[{"embeddable":true,"href":"https:\/\/chicagoinjurylawyer.net\/es\/wp-json\/wp\/v2\/pages\/7394"}],"wp:attachment":[{"href":"https:\/\/chicagoinjurylawyer.net\/es\/wp-json\/wp\/v2\/media?parent=7729"}],"curies":[{"name":"wp","href":"https:\/\/api.w.org\/{rel}","templated":true}]}}