{"id":7734,"date":"2019-06-27T08:35:14","date_gmt":"2019-06-27T08:35:14","guid":{"rendered":"http:\/\/104.197.86.120\/?page_id=7734"},"modified":"2021-12-06T14:59:00","modified_gmt":"2021-12-06T20:59:00","slug":"ginecologia","status":"publish","type":"page","link":"https:\/\/chicagoinjurylawyer.net\/es\/negligencia-medica\/ginecologia\/","title":{"rendered":"Negligencia De Ginecolog\u00eda"},"content":{"rendered":"<h1>Abogados de Negligencia de Ginecolog\u00eda en Chicago<\/h1>\n<p><img decoding=\"async\" class=\"size-medium wp-image-7735 alignright\" src=\"\/wp-content\/uploads\/2019\/06\/Ob-Gyn-Errors-300x200.jpg\" alt=\"OB Device\" width=\"300\" height=\"200\" \/>Pocos m\u00e9dicos tienen un papel m\u00e1s cr\u00edtico en la salud de las mujeres que los obstetras y ginec\u00f3logos. Obstetras \/ ginec\u00f3logos tratan a las mujeres desde el momento en que son adolescentes a trav\u00e9s de la vejez. Son especialistas en su bienestar reproductivo, control de en el embarazo, al igual que en la esterilizaci\u00f3n con el c\u00e1ncer cervical. Las mujeres dan una gran confianza en estos profesionales. Sin embargo, 11% de las denuncias por <a href=\"\/es\/negligencia-medica\/\">negligencia m\u00e9dica<\/a> en el 2012 estuvieron relacionadas con la obstetricia, a veces las normas de atenci\u00f3n no se respetan como deber\u00edan ser.<\/p>\n<p>Debido a que los obstetras \/ ginec\u00f3logos son responsables de muchos aspectos en la salud reproductiva de la mujer, hay muchas maneras en las que un m\u00e9dico negligente o descuidado puede fallar a sus pacientes, y, posiblemente, hasta a los hijos de estos. Errores comunes realizados por obstetras \/ ginec\u00f3logos incluyen:<\/p>\n<ul>\n<li>Atenci\u00f3n incompleta, como la insuficiencia de diagnosticar con precisi\u00f3n las enfermedades de transmisi\u00f3n sexual o hacer pruebas de Papanicolaou regulares<\/li>\n<li>Lesiones del embarazo, tales como la falta de diagn\u00f3stico de defectos del embarazo o del nacimiento ect\u00f3pico<\/li>\n<li>Lesiones del parto, como las lesiones a la madre o al beb\u00e9 durante el parto de una ces\u00e1rea tard\u00eda o el uso inadecuado de f\u00f3rceps o el vac\u00edo<\/li>\n<li>C\u00e1ncer sin diagnosticar de los \u00f3rganos reproductivos<\/li>\n<li>Da\u00f1o a los \u00f3rganos reproductivos durante la cirug\u00eda<\/li>\n<\/ul>\n<p>Cuando profesionales de la salud cometen errores, podr\u00eda traer consecuencias devastadoras para la paciente y su familia. Queremos proteger sus derechos si usted o un ser querido ha sido lesionado por negligencia de un obstetra \/ ginec\u00f3logo en <a href=\"\/es\/\">Sexner Injury Lawyers LLC<\/a>.<\/p>\n<p>Es importante que los obstetras \/ ginec\u00f3logos sean a todos los detalles de la historia cl\u00ednica de la mujer y la atenci\u00f3n que requiere. Cuando eso falla a suceder, sabemos c\u00f3mo lograr que las partes responsables sean culpadas.<\/p>\n<p>Nuestra red de abogados en lesiones personales tiene a\u00f1os de experiencia con los casos de negligencia por parte de su ginec\u00f3logo. Puede que se sienta abrumado e inseguro acerca de c\u00f3mo ayudarse a s\u00ed mismo y su familia, por eso mismo deseamos ser sus defensores. Usaremos nuestro estilo de representaci\u00f3n agresivo pero compasivo para luchar por la m\u00e1xima indemnizaci\u00f3n monetaria permitida por la ley.<\/p>\n<p><a href=\"\/es\/contactenos\/\">Ll\u00e1menos ahora para<\/a> una consulta gratuita y sin compromiso sobre su caso. Queremos que usted pueda obtenga la justicia que se merece.<\/p>\n","protected":false},"excerpt":{"rendered":"<p>Abogados de Negligencia de Ginecolog\u00eda en Chicago Pocos m\u00e9dicos tienen un papel m\u00e1s cr\u00edtico en la salud de las mujeres que los obstetras y ginec\u00f3logos. Obstetras \/ ginec\u00f3logos tratan a las mujeres desde el momento en que son adolescentes a trav\u00e9s de la vejez. Son especialistas en su bienestar reproductivo, control de en el embarazo, [&hellip;]<\/p>\n","protected":false},"author":1,"featured_media":0,"parent":7370,"menu_order":0,"comment_status":"closed","ping_status":"open","template":"","meta":{"_acf_changed":false,"footnotes":""},"class_list":["post-7734","page","type-page","status-publish","hentry"],"acf":[],"yoast_head":"<!-- This site is optimized with the Yoast SEO plugin v27.4 - https:\/\/yoast.com\/product\/yoast-seo-wordpress\/ -->\n<title>Abogado de Negligencia de Ginecolog\u00eda en Chicago - Sexner Injury Lawyers LLC<\/title>\n<meta name=\"description\" content=\"Queremos proteger sus derechos si usted o un ser querido ha sido lesionado por negligencia de un obstetra \/ ginec\u00f3logo en Sexner Injury Lawyers LLC\" \/>\n<meta name=\"robots\" content=\"index, follow, max-snippet:-1, max-image-preview:large, max-video-preview:-1\" \/>\n<link rel=\"canonical\" href=\"https:\/\/chicagoinjurylawyer.net\/es\/negligencia-medica\/ginecologia\/\" \/>\n<meta property=\"og:locale\" content=\"es_ES\" \/>\n<meta property=\"og:type\" content=\"article\" \/>\n<meta property=\"og:title\" content=\"Abogado de Negligencia de Ginecolog\u00eda en Chicago - Sexner Injury Lawyers LLC\" \/>\n<meta property=\"og:description\" content=\"Queremos proteger sus derechos si usted o un ser querido ha sido lesionado por negligencia de un obstetra \/ ginec\u00f3logo en Sexner Injury Lawyers LLC\" \/>\n<meta property=\"og:url\" content=\"https:\/\/chicagoinjurylawyer.net\/es\/negligencia-medica\/ginecologia\/\" \/>\n<meta property=\"og:site_name\" content=\"Sexner Injury Lawyers LLC\" \/>\n<meta property=\"article:modified_time\" content=\"2021-12-06T20:59:00+00:00\" \/>\n<meta property=\"og:image\" content=\"https:\/\/chicagoinjurylawyer.net\/wp-content\/uploads\/2019\/06\/Ob-Gyn-Errors-300x200.jpg\" \/>\n<meta name=\"twitter:card\" content=\"summary_large_image\" \/>\n<meta name=\"twitter:label1\" content=\"Tiempo de lectura\" \/>\n\t<meta name=\"twitter:data1\" content=\"2 minutos\" \/>\n<!-- \/ Yoast SEO plugin. -->","yoast_head_json":{"title":"Abogado de Negligencia de Ginecolog\u00eda en Chicago - Sexner Injury Lawyers LLC","description":"Queremos proteger sus derechos si usted o un ser querido ha sido lesionado por negligencia de un obstetra \/ ginec\u00f3logo en Sexner Injury Lawyers LLC","robots":{"index":"index","follow":"follow","max-snippet":"max-snippet:-1","max-image-preview":"max-image-preview:large","max-video-preview":"max-video-preview:-1"},"canonical":"https:\/\/chicagoinjurylawyer.net\/es\/negligencia-medica\/ginecologia\/","og_locale":"es_ES","og_type":"article","og_title":"Abogado de Negligencia de Ginecolog\u00eda en Chicago - Sexner Injury Lawyers LLC","og_description":"Queremos proteger sus derechos si usted o un ser querido ha sido lesionado por negligencia de un obstetra \/ ginec\u00f3logo en Sexner Injury Lawyers LLC","og_url":"https:\/\/chicagoinjurylawyer.net\/es\/negligencia-medica\/ginecologia\/","og_site_name":"Sexner Injury Lawyers LLC","article_modified_time":"2021-12-06T20:59:00+00:00","og_image":[{"url":"https:\/\/chicagoinjurylawyer.net\/wp-content\/uploads\/2019\/06\/Ob-Gyn-Errors-300x200.jpg","type":"","width":"","height":""}],"twitter_card":"summary_large_image","twitter_misc":{"Tiempo de lectura":"2 minutos"},"schema":{"@context":"https:\/\/schema.org","@graph":[{"@type":"WebPage","@id":"https:\/\/chicagoinjurylawyer.net\/es\/negligencia-medica\/ginecologia\/","url":"https:\/\/chicagoinjurylawyer.net\/es\/negligencia-medica\/ginecologia\/","name":"Abogado de Negligencia de Ginecolog\u00eda en Chicago - Sexner Injury Lawyers LLC","isPartOf":{"@id":"https:\/\/chicagoinjurylawyer.net\/es\/#website"},"datePublished":"2019-06-27T08:35:14+00:00","dateModified":"2021-12-06T20:59:00+00:00","description":"Queremos proteger sus derechos si usted o un ser querido ha sido lesionado por negligencia de un obstetra \/ ginec\u00f3logo en [firm-name]","breadcrumb":{"@id":"https:\/\/chicagoinjurylawyer.net\/es\/negligencia-medica\/ginecologia\/#breadcrumb"},"inLanguage":"es","potentialAction":[{"@type":"ReadAction","target":["https:\/\/chicagoinjurylawyer.net\/es\/negligencia-medica\/ginecologia\/"]}]},{"@type":"BreadcrumbList","@id":"https:\/\/chicagoinjurylawyer.net\/es\/negligencia-medica\/ginecologia\/#breadcrumb","itemListElement":[{"@type":"ListItem","position":1,"name":"Negligencia M\u00e9dica","item":"https:\/\/chicagoinjurylawyer.net\/es\/negligencia-medica\/"},{"@type":"ListItem","position":2,"name":"Negligencia De Ginecolog\u00eda"}]},{"@type":"WebSite","@id":"https:\/\/chicagoinjurylawyer.net\/es\/#website","url":"https:\/\/chicagoinjurylawyer.net\/es\/","name":"Sexner Injury Lawyers LLC","description":"Chicago Personal Injury Attorneys","publisher":{"@id":"https:\/\/chicagoinjurylawyer.net\/es\/#organization"},"potentialAction":[{"@type":"SearchAction","target":{"@type":"EntryPoint","urlTemplate":"https:\/\/chicagoinjurylawyer.net\/es\/?s={search_term_string}"},"query-input":{"@type":"PropertyValueSpecification","valueRequired":true,"valueName":"search_term_string"}}],"inLanguage":"es"},{"@type":"Organization","@id":"https:\/\/chicagoinjurylawyer.net\/es\/#organization","name":"[firm-name]","url":"https:\/\/chicagoinjurylawyer.net\/es\/","logo":{"@type":"ImageObject","inLanguage":"es","@id":"https:\/\/chicagoinjurylawyer.net\/es\/#\/schema\/logo\/image\/","url":"https:\/\/chicagoinjurylawyer.net\/wp-content\/uploads\/2019\/06\/msx-logo-1.png","contentUrl":"https:\/\/chicagoinjurylawyer.net\/wp-content\/uploads\/2019\/06\/msx-logo-1.png","width":180,"height":83,"caption":"[firm-name]"},"image":{"@id":"https:\/\/chicagoinjurylawyer.net\/es\/#\/schema\/logo\/image\/"}}]}},"_links":{"self":[{"href":"https:\/\/chicagoinjurylawyer.net\/es\/wp-json\/wp\/v2\/pages\/7734","targetHints":{"allow":["GET"]}}],"collection":[{"href":"https:\/\/chicagoinjurylawyer.net\/es\/wp-json\/wp\/v2\/pages"}],"about":[{"href":"https:\/\/chicagoinjurylawyer.net\/es\/wp-json\/wp\/v2\/types\/page"}],"author":[{"embeddable":true,"href":"https:\/\/chicagoinjurylawyer.net\/es\/wp-json\/wp\/v2\/users\/1"}],"replies":[{"embeddable":true,"href":"https:\/\/chicagoinjurylawyer.net\/es\/wp-json\/wp\/v2\/comments?post=7734"}],"version-history":[{"count":6,"href":"https:\/\/chicagoinjurylawyer.net\/es\/wp-json\/wp\/v2\/pages\/7734\/revisions"}],"predecessor-version":[{"id":32616,"href":"https:\/\/chicagoinjurylawyer.net\/es\/wp-json\/wp\/v2\/pages\/7734\/revisions\/32616"}],"up":[{"embeddable":true,"href":"https:\/\/chicagoinjurylawyer.net\/es\/wp-json\/wp\/v2\/pages\/7370"}],"wp:attachment":[{"href":"https:\/\/chicagoinjurylawyer.net\/es\/wp-json\/wp\/v2\/media?parent=7734"}],"curies":[{"name":"wp","href":"https:\/\/api.w.org\/{rel}","templated":true}]}}