{"id":7740,"date":"2019-06-27T08:55:01","date_gmt":"2019-06-27T08:55:01","guid":{"rendered":"http:\/\/104.197.86.120\/?page_id=7740"},"modified":"2022-01-31T15:26:38","modified_gmt":"2022-01-31T21:26:38","slug":"infeccion-postoperatoria","status":"publish","type":"page","link":"https:\/\/chicagoinjurylawyer.net\/es\/negligencia-medica\/infeccion-postoperatoria\/","title":{"rendered":"Abogado de Infecci\u00f3n Postoperatoria"},"content":{"rendered":"<h1>Abogado de Negligencia Preoperatoria y Posoperatoria de Chicago<\/h1>\n<p><img decoding=\"async\" class=\"alignright wp-image-33375\" src=\"\/wp-content\/uploads\/2022\/01\/Negligencia-Preoperatoria-y-Posoperatoria.jpg\" alt=\"Negligencia Preoperatoria y Posoperatoria\" width=\"400\" height=\"267\" srcset=\"https:\/\/chicagoinjurylawyer.net\/wp-content\/uploads\/2022\/01\/Negligencia-Preoperatoria-y-Posoperatoria.jpg 1000w, https:\/\/chicagoinjurylawyer.net\/wp-content\/uploads\/2022\/01\/Negligencia-Preoperatoria-y-Posoperatoria-300x200.jpg 300w, https:\/\/chicagoinjurylawyer.net\/wp-content\/uploads\/2022\/01\/Negligencia-Preoperatoria-y-Posoperatoria-768x512.jpg 768w\" sizes=\"(max-width: 400px) 100vw, 400px\" \/>El per\u00edodo de tiempo antes de un procedimiento quir\u00fargico es importante. Es cuando el paciente tiene la oportunidad de discutir completamente todos los aspectos del pr\u00f3ximo procedimiento con el cirujano. Los siguientes temas deben ser discutidos por el m\u00e9dico y el paciente antes de cualquier procedimiento m\u00e9dico:<\/p>\n<ul>\n<li>El diagn\u00f3stico actual del paciente y el estado de la afecci\u00f3n m\u00e9dica.<\/li>\n<li>Por qu\u00e9 el m\u00e9dico ha recomendado la <a href=\"\/es\/negligencia-medica\/errores-quirurgicos\/\">cirug\u00eda<\/a><\/li>\n<li>Detalles espec\u00edficos sobre el tratamiento o procedimiento<\/li>\n<li>Posibilidades de \u00e9xito y beneficios m\u00e9dicos esperados<\/li>\n<li>Riesgos de fracaso y posibles efectos secundarios.<\/li>\n<li>Procedimientos alternativos, junto con posibles beneficios y riesgos.<\/li>\n<\/ul>\n<p>Esta discusi\u00f3n es extremadamente importante para que el paciente comprenda completamente lo que se propone y lo coloque en una posici\u00f3n en la que pueda tomar una decisi\u00f3n inteligente y razonada sobre el camino a seguir. Es absolutamente mejor dejar esta discusi\u00f3n al profesional m\u00e9dico que realmente realiza el procedimiento, no a una enfermera u otro asistente m\u00e9dico. El <em>consentimiento informado<\/em> es el proceso de detallar completamente un procedimiento para un paciente, seguido del consentimiento del paciente ha dicho procedimiento. El <a href=\"\/es\/negligencia-medica\/consentimiento-informado\/\"><em>rechazo informado<\/em><\/a>, por otro lado, se refiere a la responsabilidad del m\u00e9dico de informar completamente al paciente sobre las posibles consecuencias de su inacci\u00f3n cuando ha optado por no proceder con una cirug\u00eda.<\/p>\n<p>Durante el per\u00edodo preoperatorio, tambi\u00e9n es com\u00fan que el paciente hable con el anestesi\u00f3logo que lo atiende. Durante este tiempo, se discuten temas importantes como las alternativas de <a href=\"\/es\/negligencia-medica\/errores-de-anestesia\/\">anestesia<\/a> y si el paciente puede comer o beber antes del procedimiento.<\/p>\n<p>Cuando ocurren errores de comunicaci\u00f3n antes de la cirug\u00eda, puede ocurrir <a href=\"\/es\/negligencia-medica\/\">negligencia m\u00e9dica<\/a>. En el caso de que un paciente se lesione o muera como resultado de una cirug\u00eda, se puede entablar una demanda si el m\u00e9dico no obtuvo adecuadamente el consentimiento informado del paciente o su negativa informada. El paciente tambi\u00e9n puede alegar que nunca habr\u00eda participado en la cirug\u00eda si el m\u00e9dico no hubiera subestimado los riesgos o exagerado las posibles recompensas. Si usted o un ser querido result\u00f3 herido como resultado de un error preoperatorio o posoperatorio, los abogados de negligencia m\u00e9dica de Sexner Injury Lawyers LLC en Chicago pueden ayudarlo a responsabilizar a la parte responsable. Cont\u00e1ctenos al <a href=\"tel:3122439922\">(312) 243-9922<\/a> para una consulta gratuita.<\/p>\n<h2>Negligencia Quir\u00fargica<\/h2>\n<p>De todos los entornos en los que puede producirse una negligencia m\u00e9dica, los errores que se producen durante el procedimiento quir\u00fargico en s\u00ed son, con mucho, los m\u00e1s comunes, los m\u00e1s peligrosos y los m\u00e1s conocidos. Las <a href=\"\/es\/\">lesiones<\/a> que ocurren durante la cirug\u00eda tambi\u00e9n son el resultado de errores m\u00e9dicos que ocurren en un momento en que el paciente es m\u00e1s vulnerable. Esto se debe a que el paciente suele estar inconsciente, anestesiado, incapaz de hablar o comunicarse y bajo el control total del cirujano y el equipo quir\u00fargico.<\/p>\n<p>As\u00ed como las fallas en la comunicaci\u00f3n preoperatoria entre el cirujano y el paciente pueden provocar negligencia m\u00e9dica, tambi\u00e9n lo pueden hacer los errores de comunicaci\u00f3n entre los m\u00e9dicos y el personal durante la cirug\u00eda. Pueden ocurrir errores en la comunicaci\u00f3n entre cualquiera de los miembros del equipo de personal quir\u00fargico, incluidos el anestesi\u00f3logo, el t\u00e9cnico de circulaci\u00f3n, el t\u00e9cnico de limpieza y las enfermeras. Dependiendo de la seriedad y complejidad de la cirug\u00eda, mayores ser\u00e1n las posibilidades de falta de comunicaci\u00f3n.<\/p>\n<img decoding=\"async\" class=\"aligncenter size-full wp-image-33371\" src=\"\/wp-content\/uploads\/2022\/01\/Abogado-de-Negligencia-Preoperatoria-y-Posoperatoria-de-Chicago.jpg\" alt=\"Abogado de Negligencia Preoperatoria y Posoperatoria de Chicago\" width=\"1000\" height=\"667\" srcset=\"https:\/\/chicagoinjurylawyer.net\/wp-content\/uploads\/2022\/01\/Abogado-de-Negligencia-Preoperatoria-y-Posoperatoria-de-Chicago.jpg 1000w, https:\/\/chicagoinjurylawyer.net\/wp-content\/uploads\/2022\/01\/Abogado-de-Negligencia-Preoperatoria-y-Posoperatoria-de-Chicago-300x200.jpg 300w, https:\/\/chicagoinjurylawyer.net\/wp-content\/uploads\/2022\/01\/Abogado-de-Negligencia-Preoperatoria-y-Posoperatoria-de-Chicago-768x512.jpg 768w\" sizes=\"(max-width: 1000px) 100vw, 1000px\" \/>\n<p>El tipo de negligencia m\u00e9dica quir\u00fargica que la mayor\u00eda de la gente piensa cuando piensa en negligencia quir\u00fargica implica errores f\u00edsicos reales durante el procedimiento. Ejemplos de tales errores f\u00edsicos incluyen realizar el procedimiento incorrecto, operar en el sitio del cuerpo incorrecto, operar en el paciente incorrecto, dejar objetos o instrumentos extra\u00f1os en el cuerpo, realizar cirug\u00edas innecesarias, da\u00f1ar \u00f3rganos internos y errores en la administraci\u00f3n de la anestesia. Muchos de estos errores, conocidos como eventos nunca, se pueden prevenir f\u00e1cilmente y pueden causar da\u00f1os irreparables.<\/p>\n<h2>Negligencia M\u00e9dica Posoperatoria<\/h2>\n<p><img decoding=\"async\" class=\"alignright wp-image-33373\" src=\"\/wp-content\/uploads\/2022\/01\/Abogado-de-Negligencia-Preoperatoria-y-Posoperatoria.jpg\" alt=\"Abogado de Negligencia Preoperatoria y Posoperatoria\" width=\"400\" height=\"267\" srcset=\"https:\/\/chicagoinjurylawyer.net\/wp-content\/uploads\/2022\/01\/Abogado-de-Negligencia-Preoperatoria-y-Posoperatoria.jpg 1000w, https:\/\/chicagoinjurylawyer.net\/wp-content\/uploads\/2022\/01\/Abogado-de-Negligencia-Preoperatoria-y-Posoperatoria-300x200.jpg 300w, https:\/\/chicagoinjurylawyer.net\/wp-content\/uploads\/2022\/01\/Abogado-de-Negligencia-Preoperatoria-y-Posoperatoria-768x512.jpg 768w\" sizes=\"(max-width: 400px) 100vw, 400px\" \/>Incluso una vez finalizado el procedimiento quir\u00fargico o m\u00e9dico, el trabajo del m\u00e9dico o cirujano no est\u00e1 completo. Los pacientes rara vez alcanzan una mejora del 100 por ciento en el momento posterior a la cirug\u00eda. En cambio, un paciente generalmente permanece en un estado debilitado durante d\u00edas, semanas o meses mientras se lleva a cabo el proceso de curaci\u00f3n.<\/p>\n<p>Dependiendo de la naturaleza del procedimiento, el paciente puede permanecer en el hospital o en una instalaci\u00f3n residencial como un hogar de ancianos por un per\u00edodo de tiempo. En tales entornos cl\u00ednicos, donde hay otros pacientes enfermos, abundan las oportunidades de enfermedades secundarias, infecciones y lesiones. Algunas de las infecciones hospitalarias (HAI) m\u00e1s comunes que pueden contraer los pacientes, especialmente aquellos con sistemas inmunitarios debilitados, incluyen:<\/p>\n<ul>\n<li><strong>Acinetobacter baumannii<\/strong> - Generalmente se encuentra dentro de las unidades de cuidados intensivos<\/li>\n<li><strong>Burkholderia cepacia<\/strong> - Se encuentra en entornos sanitarios dentro de sistemas de riego o soluciones intravenosas.<\/li>\n<li><strong>Hepatitis A<\/strong> - El virus de la hepatitis menos com\u00fan, se transmite por contacto fecal-oral<\/li>\n<li><strong>Hepatitis B<\/strong> - Transmitida por agujas o jeringas contaminadas, puede provocar una infecci\u00f3n de por vida, c\u00e1ncer de h\u00edgado, cirrosis, insuficiencia hep\u00e1tica e incluso la muerte.<\/li>\n<li><strong>Hepatitis C<\/strong> - A diferencia de la hepatitis A y B, no existe ninguna vacuna para este virus que a menudo se transmite por transfusi\u00f3n de sangre o trasplante de \u00f3rganos.<\/li>\n<li><strong>Klebsiella pneumoniae<\/strong> - Las posibilidades de contraer esta bacteria aumentan cuando un paciente requiere un ventilador, un cat\u00e9ter urinario u otro dispositivo m\u00e9dico invasivo.<\/li>\n<li><strong>Norovirus<\/strong> - Este virus altamente contagioso puede vivir en superficies duras, telas y en el agua durante muchos d\u00edas.<\/li>\n<li><strong>Psuedomonas aeruginosa<\/strong> - Los pacientes con ventiladores o cat\u00e9teres tienen un mayor riesgo de contraer P. aeruginosa, ya que vive en superficies h\u00famedas y puede provocar neumon\u00eda bacteri\u00e9mica, infecciones por quemaduras, sepsis o meningitis.<\/li>\n<li><strong>Staphylococcus aureus<\/strong> - Una higiene inadecuada puede provocar la transmisi\u00f3n de esta bacteria potencialmente mortal<\/li>\n<li><strong>Mycobacterium tuberculosis<\/strong> - Esta bacteria, que causa la tuberculosis, puede transmitirse por contacto cercano con un paciente infectado.<\/li>\n<\/ul>\n<p>Cuando tales infecciones bacterianas o virales se propagan a los pacientes en los entornos posoperatorios de hospitales y hogares de ancianos, una demanda por negligencia puede ser la respuesta adecuada para ayudar a compensar al paciente. Aunque el personal de los hospitales y de los asilos de ancianos no siempre puede controlar perfectamente el entorno de una instalaci\u00f3n, se deben implementar pol\u00edticas y procedimientos para reducir el riesgo de infecciones y enfermedades transmitidas. Cuando estos protocolos se ignoran o pasan por alto, lo que resulta en lesiones graves o la muerte, los cirujanos, m\u00e9dicos, enfermeras y hospitales involucrados deben ser responsables.<\/p>\n<p>Incluso despu\u00e9s de que el paciente es dado de alta del hospital o del centro de rehabilitaci\u00f3n para regresar a casa, la responsabilidad del m\u00e9dico no siempre termina. Se deben tomar medidas para controlar al paciente y asegurarse de que el cuidado de la herida, la terapia u otras medidas de rehabilitaci\u00f3n se desarrollen sin problemas. Cuando un m\u00e9dico no realiza un seguimiento adecuado de esta manera, es posible que se haya producido una negligencia m\u00e9dica. Si usted o un miembro de su familia ha sufrido lesiones o la muerte como resultado de negligencia preoperatoria, posoperatoria o quir\u00fargica, comun\u00edquese con los abogados con experiencia en negligencia m\u00e9dica de Chicago en Sexner Injury Lawyers LLC para una evaluaci\u00f3n gratuita de su caso al <a href=\"tel:3122439922\">(312) 243-9922<\/a>. Tenemos oficinas convenientemente ubicadas en Near West Side y en Arlington Heights en los suburbios del noroeste.<\/p>\n","protected":false},"excerpt":{"rendered":"<p>Abogado de Negligencia Preoperatoria y Posoperatoria de Chicago El per\u00edodo de tiempo antes de un procedimiento quir\u00fargico es importante. Es cuando el paciente tiene la oportunidad de discutir completamente todos los aspectos del pr\u00f3ximo procedimiento con el cirujano. Los siguientes temas deben ser discutidos por el m\u00e9dico y el paciente antes de cualquier procedimiento m\u00e9dico: [&hellip;]<\/p>\n","protected":false},"author":1,"featured_media":0,"parent":7370,"menu_order":0,"comment_status":"closed","ping_status":"open","template":"","meta":{"_acf_changed":false,"footnotes":""},"class_list":["post-7740","page","type-page","status-publish","hentry"],"acf":[],"yoast_head":"<!-- This site is optimized with the Yoast SEO plugin v27.4 - https:\/\/yoast.com\/product\/yoast-seo-wordpress\/ -->\n<title>Abogado de Negligencia Preoperatoria y Posoperatoria de Chicago - Sexner Injury Lawyers LLC<\/title>\n<meta name=\"description\" content=\"Si usted o un ser querido ha sido v\u00edctima de una infecci\u00f3n quir\u00fargica, el equipo legal de Sexner Injury Lawyers LLC quiere ayudarle a proteger sus derechos.\" \/>\n<meta name=\"robots\" content=\"index, follow, max-snippet:-1, max-image-preview:large, max-video-preview:-1\" \/>\n<link rel=\"canonical\" href=\"https:\/\/chicagoinjurylawyer.net\/es\/negligencia-medica\/infeccion-postoperatoria\/\" \/>\n<meta property=\"og:locale\" content=\"es_ES\" \/>\n<meta property=\"og:type\" content=\"article\" \/>\n<meta property=\"og:title\" content=\"Abogado de Negligencia Preoperatoria y Posoperatoria de Chicago - Sexner Injury Lawyers LLC\" \/>\n<meta property=\"og:description\" content=\"Si usted o un ser querido ha sido v\u00edctima de una infecci\u00f3n quir\u00fargica, el equipo legal de Sexner Injury Lawyers LLC quiere ayudarle a proteger sus derechos.\" \/>\n<meta property=\"og:url\" content=\"https:\/\/chicagoinjurylawyer.net\/es\/negligencia-medica\/infeccion-postoperatoria\/\" \/>\n<meta property=\"og:site_name\" content=\"Sexner Injury Lawyers LLC\" \/>\n<meta property=\"article:modified_time\" content=\"2022-01-31T21:26:38+00:00\" \/>\n<meta property=\"og:image\" content=\"https:\/\/chicagoinjurylawyer.net\/wp-content\/uploads\/2022\/01\/Negligencia-Preoperatoria-y-Posoperatoria.jpg\" \/>\n<meta name=\"twitter:card\" content=\"summary_large_image\" \/>\n<meta name=\"twitter:label1\" content=\"Tiempo de lectura\" \/>\n\t<meta name=\"twitter:data1\" content=\"6 minutos\" \/>\n<!-- \/ Yoast SEO plugin. -->","yoast_head_json":{"title":"Abogado de Negligencia Preoperatoria y Posoperatoria de Chicago - Sexner Injury Lawyers LLC","description":"Si usted o un ser querido ha sido v\u00edctima de una infecci\u00f3n quir\u00fargica, el equipo legal de Sexner Injury Lawyers LLC quiere ayudarle a proteger sus derechos.","robots":{"index":"index","follow":"follow","max-snippet":"max-snippet:-1","max-image-preview":"max-image-preview:large","max-video-preview":"max-video-preview:-1"},"canonical":"https:\/\/chicagoinjurylawyer.net\/es\/negligencia-medica\/infeccion-postoperatoria\/","og_locale":"es_ES","og_type":"article","og_title":"Abogado de Negligencia Preoperatoria y Posoperatoria de Chicago - Sexner Injury Lawyers LLC","og_description":"Si usted o un ser querido ha sido v\u00edctima de una infecci\u00f3n quir\u00fargica, el equipo legal de Sexner Injury Lawyers LLC quiere ayudarle a proteger sus derechos.","og_url":"https:\/\/chicagoinjurylawyer.net\/es\/negligencia-medica\/infeccion-postoperatoria\/","og_site_name":"Sexner Injury Lawyers LLC","article_modified_time":"2022-01-31T21:26:38+00:00","og_image":[{"url":"https:\/\/chicagoinjurylawyer.net\/wp-content\/uploads\/2022\/01\/Negligencia-Preoperatoria-y-Posoperatoria.jpg","type":"","width":"","height":""}],"twitter_card":"summary_large_image","twitter_misc":{"Tiempo de lectura":"6 minutos"},"schema":{"@context":"https:\/\/schema.org","@graph":[{"@type":"WebPage","@id":"https:\/\/chicagoinjurylawyer.net\/es\/negligencia-medica\/infeccion-postoperatoria\/","url":"https:\/\/chicagoinjurylawyer.net\/es\/negligencia-medica\/infeccion-postoperatoria\/","name":"Abogado de Negligencia Preoperatoria y Posoperatoria de Chicago - Sexner Injury Lawyers LLC","isPartOf":{"@id":"https:\/\/chicagoinjurylawyer.net\/es\/#website"},"datePublished":"2019-06-27T08:55:01+00:00","dateModified":"2022-01-31T21:26:38+00:00","description":"Si usted o un ser querido ha sido v\u00edctima de una infecci\u00f3n quir\u00fargica, el equipo legal de [firm-name] quiere ayudarle a proteger sus derechos.","breadcrumb":{"@id":"https:\/\/chicagoinjurylawyer.net\/es\/negligencia-medica\/infeccion-postoperatoria\/#breadcrumb"},"inLanguage":"es","potentialAction":[{"@type":"ReadAction","target":["https:\/\/chicagoinjurylawyer.net\/es\/negligencia-medica\/infeccion-postoperatoria\/"]}]},{"@type":"BreadcrumbList","@id":"https:\/\/chicagoinjurylawyer.net\/es\/negligencia-medica\/infeccion-postoperatoria\/#breadcrumb","itemListElement":[{"@type":"ListItem","position":1,"name":"Negligencia M\u00e9dica","item":"https:\/\/chicagoinjurylawyer.net\/es\/negligencia-medica\/"},{"@type":"ListItem","position":2,"name":"Abogado de Infecci\u00f3n Postoperatoria"}]},{"@type":"WebSite","@id":"https:\/\/chicagoinjurylawyer.net\/es\/#website","url":"https:\/\/chicagoinjurylawyer.net\/es\/","name":"Sexner Injury Lawyers LLC","description":"Chicago Personal Injury Attorneys","publisher":{"@id":"https:\/\/chicagoinjurylawyer.net\/es\/#organization"},"potentialAction":[{"@type":"SearchAction","target":{"@type":"EntryPoint","urlTemplate":"https:\/\/chicagoinjurylawyer.net\/es\/?s={search_term_string}"},"query-input":{"@type":"PropertyValueSpecification","valueRequired":true,"valueName":"search_term_string"}}],"inLanguage":"es"},{"@type":"Organization","@id":"https:\/\/chicagoinjurylawyer.net\/es\/#organization","name":"[firm-name]","url":"https:\/\/chicagoinjurylawyer.net\/es\/","logo":{"@type":"ImageObject","inLanguage":"es","@id":"https:\/\/chicagoinjurylawyer.net\/es\/#\/schema\/logo\/image\/","url":"https:\/\/chicagoinjurylawyer.net\/wp-content\/uploads\/2019\/06\/msx-logo-1.png","contentUrl":"https:\/\/chicagoinjurylawyer.net\/wp-content\/uploads\/2019\/06\/msx-logo-1.png","width":180,"height":83,"caption":"[firm-name]"},"image":{"@id":"https:\/\/chicagoinjurylawyer.net\/es\/#\/schema\/logo\/image\/"}}]}},"_links":{"self":[{"href":"https:\/\/chicagoinjurylawyer.net\/es\/wp-json\/wp\/v2\/pages\/7740","targetHints":{"allow":["GET"]}}],"collection":[{"href":"https:\/\/chicagoinjurylawyer.net\/es\/wp-json\/wp\/v2\/pages"}],"about":[{"href":"https:\/\/chicagoinjurylawyer.net\/es\/wp-json\/wp\/v2\/types\/page"}],"author":[{"embeddable":true,"href":"https:\/\/chicagoinjurylawyer.net\/es\/wp-json\/wp\/v2\/users\/1"}],"replies":[{"embeddable":true,"href":"https:\/\/chicagoinjurylawyer.net\/es\/wp-json\/wp\/v2\/comments?post=7740"}],"version-history":[{"count":6,"href":"https:\/\/chicagoinjurylawyer.net\/es\/wp-json\/wp\/v2\/pages\/7740\/revisions"}],"predecessor-version":[{"id":33377,"href":"https:\/\/chicagoinjurylawyer.net\/es\/wp-json\/wp\/v2\/pages\/7740\/revisions\/33377"}],"up":[{"embeddable":true,"href":"https:\/\/chicagoinjurylawyer.net\/es\/wp-json\/wp\/v2\/pages\/7370"}],"wp:attachment":[{"href":"https:\/\/chicagoinjurylawyer.net\/es\/wp-json\/wp\/v2\/media?parent=7740"}],"curies":[{"name":"wp","href":"https:\/\/api.w.org\/{rel}","templated":true}]}}