{"id":7756,"date":"2019-06-27T09:09:05","date_gmt":"2019-06-27T09:09:05","guid":{"rendered":"http:\/\/104.197.86.120\/?page_id=7756"},"modified":"2021-12-06T15:02:14","modified_gmt":"2021-12-06T21:02:14","slug":"negligencia-psiquiatra","status":"publish","type":"page","link":"https:\/\/chicagoinjurylawyer.net\/es\/negligencia-medica\/negligencia-psiquiatra\/","title":{"rendered":"Negligencia Psiquiatra"},"content":{"rendered":"<h1>Abogado de Negligencia Psiquiatra en Chicago<\/h1>\n<h2>Negligencia Psiquiatra<\/h2>\n<p><img decoding=\"async\" class=\"size-medium wp-image-7757 alignright\" src=\"\/wp-content\/uploads\/2019\/06\/Psychiatric-Malpractice-300x200.jpg\" alt=\"Pills\" width=\"300\" height=\"200\" \/>Como los m\u00e9dicos que se centran en la identificaci\u00f3n y tratamiento de los trastornos mentales, los psiquiatras tienen la responsabilidad fundamental le ayudara sus pacientes en su bienestar mental. A menudo, las personas que ven los psiquiatras tienen enfermedades mentales de toda la vida o han sufrido traumas emocionales. Ellos pueden ser fr\u00e1giles, vulnerables y, en algunos casos, inestables. Estos pacientes colocan una gran cantidad de confianza en los profesionales que deber\u00edan ayudar. Desafortunadamente, algunos m\u00e9dicos se aprovechan de esta vulnerabilidad, que puede dar lugar a un caso de mala pr\u00e1ctica psiqui\u00e1trica. Si usted o un ser querido ha sido v\u00edctima de mala pr\u00e1ctica psiqui\u00e1trica, el equipo legal de <a href=\"\/es\/\">Sexner Injury Lawyers LLC<\/a> quiere ayudarle a luchar por la justicia.<\/p>\n<p>Adem\u00e1s de las normas de cuidado que cualquier m\u00e9dico debe seguir para sus pacientes, hay varios temas adicionales que son espec\u00edficos de los psiquiatras:<\/p>\n<ul>\n<li><strong>Suicidio<\/strong>: Pacientes de psiquiatras son a menudo fr\u00e1giles. Ellos tienen la responsabilidad de velar por el comportamiento el impulso suicida, as\u00ed como trabajar para proteger a sus pacientes en contra de s\u00ed mismos. Por supuesto, esto no siempre es posible, pero si un psiquiatra es negligente en la supervisi\u00f3n de un paciente suicida que luego \u00e9l o ella misma se mata, negligencia m\u00e9dica podr\u00eda haber ocurrido.<\/li>\n<li><strong>Obligaci\u00f3n de proteger<\/strong>: A veces, un enfermo mental puede amenazar con da\u00f1ar a otra persona. Cuando esto sucede y el psiquiatra lo escucha, es su deber determinar si la amenaza es leg\u00edtimo y si es as\u00ed, que debe informar a la otra persona. Si un psiquiatra no est\u00e1 atento o no sigue de forma apropiada en una situaci\u00f3n a su conocimiento que una tercera persona se vea perjudicada, podr\u00eda ser mala pr\u00e1ctica m\u00e9dica.<\/li>\n<li><strong>Medicamentos<\/strong>: Los medicamentos psiqui\u00e1tricos pueden ser positivos cambiando la vida de los usuarios si se usan correctamente, pero tambi\u00e9n podr\u00edan tener una gran cantidad de efectos secundarios graves. Los psiquiatras deben vigilar cuidadosamente sus pacientes que usan cualquier medicamento, revisar regularmente sus dosis y aseg\u00farese de conocer los posibles efectos secundarios. Si estas cosas no suceden, el psiquiatra podr\u00eda ser responsable de los problemas que se derivan.<\/li>\n<\/ul>\n<p>En cualquiera de estas situaciones, el psiquiatra tiene responsabilidades adicionales para sus pacientes, y una falta de ejecuci\u00f3n de estas responsabilidades podr\u00eda conducir a lesiones graves o incluso la muerte. Las otras \u00e1reas en las que podr\u00eda ocurrir la mala pr\u00e1ctica psiqui\u00e1trica son los siguientes:<\/p>\n<ul>\n<li>Desarrollar una relaci\u00f3n sexual con un paciente<\/li>\n<li>La plantaci\u00f3n de los falsos recuerdos durante el tratamiento<\/li>\n<li>No mantener el tratamiento y el diagn\u00f3stico confidencial de un paciente<\/li>\n<li>Identificar incorrectamente un trastorno mental<\/li>\n<\/ul>\n<p>Si usted o un ser querido ha sido v\u00edctima de la <a href=\"\/es\/negligencia-medica\/\">negligencia m\u00e9dica<\/a> o delito de un psiquiatra, estamos de tu lado. Sabemos que usted pudo haber sido aprovechado o perjudicado cuando estuvo m\u00e1s vulnerable, en busca de ayuda. Queremos ayudarle a perseguir las partes responsables de sus lesiones mentales, emocionales o f\u00edsicos. <a href=\"\/es\/contactenos\/\">Ll\u00e1menos hoy<\/a> para una consulta gratuita. Usaremos nuestro estilo de representaci\u00f3n agresivo pero compasivo a su nombre. Seremos sus defensores mientras usted trabaja en recuperar su vida.<\/p>\n","protected":false},"excerpt":{"rendered":"<p>Abogado de Negligencia Psiquiatra en Chicago Negligencia Psiquiatra Como los m\u00e9dicos que se centran en la identificaci\u00f3n y tratamiento de los trastornos mentales, los psiquiatras tienen la responsabilidad fundamental le ayudara sus pacientes en su bienestar mental. A menudo, las personas que ven los psiquiatras tienen enfermedades mentales de toda la vida o han sufrido [&hellip;]<\/p>\n","protected":false},"author":1,"featured_media":0,"parent":7370,"menu_order":0,"comment_status":"closed","ping_status":"open","template":"","meta":{"_acf_changed":false,"footnotes":""},"class_list":["post-7756","page","type-page","status-publish","hentry"],"acf":[],"yoast_head":"<!-- This site is optimized with the Yoast SEO plugin v27.4 - https:\/\/yoast.com\/product\/yoast-seo-wordpress\/ -->\n<title>Abogado de Negligencia Psiquiatra en Chicago - Sexner Injury Lawyers LLC<\/title>\n<meta name=\"description\" content=\"Desafortunadamente, algunos m\u00e9dicos se aprovechan de esta vulnerabilidad, que puede dar lugar a un caso de mala pr\u00e1ctica psiqui\u00e1trica. Si usted o un ser querido ha sido v\u00edctima de mala pr\u00e1ctica psiqui\u00e1trica, el equipo legal de Sexner Injury Lawyers LLC quiere ayudarle a luchar por la justicia\" \/>\n<meta name=\"robots\" content=\"index, follow, max-snippet:-1, max-image-preview:large, max-video-preview:-1\" \/>\n<link rel=\"canonical\" href=\"https:\/\/chicagoinjurylawyer.net\/es\/negligencia-medica\/negligencia-psiquiatra\/\" \/>\n<meta property=\"og:locale\" content=\"es_ES\" \/>\n<meta property=\"og:type\" content=\"article\" \/>\n<meta property=\"og:title\" content=\"Abogado de Negligencia Psiquiatra en Chicago - Sexner Injury Lawyers LLC\" \/>\n<meta property=\"og:description\" content=\"Desafortunadamente, algunos m\u00e9dicos se aprovechan de esta vulnerabilidad, que puede dar lugar a un caso de mala pr\u00e1ctica psiqui\u00e1trica. Si usted o un ser querido ha sido v\u00edctima de mala pr\u00e1ctica psiqui\u00e1trica, el equipo legal de Sexner Injury Lawyers LLC quiere ayudarle a luchar por la justicia\" \/>\n<meta property=\"og:url\" content=\"https:\/\/chicagoinjurylawyer.net\/es\/negligencia-medica\/negligencia-psiquiatra\/\" \/>\n<meta property=\"og:site_name\" content=\"Sexner Injury Lawyers LLC\" \/>\n<meta property=\"article:modified_time\" content=\"2021-12-06T21:02:14+00:00\" \/>\n<meta property=\"og:image\" content=\"https:\/\/chicagoinjurylawyer.net\/wp-content\/uploads\/2019\/06\/Psychiatric-Malpractice-300x200.jpg\" \/>\n<meta name=\"twitter:card\" content=\"summary_large_image\" \/>\n<meta name=\"twitter:label1\" content=\"Tiempo de lectura\" \/>\n\t<meta name=\"twitter:data1\" content=\"3 minutos\" \/>\n<!-- \/ Yoast SEO plugin. -->","yoast_head_json":{"title":"Abogado de Negligencia Psiquiatra en Chicago - Sexner Injury Lawyers LLC","description":"Desafortunadamente, algunos m\u00e9dicos se aprovechan de esta vulnerabilidad, que puede dar lugar a un caso de mala pr\u00e1ctica psiqui\u00e1trica. Si usted o un ser querido ha sido v\u00edctima de mala pr\u00e1ctica psiqui\u00e1trica, el equipo legal de Sexner Injury Lawyers LLC quiere ayudarle a luchar por la justicia","robots":{"index":"index","follow":"follow","max-snippet":"max-snippet:-1","max-image-preview":"max-image-preview:large","max-video-preview":"max-video-preview:-1"},"canonical":"https:\/\/chicagoinjurylawyer.net\/es\/negligencia-medica\/negligencia-psiquiatra\/","og_locale":"es_ES","og_type":"article","og_title":"Abogado de Negligencia Psiquiatra en Chicago - Sexner Injury Lawyers LLC","og_description":"Desafortunadamente, algunos m\u00e9dicos se aprovechan de esta vulnerabilidad, que puede dar lugar a un caso de mala pr\u00e1ctica psiqui\u00e1trica. Si usted o un ser querido ha sido v\u00edctima de mala pr\u00e1ctica psiqui\u00e1trica, el equipo legal de Sexner Injury Lawyers LLC quiere ayudarle a luchar por la justicia","og_url":"https:\/\/chicagoinjurylawyer.net\/es\/negligencia-medica\/negligencia-psiquiatra\/","og_site_name":"Sexner Injury Lawyers LLC","article_modified_time":"2021-12-06T21:02:14+00:00","og_image":[{"url":"https:\/\/chicagoinjurylawyer.net\/wp-content\/uploads\/2019\/06\/Psychiatric-Malpractice-300x200.jpg","type":"","width":"","height":""}],"twitter_card":"summary_large_image","twitter_misc":{"Tiempo de lectura":"3 minutos"},"schema":{"@context":"https:\/\/schema.org","@graph":[{"@type":"WebPage","@id":"https:\/\/chicagoinjurylawyer.net\/es\/negligencia-medica\/negligencia-psiquiatra\/","url":"https:\/\/chicagoinjurylawyer.net\/es\/negligencia-medica\/negligencia-psiquiatra\/","name":"Abogado de Negligencia Psiquiatra en Chicago - Sexner Injury Lawyers LLC","isPartOf":{"@id":"https:\/\/chicagoinjurylawyer.net\/es\/#website"},"datePublished":"2019-06-27T09:09:05+00:00","dateModified":"2021-12-06T21:02:14+00:00","description":"Desafortunadamente, algunos m\u00e9dicos se aprovechan de esta vulnerabilidad, que puede dar lugar a un caso de mala pr\u00e1ctica psiqui\u00e1trica. Si usted o un ser querido ha sido v\u00edctima de mala pr\u00e1ctica psiqui\u00e1trica, el equipo legal de [firm-name] quiere ayudarle a luchar por la justicia","breadcrumb":{"@id":"https:\/\/chicagoinjurylawyer.net\/es\/negligencia-medica\/negligencia-psiquiatra\/#breadcrumb"},"inLanguage":"es","potentialAction":[{"@type":"ReadAction","target":["https:\/\/chicagoinjurylawyer.net\/es\/negligencia-medica\/negligencia-psiquiatra\/"]}]},{"@type":"BreadcrumbList","@id":"https:\/\/chicagoinjurylawyer.net\/es\/negligencia-medica\/negligencia-psiquiatra\/#breadcrumb","itemListElement":[{"@type":"ListItem","position":1,"name":"Negligencia M\u00e9dica","item":"https:\/\/chicagoinjurylawyer.net\/es\/negligencia-medica\/"},{"@type":"ListItem","position":2,"name":"Negligencia Psiquiatra"}]},{"@type":"WebSite","@id":"https:\/\/chicagoinjurylawyer.net\/es\/#website","url":"https:\/\/chicagoinjurylawyer.net\/es\/","name":"Sexner Injury Lawyers LLC","description":"Chicago Personal Injury Attorneys","publisher":{"@id":"https:\/\/chicagoinjurylawyer.net\/es\/#organization"},"potentialAction":[{"@type":"SearchAction","target":{"@type":"EntryPoint","urlTemplate":"https:\/\/chicagoinjurylawyer.net\/es\/?s={search_term_string}"},"query-input":{"@type":"PropertyValueSpecification","valueRequired":true,"valueName":"search_term_string"}}],"inLanguage":"es"},{"@type":"Organization","@id":"https:\/\/chicagoinjurylawyer.net\/es\/#organization","name":"[firm-name]","url":"https:\/\/chicagoinjurylawyer.net\/es\/","logo":{"@type":"ImageObject","inLanguage":"es","@id":"https:\/\/chicagoinjurylawyer.net\/es\/#\/schema\/logo\/image\/","url":"https:\/\/chicagoinjurylawyer.net\/wp-content\/uploads\/2019\/06\/msx-logo-1.png","contentUrl":"https:\/\/chicagoinjurylawyer.net\/wp-content\/uploads\/2019\/06\/msx-logo-1.png","width":180,"height":83,"caption":"[firm-name]"},"image":{"@id":"https:\/\/chicagoinjurylawyer.net\/es\/#\/schema\/logo\/image\/"}}]}},"_links":{"self":[{"href":"https:\/\/chicagoinjurylawyer.net\/es\/wp-json\/wp\/v2\/pages\/7756","targetHints":{"allow":["GET"]}}],"collection":[{"href":"https:\/\/chicagoinjurylawyer.net\/es\/wp-json\/wp\/v2\/pages"}],"about":[{"href":"https:\/\/chicagoinjurylawyer.net\/es\/wp-json\/wp\/v2\/types\/page"}],"author":[{"embeddable":true,"href":"https:\/\/chicagoinjurylawyer.net\/es\/wp-json\/wp\/v2\/users\/1"}],"replies":[{"embeddable":true,"href":"https:\/\/chicagoinjurylawyer.net\/es\/wp-json\/wp\/v2\/comments?post=7756"}],"version-history":[{"count":6,"href":"https:\/\/chicagoinjurylawyer.net\/es\/wp-json\/wp\/v2\/pages\/7756\/revisions"}],"predecessor-version":[{"id":32617,"href":"https:\/\/chicagoinjurylawyer.net\/es\/wp-json\/wp\/v2\/pages\/7756\/revisions\/32617"}],"up":[{"embeddable":true,"href":"https:\/\/chicagoinjurylawyer.net\/es\/wp-json\/wp\/v2\/pages\/7370"}],"wp:attachment":[{"href":"https:\/\/chicagoinjurylawyer.net\/es\/wp-json\/wp\/v2\/media?parent=7756"}],"curies":[{"name":"wp","href":"https:\/\/api.w.org\/{rel}","templated":true}]}}