{"id":7775,"date":"2019-06-27T09:22:06","date_gmt":"2019-06-27T09:22:06","guid":{"rendered":"http:\/\/104.197.86.120\/?page_id=7775"},"modified":"2022-02-03T16:23:48","modified_gmt":"2022-02-03T22:23:48","slug":"rehabilitacion-vocacional","status":"publish","type":"page","link":"https:\/\/chicagoinjurylawyer.net\/es\/compensacion-de-trabajadores\/rehabilitacion-vocacional\/","title":{"rendered":"Abogados de Rehabilitaci\u00f3n Vocacional en Chicago"},"content":{"rendered":"<h1>\u00bfTengo Derecho a Rehabilitaci\u00f3n Vocacional?<\/h1>\n<h2>Comprensi\u00f3n de la Rehabilitaci\u00f3n Vocacional A Trav\u00e9s de la Compensaci\u00f3n para Trabajadores de Chicago<\/h2>\n<p><img decoding=\"async\" class=\"alignright wp-image-33611\" src=\"\/wp-content\/uploads\/2022\/02\/Abogados-de-Rehabilitacio\u0301n-Vocacional-en-Chicago.jpg\" alt=\"Abogados de Rehabilitaci\u00f3n Vocacional en Chicago\" width=\"400\" height=\"267\" srcset=\"https:\/\/chicagoinjurylawyer.net\/wp-content\/uploads\/2022\/02\/Abogados-de-Rehabilitacio\u0301n-Vocacional-en-Chicago.jpg 1000w, https:\/\/chicagoinjurylawyer.net\/wp-content\/uploads\/2022\/02\/Abogados-de-Rehabilitacio\u0301n-Vocacional-en-Chicago-300x200.jpg 300w, https:\/\/chicagoinjurylawyer.net\/wp-content\/uploads\/2022\/02\/Abogados-de-Rehabilitacio\u0301n-Vocacional-en-Chicago-768x512.jpg 768w\" sizes=\"(max-width: 400px) 100vw, 400px\" \/>En Illinois, las <a href=\"\/es\/compensacion-de-trabajadores\/\">leyes de compensaci\u00f3n laboral<\/a> requieren que un empleador pague por la rehabilitaci\u00f3n vocacional de un empleado cuando sea necesario. La rehabilitaci\u00f3n vocacional es un beneficio (sin costo para el trabajador lesionado) que puede cubrir educaci\u00f3n, capacitaci\u00f3n o instrucci\u00f3n que lo ayude a retomar el rumbo y asegurar un buen trabajo que pague tanto como sea posible.<\/p>\n<h2>Rehabilitaci\u00f3n Disponible para Trabajadores Lesionados de Illinois<\/h2>\n<p>La ley generalmente requiere que el empleador pague la rehabilitaci\u00f3n cuando el empleado no puede volver al mismo tipo de trabajo que ten\u00eda antes, o el empleado ha estado incapacitado por un per\u00edodo de tiempo espec\u00edfico. La rehabilitaci\u00f3n puede incluir lo siguiente, as\u00ed como otros servicios:<\/p>\n<ul>\n<li>Entrenamiento de entrevistas<\/li>\n<li>Asesoramiento<\/li>\n<li>Reentrenamiento o pago de educaci\u00f3n superior<\/li>\n<li>Asistencia para la b\u00fasqueda de empleo<\/li>\n<li>En el trabajo de formaci\u00f3n<\/li>\n<li>Pruebas y an\u00e1lisis de habilidades<\/li>\n<li>Solicitud de empleo y asistencia para curr\u00edculums<\/li>\n<\/ul>\n<h2>Directrices de Rehabilitaci\u00f3n Vocacional de Illinois<\/h2>\n<p>No todas las <a href=\"\/es\/compensacion-de-trabajadores\/elegibilidad\/\">lesiones laborales<\/a> son elegibles para un premio de rehabilitaci\u00f3n vocacional. Su abogado de compensaci\u00f3n de trabajadores de Chicago analizar\u00e1 cuidadosamente su situaci\u00f3n para determinar qu\u00e9 beneficios y premios est\u00e1n disponibles para usted. En un caso importante de compensaci\u00f3n para trabajadores conocido como el caso de National Tea Co., el tribunal estableci\u00f3 algunas pautas para ayudar a determinar si la rehabilitaci\u00f3n vocacional ser\u00eda apropiada. Algunas de las pautas incluyen:<\/p>\n<ul>\n<li>Si la lesi\u00f3n redujo su capacidad de ingresos y la rehabilitaci\u00f3n probablemente la aumente<\/li>\n<li>Si su seguridad laboral puede verse afectada<\/li>\n<li>Si es probable que obtenga un empleo despu\u00e9s de la capacitaci\u00f3n.<\/li>\n<li>Los diversos costos y beneficios de los programas<\/li>\n<li>Cuanto tiempo puede vivir<\/li>\n<li>Si parece motivado y capaz de completar el programa<\/li>\n<li>Si ha realizado otros programas de este tipo en el pasado y los resultados<\/li>\n<li>Si se considera que puede ser entrenado o no<\/li>\n<li>Si ya tiene habilidades que puede usar sin capacitaci\u00f3n adicional<\/li>\n<\/ul>\n<h2>Comun\u00edquese con Nuestros Abogados de Compensaci\u00f3n para Trabajadores en Chicago<\/h2>\n<p>Si desea hablar sobre la compensaci\u00f3n de trabajadores y sus derechos bajo la ley, llame a los abogados de elegibilidad de rehabilitaci\u00f3n vocacional de Chicago en <a href=\"\/es\/\">Sexner Injury Lawyers LLC<\/a> ahora al (312) 243-9922 para una consulta gratuita.<\/p>\n","protected":false},"excerpt":{"rendered":"<p>\u00bfTengo Derecho a Rehabilitaci\u00f3n Vocacional? Comprensi\u00f3n de la Rehabilitaci\u00f3n Vocacional A Trav\u00e9s de la Compensaci\u00f3n para Trabajadores de Chicago En Illinois, las leyes de compensaci\u00f3n laboral requieren que un empleador pague por la rehabilitaci\u00f3n vocacional de un empleado cuando sea necesario. La rehabilitaci\u00f3n vocacional es un beneficio (sin costo para el trabajador lesionado) que puede [&hellip;]<\/p>\n","protected":false},"author":1,"featured_media":0,"parent":7790,"menu_order":0,"comment_status":"closed","ping_status":"open","template":"","meta":{"_acf_changed":false,"footnotes":""},"class_list":["post-7775","page","type-page","status-publish","hentry"],"acf":[],"yoast_head":"<!-- This site is optimized with the Yoast SEO plugin v27.3 - https:\/\/yoast.com\/product\/yoast-seo-wordpress\/ -->\n<title>Abogados de Rehabilitaci\u00f3n Vocacional en Chicago - Sexner Injury Lawyers LLC<\/title>\n<meta name=\"description\" content=\"El equipo legal de Sexner Injury Lawyers LLC podr\u00eda ayudarle a obtener los beneficios de compensaci\u00f3n de los trabajadores que usted se merece.\" \/>\n<meta name=\"robots\" content=\"index, follow, max-snippet:-1, max-image-preview:large, max-video-preview:-1\" \/>\n<link rel=\"canonical\" href=\"https:\/\/chicagoinjurylawyer.net\/es\/compensacion-de-trabajadores\/rehabilitacion-vocacional\/\" \/>\n<meta property=\"og:locale\" content=\"es_ES\" \/>\n<meta property=\"og:type\" content=\"article\" \/>\n<meta property=\"og:title\" content=\"Abogados de Rehabilitaci\u00f3n Vocacional en Chicago - Sexner Injury Lawyers LLC\" \/>\n<meta property=\"og:description\" content=\"El equipo legal de Sexner Injury Lawyers LLC podr\u00eda ayudarle a obtener los beneficios de compensaci\u00f3n de los trabajadores que usted se merece.\" \/>\n<meta property=\"og:url\" content=\"https:\/\/chicagoinjurylawyer.net\/es\/compensacion-de-trabajadores\/rehabilitacion-vocacional\/\" \/>\n<meta property=\"og:site_name\" content=\"Sexner Injury Lawyers LLC\" \/>\n<meta property=\"article:modified_time\" content=\"2022-02-03T22:23:48+00:00\" \/>\n<meta property=\"og:image\" content=\"https:\/\/chicagoinjurylawyer.net\/wp-content\/uploads\/2022\/02\/Abogados-de-Rehabilitacio\u0301n-Vocacional-en-Chicago.jpg\" \/>\n<meta name=\"twitter:card\" content=\"summary_large_image\" \/>\n<meta name=\"twitter:label1\" content=\"Tiempo de lectura\" \/>\n\t<meta name=\"twitter:data1\" content=\"2 minutos\" \/>\n<!-- \/ Yoast SEO plugin. -->","yoast_head_json":{"title":"Abogados de Rehabilitaci\u00f3n Vocacional en Chicago - Sexner Injury Lawyers LLC","description":"El equipo legal de Sexner Injury Lawyers LLC podr\u00eda ayudarle a obtener los beneficios de compensaci\u00f3n de los trabajadores que usted se merece.","robots":{"index":"index","follow":"follow","max-snippet":"max-snippet:-1","max-image-preview":"max-image-preview:large","max-video-preview":"max-video-preview:-1"},"canonical":"https:\/\/chicagoinjurylawyer.net\/es\/compensacion-de-trabajadores\/rehabilitacion-vocacional\/","og_locale":"es_ES","og_type":"article","og_title":"Abogados de Rehabilitaci\u00f3n Vocacional en Chicago - Sexner Injury Lawyers LLC","og_description":"El equipo legal de Sexner Injury Lawyers LLC podr\u00eda ayudarle a obtener los beneficios de compensaci\u00f3n de los trabajadores que usted se merece.","og_url":"https:\/\/chicagoinjurylawyer.net\/es\/compensacion-de-trabajadores\/rehabilitacion-vocacional\/","og_site_name":"Sexner Injury Lawyers LLC","article_modified_time":"2022-02-03T22:23:48+00:00","og_image":[{"url":"https:\/\/chicagoinjurylawyer.net\/wp-content\/uploads\/2022\/02\/Abogados-de-Rehabilitacio\u0301n-Vocacional-en-Chicago.jpg","type":"","width":"","height":""}],"twitter_card":"summary_large_image","twitter_misc":{"Tiempo de lectura":"2 minutos"},"schema":{"@context":"https:\/\/schema.org","@graph":[{"@type":"WebPage","@id":"https:\/\/chicagoinjurylawyer.net\/es\/compensacion-de-trabajadores\/rehabilitacion-vocacional\/","url":"https:\/\/chicagoinjurylawyer.net\/es\/compensacion-de-trabajadores\/rehabilitacion-vocacional\/","name":"Abogados de Rehabilitaci\u00f3n Vocacional en Chicago - Sexner Injury Lawyers LLC","isPartOf":{"@id":"https:\/\/chicagoinjurylawyer.net\/es\/#website"},"datePublished":"2019-06-27T09:22:06+00:00","dateModified":"2022-02-03T22:23:48+00:00","description":"El equipo legal de [firm-name] podr\u00eda ayudarle a obtener los beneficios de compensaci\u00f3n de los trabajadores que usted se merece.","breadcrumb":{"@id":"https:\/\/chicagoinjurylawyer.net\/es\/compensacion-de-trabajadores\/rehabilitacion-vocacional\/#breadcrumb"},"inLanguage":"es","potentialAction":[{"@type":"ReadAction","target":["https:\/\/chicagoinjurylawyer.net\/es\/compensacion-de-trabajadores\/rehabilitacion-vocacional\/"]}]},{"@type":"BreadcrumbList","@id":"https:\/\/chicagoinjurylawyer.net\/es\/compensacion-de-trabajadores\/rehabilitacion-vocacional\/#breadcrumb","itemListElement":[{"@type":"ListItem","position":1,"name":"Compensaci\u00f3n De Trabajadores","item":"https:\/\/chicagoinjurylawyer.net\/es\/compensacion-de-trabajadores\/"},{"@type":"ListItem","position":2,"name":"Abogados de Rehabilitaci\u00f3n Vocacional en Chicago"}]},{"@type":"WebSite","@id":"https:\/\/chicagoinjurylawyer.net\/es\/#website","url":"https:\/\/chicagoinjurylawyer.net\/es\/","name":"Sexner Injury Lawyers LLC","description":"Chicago Personal Injury Attorneys","publisher":{"@id":"https:\/\/chicagoinjurylawyer.net\/es\/#organization"},"potentialAction":[{"@type":"SearchAction","target":{"@type":"EntryPoint","urlTemplate":"https:\/\/chicagoinjurylawyer.net\/es\/?s={search_term_string}"},"query-input":{"@type":"PropertyValueSpecification","valueRequired":true,"valueName":"search_term_string"}}],"inLanguage":"es"},{"@type":"Organization","@id":"https:\/\/chicagoinjurylawyer.net\/es\/#organization","name":"[firm-name]","url":"https:\/\/chicagoinjurylawyer.net\/es\/","logo":{"@type":"ImageObject","inLanguage":"es","@id":"https:\/\/chicagoinjurylawyer.net\/es\/#\/schema\/logo\/image\/","url":"https:\/\/chicagoinjurylawyer.net\/wp-content\/uploads\/2019\/06\/msx-logo-1.png","contentUrl":"https:\/\/chicagoinjurylawyer.net\/wp-content\/uploads\/2019\/06\/msx-logo-1.png","width":180,"height":83,"caption":"[firm-name]"},"image":{"@id":"https:\/\/chicagoinjurylawyer.net\/es\/#\/schema\/logo\/image\/"}}]}},"_links":{"self":[{"href":"https:\/\/chicagoinjurylawyer.net\/es\/wp-json\/wp\/v2\/pages\/7775","targetHints":{"allow":["GET"]}}],"collection":[{"href":"https:\/\/chicagoinjurylawyer.net\/es\/wp-json\/wp\/v2\/pages"}],"about":[{"href":"https:\/\/chicagoinjurylawyer.net\/es\/wp-json\/wp\/v2\/types\/page"}],"author":[{"embeddable":true,"href":"https:\/\/chicagoinjurylawyer.net\/es\/wp-json\/wp\/v2\/users\/1"}],"replies":[{"embeddable":true,"href":"https:\/\/chicagoinjurylawyer.net\/es\/wp-json\/wp\/v2\/comments?post=7775"}],"version-history":[{"count":8,"href":"https:\/\/chicagoinjurylawyer.net\/es\/wp-json\/wp\/v2\/pages\/7775\/revisions"}],"predecessor-version":[{"id":33614,"href":"https:\/\/chicagoinjurylawyer.net\/es\/wp-json\/wp\/v2\/pages\/7775\/revisions\/33614"}],"up":[{"embeddable":true,"href":"https:\/\/chicagoinjurylawyer.net\/es\/wp-json\/wp\/v2\/pages\/7790"}],"wp:attachment":[{"href":"https:\/\/chicagoinjurylawyer.net\/es\/wp-json\/wp\/v2\/media?parent=7775"}],"curies":[{"name":"wp","href":"https:\/\/api.w.org\/{rel}","templated":true}]}}