{"id":7802,"date":"2019-06-27T09:34:11","date_gmt":"2019-06-27T09:34:11","guid":{"rendered":"http:\/\/104.197.86.120\/?page_id=7802"},"modified":"2021-12-06T16:56:21","modified_gmt":"2021-12-06T22:56:21","slug":"accidente-automovilistico-chicago","status":"publish","type":"page","link":"https:\/\/chicagoinjurylawyer.net\/es\/nuestro-exito\/accidente-automovilistico-chicago\/","title":{"rendered":"Acuerdo Por $500,000"},"content":{"rendered":"<h1>Lesiones en la pelvis y la pierna en Chicago<\/h1>\n<p>Mientras conduc\u00eda su autom\u00f3vil en Chicago, nuestra cliente sufri\u00f3 un choque frontal con un oficial de polic\u00eda de Chicago fuera de servicio que cruz\u00f3 la l\u00ednea central y condujo en sentido contrario y posteriormente fue acusado de DUI (conducir en estado de ebriedad). Nuestra cliente fue llevada inmediatamente de emergencia en ambulancia al hospital dadas las m\u00faltiples lesiones que amenazaban su vida. Una vez admitida en la sala de emergencia, se determin\u00f3 que, adem\u00e1s de sufrir varios tipos de lesiones, presentaba m\u00faltiples fracturas en la pelvis y la pierna.<\/p>\n<p>En los a\u00f1os posteriores, varias cirug\u00edas, una gran cantidad de terapia y m\u00e1s de $150.000 en gastos m\u00e9dicos se incurrieron para que esta valiente mujer recuperara su salud. Tuvimos gran satisfacci\u00f3n cuando finalmente negociamos un acuerdo de medio mill\u00f3n de d\u00f3lares a favor de nuestra cliente. Este acuerdo lleg\u00f3 al l\u00edmite m\u00e1ximo disponible bajo la p\u00f3liza de seguro del demandado.<\/p>\n<h2>C\u00f3mo determinar qui\u00e9n puede ser demandado en un accidente automovil\u00edstico<\/h2>\n<p>Los accidentes automovil\u00edsticos ocurren cientos de veces al d\u00eda en ciudades desde Chicago hasta Quincy, Arlington Heights y los lugares intermedios. En Illinois,\u00a0<a href=\"https:\/\/www.ilga.gov\/legislation\/ilcs\/fulltext.asp?DocName=062500050K3-707\" target=\"_blank\" rel=\"noopener noreferrer\">la ley<\/a>exige que los conductores tengan al menos un seguro de auto m\u00ednimo, aunque muchas personas infringen la ley y conducen sin seguro. Si una persona que no tiene seguro provoca un accidente de tr\u00e1nsito, es probable que usted tenga pocas posibilidades de recuperar una indemnizaci\u00f3n por da\u00f1os, a menos que haya pagado una cobertura adicional dentro de su propio seguro que se conoce como\u00a0\"sin seguro\/con seguro insuficiente\".<\/p>\n<p>Por lo tanto, si la otra persona tiene seguro, se presenta un reclamo contra la p\u00f3liza del infractor, pero si \u00e9ste no est\u00e1 asegurado, es posible que tenga que presentar un reclamo contra su propia p\u00f3liza. Por supuesto, se puede entablar una demanda directamente en contra del conductor que cometi\u00f3 la infracci\u00f3n y no tiene seguro, pero a menos que esa persona tenga activos significativos, las posibilidades de una indemnizaci\u00f3n son limitadas y adem\u00e1s el infractor simplemente puede declararse en bancarrota (a menos que el accidente estuviese relacionado con drogas o alcohol) para evitar pagar lo que se determine en un juicio.<\/p>\n<p>Incluso si el infractor no tiene seguro personal, es posible presentar una demanda en contra de otro individuo o entidad que pudiese ser responsable bajo la ley. Por ejemplo, si la otra persona conduc\u00eda como parte de su trabajo, un abogado con experiencia tambi\u00e9n presentar\u00eda una demanda contra el empleador de esa persona, incorporando as\u00ed a la <a href=\"\/es\/compensacion-de-trabajadores\/puedo-confiar-en-la-compania-de-seguros\/\">compa\u00f1\u00eda aseguradora<\/a> del empleador dentro del caso como una fuente adicional de indemnizaci\u00f3n.<\/p>\n<p>Las limitaciones de tiempo (conocidas como leyes de prescripci\u00f3n o \u201cstatutes of limitation\u201d en ingl\u00e9s) se aplican en todos los accidentes automovil\u00edsticos, y si la demanda no se presenta dentro del per\u00edodo especificado, el agraviado perder\u00e1 para siempre el derecho a una indemnizaci\u00f3n monetaria. Aunque el l\u00edmite de tiempo es en general 2 a\u00f1os en Illinois, bajo algunas circunstancias y excepciones puede ser m\u00e1s corto (o m\u00e1s largo). Por lo tanto, es importante consultar de inmediato a un abogado para determinar qu\u00e9 l\u00edmite de tiempo se aplica a su caso particular.<\/p>\n<h2>Determinaci\u00f3n de responsabilidades en un accidente automovil\u00edstico<\/h2>\n<p>Como se puede imaginar, el hecho de que el otro conductor tenga seguro o una fuente de seguro no implica que usted vaya a ganar la demanda. Esto se debe a que otro elemento importante en cualquier reclamo exitoso es el de determinar la \"responsabilidad\" del hecho. Esto significa que se debe probar que la otra persona tuvo culpabilidad en el accidente. Si esto no se puede demostrar, la demanda se perder\u00e1 y no podr\u00e1 recuperarse una indemnizaci\u00f3n, independientemente de la gravedad de las lesiones o incluso si ocurriera una muerte.<\/p>\n<p>Por lo tanto, en cualquier <a href=\"\/es\/accidentes-de-trafico\/\">accidente automovil\u00edstico<\/a>, ya sea de <a href=\"\/es\/accidentes-de-camiones\/\">cami\u00f3n<\/a>,\u00a0<a href=\"\/es\/accidente-de-motocicleta\/\">moto o autob\u00fas<\/a>, tienen que demostrarse tanto los \"da\u00f1os\" (el valor monetario asociado con la lesi\u00f3n o la muerte) como las \"responsabilidades\u201d. Aun as\u00ed, las compa\u00f1\u00edas de seguro nunca quieren pagar indemnizaciones. Estas compa\u00f1\u00edas son, al fin y al cabo, negocios con fines de lucro y cuanto menos dinero paguen, mayores ser\u00e1n sus ganancias. Esa es la lamentable realidad de las compa\u00f1\u00edas de seguros de autom\u00f3viles. Generalmente no se llegan a cobrar\u00a0indemnizaciones significativas\u00a0; si se dan no es porque las aseguradoras creen que est\u00e1n haciendo lo \"correcto\", sino porque se ven obligadas a llegar a un acuerdo justo bajo la presi\u00f3n de abogados con experiencia en estos casos.<\/p>\n<p>Si desea consular su caso espec\u00edfico con un abogado experto de forma gratuita, <a href=\"\/es\/contactenos\/\">llame a Sexner Injury Lawyers LLC<\/a> a cualquier hora del d\u00eda al (312) 243-9922.<\/p>\n","protected":false},"excerpt":{"rendered":"<p>Lesiones en la pelvis y la pierna en Chicago Mientras conduc\u00eda su autom\u00f3vil en Chicago, nuestra cliente sufri\u00f3 un choque frontal con un oficial de polic\u00eda de Chicago fuera de servicio que cruz\u00f3 la l\u00ednea central y condujo en sentido contrario y posteriormente fue acusado de DUI (conducir en estado de ebriedad). Nuestra cliente fue [&hellip;]<\/p>\n","protected":false},"author":1,"featured_media":0,"parent":7785,"menu_order":0,"comment_status":"closed","ping_status":"open","template":"","meta":{"_acf_changed":false,"footnotes":""},"class_list":["post-7802","page","type-page","status-publish","hentry"],"acf":[],"yoast_head":"<!-- This site is optimized with the Yoast SEO plugin v27.4 - https:\/\/yoast.com\/product\/yoast-seo-wordpress\/ -->\n<title>Accidente Automovil\u00edstico en Chicago - Acuerdo Por $500.000 - Sexner Injury Lawyers LLC<\/title>\n<meta name=\"description\" content=\"Mientras conduc\u00eda su autom\u00f3vil en Chicago, nuestra cliente sufri\u00f3 un choque frontal con un oficial de polic\u00eda de Chicago fuera de servicio que cruz\u00f3 la l\u00ednea central y condujo en sentido contrario y posteriormente fue acusado de DUI (conducir en estado de ebriedad).\" \/>\n<meta name=\"robots\" content=\"index, follow, max-snippet:-1, max-image-preview:large, max-video-preview:-1\" \/>\n<link rel=\"canonical\" href=\"https:\/\/chicagoinjurylawyer.net\/es\/nuestro-exito\/accidente-automovilistico-chicago\/\" \/>\n<meta property=\"og:locale\" content=\"es_ES\" \/>\n<meta property=\"og:type\" content=\"article\" \/>\n<meta property=\"og:title\" content=\"Accidente Automovil\u00edstico en Chicago - Acuerdo Por $500.000 - Sexner Injury Lawyers LLC\" \/>\n<meta property=\"og:description\" content=\"Mientras conduc\u00eda su autom\u00f3vil en Chicago, nuestra cliente sufri\u00f3 un choque frontal con un oficial de polic\u00eda de Chicago fuera de servicio que cruz\u00f3 la l\u00ednea central y condujo en sentido contrario y posteriormente fue acusado de DUI (conducir en estado de ebriedad).\" \/>\n<meta property=\"og:url\" content=\"https:\/\/chicagoinjurylawyer.net\/es\/nuestro-exito\/accidente-automovilistico-chicago\/\" \/>\n<meta property=\"og:site_name\" content=\"Sexner Injury Lawyers LLC\" \/>\n<meta property=\"article:modified_time\" content=\"2021-12-06T22:56:21+00:00\" \/>\n<meta name=\"twitter:card\" content=\"summary_large_image\" \/>\n<meta name=\"twitter:label1\" content=\"Tiempo de lectura\" \/>\n\t<meta name=\"twitter:data1\" content=\"4 minutos\" \/>\n<!-- \/ Yoast SEO plugin. -->","yoast_head_json":{"title":"Accidente Automovil\u00edstico en Chicago - Acuerdo Por $500.000 - Sexner Injury Lawyers LLC","description":"Mientras conduc\u00eda su autom\u00f3vil en Chicago, nuestra cliente sufri\u00f3 un choque frontal con un oficial de polic\u00eda de Chicago fuera de servicio que cruz\u00f3 la l\u00ednea central y condujo en sentido contrario y posteriormente fue acusado de DUI (conducir en estado de ebriedad).","robots":{"index":"index","follow":"follow","max-snippet":"max-snippet:-1","max-image-preview":"max-image-preview:large","max-video-preview":"max-video-preview:-1"},"canonical":"https:\/\/chicagoinjurylawyer.net\/es\/nuestro-exito\/accidente-automovilistico-chicago\/","og_locale":"es_ES","og_type":"article","og_title":"Accidente Automovil\u00edstico en Chicago - Acuerdo Por $500.000 - Sexner Injury Lawyers LLC","og_description":"Mientras conduc\u00eda su autom\u00f3vil en Chicago, nuestra cliente sufri\u00f3 un choque frontal con un oficial de polic\u00eda de Chicago fuera de servicio que cruz\u00f3 la l\u00ednea central y condujo en sentido contrario y posteriormente fue acusado de DUI (conducir en estado de ebriedad).","og_url":"https:\/\/chicagoinjurylawyer.net\/es\/nuestro-exito\/accidente-automovilistico-chicago\/","og_site_name":"Sexner Injury Lawyers LLC","article_modified_time":"2021-12-06T22:56:21+00:00","twitter_card":"summary_large_image","twitter_misc":{"Tiempo de lectura":"4 minutos"},"schema":{"@context":"https:\/\/schema.org","@graph":[{"@type":"WebPage","@id":"https:\/\/chicagoinjurylawyer.net\/es\/nuestro-exito\/accidente-automovilistico-chicago\/","url":"https:\/\/chicagoinjurylawyer.net\/es\/nuestro-exito\/accidente-automovilistico-chicago\/","name":"Accidente Automovil\u00edstico en Chicago - Acuerdo Por $500.000 - Sexner Injury Lawyers LLC","isPartOf":{"@id":"https:\/\/chicagoinjurylawyer.net\/es\/#website"},"datePublished":"2019-06-27T09:34:11+00:00","dateModified":"2021-12-06T22:56:21+00:00","description":"Mientras conduc\u00eda su autom\u00f3vil en Chicago, nuestra cliente sufri\u00f3 un choque frontal con un oficial de polic\u00eda de Chicago fuera de servicio que cruz\u00f3 la l\u00ednea central y condujo en sentido contrario y posteriormente fue acusado de DUI (conducir en estado de ebriedad).","breadcrumb":{"@id":"https:\/\/chicagoinjurylawyer.net\/es\/nuestro-exito\/accidente-automovilistico-chicago\/#breadcrumb"},"inLanguage":"es","potentialAction":[{"@type":"ReadAction","target":["https:\/\/chicagoinjurylawyer.net\/es\/nuestro-exito\/accidente-automovilistico-chicago\/"]}]},{"@type":"BreadcrumbList","@id":"https:\/\/chicagoinjurylawyer.net\/es\/nuestro-exito\/accidente-automovilistico-chicago\/#breadcrumb","itemListElement":[{"@type":"ListItem","position":1,"name":"Nuestro \u00c9xito","item":"https:\/\/chicagoinjurylawyer.net\/es\/nuestro-exito\/"},{"@type":"ListItem","position":2,"name":"Acuerdo Por $500,000"}]},{"@type":"WebSite","@id":"https:\/\/chicagoinjurylawyer.net\/es\/#website","url":"https:\/\/chicagoinjurylawyer.net\/es\/","name":"Sexner Injury Lawyers LLC","description":"Chicago Personal Injury Attorneys","publisher":{"@id":"https:\/\/chicagoinjurylawyer.net\/es\/#organization"},"potentialAction":[{"@type":"SearchAction","target":{"@type":"EntryPoint","urlTemplate":"https:\/\/chicagoinjurylawyer.net\/es\/?s={search_term_string}"},"query-input":{"@type":"PropertyValueSpecification","valueRequired":true,"valueName":"search_term_string"}}],"inLanguage":"es"},{"@type":"Organization","@id":"https:\/\/chicagoinjurylawyer.net\/es\/#organization","name":"[firm-name]","url":"https:\/\/chicagoinjurylawyer.net\/es\/","logo":{"@type":"ImageObject","inLanguage":"es","@id":"https:\/\/chicagoinjurylawyer.net\/es\/#\/schema\/logo\/image\/","url":"https:\/\/chicagoinjurylawyer.net\/wp-content\/uploads\/2019\/06\/msx-logo-1.png","contentUrl":"https:\/\/chicagoinjurylawyer.net\/wp-content\/uploads\/2019\/06\/msx-logo-1.png","width":180,"height":83,"caption":"[firm-name]"},"image":{"@id":"https:\/\/chicagoinjurylawyer.net\/es\/#\/schema\/logo\/image\/"}}]}},"_links":{"self":[{"href":"https:\/\/chicagoinjurylawyer.net\/es\/wp-json\/wp\/v2\/pages\/7802","targetHints":{"allow":["GET"]}}],"collection":[{"href":"https:\/\/chicagoinjurylawyer.net\/es\/wp-json\/wp\/v2\/pages"}],"about":[{"href":"https:\/\/chicagoinjurylawyer.net\/es\/wp-json\/wp\/v2\/types\/page"}],"author":[{"embeddable":true,"href":"https:\/\/chicagoinjurylawyer.net\/es\/wp-json\/wp\/v2\/users\/1"}],"replies":[{"embeddable":true,"href":"https:\/\/chicagoinjurylawyer.net\/es\/wp-json\/wp\/v2\/comments?post=7802"}],"version-history":[{"count":7,"href":"https:\/\/chicagoinjurylawyer.net\/es\/wp-json\/wp\/v2\/pages\/7802\/revisions"}],"predecessor-version":[{"id":32642,"href":"https:\/\/chicagoinjurylawyer.net\/es\/wp-json\/wp\/v2\/pages\/7802\/revisions\/32642"}],"up":[{"embeddable":true,"href":"https:\/\/chicagoinjurylawyer.net\/es\/wp-json\/wp\/v2\/pages\/7785"}],"wp:attachment":[{"href":"https:\/\/chicagoinjurylawyer.net\/es\/wp-json\/wp\/v2\/media?parent=7802"}],"curies":[{"name":"wp","href":"https:\/\/api.w.org\/{rel}","templated":true}]}}