{"id":7812,"date":"2019-06-27T09:38:43","date_gmt":"2019-06-27T09:38:43","guid":{"rendered":"http:\/\/104.197.86.120\/?page_id=7812"},"modified":"2021-12-07T10:51:03","modified_gmt":"2021-12-07T16:51:03","slug":"que-es-la-compensacion-de-trabajadores","status":"publish","type":"page","link":"https:\/\/chicagoinjurylawyer.net\/es\/compensacion-de-trabajadores\/que-es-la-compensacion-de-trabajadores\/","title":{"rendered":"\u00bfQu\u00e9 Es La Compensaci\u00f3n De Trabajadores?"},"content":{"rendered":"<h1>\u00bfQu\u00e9 es la Compensaci\u00f3n de Trabajadores?<\/h1>\n<p>La compensaci\u00f3n de los trabajadores es un sistema seguro de beneficios dise\u00f1ados para proteger a los empleados que se lesionan o desarrollar una enfermedad que ocurre durante el curso y \u00e1mbito de su empleo. En concreto, se compensa a trabajadores por salarios perdidos y gastos m\u00e9dicos. La parte de \"no-fault\" significa que el trabajador lesionado podr\u00eda ser elegible para recibir estos beneficios, independientemente de qui\u00e9n fue el responsable de la lesi\u00f3n. Sin embargo, hay algunos detalles a tener en cuenta con respecto a los beneficios de compensaci\u00f3n de trabajo, incluyendo los siguientes:<\/p>\n<ul>\n<li>Los beneficios de compensaci\u00f3n de trabajo s\u00f3lo cubrir\u00e1 un porcentaje de p\u00e9rdida de salarios del trabajador lesionado.<\/li>\n<li>Los da\u00f1os no econ\u00f3micos, tales como el dolor y el sufrimiento no se proporcionan como parte de beneficios de compensaci\u00f3n laboral.<\/li>\n<li>En la mayor\u00eda de los casos, tanto los empleados de tiempo completo y de tiempo parcial est\u00e1n cubiertos por la Ley de Compensaci\u00f3n de los Trabajadores.<\/li>\n<li>Los empleados elegibles est\u00e1n cubiertos por la indemnizaci\u00f3n a los trabajadores a partir de su primer d\u00eda de trabajo.<\/li>\n<\/ul>\n<p>Antes de que se aprobara la Ley de <a href=\"\/es\/compensacion-de-trabajadores\/\">Compensaci\u00f3n de los Trabajadores<\/a>, no era raro que los empleadores ignoraran, maltrataran o explotaran a los que fueron leg\u00edtimamente lesionados en el trabajo. En algunos casos, los empleados fueron incluso despedidos debido a su incapacidad o capacidad limitada para volver al trabajo despu\u00e9s de su lesi\u00f3n. Desde que se aprob\u00f3 la Ley, el sistema se encuentra en el lugar que se pretende proteger a los trabajadores.<\/p>\n<p><img decoding=\"async\" class=\"wp-image-7815 size-medium alignright\" src=\"\/wp-content\/uploads\/2019\/06\/workers-compensation-300x71.jpg\" alt=\"Work Injury Claim Form Image\" width=\"300\" height=\"71\" \/>Sin embargo, la presentaci\u00f3n de un reclamo de compensaci\u00f3n de trabajadores est\u00e1 lejos de ser intuitivo. Hay ciertos requisitos que se deber\u00edan seguir, como la presentaci\u00f3n de una \"Solicitud para Ajuste de la reivindicaci\u00f3n\", con la Comisi\u00f3n de Compensaci\u00f3n Laboral de Illinois (IWCC) dentro de un per\u00edodo de tiempo espec\u00edfico. Este per\u00edodo de tiempo se conoce como los plazos de prescripci\u00f3n, y si la reclamaci\u00f3n no se presenta de acuerdo con el estatuto adecuado, puede resultar en la p\u00e9rdida de las prestaciones m\u00e9dicas y salariales de la persona lesionada. Por razones como \u00e9sta, le recomendamos encarecidamente que cualquiera que presente un reclamo de compensaci\u00f3n deba buscar la asesor\u00eda legal de un abogado experimentado en casos de compensaci\u00f3n de trabajadores.<\/p>\n<p>En <a href=\"\/es\/\">Sexner Injury Lawyers LLC<\/a>, contamos con una red de abogados experimentados en la compensaci\u00f3n laboral que le pueden ayudar. Con nuestra gu\u00eda, es posible que pueda recibir la cantidad m\u00e1xima de compensaci\u00f3n monetaria por el siguiente:<\/p>\n<ul>\n<li>La cobertura m\u00e9dica despu\u00e9s de la lesi\u00f3n, de cirug\u00edas a terapia f\u00edsica para suministros m\u00e9dicos<\/li>\n<li>La p\u00e9rdida de ingresos y de la capacidad de ganancia perdida<\/li>\n<li>Prestaciones de dependencia (en el caso de una muerte injusta) para atender a los familiares sobrevivientes<\/li>\n<\/ul>\n<p><a href=\"\/es\/contactenos\/\">Llame a nuestras oficinas hoy para su consulta<\/a> gratuita y sin compromiso. Vamos a explicar lo que la compensaci\u00f3n de trabajadores podr\u00eda hacer por usted y revisaremos los hechos de su caso. No hay honorarios de abogados a menos que obtengamos los beneficios de compensaci\u00f3n de trabajo para usted.<\/p>\n","protected":false},"excerpt":{"rendered":"<p>\u00bfQu\u00e9 es la Compensaci\u00f3n de Trabajadores? La compensaci\u00f3n de los trabajadores es un sistema seguro de beneficios dise\u00f1ados para proteger a los empleados que se lesionan o desarrollar una enfermedad que ocurre durante el curso y \u00e1mbito de su empleo. En concreto, se compensa a trabajadores por salarios perdidos y gastos m\u00e9dicos. La parte de [&hellip;]<\/p>\n","protected":false},"author":1,"featured_media":0,"parent":7790,"menu_order":0,"comment_status":"closed","ping_status":"open","template":"","meta":{"_acf_changed":false,"footnotes":""},"class_list":["post-7812","page","type-page","status-publish","hentry"],"acf":[],"yoast_head":"<!-- This site is optimized with the Yoast SEO plugin v27.4 - https:\/\/yoast.com\/product\/yoast-seo-wordpress\/ -->\n<title>\u00bfQu\u00e9 es la Compensaci\u00f3n de Trabajadores en Chicago? - Sexner Injury Lawyers LLC<\/title>\n<meta name=\"description\" content=\"En Sexner Injury Lawyers LLC, contamos con una red de abogados experimentados en la compensaci\u00f3n laboral que le pueden ayudar.\" \/>\n<meta name=\"robots\" content=\"index, follow, max-snippet:-1, max-image-preview:large, max-video-preview:-1\" \/>\n<link rel=\"canonical\" href=\"https:\/\/chicagoinjurylawyer.net\/es\/compensacion-de-trabajadores\/que-es-la-compensacion-de-trabajadores\/\" \/>\n<meta property=\"og:locale\" content=\"es_ES\" \/>\n<meta property=\"og:type\" content=\"article\" \/>\n<meta property=\"og:title\" content=\"\u00bfQu\u00e9 es la Compensaci\u00f3n de Trabajadores en Chicago? - Sexner Injury Lawyers LLC\" \/>\n<meta property=\"og:description\" content=\"En Sexner Injury Lawyers LLC, contamos con una red de abogados experimentados en la compensaci\u00f3n laboral que le pueden ayudar.\" \/>\n<meta property=\"og:url\" content=\"https:\/\/chicagoinjurylawyer.net\/es\/compensacion-de-trabajadores\/que-es-la-compensacion-de-trabajadores\/\" \/>\n<meta property=\"og:site_name\" content=\"Sexner Injury Lawyers LLC\" \/>\n<meta property=\"article:modified_time\" content=\"2021-12-07T16:51:03+00:00\" \/>\n<meta property=\"og:image\" content=\"https:\/\/chicagoinjurylawyer.net\/wp-content\/uploads\/2019\/06\/workers-compensation-300x71.jpg\" \/>\n<meta name=\"twitter:card\" content=\"summary_large_image\" \/>\n<meta name=\"twitter:label1\" content=\"Tiempo de lectura\" \/>\n\t<meta name=\"twitter:data1\" content=\"3 minutos\" \/>\n<!-- \/ Yoast SEO plugin. -->","yoast_head_json":{"title":"\u00bfQu\u00e9 es la Compensaci\u00f3n de Trabajadores en Chicago? - Sexner Injury Lawyers LLC","description":"En Sexner Injury Lawyers LLC, contamos con una red de abogados experimentados en la compensaci\u00f3n laboral que le pueden ayudar.","robots":{"index":"index","follow":"follow","max-snippet":"max-snippet:-1","max-image-preview":"max-image-preview:large","max-video-preview":"max-video-preview:-1"},"canonical":"https:\/\/chicagoinjurylawyer.net\/es\/compensacion-de-trabajadores\/que-es-la-compensacion-de-trabajadores\/","og_locale":"es_ES","og_type":"article","og_title":"\u00bfQu\u00e9 es la Compensaci\u00f3n de Trabajadores en Chicago? - Sexner Injury Lawyers LLC","og_description":"En Sexner Injury Lawyers LLC, contamos con una red de abogados experimentados en la compensaci\u00f3n laboral que le pueden ayudar.","og_url":"https:\/\/chicagoinjurylawyer.net\/es\/compensacion-de-trabajadores\/que-es-la-compensacion-de-trabajadores\/","og_site_name":"Sexner Injury Lawyers LLC","article_modified_time":"2021-12-07T16:51:03+00:00","og_image":[{"url":"https:\/\/chicagoinjurylawyer.net\/wp-content\/uploads\/2019\/06\/workers-compensation-300x71.jpg","type":"","width":"","height":""}],"twitter_card":"summary_large_image","twitter_misc":{"Tiempo de lectura":"3 minutos"},"schema":{"@context":"https:\/\/schema.org","@graph":[{"@type":"WebPage","@id":"https:\/\/chicagoinjurylawyer.net\/es\/compensacion-de-trabajadores\/que-es-la-compensacion-de-trabajadores\/","url":"https:\/\/chicagoinjurylawyer.net\/es\/compensacion-de-trabajadores\/que-es-la-compensacion-de-trabajadores\/","name":"\u00bfQu\u00e9 es la Compensaci\u00f3n de Trabajadores en Chicago? - Sexner Injury Lawyers LLC","isPartOf":{"@id":"https:\/\/chicagoinjurylawyer.net\/es\/#website"},"datePublished":"2019-06-27T09:38:43+00:00","dateModified":"2021-12-07T16:51:03+00:00","description":"En [firm-name], contamos con una red de abogados experimentados en la compensaci\u00f3n laboral que le pueden ayudar.","breadcrumb":{"@id":"https:\/\/chicagoinjurylawyer.net\/es\/compensacion-de-trabajadores\/que-es-la-compensacion-de-trabajadores\/#breadcrumb"},"inLanguage":"es","potentialAction":[{"@type":"ReadAction","target":["https:\/\/chicagoinjurylawyer.net\/es\/compensacion-de-trabajadores\/que-es-la-compensacion-de-trabajadores\/"]}]},{"@type":"BreadcrumbList","@id":"https:\/\/chicagoinjurylawyer.net\/es\/compensacion-de-trabajadores\/que-es-la-compensacion-de-trabajadores\/#breadcrumb","itemListElement":[{"@type":"ListItem","position":1,"name":"Compensaci\u00f3n De Trabajadores","item":"https:\/\/chicagoinjurylawyer.net\/es\/compensacion-de-trabajadores\/"},{"@type":"ListItem","position":2,"name":"\u00bfQu\u00e9 Es La Compensaci\u00f3n De Trabajadores?"}]},{"@type":"WebSite","@id":"https:\/\/chicagoinjurylawyer.net\/es\/#website","url":"https:\/\/chicagoinjurylawyer.net\/es\/","name":"Sexner Injury Lawyers LLC","description":"Chicago Personal Injury Attorneys","publisher":{"@id":"https:\/\/chicagoinjurylawyer.net\/es\/#organization"},"potentialAction":[{"@type":"SearchAction","target":{"@type":"EntryPoint","urlTemplate":"https:\/\/chicagoinjurylawyer.net\/es\/?s={search_term_string}"},"query-input":{"@type":"PropertyValueSpecification","valueRequired":true,"valueName":"search_term_string"}}],"inLanguage":"es"},{"@type":"Organization","@id":"https:\/\/chicagoinjurylawyer.net\/es\/#organization","name":"[firm-name]","url":"https:\/\/chicagoinjurylawyer.net\/es\/","logo":{"@type":"ImageObject","inLanguage":"es","@id":"https:\/\/chicagoinjurylawyer.net\/es\/#\/schema\/logo\/image\/","url":"https:\/\/chicagoinjurylawyer.net\/wp-content\/uploads\/2019\/06\/msx-logo-1.png","contentUrl":"https:\/\/chicagoinjurylawyer.net\/wp-content\/uploads\/2019\/06\/msx-logo-1.png","width":180,"height":83,"caption":"[firm-name]"},"image":{"@id":"https:\/\/chicagoinjurylawyer.net\/es\/#\/schema\/logo\/image\/"}}]}},"_links":{"self":[{"href":"https:\/\/chicagoinjurylawyer.net\/es\/wp-json\/wp\/v2\/pages\/7812","targetHints":{"allow":["GET"]}}],"collection":[{"href":"https:\/\/chicagoinjurylawyer.net\/es\/wp-json\/wp\/v2\/pages"}],"about":[{"href":"https:\/\/chicagoinjurylawyer.net\/es\/wp-json\/wp\/v2\/types\/page"}],"author":[{"embeddable":true,"href":"https:\/\/chicagoinjurylawyer.net\/es\/wp-json\/wp\/v2\/users\/1"}],"replies":[{"embeddable":true,"href":"https:\/\/chicagoinjurylawyer.net\/es\/wp-json\/wp\/v2\/comments?post=7812"}],"version-history":[{"count":6,"href":"https:\/\/chicagoinjurylawyer.net\/es\/wp-json\/wp\/v2\/pages\/7812\/revisions"}],"predecessor-version":[{"id":32659,"href":"https:\/\/chicagoinjurylawyer.net\/es\/wp-json\/wp\/v2\/pages\/7812\/revisions\/32659"}],"up":[{"embeddable":true,"href":"https:\/\/chicagoinjurylawyer.net\/es\/wp-json\/wp\/v2\/pages\/7790"}],"wp:attachment":[{"href":"https:\/\/chicagoinjurylawyer.net\/es\/wp-json\/wp\/v2\/media?parent=7812"}],"curies":[{"name":"wp","href":"https:\/\/api.w.org\/{rel}","templated":true}]}}