{"id":7823,"date":"2019-06-27T09:45:20","date_gmt":"2019-06-27T09:45:20","guid":{"rendered":"http:\/\/104.197.86.120\/?page_id=7823"},"modified":"2021-12-07T10:55:41","modified_gmt":"2021-12-07T16:55:41","slug":"errores-quirurgicos-bajar-de-peso","status":"publish","type":"page","link":"https:\/\/chicagoinjurylawyer.net\/es\/negligencia-medica\/errores-quirurgicos-bajar-de-peso\/","title":{"rendered":"Errores Quir\u00fargicos Para Bajar De Peso"},"content":{"rendered":"<h1>Abogado de Errores Quir\u00fargicos para Bajar de Peso<\/h1>\n<p><img decoding=\"async\" class=\"mob-center-img alignright wp-image-7824 size-medium\" src=\"\/wp-content\/uploads\/2019\/06\/weigh-loss-surgery-300x200.jpg\" alt=\"Doctor in operation\" width=\"300\" height=\"200\" \/>Lograr y mantener la p\u00e9rdida de peso es un reto dif\u00edcil que muchos estadounidenses se enfrentan. Para algunos que sufren de esta condici\u00f3n cr\u00f3nica, un cambio en la dieta y una rutina rigurosa de ejercicios no son cursos de acci\u00f3n realistas, sobre todo para aquellos que se consideran cl\u00ednicamente obesos. Afortunadamente, hay procedimientos m\u00e9dicos que pueden ayudar significativamente a una persona no s\u00f3lo con la p\u00e9rdida de peso, sino para mantener el peso de forma indefinida.<\/p>\n<p>La cirug\u00eda bar i\u00e1trica, como el bypass g\u00e1strico (Roux-en-Y) y la banda g\u00e1strica (Lap-Band \u00ae), se encuentran entre los tipos m\u00e1s comunes de cirug\u00edas para bajar de peso. Aunque cl\u00ednicamente estos dos procedimientos son diferentes, ambos tienen el objetivo de restingar la cantidad de alimento que el est\u00f3mago de un paciente puede contener. Sin embargo, al igual que cualquier otra cirug\u00eda, estos procedimientos pueden tener complicaciones importantes, tales como:<\/p>\n<ul>\n<li>Problemas respiratorios<\/li>\n<li>P\u00e9rdida excesiva de sangre<\/li>\n<li>Los c\u00e1lculos biliares<\/li>\n<li>Ataque al coraz\u00f3n o un derrame cerebral<\/li>\n<li>Hernia<\/li>\n<li>Infecci\u00f3n debido a la fuga de los jugos g\u00e1stricos<\/li>\n<li>Problemas renales<\/li>\n<li>Embolia pulmonar<\/li>\n<li>Obstrucciones del intestino delgado<\/li>\n<li>Muerte<\/li>\n<\/ul>\n<p>La habilidad y la atenci\u00f3n por parte del cirujano y equipo m\u00e9dico juegan un papel importante en la determinaci\u00f3n del \u00e9xito de la cirug\u00eda. Tambi\u00e9n es imprescindible que los profesionales de la medicina que participan en la cirug\u00eda informe de ante mano al paciente de todas las posibles complicaciones y efectos secundarios para que el paciente este consciente de los riesgos antes de proseguir. Cuando se produce un error debido a la <a href=\"\/es\/negligencia-medica\/\">negligencia m\u00e9dica<\/a>, el cirujano debe rendir cuentas.<\/p>\n<p>Si usted o un ser querido ha sido lesionado como resultado de una cirug\u00eda para el p\u00e9rdida de peso, el equipo legal de <a href=\"\/es\/\">Sexner Injury Lawyers LLC<\/a> puede ayudar. Con nuestro asesoramiento y nuestra red de abogados en negligencia m\u00e9dica, podemos ayudar a buscar la indemnizaci\u00f3n m\u00e1xima permitida por la ley.<\/p>\n<p>Nos damos cuenta de que usted y su familia podr\u00edan sentirse abrumado f\u00edsica, financiera y emocional como resultado de la negligencia por parte de su m\u00e9dico. Seremos sus defensores mientras que usted se concentra en su salud y recuperaci\u00f3n.<\/p>\n<p><a href=\"\/es\/contactenos\/\">Ll\u00e1menos hoy<\/a> para una consulta gratuita y sin compromiso sobre su caso. Nunca cobramos honorarios a menos que tengamos \u00e9xito a su nombre. Utilizaremos nuestro estilo de representaci\u00f3n agresivo pero compasivo para luchar por la m\u00e1xima de indemnizaci\u00f3n monetaria que usted se merece.<\/p>\n","protected":false},"excerpt":{"rendered":"<p>Abogado de Errores Quir\u00fargicos para Bajar de Peso Lograr y mantener la p\u00e9rdida de peso es un reto dif\u00edcil que muchos estadounidenses se enfrentan. Para algunos que sufren de esta condici\u00f3n cr\u00f3nica, un cambio en la dieta y una rutina rigurosa de ejercicios no son cursos de acci\u00f3n realistas, sobre todo para aquellos que se [&hellip;]<\/p>\n","protected":false},"author":1,"featured_media":0,"parent":7370,"menu_order":0,"comment_status":"closed","ping_status":"open","template":"","meta":{"_acf_changed":false,"footnotes":""},"class_list":["post-7823","page","type-page","status-publish","hentry"],"acf":[],"yoast_head":"<!-- This site is optimized with the Yoast SEO plugin v27.4 - https:\/\/yoast.com\/product\/yoast-seo-wordpress\/ -->\n<title>Abogado de Errores Quir\u00fargicos para Bajar de Peso en Chicago - Sexner Injury Lawyers LLC<\/title>\n<meta name=\"description\" content=\"Si usted o un ser querido ha sido lesionado como resultado de una cirug\u00eda para el p\u00e9rdida de peso, el equipo legal de Sexner Injury Lawyers LLC puede ayudar.\" \/>\n<meta name=\"robots\" content=\"index, follow, max-snippet:-1, max-image-preview:large, max-video-preview:-1\" \/>\n<link rel=\"canonical\" href=\"https:\/\/chicagoinjurylawyer.net\/es\/negligencia-medica\/errores-quirurgicos-bajar-de-peso\/\" \/>\n<meta property=\"og:locale\" content=\"es_ES\" \/>\n<meta property=\"og:type\" content=\"article\" \/>\n<meta property=\"og:title\" content=\"Abogado de Errores Quir\u00fargicos para Bajar de Peso en Chicago - Sexner Injury Lawyers LLC\" \/>\n<meta property=\"og:description\" content=\"Si usted o un ser querido ha sido lesionado como resultado de una cirug\u00eda para el p\u00e9rdida de peso, el equipo legal de Sexner Injury Lawyers LLC puede ayudar.\" \/>\n<meta property=\"og:url\" content=\"https:\/\/chicagoinjurylawyer.net\/es\/negligencia-medica\/errores-quirurgicos-bajar-de-peso\/\" \/>\n<meta property=\"og:site_name\" content=\"Sexner Injury Lawyers LLC\" \/>\n<meta property=\"article:modified_time\" content=\"2021-12-07T16:55:41+00:00\" \/>\n<meta property=\"og:image\" content=\"https:\/\/chicagoinjurylawyer.net\/wp-content\/uploads\/2019\/06\/weigh-loss-surgery-300x200.jpg\" \/>\n<meta name=\"twitter:card\" content=\"summary_large_image\" \/>\n<meta name=\"twitter:label1\" content=\"Tiempo de lectura\" \/>\n\t<meta name=\"twitter:data1\" content=\"2 minutos\" \/>\n<!-- \/ Yoast SEO plugin. -->","yoast_head_json":{"title":"Abogado de Errores Quir\u00fargicos para Bajar de Peso en Chicago - Sexner Injury Lawyers LLC","description":"Si usted o un ser querido ha sido lesionado como resultado de una cirug\u00eda para el p\u00e9rdida de peso, el equipo legal de Sexner Injury Lawyers LLC puede ayudar.","robots":{"index":"index","follow":"follow","max-snippet":"max-snippet:-1","max-image-preview":"max-image-preview:large","max-video-preview":"max-video-preview:-1"},"canonical":"https:\/\/chicagoinjurylawyer.net\/es\/negligencia-medica\/errores-quirurgicos-bajar-de-peso\/","og_locale":"es_ES","og_type":"article","og_title":"Abogado de Errores Quir\u00fargicos para Bajar de Peso en Chicago - Sexner Injury Lawyers LLC","og_description":"Si usted o un ser querido ha sido lesionado como resultado de una cirug\u00eda para el p\u00e9rdida de peso, el equipo legal de Sexner Injury Lawyers LLC puede ayudar.","og_url":"https:\/\/chicagoinjurylawyer.net\/es\/negligencia-medica\/errores-quirurgicos-bajar-de-peso\/","og_site_name":"Sexner Injury Lawyers LLC","article_modified_time":"2021-12-07T16:55:41+00:00","og_image":[{"url":"https:\/\/chicagoinjurylawyer.net\/wp-content\/uploads\/2019\/06\/weigh-loss-surgery-300x200.jpg","type":"","width":"","height":""}],"twitter_card":"summary_large_image","twitter_misc":{"Tiempo de lectura":"2 minutos"},"schema":{"@context":"https:\/\/schema.org","@graph":[{"@type":"WebPage","@id":"https:\/\/chicagoinjurylawyer.net\/es\/negligencia-medica\/errores-quirurgicos-bajar-de-peso\/","url":"https:\/\/chicagoinjurylawyer.net\/es\/negligencia-medica\/errores-quirurgicos-bajar-de-peso\/","name":"Abogado de Errores Quir\u00fargicos para Bajar de Peso en Chicago - Sexner Injury Lawyers LLC","isPartOf":{"@id":"https:\/\/chicagoinjurylawyer.net\/es\/#website"},"datePublished":"2019-06-27T09:45:20+00:00","dateModified":"2021-12-07T16:55:41+00:00","description":"Si usted o un ser querido ha sido lesionado como resultado de una cirug\u00eda para el p\u00e9rdida de peso, el equipo legal de [firm-name] puede ayudar.","breadcrumb":{"@id":"https:\/\/chicagoinjurylawyer.net\/es\/negligencia-medica\/errores-quirurgicos-bajar-de-peso\/#breadcrumb"},"inLanguage":"es","potentialAction":[{"@type":"ReadAction","target":["https:\/\/chicagoinjurylawyer.net\/es\/negligencia-medica\/errores-quirurgicos-bajar-de-peso\/"]}]},{"@type":"BreadcrumbList","@id":"https:\/\/chicagoinjurylawyer.net\/es\/negligencia-medica\/errores-quirurgicos-bajar-de-peso\/#breadcrumb","itemListElement":[{"@type":"ListItem","position":1,"name":"Negligencia M\u00e9dica","item":"https:\/\/chicagoinjurylawyer.net\/es\/negligencia-medica\/"},{"@type":"ListItem","position":2,"name":"Errores Quir\u00fargicos Para Bajar De Peso"}]},{"@type":"WebSite","@id":"https:\/\/chicagoinjurylawyer.net\/es\/#website","url":"https:\/\/chicagoinjurylawyer.net\/es\/","name":"Sexner Injury Lawyers LLC","description":"Chicago Personal Injury Attorneys","publisher":{"@id":"https:\/\/chicagoinjurylawyer.net\/es\/#organization"},"potentialAction":[{"@type":"SearchAction","target":{"@type":"EntryPoint","urlTemplate":"https:\/\/chicagoinjurylawyer.net\/es\/?s={search_term_string}"},"query-input":{"@type":"PropertyValueSpecification","valueRequired":true,"valueName":"search_term_string"}}],"inLanguage":"es"},{"@type":"Organization","@id":"https:\/\/chicagoinjurylawyer.net\/es\/#organization","name":"[firm-name]","url":"https:\/\/chicagoinjurylawyer.net\/es\/","logo":{"@type":"ImageObject","inLanguage":"es","@id":"https:\/\/chicagoinjurylawyer.net\/es\/#\/schema\/logo\/image\/","url":"https:\/\/chicagoinjurylawyer.net\/wp-content\/uploads\/2019\/06\/msx-logo-1.png","contentUrl":"https:\/\/chicagoinjurylawyer.net\/wp-content\/uploads\/2019\/06\/msx-logo-1.png","width":180,"height":83,"caption":"[firm-name]"},"image":{"@id":"https:\/\/chicagoinjurylawyer.net\/es\/#\/schema\/logo\/image\/"}}]}},"_links":{"self":[{"href":"https:\/\/chicagoinjurylawyer.net\/es\/wp-json\/wp\/v2\/pages\/7823","targetHints":{"allow":["GET"]}}],"collection":[{"href":"https:\/\/chicagoinjurylawyer.net\/es\/wp-json\/wp\/v2\/pages"}],"about":[{"href":"https:\/\/chicagoinjurylawyer.net\/es\/wp-json\/wp\/v2\/types\/page"}],"author":[{"embeddable":true,"href":"https:\/\/chicagoinjurylawyer.net\/es\/wp-json\/wp\/v2\/users\/1"}],"replies":[{"embeddable":true,"href":"https:\/\/chicagoinjurylawyer.net\/es\/wp-json\/wp\/v2\/comments?post=7823"}],"version-history":[{"count":6,"href":"https:\/\/chicagoinjurylawyer.net\/es\/wp-json\/wp\/v2\/pages\/7823\/revisions"}],"predecessor-version":[{"id":32660,"href":"https:\/\/chicagoinjurylawyer.net\/es\/wp-json\/wp\/v2\/pages\/7823\/revisions\/32660"}],"up":[{"embeddable":true,"href":"https:\/\/chicagoinjurylawyer.net\/es\/wp-json\/wp\/v2\/pages\/7370"}],"wp:attachment":[{"href":"https:\/\/chicagoinjurylawyer.net\/es\/wp-json\/wp\/v2\/media?parent=7823"}],"curies":[{"name":"wp","href":"https:\/\/api.w.org\/{rel}","templated":true}]}}