{"id":7835,"date":"2019-06-27T09:56:14","date_gmt":"2019-06-27T09:56:14","guid":{"rendered":"http:\/\/104.197.86.120\/?page_id=7835"},"modified":"2021-12-03T16:24:29","modified_gmt":"2021-12-03T22:24:29","slug":"tipos-de-beneficios","status":"publish","type":"page","link":"https:\/\/chicagoinjurylawyer.net\/es\/compensacion-de-trabajadores\/tipos-de-beneficios\/","title":{"rendered":"Tipos De Beneficios Por Compensaci\u00f3n De Trabajo"},"content":{"rendered":"<h1>Tipos de Beneficios por Compensaci\u00f3n de Trabajo<\/h1>\n<p><img decoding=\"async\" class=\"alignright wp-image-7840 size-medium\" src=\"\/wp-content\/uploads\/2019\/06\/work-comp-benefits-300x225.jpg\" alt=\"work-comp-benefits\" width=\"300\" height=\"225\" \/>En el estado de Illinois, la Ley de Compensaci\u00f3n de los Trabajadores podr\u00eda proteger a un empleado que ha sido herido o muerto en el curso de su empleo. En t\u00e9rminos pr\u00e1cticos, esto significa que el perjudicado debe demostrar ser un empleado de la empresa y que la lesi\u00f3n tiene una conexi\u00f3n causal con el trabajo.<\/p>\n<p>En la mayor\u00eda de los casos, el trabajador lesionado debe cumplir estos requisitos para poder recibir los beneficios de compensa por parte de la compa\u00f1\u00eda de seguros de <a href=\"\/es\/compensacion-de-trabajadores\/\">compensaci\u00f3n a trabajadores<\/a>. Sin embargo, la presentaci\u00f3n de una reclamaci\u00f3n y conseguir que la compa\u00f1\u00eda de seguros acepte responsabilidad por la lesi\u00f3n o la muerte a veces puede complicarse. En Sexner Injury Lawyers LLC, podemos ayudar a aliviar parte de la carga mediante la presentaci\u00f3n de la reclamaci\u00f3n a su nombre.<\/p>\n<p>Sabemos c\u00f3mo determinar si usted es elegible para beneficios de compensaci\u00f3n, y c\u00f3mo y cu\u00e1ndo se debe presentar para esos beneficios con la Comisi\u00f3n de Compensaci\u00f3n Laboral de Illinois (IWCC). Tenemos un estilo de representaci\u00f3n compasivo pero agresivo y los a\u00f1os de experiencia que nos ayudan a perseguir la m\u00e1xima cantidad de compensaci\u00f3n posible en cada caso. Nuestra red de abogados tiene un amplio conocimiento de la ley de compensaci\u00f3n de trabajadores y ofrece servicios de beneficios, incluyendo los siguientes:<\/p>\n<ul>\n<li>Beneficios de indemnizaci\u00f3n, que cubren los salarios perdidos pasados y futuros abarcando los diferentes tipos de pagos por incapacidad, de discapacidad parcial temporal a la incapacidad permanente total<\/li>\n<li>Los beneficios m\u00e9dicos, que cubren los procedimientos y cirug\u00edas m\u00e9dicas, terapia f\u00edsica y \/ o psicol\u00f3gica, suministros m\u00e9dicos y m\u00e1s<\/li>\n<\/ul>\n<p>Nuestros abogados siempre trabajan en la contingencia, lo que significa que usted no paga a menos que ganemos su caso. <a href=\"\/es\/contactenos\/\">Ll\u00e1menos hoy para una consulta<\/a> gratuita acerca de su situaci\u00f3n espec\u00edfica. Nuestras l\u00edneas telef\u00f3nicas est\u00e1n abiertas las 24 horas del d\u00eda. Los empleados lesionados merecen protecci\u00f3n financiera cuando sus lesiones o enfermedades son relacionadas con el trabajo<\/p>\n","protected":false},"excerpt":{"rendered":"<p>Tipos de Beneficios por Compensaci\u00f3n de Trabajo En el estado de Illinois, la Ley de Compensaci\u00f3n de los Trabajadores podr\u00eda proteger a un empleado que ha sido herido o muerto en el curso de su empleo. En t\u00e9rminos pr\u00e1cticos, esto significa que el perjudicado debe demostrar ser un empleado de la empresa y que la [&hellip;]<\/p>\n","protected":false},"author":1,"featured_media":0,"parent":7790,"menu_order":0,"comment_status":"closed","ping_status":"open","template":"","meta":{"_acf_changed":false,"footnotes":""},"class_list":["post-7835","page","type-page","status-publish","hentry"],"acf":[],"yoast_head":"<!-- This site is optimized with the Yoast SEO plugin v27.4 - https:\/\/yoast.com\/product\/yoast-seo-wordpress\/ -->\n<title>Tipos de Beneficios por Compensaci\u00f3n de Trabajo en Chicago - Sexner Injury Lawyers LLC<\/title>\n<meta name=\"description\" content=\"En Sexner Injury Lawyers LLC, podemos ayudar a aliviar parte de la carga mediante la presentaci\u00f3n de la reclamaci\u00f3n a su nombre.\" \/>\n<meta name=\"robots\" content=\"index, follow, max-snippet:-1, max-image-preview:large, max-video-preview:-1\" \/>\n<link rel=\"canonical\" href=\"https:\/\/chicagoinjurylawyer.net\/es\/compensacion-de-trabajadores\/tipos-de-beneficios\/\" \/>\n<meta property=\"og:locale\" content=\"es_ES\" \/>\n<meta property=\"og:type\" content=\"article\" \/>\n<meta property=\"og:title\" content=\"Tipos de Beneficios por Compensaci\u00f3n de Trabajo en Chicago - Sexner Injury Lawyers LLC\" \/>\n<meta property=\"og:description\" content=\"En Sexner Injury Lawyers LLC, podemos ayudar a aliviar parte de la carga mediante la presentaci\u00f3n de la reclamaci\u00f3n a su nombre.\" \/>\n<meta property=\"og:url\" content=\"https:\/\/chicagoinjurylawyer.net\/es\/compensacion-de-trabajadores\/tipos-de-beneficios\/\" \/>\n<meta property=\"og:site_name\" content=\"Sexner Injury Lawyers LLC\" \/>\n<meta property=\"article:modified_time\" content=\"2021-12-03T22:24:29+00:00\" \/>\n<meta property=\"og:image\" content=\"https:\/\/chicagoinjurylawyer.net\/wp-content\/uploads\/2019\/06\/work-comp-benefits-300x225.jpg\" \/>\n<meta name=\"twitter:card\" content=\"summary_large_image\" \/>\n<meta name=\"twitter:label1\" content=\"Tiempo de lectura\" \/>\n\t<meta name=\"twitter:data1\" content=\"2 minutos\" \/>\n<!-- \/ Yoast SEO plugin. -->","yoast_head_json":{"title":"Tipos de Beneficios por Compensaci\u00f3n de Trabajo en Chicago - Sexner Injury Lawyers LLC","description":"En Sexner Injury Lawyers LLC, podemos ayudar a aliviar parte de la carga mediante la presentaci\u00f3n de la reclamaci\u00f3n a su nombre.","robots":{"index":"index","follow":"follow","max-snippet":"max-snippet:-1","max-image-preview":"max-image-preview:large","max-video-preview":"max-video-preview:-1"},"canonical":"https:\/\/chicagoinjurylawyer.net\/es\/compensacion-de-trabajadores\/tipos-de-beneficios\/","og_locale":"es_ES","og_type":"article","og_title":"Tipos de Beneficios por Compensaci\u00f3n de Trabajo en Chicago - Sexner Injury Lawyers LLC","og_description":"En Sexner Injury Lawyers LLC, podemos ayudar a aliviar parte de la carga mediante la presentaci\u00f3n de la reclamaci\u00f3n a su nombre.","og_url":"https:\/\/chicagoinjurylawyer.net\/es\/compensacion-de-trabajadores\/tipos-de-beneficios\/","og_site_name":"Sexner Injury Lawyers LLC","article_modified_time":"2021-12-03T22:24:29+00:00","og_image":[{"url":"https:\/\/chicagoinjurylawyer.net\/wp-content\/uploads\/2019\/06\/work-comp-benefits-300x225.jpg","type":"","width":"","height":""}],"twitter_card":"summary_large_image","twitter_misc":{"Tiempo de lectura":"2 minutos"},"schema":{"@context":"https:\/\/schema.org","@graph":[{"@type":"WebPage","@id":"https:\/\/chicagoinjurylawyer.net\/es\/compensacion-de-trabajadores\/tipos-de-beneficios\/","url":"https:\/\/chicagoinjurylawyer.net\/es\/compensacion-de-trabajadores\/tipos-de-beneficios\/","name":"Tipos de Beneficios por Compensaci\u00f3n de Trabajo en Chicago - Sexner Injury Lawyers LLC","isPartOf":{"@id":"https:\/\/chicagoinjurylawyer.net\/es\/#website"},"datePublished":"2019-06-27T09:56:14+00:00","dateModified":"2021-12-03T22:24:29+00:00","description":"En [firm-name], podemos ayudar a aliviar parte de la carga mediante la presentaci\u00f3n de la reclamaci\u00f3n a su nombre.","breadcrumb":{"@id":"https:\/\/chicagoinjurylawyer.net\/es\/compensacion-de-trabajadores\/tipos-de-beneficios\/#breadcrumb"},"inLanguage":"es","potentialAction":[{"@type":"ReadAction","target":["https:\/\/chicagoinjurylawyer.net\/es\/compensacion-de-trabajadores\/tipos-de-beneficios\/"]}]},{"@type":"BreadcrumbList","@id":"https:\/\/chicagoinjurylawyer.net\/es\/compensacion-de-trabajadores\/tipos-de-beneficios\/#breadcrumb","itemListElement":[{"@type":"ListItem","position":1,"name":"Compensaci\u00f3n De Trabajadores","item":"https:\/\/chicagoinjurylawyer.net\/es\/compensacion-de-trabajadores\/"},{"@type":"ListItem","position":2,"name":"Tipos De Beneficios Por Compensaci\u00f3n De Trabajo"}]},{"@type":"WebSite","@id":"https:\/\/chicagoinjurylawyer.net\/es\/#website","url":"https:\/\/chicagoinjurylawyer.net\/es\/","name":"Sexner Injury Lawyers LLC","description":"Chicago Personal Injury Attorneys","publisher":{"@id":"https:\/\/chicagoinjurylawyer.net\/es\/#organization"},"potentialAction":[{"@type":"SearchAction","target":{"@type":"EntryPoint","urlTemplate":"https:\/\/chicagoinjurylawyer.net\/es\/?s={search_term_string}"},"query-input":{"@type":"PropertyValueSpecification","valueRequired":true,"valueName":"search_term_string"}}],"inLanguage":"es"},{"@type":"Organization","@id":"https:\/\/chicagoinjurylawyer.net\/es\/#organization","name":"[firm-name]","url":"https:\/\/chicagoinjurylawyer.net\/es\/","logo":{"@type":"ImageObject","inLanguage":"es","@id":"https:\/\/chicagoinjurylawyer.net\/es\/#\/schema\/logo\/image\/","url":"https:\/\/chicagoinjurylawyer.net\/wp-content\/uploads\/2019\/06\/msx-logo-1.png","contentUrl":"https:\/\/chicagoinjurylawyer.net\/wp-content\/uploads\/2019\/06\/msx-logo-1.png","width":180,"height":83,"caption":"[firm-name]"},"image":{"@id":"https:\/\/chicagoinjurylawyer.net\/es\/#\/schema\/logo\/image\/"}}]}},"_links":{"self":[{"href":"https:\/\/chicagoinjurylawyer.net\/es\/wp-json\/wp\/v2\/pages\/7835","targetHints":{"allow":["GET"]}}],"collection":[{"href":"https:\/\/chicagoinjurylawyer.net\/es\/wp-json\/wp\/v2\/pages"}],"about":[{"href":"https:\/\/chicagoinjurylawyer.net\/es\/wp-json\/wp\/v2\/types\/page"}],"author":[{"embeddable":true,"href":"https:\/\/chicagoinjurylawyer.net\/es\/wp-json\/wp\/v2\/users\/1"}],"replies":[{"embeddable":true,"href":"https:\/\/chicagoinjurylawyer.net\/es\/wp-json\/wp\/v2\/comments?post=7835"}],"version-history":[{"count":4,"href":"https:\/\/chicagoinjurylawyer.net\/es\/wp-json\/wp\/v2\/pages\/7835\/revisions"}],"predecessor-version":[{"id":32584,"href":"https:\/\/chicagoinjurylawyer.net\/es\/wp-json\/wp\/v2\/pages\/7835\/revisions\/32584"}],"up":[{"embeddable":true,"href":"https:\/\/chicagoinjurylawyer.net\/es\/wp-json\/wp\/v2\/pages\/7790"}],"wp:attachment":[{"href":"https:\/\/chicagoinjurylawyer.net\/es\/wp-json\/wp\/v2\/media?parent=7835"}],"curies":[{"name":"wp","href":"https:\/\/api.w.org\/{rel}","templated":true}]}}