{"id":7851,"date":"2019-06-27T09:59:38","date_gmt":"2019-06-27T09:59:38","guid":{"rendered":"http:\/\/104.197.86.120\/?page_id=7851"},"modified":"2021-12-03T16:06:42","modified_gmt":"2021-12-03T22:06:42","slug":"puedo-confiar-en-la-compania-de-seguros","status":"publish","type":"page","link":"https:\/\/chicagoinjurylawyer.net\/es\/compensacion-de-trabajadores\/puedo-confiar-en-la-compania-de-seguros\/","title":{"rendered":"\u00bfPuedo Confiar En La Compa\u00f1\u00eda De Seguros?"},"content":{"rendered":"<h1>\u00bfPuedo Confiar en la Compa\u00f1\u00eda de Seguros?<\/h1>\n<p>Un ajustador de seguros puede ponerse en contacto con un empleado lesionado y demostrar empat\u00eda hacia la situaci\u00f3n del trabajador. Sin importar c\u00f3mo sincero el ajustador pueda parecer, \u00e9l o ella no se presta para abogar por el trabajador lesionado. El trabajo del ajustador es ahorrar dinero a la compa\u00f1\u00eda de seguros si es posible. La protecci\u00f3n que el trabajador lesionado se merece, la cobertura por los salarios perdidos, el tratamiento m\u00e9dico, y la cuesti\u00f3n de un acuerdo monetario razonable no son la preocupaci\u00f3n principal del ajustador. Sin embargo, si usted contrata a un abogado de compensaci\u00f3n de trabajadores, \u00e9l o ella abogar\u00e1 por sus intereses-no los intereses de la compa\u00f1\u00eda de seguros.<\/p>\n<p>Hay varias cosas diferentes que una compa\u00f1\u00eda de seguros puede hacer para tratar de evitar el pago de todos los beneficios que permite la ley en el caso de compensaci\u00f3n para trabajadores.<\/p>\n<ul>\n<li>Podr\u00e1n proponer a un m\u00e9dico para usted, que puede o no puede recomendar ciertos tratamientos y servicios basados en lo que la compa\u00f1\u00eda de seguros que quiera pagar.<\/li>\n<li>Ellos pueden decir que est\u00e1n cubriendo sus salarios perdidos y cuentas m\u00e9dicas sin mencionar que tambi\u00e9n tiene derecho a una liquidaci\u00f3n en efectivo.<\/li>\n<li>Ellos le pueden indicar que su reclamaci\u00f3n sea atendida, a pesar de que no es menos que haya presentado una solicitud de ajuste de la reivindicaci\u00f3n y una prueba de entrega ante la Comisi\u00f3n de Compensaci\u00f3n Laboral de Illinois.<\/li>\n<li>Ellos pueden decir que usted no necesita un abogado.<\/li>\n<\/ul>\n<p>Todas estas cosas son enga\u00f1osas y absolutamente falsas. Afortunadamente, usted puede ser atendido adecuadamente si empieza por ignorar el \u00faltimo hecho, que usted no necesita un abogado. Definitivamente va a ser mejor servido en su b\u00fasqueda de la justicia si usted tiene un abogado de compensaci\u00f3n, un experimentado de los trabajadores que lo represente.<\/p>\n<p>En <a href=\"\/es\/compensacion-de-trabajadores\/\">Sexner Injury Lawyers LLC<\/a>, sabemos c\u00f3mo hacer que todos sus derechos est\u00e9n protegidos. Entendemos que hay plazos de prescripci\u00f3n que hacen que sea necesario presentar para sus beneficios dentro de un plazo determinado o arriesgarse a perder para siempre. Nos damos cuenta de la importancia que un acuerdo pueda tener en la protecci\u00f3n de la salud y el bienestar de usted y su familia. Seamos sus defensores en asegurarse de que usted reciba todos los beneficios que se le debe por su lesi\u00f3n en el trabajo. <a href=\"\/es\/contactenos\/\">Ll\u00e1menos hoy para una consulta gratuita<\/a> y sin compromiso. Nos aseguraremos de que usted consiga la justicia que se merece.<\/p>\n","protected":false},"excerpt":{"rendered":"<p>\u00bfPuedo Confiar en la Compa\u00f1\u00eda de Seguros? Un ajustador de seguros puede ponerse en contacto con un empleado lesionado y demostrar empat\u00eda hacia la situaci\u00f3n del trabajador. Sin importar c\u00f3mo sincero el ajustador pueda parecer, \u00e9l o ella no se presta para abogar por el trabajador lesionado. El trabajo del ajustador es ahorrar dinero a [&hellip;]<\/p>\n","protected":false},"author":1,"featured_media":0,"parent":7790,"menu_order":0,"comment_status":"closed","ping_status":"open","template":"","meta":{"_acf_changed":false,"footnotes":""},"class_list":["post-7851","page","type-page","status-publish","hentry"],"acf":[],"yoast_head":"<!-- This site is optimized with the Yoast SEO plugin v27.5 - https:\/\/yoast.com\/product\/yoast-seo-wordpress\/ -->\n<title>\u00bfPuedo Confiar en la Compa\u00f1\u00eda de Seguros en Chicago? - Sexner Injury Lawyers LLC<\/title>\n<meta name=\"description\" content=\"En Sexner Injury Lawyers LLC, sabemos c\u00f3mo hacer que todos sus derechos est\u00e9n protegidos.\" \/>\n<meta name=\"robots\" content=\"index, follow, max-snippet:-1, max-image-preview:large, max-video-preview:-1\" \/>\n<link rel=\"canonical\" href=\"https:\/\/chicagoinjurylawyer.net\/es\/compensacion-de-trabajadores\/puedo-confiar-en-la-compania-de-seguros\/\" \/>\n<meta property=\"og:locale\" content=\"es_ES\" \/>\n<meta property=\"og:type\" content=\"article\" \/>\n<meta property=\"og:title\" content=\"\u00bfPuedo Confiar en la Compa\u00f1\u00eda de Seguros en Chicago? - Sexner Injury Lawyers LLC\" \/>\n<meta property=\"og:description\" content=\"En Sexner Injury Lawyers LLC, sabemos c\u00f3mo hacer que todos sus derechos est\u00e9n protegidos.\" \/>\n<meta property=\"og:url\" content=\"https:\/\/chicagoinjurylawyer.net\/es\/compensacion-de-trabajadores\/puedo-confiar-en-la-compania-de-seguros\/\" \/>\n<meta property=\"og:site_name\" content=\"Sexner Injury Lawyers LLC\" \/>\n<meta property=\"article:modified_time\" content=\"2021-12-03T22:06:42+00:00\" \/>\n<meta name=\"twitter:card\" content=\"summary_large_image\" \/>\n<meta name=\"twitter:label1\" content=\"Tiempo de lectura\" \/>\n\t<meta name=\"twitter:data1\" content=\"2 minutos\" \/>\n<!-- \/ Yoast SEO plugin. -->","yoast_head_json":{"title":"\u00bfPuedo Confiar en la Compa\u00f1\u00eda de Seguros en Chicago? - Sexner Injury Lawyers LLC","description":"En Sexner Injury Lawyers LLC, sabemos c\u00f3mo hacer que todos sus derechos est\u00e9n protegidos.","robots":{"index":"index","follow":"follow","max-snippet":"max-snippet:-1","max-image-preview":"max-image-preview:large","max-video-preview":"max-video-preview:-1"},"canonical":"https:\/\/chicagoinjurylawyer.net\/es\/compensacion-de-trabajadores\/puedo-confiar-en-la-compania-de-seguros\/","og_locale":"es_ES","og_type":"article","og_title":"\u00bfPuedo Confiar en la Compa\u00f1\u00eda de Seguros en Chicago? - Sexner Injury Lawyers LLC","og_description":"En Sexner Injury Lawyers LLC, sabemos c\u00f3mo hacer que todos sus derechos est\u00e9n protegidos.","og_url":"https:\/\/chicagoinjurylawyer.net\/es\/compensacion-de-trabajadores\/puedo-confiar-en-la-compania-de-seguros\/","og_site_name":"Sexner Injury Lawyers LLC","article_modified_time":"2021-12-03T22:06:42+00:00","twitter_card":"summary_large_image","twitter_misc":{"Tiempo de lectura":"2 minutos"},"schema":{"@context":"https:\/\/schema.org","@graph":[{"@type":"WebPage","@id":"https:\/\/chicagoinjurylawyer.net\/es\/compensacion-de-trabajadores\/puedo-confiar-en-la-compania-de-seguros\/","url":"https:\/\/chicagoinjurylawyer.net\/es\/compensacion-de-trabajadores\/puedo-confiar-en-la-compania-de-seguros\/","name":"\u00bfPuedo Confiar en la Compa\u00f1\u00eda de Seguros en Chicago? - Sexner Injury Lawyers LLC","isPartOf":{"@id":"https:\/\/chicagoinjurylawyer.net\/es\/#website"},"datePublished":"2019-06-27T09:59:38+00:00","dateModified":"2021-12-03T22:06:42+00:00","description":"En [firm-name], sabemos c\u00f3mo hacer que todos sus derechos est\u00e9n protegidos.","breadcrumb":{"@id":"https:\/\/chicagoinjurylawyer.net\/es\/compensacion-de-trabajadores\/puedo-confiar-en-la-compania-de-seguros\/#breadcrumb"},"inLanguage":"es","potentialAction":[{"@type":"ReadAction","target":["https:\/\/chicagoinjurylawyer.net\/es\/compensacion-de-trabajadores\/puedo-confiar-en-la-compania-de-seguros\/"]}]},{"@type":"BreadcrumbList","@id":"https:\/\/chicagoinjurylawyer.net\/es\/compensacion-de-trabajadores\/puedo-confiar-en-la-compania-de-seguros\/#breadcrumb","itemListElement":[{"@type":"ListItem","position":1,"name":"Compensaci\u00f3n De Trabajadores","item":"https:\/\/chicagoinjurylawyer.net\/es\/compensacion-de-trabajadores\/"},{"@type":"ListItem","position":2,"name":"\u00bfPuedo Confiar En La Compa\u00f1\u00eda De Seguros?"}]},{"@type":"WebSite","@id":"https:\/\/chicagoinjurylawyer.net\/es\/#website","url":"https:\/\/chicagoinjurylawyer.net\/es\/","name":"Sexner Injury Lawyers LLC","description":"Chicago Personal Injury Attorneys","publisher":{"@id":"https:\/\/chicagoinjurylawyer.net\/es\/#organization"},"potentialAction":[{"@type":"SearchAction","target":{"@type":"EntryPoint","urlTemplate":"https:\/\/chicagoinjurylawyer.net\/es\/?s={search_term_string}"},"query-input":{"@type":"PropertyValueSpecification","valueRequired":true,"valueName":"search_term_string"}}],"inLanguage":"es"},{"@type":"Organization","@id":"https:\/\/chicagoinjurylawyer.net\/es\/#organization","name":"[firm-name]","url":"https:\/\/chicagoinjurylawyer.net\/es\/","logo":{"@type":"ImageObject","inLanguage":"es","@id":"https:\/\/chicagoinjurylawyer.net\/es\/#\/schema\/logo\/image\/","url":"https:\/\/chicagoinjurylawyer.net\/wp-content\/uploads\/2019\/06\/msx-logo-1.png","contentUrl":"https:\/\/chicagoinjurylawyer.net\/wp-content\/uploads\/2019\/06\/msx-logo-1.png","width":180,"height":83,"caption":"[firm-name]"},"image":{"@id":"https:\/\/chicagoinjurylawyer.net\/es\/#\/schema\/logo\/image\/"}}]}},"_links":{"self":[{"href":"https:\/\/chicagoinjurylawyer.net\/es\/wp-json\/wp\/v2\/pages\/7851","targetHints":{"allow":["GET"]}}],"collection":[{"href":"https:\/\/chicagoinjurylawyer.net\/es\/wp-json\/wp\/v2\/pages"}],"about":[{"href":"https:\/\/chicagoinjurylawyer.net\/es\/wp-json\/wp\/v2\/types\/page"}],"author":[{"embeddable":true,"href":"https:\/\/chicagoinjurylawyer.net\/es\/wp-json\/wp\/v2\/users\/1"}],"replies":[{"embeddable":true,"href":"https:\/\/chicagoinjurylawyer.net\/es\/wp-json\/wp\/v2\/comments?post=7851"}],"version-history":[{"count":4,"href":"https:\/\/chicagoinjurylawyer.net\/es\/wp-json\/wp\/v2\/pages\/7851\/revisions"}],"predecessor-version":[{"id":32567,"href":"https:\/\/chicagoinjurylawyer.net\/es\/wp-json\/wp\/v2\/pages\/7851\/revisions\/32567"}],"up":[{"embeddable":true,"href":"https:\/\/chicagoinjurylawyer.net\/es\/wp-json\/wp\/v2\/pages\/7790"}],"wp:attachment":[{"href":"https:\/\/chicagoinjurylawyer.net\/es\/wp-json\/wp\/v2\/media?parent=7851"}],"curies":[{"name":"wp","href":"https:\/\/api.w.org\/{rel}","templated":true}]}}